{"id":25677,"date":"2024-08-25T05:05:05","date_gmt":"2024-08-25T02:05:05","guid":{"rendered":"https:\/\/vinilozona.lt\/?post_type=product&#038;p=25677"},"modified":"2024-08-25T07:27:48","modified_gmt":"2024-08-25T04:27:48","slug":"gamma-ray-heaven-can-wait","status":"publish","type":"product","link":"https:\/\/vinilozona.lt\/en\/parduotuve\/naujos-lp\/gamma-ray-heaven-can-wait\/","title":{"rendered":"Gamma Ray \u2013 Heaven Can Wait"},"content":{"rendered":"<p>A1\t\tHeaven Can Wait<br \/>\nA2\t\tThe Silence<br \/>\nB1\t\tWho Do You Think You Are?<br \/>\nB2\t\tLust For Life<\/p>","protected":false},"excerpt":{"rendered":"<p>Ear Music \u2013 0214887EMU<br \/>\nFormat:<br \/>\nVinyl, 10&#8243;, 45 RPM, Single, Limited Edition, Numbered<br \/>\nCountry:<br \/>\nReleased:\tAug 29, 2020<\/p>","protected":false},"featured_media":25678,"template":"","meta":[],"product_cat":[23],"product_tag":[44],"yoast_head":"<!-- This site is optimized with the Yoast SEO plugin v23.5 - https:\/\/yoast.com\/wordpress\/plugins\/seo\/ -->\n<title>Gamma Ray \u2013 Heaven Can Wait Vinilin\u0117 Plok\u0161tel\u0117 | Vinilozona.lt<\/title>\n<meta name=\"robots\" content=\"index, follow, max-snippet:-1, max-image-preview:large, max-video-preview:-1\" \/>\n<link rel=\"canonical\" href=\"https:\/\/vinilozona.lt\/en\/parduotuve\/naujos-lp\/gamma-ray-heaven-can-wait\/\" \/>\n<meta property=\"og:locale\" content=\"en_GB\" \/>\n<meta property=\"og:type\" content=\"article\" \/>\n<meta property=\"og:title\" content=\"Gamma Ray \u2013 Heaven Can Wait Vinilin\u0117 Plok\u0161tel\u0117 | Vinilozona.lt\" \/>\n<meta property=\"og:description\" content=\"Ear Music \u2013 0214887EMU Format:  Vinyl, 10&quot;, 45 RPM, Single, Limited Edition, Numbered Country:  Released: Aug 29, 2020\" \/>\n<meta property=\"og:url\" content=\"https:\/\/vinilozona.lt\/en\/parduotuve\/naujos-lp\/gamma-ray-heaven-can-wait\/\" \/>\n<meta property=\"og:site_name\" content=\"Vinilo Zona\" \/>\n<meta property=\"article:modified_time\" content=\"2024-08-25T04:27:48+00:00\" \/>\n<meta property=\"og:image\" content=\"https:\/\/vinilozona.lt\/wp-content\/uploads\/2024\/08\/R-15852082-1598978121-3011.jpg\" \/>\n\t<meta property=\"og:image:width\" content=\"592\" \/>\n\t<meta property=\"og:image:height\" content=\"600\" \/>\n\t<meta property=\"og:image:type\" content=\"image\/jpeg\" \/>\n<meta name=\"twitter:card\" content=\"summary_large_image\" \/>\n<script type=\"application\/ld+json\" class=\"yoast-schema-graph\">{\"@context\":\"https:\/\/schema.org\",\"@graph\":[{\"@type\":\"WebPage\",\"@id\":\"https:\/\/vinilozona.lt\/en\/parduotuve\/naujos-lp\/gamma-ray-heaven-can-wait\/\",\"url\":\"https:\/\/vinilozona.lt\/en\/parduotuve\/naujos-lp\/gamma-ray-heaven-can-wait\/\",\"name\":\"Gamma Ray \u2013 Heaven Can Wait Vinilin\u0117 Plok\u0161tel\u0117 | Vinilozona.lt\",\"isPartOf\":{\"@id\":\"https:\/\/vinilozona.lt\/#website\"},\"primaryImageOfPage\":{\"@id\":\"https:\/\/vinilozona.lt\/en\/parduotuve\/naujos-lp\/gamma-ray-heaven-can-wait\/#primaryimage\"},\"image\":{\"@id\":\"https:\/\/vinilozona.lt\/en\/parduotuve\/naujos-lp\/gamma-ray-heaven-can-wait\/#primaryimage\"},\"thumbnailUrl\":\"https:\/\/vinilozona.lt\/wp-content\/uploads\/2024\/08\/R-15852082-1598978121-3011.jpg\",\"datePublished\":\"2024-08-25T02:05:05+00:00\",\"dateModified\":\"2024-08-25T04:27:48+00:00\",\"breadcrumb\":{\"@id\":\"https:\/\/vinilozona.lt\/en\/parduotuve\/naujos-lp\/gamma-ray-heaven-can-wait\/#breadcrumb\"},\"inLanguage\":\"en-GB\",\"potentialAction\":[{\"@type\":\"ReadAction\",\"target\":[\"https:\/\/vinilozona.lt\/en\/parduotuve\/naujos-lp\/gamma-ray-heaven-can-wait\/\"]}]},{\"@type\":\"ImageObject\",\"inLanguage\":\"en-GB\",\"@id\":\"https:\/\/vinilozona.lt\/en\/parduotuve\/naujos-lp\/gamma-ray-heaven-can-wait\/#primaryimage\",\"url\":\"https:\/\/vinilozona.lt\/wp-content\/uploads\/2024\/08\/R-15852082-1598978121-3011.jpg\",\"contentUrl\":\"https:\/\/vinilozona.lt\/wp-content\/uploads\/2024\/08\/R-15852082-1598978121-3011.jpg\",\"width\":592,\"height\":600},{\"@type\":\"BreadcrumbList\",\"@id\":\"https:\/\/vinilozona.lt\/en\/parduotuve\/naujos-lp\/gamma-ray-heaven-can-wait\/#breadcrumb\",\"itemListElement\":[{\"@type\":\"ListItem\",\"position\":1,\"name\":\"Home\",\"item\":\"https:\/\/vinilozona.lt\/\"},{\"@type\":\"ListItem\",\"position\":2,\"name\":\"Parduotuv\u0117\",\"item\":\"https:\/\/vinilozona.lt\/parduotuve\/\"},{\"@type\":\"ListItem\",\"position\":3,\"name\":\"Gamma Ray \u2013 Heaven Can Wait\"}]},{\"@type\":\"WebSite\",\"@id\":\"https:\/\/vinilozona.lt\/#website\",\"url\":\"https:\/\/vinilozona.lt\/\",\"name\":\"Vinilo Zona\",\"description\":\"Nup\u016bsk dulkes ir klausyk LP\",\"potentialAction\":[{\"@type\":\"SearchAction\",\"target\":{\"@type\":\"EntryPoint\",\"urlTemplate\":\"https:\/\/vinilozona.lt\/?s={search_term_string}\"},\"query-input\":{\"@type\":\"PropertyValueSpecification\",\"valueRequired\":true,\"valueName\":\"search_term_string\"}}],\"inLanguage\":\"en-GB\"}]}<\/script>\n<!-- \/ Yoast SEO plugin. -->","yoast_head_json":{"title":"Gamma Ray \u2013 Heaven Can Wait Vinilin\u0117 Plok\u0161tel\u0117 | Vinilozona.lt","robots":{"index":"index","follow":"follow","max-snippet":"max-snippet:-1","max-image-preview":"max-image-preview:large","max-video-preview":"max-video-preview:-1"},"canonical":"https:\/\/vinilozona.lt\/en\/parduotuve\/naujos-lp\/gamma-ray-heaven-can-wait\/","og_locale":"en_GB","og_type":"article","og_title":"Gamma Ray \u2013 Heaven Can Wait Vinilin\u0117 Plok\u0161tel\u0117 | Vinilozona.lt","og_description":"Ear Music \u2013 0214887EMU Format:  Vinyl, 10\", 45 RPM, Single, Limited Edition, Numbered Country:  Released: Aug 29, 2020","og_url":"https:\/\/vinilozona.lt\/en\/parduotuve\/naujos-lp\/gamma-ray-heaven-can-wait\/","og_site_name":"Vinilo Zona","article_modified_time":"2024-08-25T04:27:48+00:00","og_image":[{"width":592,"height":600,"url":"https:\/\/vinilozona.lt\/wp-content\/uploads\/2024\/08\/R-15852082-1598978121-3011.jpg","type":"image\/jpeg"}],"twitter_card":"summary_large_image","schema":{"@context":"https:\/\/schema.org","@graph":[{"@type":"WebPage","@id":"https:\/\/vinilozona.lt\/en\/parduotuve\/naujos-lp\/gamma-ray-heaven-can-wait\/","url":"https:\/\/vinilozona.lt\/en\/parduotuve\/naujos-lp\/gamma-ray-heaven-can-wait\/","name":"Gamma Ray \u2013 Heaven Can Wait Vinilin\u0117 Plok\u0161tel\u0117 | Vinilozona.lt","isPartOf":{"@id":"https:\/\/vinilozona.lt\/#website"},"primaryImageOfPage":{"@id":"https:\/\/vinilozona.lt\/en\/parduotuve\/naujos-lp\/gamma-ray-heaven-can-wait\/#primaryimage"},"image":{"@id":"https:\/\/vinilozona.lt\/en\/parduotuve\/naujos-lp\/gamma-ray-heaven-can-wait\/#primaryimage"},"thumbnailUrl":"https:\/\/vinilozona.lt\/wp-content\/uploads\/2024\/08\/R-15852082-1598978121-3011.jpg","datePublished":"2024-08-25T02:05:05+00:00","dateModified":"2024-08-25T04:27:48+00:00","breadcrumb":{"@id":"https:\/\/vinilozona.lt\/en\/parduotuve\/naujos-lp\/gamma-ray-heaven-can-wait\/#breadcrumb"},"inLanguage":"en-GB","potentialAction":[{"@type":"ReadAction","target":["https:\/\/vinilozona.lt\/en\/parduotuve\/naujos-lp\/gamma-ray-heaven-can-wait\/"]}]},{"@type":"ImageObject","inLanguage":"en-GB","@id":"https:\/\/vinilozona.lt\/en\/parduotuve\/naujos-lp\/gamma-ray-heaven-can-wait\/#primaryimage","url":"https:\/\/vinilozona.lt\/wp-content\/uploads\/2024\/08\/R-15852082-1598978121-3011.jpg","contentUrl":"https:\/\/vinilozona.lt\/wp-content\/uploads\/2024\/08\/R-15852082-1598978121-3011.jpg","width":592,"height":600},{"@type":"BreadcrumbList","@id":"https:\/\/vinilozona.lt\/en\/parduotuve\/naujos-lp\/gamma-ray-heaven-can-wait\/#breadcrumb","itemListElement":[{"@type":"ListItem","position":1,"name":"Home","item":"https:\/\/vinilozona.lt\/"},{"@type":"ListItem","position":2,"name":"Parduotuv\u0117","item":"https:\/\/vinilozona.lt\/parduotuve\/"},{"@type":"ListItem","position":3,"name":"Gamma Ray \u2013 Heaven Can Wait"}]},{"@type":"WebSite","@id":"https:\/\/vinilozona.lt\/#website","url":"https:\/\/vinilozona.lt\/","name":"Vinilo Zona","description":"Nup\u016bsk dulkes ir klausyk LP","potentialAction":[{"@type":"SearchAction","target":{"@type":"EntryPoint","urlTemplate":"https:\/\/vinilozona.lt\/?s={search_term_string}"},"query-input":{"@type":"PropertyValueSpecification","valueRequired":true,"valueName":"search_term_string"}}],"inLanguage":"en-GB"}]}},"_links":{"self":[{"href":"https:\/\/vinilozona.lt\/en\/wp-json\/wp\/v2\/product\/25677"}],"collection":[{"href":"https:\/\/vinilozona.lt\/en\/wp-json\/wp\/v2\/product"}],"about":[{"href":"https:\/\/vinilozona.lt\/en\/wp-json\/wp\/v2\/types\/product"}],"wp:featuredmedia":[{"embeddable":true,"href":"https:\/\/vinilozona.lt\/en\/wp-json\/wp\/v2\/media\/25678"}],"wp:attachment":[{"href":"https:\/\/vinilozona.lt\/en\/wp-json\/wp\/v2\/media?parent=25677"}],"wp:term":[{"taxonomy":"product_cat","embeddable":true,"href":"https:\/\/vinilozona.lt\/en\/wp-json\/wp\/v2\/product_cat?post=25677"},{"taxonomy":"product_tag","embeddable":true,"href":"https:\/\/vinilozona.lt\/en\/wp-json\/wp\/v2\/product_tag?post=25677"}],"curies":[{"name":"wp","href":"https:\/\/api.w.org\/{rel}","templated":true}]}}