{"id":25547,"date":"2024-08-07T05:11:41","date_gmt":"2024-08-07T02:11:41","guid":{"rendered":"https:\/\/vinilozona.lt\/?post_type=product&#038;p=25547"},"modified":"2024-09-03T17:28:14","modified_gmt":"2024-09-03T14:28:14","slug":"rainbow-santiago-1996-the-classic-chile-broadcast","status":"publish","type":"product","link":"https:\/\/vinilozona.lt\/en\/parduotuve\/naujos-lp\/rainbow-santiago-1996-the-classic-chile-broadcast\/","title":{"rendered":"Rainbow \u2013 Santiago 1996 (The Classic Chile Broadcast)"},"content":{"rendered":"<p>A1\t\tOver The Rainbow\t1:53<br \/>\nA2\t\tToo Late For Tears\t5:02<br \/>\nA3\t\tLong Live Rock &#8216;N&#8217; Roll\t8:46<br \/>\nA4\t\tMistreated\t8:46<br \/>\nB1\t\tWolf To The Moon\t10:12<br \/>\nB2\t\tStill I&#8217;m Sad\t5:36<br \/>\nB3\t\tMan On The Silver Mountain\t5:31<br \/>\nB4\t\tTemple Of The King\t6:44<br \/>\nC1\t\tBlack Masquerade\t6:29<br \/>\nC2\t\tAriel\t7:18<br \/>\nC3\t\tSince You&#8217;ve Been Gone\t1:07<br \/>\nC4\t\tPerfect Strangers\t7:01<br \/>\nD1\t\tHall Of The Mountain King\t6:35<br \/>\nD2\t\tMaybe Next Time\t1:50<br \/>\nD3\t\tBurn\t4:36<br \/>\nD4\t\tSmoke On The Water\t8:45<\/p>","protected":false},"excerpt":{"rendered":"<p>MIW \u2013 MIW012<br \/>\nFormat:<br \/>\n2 x Vinyl, LP,<br \/>\nCountry:\tEurope<br \/>\nReleased:\tMar 31, 2023<\/p>","protected":false},"featured_media":25548,"template":"","meta":[],"product_cat":[23],"product_tag":[74],"yoast_head":"<!-- This site is optimized with the Yoast SEO plugin v23.5 - https:\/\/yoast.com\/wordpress\/plugins\/seo\/ -->\n<title>Rainbow \u2013 Santiago 1996 (The Classic Chile Broadcast) Vinilin\u0117 Plok\u0161tel\u0117 | Vinilozona.lt<\/title>\n<meta name=\"robots\" content=\"index, follow, max-snippet:-1, max-image-preview:large, max-video-preview:-1\" \/>\n<link rel=\"canonical\" href=\"https:\/\/vinilozona.lt\/en\/parduotuve\/naujos-lp\/rainbow-santiago-1996-the-classic-chile-broadcast\/\" \/>\n<meta property=\"og:locale\" content=\"en_GB\" \/>\n<meta property=\"og:type\" content=\"article\" \/>\n<meta property=\"og:title\" content=\"Rainbow \u2013 Santiago 1996 (The Classic Chile Broadcast) Vinilin\u0117 Plok\u0161tel\u0117 | Vinilozona.lt\" \/>\n<meta property=\"og:description\" content=\"MIW \u2013 MIW012 Format:  2 x Vinyl, LP,  Country: Europe Released: Mar 31, 2023\" \/>\n<meta property=\"og:url\" content=\"https:\/\/vinilozona.lt\/en\/parduotuve\/naujos-lp\/rainbow-santiago-1996-the-classic-chile-broadcast\/\" \/>\n<meta property=\"og:site_name\" content=\"Vinilo Zona\" \/>\n<meta property=\"article:modified_time\" content=\"2024-09-03T14:28:14+00:00\" \/>\n<meta property=\"og:image\" content=\"https:\/\/vinilozona.lt\/wp-content\/uploads\/2024\/08\/R-26939846-1682933451-7975.jpg\" \/>\n\t<meta property=\"og:image:width\" content=\"500\" \/>\n\t<meta property=\"og:image:height\" content=\"500\" \/>\n\t<meta property=\"og:image:type\" content=\"image\/jpeg\" \/>\n<meta name=\"twitter:card\" content=\"summary_large_image\" \/>\n<script type=\"application\/ld+json\" class=\"yoast-schema-graph\">{\"@context\":\"https:\/\/schema.org\",\"@graph\":[{\"@type\":\"WebPage\",\"@id\":\"https:\/\/vinilozona.lt\/parduotuve\/naujos-lp\/rainbow-santiago-1996-the-classic-chile-broadcast\/\",\"url\":\"https:\/\/vinilozona.lt\/parduotuve\/naujos-lp\/rainbow-santiago-1996-the-classic-chile-broadcast\/\",\"name\":\"Rainbow \u2013 Santiago 1996 (The Classic Chile Broadcast) Vinilin\u0117 Plok\u0161tel\u0117 | Vinilozona.lt\",\"isPartOf\":{\"@id\":\"https:\/\/vinilozona.lt\/#website\"},\"primaryImageOfPage\":{\"@id\":\"https:\/\/vinilozona.lt\/parduotuve\/naujos-lp\/rainbow-santiago-1996-the-classic-chile-broadcast\/#primaryimage\"},\"image\":{\"@id\":\"https:\/\/vinilozona.lt\/parduotuve\/naujos-lp\/rainbow-santiago-1996-the-classic-chile-broadcast\/#primaryimage\"},\"thumbnailUrl\":\"https:\/\/vinilozona.lt\/wp-content\/uploads\/2024\/08\/R-26939846-1682933451-7975.jpg\",\"datePublished\":\"2024-08-07T02:11:41+00:00\",\"dateModified\":\"2024-09-03T14:28:14+00:00\",\"breadcrumb\":{\"@id\":\"https:\/\/vinilozona.lt\/parduotuve\/naujos-lp\/rainbow-santiago-1996-the-classic-chile-broadcast\/#breadcrumb\"},\"inLanguage\":\"en-GB\",\"potentialAction\":[{\"@type\":\"ReadAction\",\"target\":[\"https:\/\/vinilozona.lt\/parduotuve\/naujos-lp\/rainbow-santiago-1996-the-classic-chile-broadcast\/\"]}]},{\"@type\":\"ImageObject\",\"inLanguage\":\"en-GB\",\"@id\":\"https:\/\/vinilozona.lt\/parduotuve\/naujos-lp\/rainbow-santiago-1996-the-classic-chile-broadcast\/#primaryimage\",\"url\":\"https:\/\/vinilozona.lt\/wp-content\/uploads\/2024\/08\/R-26939846-1682933451-7975.jpg\",\"contentUrl\":\"https:\/\/vinilozona.lt\/wp-content\/uploads\/2024\/08\/R-26939846-1682933451-7975.jpg\",\"width\":500,\"height\":500},{\"@type\":\"BreadcrumbList\",\"@id\":\"https:\/\/vinilozona.lt\/parduotuve\/naujos-lp\/rainbow-santiago-1996-the-classic-chile-broadcast\/#breadcrumb\",\"itemListElement\":[{\"@type\":\"ListItem\",\"position\":1,\"name\":\"Home\",\"item\":\"https:\/\/vinilozona.lt\/\"},{\"@type\":\"ListItem\",\"position\":2,\"name\":\"Parduotuv\u0117\",\"item\":\"https:\/\/vinilozona.lt\/parduotuve\/\"},{\"@type\":\"ListItem\",\"position\":3,\"name\":\"Rainbow \u2013 Santiago 1996 (The Classic Chile Broadcast)\"}]},{\"@type\":\"WebSite\",\"@id\":\"https:\/\/vinilozona.lt\/#website\",\"url\":\"https:\/\/vinilozona.lt\/\",\"name\":\"Vinilo Zona\",\"description\":\"Nup\u016bsk dulkes ir klausyk LP\",\"potentialAction\":[{\"@type\":\"SearchAction\",\"target\":{\"@type\":\"EntryPoint\",\"urlTemplate\":\"https:\/\/vinilozona.lt\/?s={search_term_string}\"},\"query-input\":{\"@type\":\"PropertyValueSpecification\",\"valueRequired\":true,\"valueName\":\"search_term_string\"}}],\"inLanguage\":\"en-GB\"}]}<\/script>\n<!-- \/ Yoast SEO plugin. -->","yoast_head_json":{"title":"Rainbow \u2013 Santiago 1996 (The Classic Chile Broadcast) Vinilin\u0117 Plok\u0161tel\u0117 | Vinilozona.lt","robots":{"index":"index","follow":"follow","max-snippet":"max-snippet:-1","max-image-preview":"max-image-preview:large","max-video-preview":"max-video-preview:-1"},"canonical":"https:\/\/vinilozona.lt\/en\/parduotuve\/naujos-lp\/rainbow-santiago-1996-the-classic-chile-broadcast\/","og_locale":"en_GB","og_type":"article","og_title":"Rainbow \u2013 Santiago 1996 (The Classic Chile Broadcast) Vinilin\u0117 Plok\u0161tel\u0117 | Vinilozona.lt","og_description":"MIW \u2013 MIW012 Format:  2 x Vinyl, LP,  Country: Europe Released: Mar 31, 2023","og_url":"https:\/\/vinilozona.lt\/en\/parduotuve\/naujos-lp\/rainbow-santiago-1996-the-classic-chile-broadcast\/","og_site_name":"Vinilo Zona","article_modified_time":"2024-09-03T14:28:14+00:00","og_image":[{"width":500,"height":500,"url":"https:\/\/vinilozona.lt\/wp-content\/uploads\/2024\/08\/R-26939846-1682933451-7975.jpg","type":"image\/jpeg"}],"twitter_card":"summary_large_image","schema":{"@context":"https:\/\/schema.org","@graph":[{"@type":"WebPage","@id":"https:\/\/vinilozona.lt\/parduotuve\/naujos-lp\/rainbow-santiago-1996-the-classic-chile-broadcast\/","url":"https:\/\/vinilozona.lt\/parduotuve\/naujos-lp\/rainbow-santiago-1996-the-classic-chile-broadcast\/","name":"Rainbow \u2013 Santiago 1996 (The Classic Chile Broadcast) Vinilin\u0117 Plok\u0161tel\u0117 | Vinilozona.lt","isPartOf":{"@id":"https:\/\/vinilozona.lt\/#website"},"primaryImageOfPage":{"@id":"https:\/\/vinilozona.lt\/parduotuve\/naujos-lp\/rainbow-santiago-1996-the-classic-chile-broadcast\/#primaryimage"},"image":{"@id":"https:\/\/vinilozona.lt\/parduotuve\/naujos-lp\/rainbow-santiago-1996-the-classic-chile-broadcast\/#primaryimage"},"thumbnailUrl":"https:\/\/vinilozona.lt\/wp-content\/uploads\/2024\/08\/R-26939846-1682933451-7975.jpg","datePublished":"2024-08-07T02:11:41+00:00","dateModified":"2024-09-03T14:28:14+00:00","breadcrumb":{"@id":"https:\/\/vinilozona.lt\/parduotuve\/naujos-lp\/rainbow-santiago-1996-the-classic-chile-broadcast\/#breadcrumb"},"inLanguage":"en-GB","potentialAction":[{"@type":"ReadAction","target":["https:\/\/vinilozona.lt\/parduotuve\/naujos-lp\/rainbow-santiago-1996-the-classic-chile-broadcast\/"]}]},{"@type":"ImageObject","inLanguage":"en-GB","@id":"https:\/\/vinilozona.lt\/parduotuve\/naujos-lp\/rainbow-santiago-1996-the-classic-chile-broadcast\/#primaryimage","url":"https:\/\/vinilozona.lt\/wp-content\/uploads\/2024\/08\/R-26939846-1682933451-7975.jpg","contentUrl":"https:\/\/vinilozona.lt\/wp-content\/uploads\/2024\/08\/R-26939846-1682933451-7975.jpg","width":500,"height":500},{"@type":"BreadcrumbList","@id":"https:\/\/vinilozona.lt\/parduotuve\/naujos-lp\/rainbow-santiago-1996-the-classic-chile-broadcast\/#breadcrumb","itemListElement":[{"@type":"ListItem","position":1,"name":"Home","item":"https:\/\/vinilozona.lt\/"},{"@type":"ListItem","position":2,"name":"Parduotuv\u0117","item":"https:\/\/vinilozona.lt\/parduotuve\/"},{"@type":"ListItem","position":3,"name":"Rainbow \u2013 Santiago 1996 (The Classic Chile Broadcast)"}]},{"@type":"WebSite","@id":"https:\/\/vinilozona.lt\/#website","url":"https:\/\/vinilozona.lt\/","name":"Vinilo Zona","description":"Nup\u016bsk dulkes ir klausyk LP","potentialAction":[{"@type":"SearchAction","target":{"@type":"EntryPoint","urlTemplate":"https:\/\/vinilozona.lt\/?s={search_term_string}"},"query-input":{"@type":"PropertyValueSpecification","valueRequired":true,"valueName":"search_term_string"}}],"inLanguage":"en-GB"}]}},"_links":{"self":[{"href":"https:\/\/vinilozona.lt\/en\/wp-json\/wp\/v2\/product\/25547"}],"collection":[{"href":"https:\/\/vinilozona.lt\/en\/wp-json\/wp\/v2\/product"}],"about":[{"href":"https:\/\/vinilozona.lt\/en\/wp-json\/wp\/v2\/types\/product"}],"wp:featuredmedia":[{"embeddable":true,"href":"https:\/\/vinilozona.lt\/en\/wp-json\/wp\/v2\/media\/25548"}],"wp:attachment":[{"href":"https:\/\/vinilozona.lt\/en\/wp-json\/wp\/v2\/media?parent=25547"}],"wp:term":[{"taxonomy":"product_cat","embeddable":true,"href":"https:\/\/vinilozona.lt\/en\/wp-json\/wp\/v2\/product_cat?post=25547"},{"taxonomy":"product_tag","embeddable":true,"href":"https:\/\/vinilozona.lt\/en\/wp-json\/wp\/v2\/product_tag?post=25547"}],"curies":[{"name":"wp","href":"https:\/\/api.w.org\/{rel}","templated":true}]}}