{"id":25482,"date":"2024-07-25T14:27:08","date_gmt":"2024-07-25T11:27:08","guid":{"rendered":"https:\/\/vinilozona.lt\/?post_type=product&#038;p=25482"},"modified":"2024-11-22T21:46:11","modified_gmt":"2024-11-22T19:46:11","slug":"mother-mother-grief-chapter-2","status":"publish","type":"product","link":"https:\/\/vinilozona.lt\/en\/parduotuve\/naujos-lp\/mother-mother-grief-chapter-2\/","title":{"rendered":"Mother Mother \u200e\u2013 Grief Chapter"},"content":{"rendered":"<p>A1\t\tIvory 0:45<br \/>\nA2\t\tTalk 2:37<br \/>\nA3\t\tNo Good Reason 1:48<br \/>\nA4\t\tInvincible 3:36<br \/>\nA5\t\tEndlessly Interlude 0:34<br \/>\nA6\t\tKilling Me 2:45<br \/>\nA7\t\tGo Away 3:27<br \/>\nA8\t\tWaiting On You 2:31<br \/>\nB1\t\tPetrified 3:17<br \/>\nB2\t\tPersonally 3:31<br \/>\nB3\t\tEn El Olvido 2:26<br \/>\nB4\t\tTamagotchi 2:48<br \/>\nB5\t\tCan&#8217;t Get Over You 1:02<br \/>\nB6\t\tEvergreen 3:36<br \/>\nB7\t\tBad Life 3:17<br \/>\nB8\t\tMr. Neighbor 2:46<\/p>","protected":false},"excerpt":{"rendered":"<p>Label: Warner Music Canada \u200e\u2013 1781954<br \/>\nFormat: Vinyl, LP, Album, Black<br \/>\nCountry: UK &#038; Europe<br \/>\nReleased: 16 Feb 2024<br \/>\nGenre: Rock<br \/>\nStyle: Alternative Rock, Indie Rock<\/p>","protected":false},"featured_media":25483,"template":"","meta":[],"product_cat":[23],"product_tag":[55],"yoast_head":"<!-- This site is optimized with the Yoast SEO plugin v23.5 - https:\/\/yoast.com\/wordpress\/plugins\/seo\/ -->\n<title>Mother Mother \u200e\u2013 Grief Chapter Vinilin\u0117 Plok\u0161tel\u0117 | Vinilozona.lt<\/title>\n<meta name=\"robots\" content=\"index, follow, max-snippet:-1, max-image-preview:large, max-video-preview:-1\" \/>\n<link rel=\"canonical\" href=\"https:\/\/vinilozona.lt\/en\/parduotuve\/naujos-lp\/mother-mother-grief-chapter-2\/\" \/>\n<meta property=\"og:locale\" content=\"en_GB\" \/>\n<meta property=\"og:type\" content=\"article\" \/>\n<meta property=\"og:title\" content=\"Mother Mother \u200e\u2013 Grief Chapter Vinilin\u0117 Plok\u0161tel\u0117 | Vinilozona.lt\" \/>\n<meta property=\"og:description\" content=\"Label: Warner Music Canada \u200e\u2013 1781954 Format: Vinyl, LP, Album, Black Country: UK &amp; Europe Released: 16 Feb 2024 Genre: Rock Style: Alternative Rock, Indie Rock\" \/>\n<meta property=\"og:url\" content=\"https:\/\/vinilozona.lt\/en\/parduotuve\/naujos-lp\/mother-mother-grief-chapter-2\/\" \/>\n<meta property=\"og:site_name\" content=\"Vinilo Zona\" \/>\n<meta property=\"article:modified_time\" content=\"2024-11-22T19:46:11+00:00\" \/>\n<meta property=\"og:image\" content=\"https:\/\/vinilozona.lt\/wp-content\/uploads\/2024\/07\/R-30041464-1709936878-1910.jpg\" \/>\n\t<meta property=\"og:image:width\" content=\"600\" \/>\n\t<meta property=\"og:image:height\" content=\"600\" \/>\n\t<meta property=\"og:image:type\" content=\"image\/jpeg\" \/>\n<meta name=\"twitter:card\" content=\"summary_large_image\" \/>\n<script type=\"application\/ld+json\" class=\"yoast-schema-graph\">{\"@context\":\"https:\/\/schema.org\",\"@graph\":[{\"@type\":\"WebPage\",\"@id\":\"https:\/\/vinilozona.lt\/parduotuve\/naujos-lp\/mother-mother-grief-chapter-2\/\",\"url\":\"https:\/\/vinilozona.lt\/parduotuve\/naujos-lp\/mother-mother-grief-chapter-2\/\",\"name\":\"Mother Mother \u200e\u2013 Grief Chapter Vinilin\u0117 Plok\u0161tel\u0117 | Vinilozona.lt\",\"isPartOf\":{\"@id\":\"https:\/\/vinilozona.lt\/#website\"},\"primaryImageOfPage\":{\"@id\":\"https:\/\/vinilozona.lt\/parduotuve\/naujos-lp\/mother-mother-grief-chapter-2\/#primaryimage\"},\"image\":{\"@id\":\"https:\/\/vinilozona.lt\/parduotuve\/naujos-lp\/mother-mother-grief-chapter-2\/#primaryimage\"},\"thumbnailUrl\":\"https:\/\/vinilozona.lt\/wp-content\/uploads\/2024\/07\/R-30041464-1709936878-1910.jpg\",\"datePublished\":\"2024-07-25T11:27:08+00:00\",\"dateModified\":\"2024-11-22T19:46:11+00:00\",\"breadcrumb\":{\"@id\":\"https:\/\/vinilozona.lt\/parduotuve\/naujos-lp\/mother-mother-grief-chapter-2\/#breadcrumb\"},\"inLanguage\":\"en-GB\",\"potentialAction\":[{\"@type\":\"ReadAction\",\"target\":[\"https:\/\/vinilozona.lt\/parduotuve\/naujos-lp\/mother-mother-grief-chapter-2\/\"]}]},{\"@type\":\"ImageObject\",\"inLanguage\":\"en-GB\",\"@id\":\"https:\/\/vinilozona.lt\/parduotuve\/naujos-lp\/mother-mother-grief-chapter-2\/#primaryimage\",\"url\":\"https:\/\/vinilozona.lt\/wp-content\/uploads\/2024\/07\/R-30041464-1709936878-1910.jpg\",\"contentUrl\":\"https:\/\/vinilozona.lt\/wp-content\/uploads\/2024\/07\/R-30041464-1709936878-1910.jpg\",\"width\":600,\"height\":600},{\"@type\":\"BreadcrumbList\",\"@id\":\"https:\/\/vinilozona.lt\/parduotuve\/naujos-lp\/mother-mother-grief-chapter-2\/#breadcrumb\",\"itemListElement\":[{\"@type\":\"ListItem\",\"position\":1,\"name\":\"Home\",\"item\":\"https:\/\/vinilozona.lt\/\"},{\"@type\":\"ListItem\",\"position\":2,\"name\":\"Parduotuv\u0117\",\"item\":\"https:\/\/vinilozona.lt\/parduotuve\/\"},{\"@type\":\"ListItem\",\"position\":3,\"name\":\"Mother Mother \u200e\u2013 Grief Chapter\"}]},{\"@type\":\"WebSite\",\"@id\":\"https:\/\/vinilozona.lt\/#website\",\"url\":\"https:\/\/vinilozona.lt\/\",\"name\":\"Vinilo Zona\",\"description\":\"Nup\u016bsk dulkes ir klausyk LP\",\"potentialAction\":[{\"@type\":\"SearchAction\",\"target\":{\"@type\":\"EntryPoint\",\"urlTemplate\":\"https:\/\/vinilozona.lt\/?s={search_term_string}\"},\"query-input\":{\"@type\":\"PropertyValueSpecification\",\"valueRequired\":true,\"valueName\":\"search_term_string\"}}],\"inLanguage\":\"en-GB\"}]}<\/script>\n<!-- \/ Yoast SEO plugin. -->","yoast_head_json":{"title":"Mother Mother \u200e\u2013 Grief Chapter Vinilin\u0117 Plok\u0161tel\u0117 | Vinilozona.lt","robots":{"index":"index","follow":"follow","max-snippet":"max-snippet:-1","max-image-preview":"max-image-preview:large","max-video-preview":"max-video-preview:-1"},"canonical":"https:\/\/vinilozona.lt\/en\/parduotuve\/naujos-lp\/mother-mother-grief-chapter-2\/","og_locale":"en_GB","og_type":"article","og_title":"Mother Mother \u200e\u2013 Grief Chapter Vinilin\u0117 Plok\u0161tel\u0117 | Vinilozona.lt","og_description":"Label: Warner Music Canada \u200e\u2013 1781954 Format: Vinyl, LP, Album, Black Country: UK & Europe Released: 16 Feb 2024 Genre: Rock Style: Alternative Rock, Indie Rock","og_url":"https:\/\/vinilozona.lt\/en\/parduotuve\/naujos-lp\/mother-mother-grief-chapter-2\/","og_site_name":"Vinilo Zona","article_modified_time":"2024-11-22T19:46:11+00:00","og_image":[{"width":600,"height":600,"url":"https:\/\/vinilozona.lt\/wp-content\/uploads\/2024\/07\/R-30041464-1709936878-1910.jpg","type":"image\/jpeg"}],"twitter_card":"summary_large_image","schema":{"@context":"https:\/\/schema.org","@graph":[{"@type":"WebPage","@id":"https:\/\/vinilozona.lt\/parduotuve\/naujos-lp\/mother-mother-grief-chapter-2\/","url":"https:\/\/vinilozona.lt\/parduotuve\/naujos-lp\/mother-mother-grief-chapter-2\/","name":"Mother Mother \u200e\u2013 Grief Chapter Vinilin\u0117 Plok\u0161tel\u0117 | Vinilozona.lt","isPartOf":{"@id":"https:\/\/vinilozona.lt\/#website"},"primaryImageOfPage":{"@id":"https:\/\/vinilozona.lt\/parduotuve\/naujos-lp\/mother-mother-grief-chapter-2\/#primaryimage"},"image":{"@id":"https:\/\/vinilozona.lt\/parduotuve\/naujos-lp\/mother-mother-grief-chapter-2\/#primaryimage"},"thumbnailUrl":"https:\/\/vinilozona.lt\/wp-content\/uploads\/2024\/07\/R-30041464-1709936878-1910.jpg","datePublished":"2024-07-25T11:27:08+00:00","dateModified":"2024-11-22T19:46:11+00:00","breadcrumb":{"@id":"https:\/\/vinilozona.lt\/parduotuve\/naujos-lp\/mother-mother-grief-chapter-2\/#breadcrumb"},"inLanguage":"en-GB","potentialAction":[{"@type":"ReadAction","target":["https:\/\/vinilozona.lt\/parduotuve\/naujos-lp\/mother-mother-grief-chapter-2\/"]}]},{"@type":"ImageObject","inLanguage":"en-GB","@id":"https:\/\/vinilozona.lt\/parduotuve\/naujos-lp\/mother-mother-grief-chapter-2\/#primaryimage","url":"https:\/\/vinilozona.lt\/wp-content\/uploads\/2024\/07\/R-30041464-1709936878-1910.jpg","contentUrl":"https:\/\/vinilozona.lt\/wp-content\/uploads\/2024\/07\/R-30041464-1709936878-1910.jpg","width":600,"height":600},{"@type":"BreadcrumbList","@id":"https:\/\/vinilozona.lt\/parduotuve\/naujos-lp\/mother-mother-grief-chapter-2\/#breadcrumb","itemListElement":[{"@type":"ListItem","position":1,"name":"Home","item":"https:\/\/vinilozona.lt\/"},{"@type":"ListItem","position":2,"name":"Parduotuv\u0117","item":"https:\/\/vinilozona.lt\/parduotuve\/"},{"@type":"ListItem","position":3,"name":"Mother Mother \u200e\u2013 Grief Chapter"}]},{"@type":"WebSite","@id":"https:\/\/vinilozona.lt\/#website","url":"https:\/\/vinilozona.lt\/","name":"Vinilo Zona","description":"Nup\u016bsk dulkes ir klausyk LP","potentialAction":[{"@type":"SearchAction","target":{"@type":"EntryPoint","urlTemplate":"https:\/\/vinilozona.lt\/?s={search_term_string}"},"query-input":{"@type":"PropertyValueSpecification","valueRequired":true,"valueName":"search_term_string"}}],"inLanguage":"en-GB"}]}},"_links":{"self":[{"href":"https:\/\/vinilozona.lt\/en\/wp-json\/wp\/v2\/product\/25482"}],"collection":[{"href":"https:\/\/vinilozona.lt\/en\/wp-json\/wp\/v2\/product"}],"about":[{"href":"https:\/\/vinilozona.lt\/en\/wp-json\/wp\/v2\/types\/product"}],"wp:featuredmedia":[{"embeddable":true,"href":"https:\/\/vinilozona.lt\/en\/wp-json\/wp\/v2\/media\/25483"}],"wp:attachment":[{"href":"https:\/\/vinilozona.lt\/en\/wp-json\/wp\/v2\/media?parent=25482"}],"wp:term":[{"taxonomy":"product_cat","embeddable":true,"href":"https:\/\/vinilozona.lt\/en\/wp-json\/wp\/v2\/product_cat?post=25482"},{"taxonomy":"product_tag","embeddable":true,"href":"https:\/\/vinilozona.lt\/en\/wp-json\/wp\/v2\/product_tag?post=25482"}],"curies":[{"name":"wp","href":"https:\/\/api.w.org\/{rel}","templated":true}]}}