{"id":25359,"date":"2024-05-23T22:27:12","date_gmt":"2024-05-23T19:27:12","guid":{"rendered":"https:\/\/vinilozona.lt\/?post_type=product&#038;p=25359"},"modified":"2025-02-18T22:26:21","modified_gmt":"2025-02-18T20:26:21","slug":"james-blunt-the-stars-beneath-my-feet-2004-2021-2cd","status":"publish","type":"product","link":"https:\/\/vinilozona.lt\/en\/parduotuve\/cd\/nauji-cd\/james-blunt-the-stars-beneath-my-feet-2004-2021-2cd\/","title":{"rendered":"James Blunt \u2013 The Stars Beneath My Feet (2004-2021) 2CD"},"content":{"rendered":"<p>1-1\t\tLove Under Pressure<br \/>\n1-2\t\t1973<br \/>\n1-3\t\tWisemen<br \/>\n1-4\t\tSame Mistake<br \/>\n1-5\t\tYou&#8217;re Beautiful<br \/>\n1-6\t\tMonsters<br \/>\n1-7\t\tTears And Rain<br \/>\n1-8\t\tBonfire Heart<br \/>\n1-9\t\tI Really Want You (Live In New York)<br \/>\n1-10\t\tThe Truth<br \/>\n1-11\t\tHeart To Heart<br \/>\n1-12\t\tChampions<br \/>\n1-13\t\tPostcards<br \/>\n1-14\t\tNo Bravery (Live In London)<br \/>\n1-15\t\tAdrenaline<br \/>\n2-1\t\tSmoke Signals<br \/>\n2-2\t\tUnstoppable<br \/>\n2-3\t\tGoodbye My Lover<br \/>\n2-4\t\tCoz I Love You (Live At Glastonbury)<br \/>\n2-5\t\tSo Long, Jimmy<br \/>\n2-6\t\tCarry You Home<br \/>\n2-7\t\tThe Greatest<br \/>\n2-8\t\tHigh<br \/>\n2-9\t\tDon&#8217;t Give Me Those Eyes<br \/>\n2-10\t\tOk<br \/>\n2-11\t\tStay The Night<br \/>\n2-12\t\tBartender<br \/>\n2-13\t\tCold<br \/>\n2-14\t\tWhere Is My Mind (Live In Paris)<br \/>\n2-15\t\tI Came For Love<\/p>","protected":false},"excerpt":{"rendered":"<p>Label:\tAtlantic \u2013 0190296614941<br \/>\nFormat:\t2 x CD, Compilation, Remastered<br \/>\nCountry:\tEurope<br \/>\nReleased:\t2021<br \/>\nGenre:\tRock, Pop<\/p>","protected":false},"featured_media":25360,"template":"","meta":[],"product_cat":[24,947],"product_tag":[55],"yoast_head":"<!-- This site is optimized with the Yoast SEO plugin v23.5 - https:\/\/yoast.com\/wordpress\/plugins\/seo\/ -->\n<title>James Blunt \u2013 The Stars Beneath My Feet (2004-2021) 2CD Vinilin\u0117 Plok\u0161tel\u0117 | Vinilozona.lt<\/title>\n<meta name=\"robots\" content=\"index, follow, max-snippet:-1, max-image-preview:large, max-video-preview:-1\" \/>\n<link rel=\"canonical\" href=\"https:\/\/vinilozona.lt\/en\/parduotuve\/cd\/nauji-cd\/james-blunt-the-stars-beneath-my-feet-2004-2021-2cd\/\" \/>\n<meta property=\"og:locale\" content=\"en_GB\" \/>\n<meta property=\"og:type\" content=\"article\" \/>\n<meta property=\"og:title\" content=\"James Blunt \u2013 The Stars Beneath My Feet (2004-2021) 2CD Vinilin\u0117 Plok\u0161tel\u0117 | Vinilozona.lt\" \/>\n<meta property=\"og:description\" content=\"Label: Atlantic \u2013 0190296614941 Format: 2 x CD, Compilation, Remastered Country: Europe Released: 2021 Genre: Rock, Pop\" \/>\n<meta property=\"og:url\" content=\"https:\/\/vinilozona.lt\/en\/parduotuve\/cd\/nauji-cd\/james-blunt-the-stars-beneath-my-feet-2004-2021-2cd\/\" \/>\n<meta property=\"og:site_name\" content=\"Vinilo Zona\" \/>\n<meta property=\"article:modified_time\" content=\"2025-02-18T20:26:21+00:00\" \/>\n<meta property=\"og:image\" content=\"https:\/\/vinilozona.lt\/wp-content\/uploads\/2024\/06\/R-21131617-1637948083-1364.jpg\" \/>\n\t<meta property=\"og:image:width\" content=\"599\" \/>\n\t<meta property=\"og:image:height\" content=\"551\" \/>\n\t<meta property=\"og:image:type\" content=\"image\/jpeg\" \/>\n<meta name=\"twitter:card\" content=\"summary_large_image\" \/>\n<meta name=\"twitter:label1\" content=\"Estimated reading time\" \/>\n\t<meta name=\"twitter:data1\" content=\"1 minute\" \/>\n<script type=\"application\/ld+json\" class=\"yoast-schema-graph\">{\"@context\":\"https:\/\/schema.org\",\"@graph\":[{\"@type\":\"WebPage\",\"@id\":\"https:\/\/vinilozona.lt\/parduotuve\/cd\/nauji-cd\/james-blunt-the-stars-beneath-my-feet-2004-2021-2cd\/\",\"url\":\"https:\/\/vinilozona.lt\/parduotuve\/cd\/nauji-cd\/james-blunt-the-stars-beneath-my-feet-2004-2021-2cd\/\",\"name\":\"James Blunt \u2013 The Stars Beneath My Feet (2004-2021) 2CD Vinilin\u0117 Plok\u0161tel\u0117 | Vinilozona.lt\",\"isPartOf\":{\"@id\":\"https:\/\/vinilozona.lt\/#website\"},\"primaryImageOfPage\":{\"@id\":\"https:\/\/vinilozona.lt\/parduotuve\/cd\/nauji-cd\/james-blunt-the-stars-beneath-my-feet-2004-2021-2cd\/#primaryimage\"},\"image\":{\"@id\":\"https:\/\/vinilozona.lt\/parduotuve\/cd\/nauji-cd\/james-blunt-the-stars-beneath-my-feet-2004-2021-2cd\/#primaryimage\"},\"thumbnailUrl\":\"https:\/\/vinilozona.lt\/wp-content\/uploads\/2024\/06\/R-21131617-1637948083-1364.jpg\",\"datePublished\":\"2024-05-23T19:27:12+00:00\",\"dateModified\":\"2025-02-18T20:26:21+00:00\",\"breadcrumb\":{\"@id\":\"https:\/\/vinilozona.lt\/parduotuve\/cd\/nauji-cd\/james-blunt-the-stars-beneath-my-feet-2004-2021-2cd\/#breadcrumb\"},\"inLanguage\":\"en-GB\",\"potentialAction\":[{\"@type\":\"ReadAction\",\"target\":[\"https:\/\/vinilozona.lt\/parduotuve\/cd\/nauji-cd\/james-blunt-the-stars-beneath-my-feet-2004-2021-2cd\/\"]}]},{\"@type\":\"ImageObject\",\"inLanguage\":\"en-GB\",\"@id\":\"https:\/\/vinilozona.lt\/parduotuve\/cd\/nauji-cd\/james-blunt-the-stars-beneath-my-feet-2004-2021-2cd\/#primaryimage\",\"url\":\"https:\/\/vinilozona.lt\/wp-content\/uploads\/2024\/06\/R-21131617-1637948083-1364.jpg\",\"contentUrl\":\"https:\/\/vinilozona.lt\/wp-content\/uploads\/2024\/06\/R-21131617-1637948083-1364.jpg\",\"width\":599,\"height\":551},{\"@type\":\"BreadcrumbList\",\"@id\":\"https:\/\/vinilozona.lt\/parduotuve\/cd\/nauji-cd\/james-blunt-the-stars-beneath-my-feet-2004-2021-2cd\/#breadcrumb\",\"itemListElement\":[{\"@type\":\"ListItem\",\"position\":1,\"name\":\"Home\",\"item\":\"https:\/\/vinilozona.lt\/\"},{\"@type\":\"ListItem\",\"position\":2,\"name\":\"Parduotuv\u0117\",\"item\":\"https:\/\/vinilozona.lt\/parduotuve\/\"},{\"@type\":\"ListItem\",\"position\":3,\"name\":\"James Blunt \u2013 The Stars Beneath My Feet (2004-2021) 2CD\"}]},{\"@type\":\"WebSite\",\"@id\":\"https:\/\/vinilozona.lt\/#website\",\"url\":\"https:\/\/vinilozona.lt\/\",\"name\":\"Vinilo Zona\",\"description\":\"Nup\u016bsk dulkes ir klausyk LP\",\"potentialAction\":[{\"@type\":\"SearchAction\",\"target\":{\"@type\":\"EntryPoint\",\"urlTemplate\":\"https:\/\/vinilozona.lt\/?s={search_term_string}\"},\"query-input\":{\"@type\":\"PropertyValueSpecification\",\"valueRequired\":true,\"valueName\":\"search_term_string\"}}],\"inLanguage\":\"en-GB\"}]}<\/script>\n<!-- \/ Yoast SEO plugin. -->","yoast_head_json":{"title":"James Blunt \u2013 The Stars Beneath My Feet (2004-2021) 2CD Vinilin\u0117 Plok\u0161tel\u0117 | Vinilozona.lt","robots":{"index":"index","follow":"follow","max-snippet":"max-snippet:-1","max-image-preview":"max-image-preview:large","max-video-preview":"max-video-preview:-1"},"canonical":"https:\/\/vinilozona.lt\/en\/parduotuve\/cd\/nauji-cd\/james-blunt-the-stars-beneath-my-feet-2004-2021-2cd\/","og_locale":"en_GB","og_type":"article","og_title":"James Blunt \u2013 The Stars Beneath My Feet (2004-2021) 2CD Vinilin\u0117 Plok\u0161tel\u0117 | Vinilozona.lt","og_description":"Label: Atlantic \u2013 0190296614941 Format: 2 x CD, Compilation, Remastered Country: Europe Released: 2021 Genre: Rock, Pop","og_url":"https:\/\/vinilozona.lt\/en\/parduotuve\/cd\/nauji-cd\/james-blunt-the-stars-beneath-my-feet-2004-2021-2cd\/","og_site_name":"Vinilo Zona","article_modified_time":"2025-02-18T20:26:21+00:00","og_image":[{"width":599,"height":551,"url":"https:\/\/vinilozona.lt\/wp-content\/uploads\/2024\/06\/R-21131617-1637948083-1364.jpg","type":"image\/jpeg"}],"twitter_card":"summary_large_image","twitter_misc":{"Estimated reading time":"1 minute"},"schema":{"@context":"https:\/\/schema.org","@graph":[{"@type":"WebPage","@id":"https:\/\/vinilozona.lt\/parduotuve\/cd\/nauji-cd\/james-blunt-the-stars-beneath-my-feet-2004-2021-2cd\/","url":"https:\/\/vinilozona.lt\/parduotuve\/cd\/nauji-cd\/james-blunt-the-stars-beneath-my-feet-2004-2021-2cd\/","name":"James Blunt \u2013 The Stars Beneath My Feet (2004-2021) 2CD Vinilin\u0117 Plok\u0161tel\u0117 | Vinilozona.lt","isPartOf":{"@id":"https:\/\/vinilozona.lt\/#website"},"primaryImageOfPage":{"@id":"https:\/\/vinilozona.lt\/parduotuve\/cd\/nauji-cd\/james-blunt-the-stars-beneath-my-feet-2004-2021-2cd\/#primaryimage"},"image":{"@id":"https:\/\/vinilozona.lt\/parduotuve\/cd\/nauji-cd\/james-blunt-the-stars-beneath-my-feet-2004-2021-2cd\/#primaryimage"},"thumbnailUrl":"https:\/\/vinilozona.lt\/wp-content\/uploads\/2024\/06\/R-21131617-1637948083-1364.jpg","datePublished":"2024-05-23T19:27:12+00:00","dateModified":"2025-02-18T20:26:21+00:00","breadcrumb":{"@id":"https:\/\/vinilozona.lt\/parduotuve\/cd\/nauji-cd\/james-blunt-the-stars-beneath-my-feet-2004-2021-2cd\/#breadcrumb"},"inLanguage":"en-GB","potentialAction":[{"@type":"ReadAction","target":["https:\/\/vinilozona.lt\/parduotuve\/cd\/nauji-cd\/james-blunt-the-stars-beneath-my-feet-2004-2021-2cd\/"]}]},{"@type":"ImageObject","inLanguage":"en-GB","@id":"https:\/\/vinilozona.lt\/parduotuve\/cd\/nauji-cd\/james-blunt-the-stars-beneath-my-feet-2004-2021-2cd\/#primaryimage","url":"https:\/\/vinilozona.lt\/wp-content\/uploads\/2024\/06\/R-21131617-1637948083-1364.jpg","contentUrl":"https:\/\/vinilozona.lt\/wp-content\/uploads\/2024\/06\/R-21131617-1637948083-1364.jpg","width":599,"height":551},{"@type":"BreadcrumbList","@id":"https:\/\/vinilozona.lt\/parduotuve\/cd\/nauji-cd\/james-blunt-the-stars-beneath-my-feet-2004-2021-2cd\/#breadcrumb","itemListElement":[{"@type":"ListItem","position":1,"name":"Home","item":"https:\/\/vinilozona.lt\/"},{"@type":"ListItem","position":2,"name":"Parduotuv\u0117","item":"https:\/\/vinilozona.lt\/parduotuve\/"},{"@type":"ListItem","position":3,"name":"James Blunt \u2013 The Stars Beneath My Feet (2004-2021) 2CD"}]},{"@type":"WebSite","@id":"https:\/\/vinilozona.lt\/#website","url":"https:\/\/vinilozona.lt\/","name":"Vinilo Zona","description":"Nup\u016bsk dulkes ir klausyk LP","potentialAction":[{"@type":"SearchAction","target":{"@type":"EntryPoint","urlTemplate":"https:\/\/vinilozona.lt\/?s={search_term_string}"},"query-input":{"@type":"PropertyValueSpecification","valueRequired":true,"valueName":"search_term_string"}}],"inLanguage":"en-GB"}]}},"_links":{"self":[{"href":"https:\/\/vinilozona.lt\/en\/wp-json\/wp\/v2\/product\/25359"}],"collection":[{"href":"https:\/\/vinilozona.lt\/en\/wp-json\/wp\/v2\/product"}],"about":[{"href":"https:\/\/vinilozona.lt\/en\/wp-json\/wp\/v2\/types\/product"}],"wp:featuredmedia":[{"embeddable":true,"href":"https:\/\/vinilozona.lt\/en\/wp-json\/wp\/v2\/media\/25360"}],"wp:attachment":[{"href":"https:\/\/vinilozona.lt\/en\/wp-json\/wp\/v2\/media?parent=25359"}],"wp:term":[{"taxonomy":"product_cat","embeddable":true,"href":"https:\/\/vinilozona.lt\/en\/wp-json\/wp\/v2\/product_cat?post=25359"},{"taxonomy":"product_tag","embeddable":true,"href":"https:\/\/vinilozona.lt\/en\/wp-json\/wp\/v2\/product_tag?post=25359"}],"curies":[{"name":"wp","href":"https:\/\/api.w.org\/{rel}","templated":true}]}}