{"id":25357,"date":"2024-05-23T22:16:19","date_gmt":"2024-05-23T19:16:19","guid":{"rendered":"https:\/\/vinilozona.lt\/?post_type=product&#038;p=25357"},"modified":"2024-06-23T22:25:41","modified_gmt":"2024-06-23T19:25:41","slug":"burna-boy-twice-as-tall-cd","status":"publish","type":"product","link":"https:\/\/vinilozona.lt\/en\/parduotuve\/cd\/nauji-cd\/burna-boy-twice-as-tall-cd\/","title":{"rendered":"Burna Boy \u2013 Twice As Tall CD"},"content":{"rendered":"<p>1\tBurna Boy, Youssou N&#8217;Dour\u2013\tLevel Up (Twice As Tall) 4:28<br \/>\n2\tBurna Boy\u2013\tAlarm Clock 2:12<br \/>\n3\tBurna Boy\u2013\tWay Too Big 3:20<br \/>\n4\tBurna Boy\u2013\tBebo 2:44<br \/>\n5\tBurna Boy\u2013\tWonderful 3:33<br \/>\n6\tBurna Boy\u2013\tOnyeka (Baby) 3:22<br \/>\n7\tBurna Boy, Naughty By Nature\u2013\tNaughty By Nature 3:34<br \/>\n8\tBurna Boy\u2013\tComma 2:50<br \/>\n9\tBurna Boy\u2013\tNo Fit Vex 3:41<br \/>\n10\tBurna Boy\u2013\t23 4:05<br \/>\n11\tBurna Boy, Sauti Sol\u2013\tTime Flies 3:44<br \/>\n12\tBurna Boy, Chris Martin\u2013\tMonsters You Made 3:37<br \/>\n13\tBurna Boy\u2013\tWettin Dey Sup 3:37<br \/>\n14\tBurna Boy, Stormzy\u2013\tReal Life 3:17<br \/>\n15\tBurna Boy\u2013\tBank On It 4:36<\/p>","protected":false},"excerpt":{"rendered":"<p>Label:\tAtlantic \u2013 075678646485<br \/>\nFormat:\tCD, Album<br \/>\nCountry:\tGermany<br \/>\nReleased:\t2020<br \/>\nGenre:\tHip Hop, Funk \/ Soul, Folk, World, &#038; Country<\/p>","protected":false},"featured_media":25358,"template":"","meta":[],"product_cat":[24,947],"product_tag":[55],"yoast_head":"<!-- This site is optimized with the Yoast SEO plugin v23.5 - https:\/\/yoast.com\/wordpress\/plugins\/seo\/ -->\n<title>Burna Boy \u2013 Twice As Tall CD Vinilin\u0117 Plok\u0161tel\u0117 | Vinilozona.lt<\/title>\n<meta name=\"robots\" content=\"index, follow, max-snippet:-1, max-image-preview:large, max-video-preview:-1\" \/>\n<link rel=\"canonical\" href=\"https:\/\/vinilozona.lt\/en\/parduotuve\/cd\/nauji-cd\/burna-boy-twice-as-tall-cd\/\" \/>\n<meta property=\"og:locale\" content=\"en_GB\" \/>\n<meta property=\"og:type\" content=\"article\" \/>\n<meta property=\"og:title\" content=\"Burna Boy \u2013 Twice As Tall CD Vinilin\u0117 Plok\u0161tel\u0117 | Vinilozona.lt\" \/>\n<meta property=\"og:description\" content=\"Label: Atlantic \u2013 075678646485 Format: CD, Album Country: Germany Released: 2020 Genre: Hip Hop, Funk \/ Soul, Folk, World, &amp; Country\" \/>\n<meta property=\"og:url\" content=\"https:\/\/vinilozona.lt\/en\/parduotuve\/cd\/nauji-cd\/burna-boy-twice-as-tall-cd\/\" \/>\n<meta property=\"og:site_name\" content=\"Vinilo Zona\" \/>\n<meta property=\"article:modified_time\" content=\"2024-06-23T19:25:41+00:00\" \/>\n<meta property=\"og:image\" content=\"https:\/\/vinilozona.lt\/wp-content\/uploads\/2024\/06\/R-19676695-1627638032-4696.jpg\" \/>\n\t<meta property=\"og:image:width\" content=\"600\" \/>\n\t<meta property=\"og:image:height\" content=\"531\" \/>\n\t<meta property=\"og:image:type\" content=\"image\/jpeg\" \/>\n<meta name=\"twitter:card\" content=\"summary_large_image\" \/>\n<script type=\"application\/ld+json\" class=\"yoast-schema-graph\">{\"@context\":\"https:\/\/schema.org\",\"@graph\":[{\"@type\":\"WebPage\",\"@id\":\"https:\/\/vinilozona.lt\/parduotuve\/cd\/nauji-cd\/burna-boy-twice-as-tall-cd\/\",\"url\":\"https:\/\/vinilozona.lt\/parduotuve\/cd\/nauji-cd\/burna-boy-twice-as-tall-cd\/\",\"name\":\"Burna Boy \u2013 Twice As Tall CD Vinilin\u0117 Plok\u0161tel\u0117 | Vinilozona.lt\",\"isPartOf\":{\"@id\":\"https:\/\/vinilozona.lt\/#website\"},\"primaryImageOfPage\":{\"@id\":\"https:\/\/vinilozona.lt\/parduotuve\/cd\/nauji-cd\/burna-boy-twice-as-tall-cd\/#primaryimage\"},\"image\":{\"@id\":\"https:\/\/vinilozona.lt\/parduotuve\/cd\/nauji-cd\/burna-boy-twice-as-tall-cd\/#primaryimage\"},\"thumbnailUrl\":\"https:\/\/vinilozona.lt\/wp-content\/uploads\/2024\/06\/R-19676695-1627638032-4696.jpg\",\"datePublished\":\"2024-05-23T19:16:19+00:00\",\"dateModified\":\"2024-06-23T19:25:41+00:00\",\"breadcrumb\":{\"@id\":\"https:\/\/vinilozona.lt\/parduotuve\/cd\/nauji-cd\/burna-boy-twice-as-tall-cd\/#breadcrumb\"},\"inLanguage\":\"en-GB\",\"potentialAction\":[{\"@type\":\"ReadAction\",\"target\":[\"https:\/\/vinilozona.lt\/parduotuve\/cd\/nauji-cd\/burna-boy-twice-as-tall-cd\/\"]}]},{\"@type\":\"ImageObject\",\"inLanguage\":\"en-GB\",\"@id\":\"https:\/\/vinilozona.lt\/parduotuve\/cd\/nauji-cd\/burna-boy-twice-as-tall-cd\/#primaryimage\",\"url\":\"https:\/\/vinilozona.lt\/wp-content\/uploads\/2024\/06\/R-19676695-1627638032-4696.jpg\",\"contentUrl\":\"https:\/\/vinilozona.lt\/wp-content\/uploads\/2024\/06\/R-19676695-1627638032-4696.jpg\",\"width\":600,\"height\":531},{\"@type\":\"BreadcrumbList\",\"@id\":\"https:\/\/vinilozona.lt\/parduotuve\/cd\/nauji-cd\/burna-boy-twice-as-tall-cd\/#breadcrumb\",\"itemListElement\":[{\"@type\":\"ListItem\",\"position\":1,\"name\":\"Home\",\"item\":\"https:\/\/vinilozona.lt\/\"},{\"@type\":\"ListItem\",\"position\":2,\"name\":\"Parduotuv\u0117\",\"item\":\"https:\/\/vinilozona.lt\/parduotuve\/\"},{\"@type\":\"ListItem\",\"position\":3,\"name\":\"Burna Boy \u2013 Twice As Tall CD\"}]},{\"@type\":\"WebSite\",\"@id\":\"https:\/\/vinilozona.lt\/#website\",\"url\":\"https:\/\/vinilozona.lt\/\",\"name\":\"Vinilo Zona\",\"description\":\"Nup\u016bsk dulkes ir klausyk LP\",\"potentialAction\":[{\"@type\":\"SearchAction\",\"target\":{\"@type\":\"EntryPoint\",\"urlTemplate\":\"https:\/\/vinilozona.lt\/?s={search_term_string}\"},\"query-input\":{\"@type\":\"PropertyValueSpecification\",\"valueRequired\":true,\"valueName\":\"search_term_string\"}}],\"inLanguage\":\"en-GB\"}]}<\/script>\n<!-- \/ Yoast SEO plugin. -->","yoast_head_json":{"title":"Burna Boy \u2013 Twice As Tall CD Vinilin\u0117 Plok\u0161tel\u0117 | Vinilozona.lt","robots":{"index":"index","follow":"follow","max-snippet":"max-snippet:-1","max-image-preview":"max-image-preview:large","max-video-preview":"max-video-preview:-1"},"canonical":"https:\/\/vinilozona.lt\/en\/parduotuve\/cd\/nauji-cd\/burna-boy-twice-as-tall-cd\/","og_locale":"en_GB","og_type":"article","og_title":"Burna Boy \u2013 Twice As Tall CD Vinilin\u0117 Plok\u0161tel\u0117 | Vinilozona.lt","og_description":"Label: Atlantic \u2013 075678646485 Format: CD, Album Country: Germany Released: 2020 Genre: Hip Hop, Funk \/ Soul, Folk, World, & Country","og_url":"https:\/\/vinilozona.lt\/en\/parduotuve\/cd\/nauji-cd\/burna-boy-twice-as-tall-cd\/","og_site_name":"Vinilo Zona","article_modified_time":"2024-06-23T19:25:41+00:00","og_image":[{"width":600,"height":531,"url":"https:\/\/vinilozona.lt\/wp-content\/uploads\/2024\/06\/R-19676695-1627638032-4696.jpg","type":"image\/jpeg"}],"twitter_card":"summary_large_image","schema":{"@context":"https:\/\/schema.org","@graph":[{"@type":"WebPage","@id":"https:\/\/vinilozona.lt\/parduotuve\/cd\/nauji-cd\/burna-boy-twice-as-tall-cd\/","url":"https:\/\/vinilozona.lt\/parduotuve\/cd\/nauji-cd\/burna-boy-twice-as-tall-cd\/","name":"Burna Boy \u2013 Twice As Tall CD Vinilin\u0117 Plok\u0161tel\u0117 | Vinilozona.lt","isPartOf":{"@id":"https:\/\/vinilozona.lt\/#website"},"primaryImageOfPage":{"@id":"https:\/\/vinilozona.lt\/parduotuve\/cd\/nauji-cd\/burna-boy-twice-as-tall-cd\/#primaryimage"},"image":{"@id":"https:\/\/vinilozona.lt\/parduotuve\/cd\/nauji-cd\/burna-boy-twice-as-tall-cd\/#primaryimage"},"thumbnailUrl":"https:\/\/vinilozona.lt\/wp-content\/uploads\/2024\/06\/R-19676695-1627638032-4696.jpg","datePublished":"2024-05-23T19:16:19+00:00","dateModified":"2024-06-23T19:25:41+00:00","breadcrumb":{"@id":"https:\/\/vinilozona.lt\/parduotuve\/cd\/nauji-cd\/burna-boy-twice-as-tall-cd\/#breadcrumb"},"inLanguage":"en-GB","potentialAction":[{"@type":"ReadAction","target":["https:\/\/vinilozona.lt\/parduotuve\/cd\/nauji-cd\/burna-boy-twice-as-tall-cd\/"]}]},{"@type":"ImageObject","inLanguage":"en-GB","@id":"https:\/\/vinilozona.lt\/parduotuve\/cd\/nauji-cd\/burna-boy-twice-as-tall-cd\/#primaryimage","url":"https:\/\/vinilozona.lt\/wp-content\/uploads\/2024\/06\/R-19676695-1627638032-4696.jpg","contentUrl":"https:\/\/vinilozona.lt\/wp-content\/uploads\/2024\/06\/R-19676695-1627638032-4696.jpg","width":600,"height":531},{"@type":"BreadcrumbList","@id":"https:\/\/vinilozona.lt\/parduotuve\/cd\/nauji-cd\/burna-boy-twice-as-tall-cd\/#breadcrumb","itemListElement":[{"@type":"ListItem","position":1,"name":"Home","item":"https:\/\/vinilozona.lt\/"},{"@type":"ListItem","position":2,"name":"Parduotuv\u0117","item":"https:\/\/vinilozona.lt\/parduotuve\/"},{"@type":"ListItem","position":3,"name":"Burna Boy \u2013 Twice As Tall CD"}]},{"@type":"WebSite","@id":"https:\/\/vinilozona.lt\/#website","url":"https:\/\/vinilozona.lt\/","name":"Vinilo Zona","description":"Nup\u016bsk dulkes ir klausyk LP","potentialAction":[{"@type":"SearchAction","target":{"@type":"EntryPoint","urlTemplate":"https:\/\/vinilozona.lt\/?s={search_term_string}"},"query-input":{"@type":"PropertyValueSpecification","valueRequired":true,"valueName":"search_term_string"}}],"inLanguage":"en-GB"}]}},"_links":{"self":[{"href":"https:\/\/vinilozona.lt\/en\/wp-json\/wp\/v2\/product\/25357"}],"collection":[{"href":"https:\/\/vinilozona.lt\/en\/wp-json\/wp\/v2\/product"}],"about":[{"href":"https:\/\/vinilozona.lt\/en\/wp-json\/wp\/v2\/types\/product"}],"wp:featuredmedia":[{"embeddable":true,"href":"https:\/\/vinilozona.lt\/en\/wp-json\/wp\/v2\/media\/25358"}],"wp:attachment":[{"href":"https:\/\/vinilozona.lt\/en\/wp-json\/wp\/v2\/media?parent=25357"}],"wp:term":[{"taxonomy":"product_cat","embeddable":true,"href":"https:\/\/vinilozona.lt\/en\/wp-json\/wp\/v2\/product_cat?post=25357"},{"taxonomy":"product_tag","embeddable":true,"href":"https:\/\/vinilozona.lt\/en\/wp-json\/wp\/v2\/product_tag?post=25357"}],"curies":[{"name":"wp","href":"https:\/\/api.w.org\/{rel}","templated":true}]}}