{"id":25343,"date":"2024-05-23T21:25:25","date_gmt":"2024-05-23T18:25:25","guid":{"rendered":"https:\/\/vinilozona.lt\/?post_type=product&#038;p=25343"},"modified":"2024-06-23T21:31:46","modified_gmt":"2024-06-23T18:31:46","slug":"birdy-young-heart-cd","status":"publish","type":"product","link":"https:\/\/vinilozona.lt\/en\/parduotuve\/cd\/nauji-cd\/birdy-young-heart-cd\/","title":{"rendered":"Birdy \u2013 Young Heart CD"},"content":{"rendered":"<p>1\t\tThe Witching Hour &#8211; Intro 0:50<br \/>\n2\t\tVoyager 4:26<br \/>\n3\t\tLoneliness 3:22<br \/>\n4\t\tThe Otherside 3:26<br \/>\n5\t\tSurrender 3:54<br \/>\n6\t\tNobody Knows Me Like You Do 4:57<br \/>\n7\t\tRiver Song 3:45<br \/>\n8\t\tSecond Hand News 4:08<br \/>\n9\t\tDeepest Lonely 3:52<br \/>\n10\t\tLighthouse 3:33<br \/>\n11\t\tChopin Waltz In A Minor &#8211; Interlude 0:45<br \/>\n12\t\tEvergreen 3:32<br \/>\n13\t\tLittle Blue 3:03<br \/>\n14\t\tCelestial Dancers 5:19<br \/>\n15\t\tNew Moon 3:32<br \/>\n16\t\tYoung Heart 6:00<\/p>","protected":false},"excerpt":{"rendered":"<p>abel:\tAtlantic \u2013 0190295079888<br \/>\nFormat:\tCD, Album<br \/>\nCountry:\tEurope<br \/>\nReleased:\tApr 30, 2021<br \/>\nGenre:\tRock, Pop<\/p>","protected":false},"featured_media":25344,"template":"","meta":[],"product_cat":[24,947],"product_tag":[55],"yoast_head":"<!-- This site is optimized with the Yoast SEO plugin v23.5 - https:\/\/yoast.com\/wordpress\/plugins\/seo\/ -->\n<title>Birdy \u2013 Young Heart CD Vinilin\u0117 Plok\u0161tel\u0117 | Vinilozona.lt<\/title>\n<meta name=\"robots\" content=\"index, follow, max-snippet:-1, max-image-preview:large, max-video-preview:-1\" \/>\n<link rel=\"canonical\" href=\"https:\/\/vinilozona.lt\/en\/parduotuve\/cd\/nauji-cd\/birdy-young-heart-cd\/\" \/>\n<meta property=\"og:locale\" content=\"en_GB\" \/>\n<meta property=\"og:type\" content=\"article\" \/>\n<meta property=\"og:title\" content=\"Birdy \u2013 Young Heart CD Vinilin\u0117 Plok\u0161tel\u0117 | Vinilozona.lt\" \/>\n<meta property=\"og:description\" content=\"abel: Atlantic \u2013 0190295079888 Format: CD, Album Country: Europe Released: Apr 30, 2021 Genre: Rock, Pop\" \/>\n<meta property=\"og:url\" content=\"https:\/\/vinilozona.lt\/en\/parduotuve\/cd\/nauji-cd\/birdy-young-heart-cd\/\" \/>\n<meta property=\"og:site_name\" content=\"Vinilo Zona\" \/>\n<meta property=\"article:modified_time\" content=\"2024-06-23T18:31:46+00:00\" \/>\n<meta property=\"og:image\" content=\"https:\/\/vinilozona.lt\/wp-content\/uploads\/2024\/06\/R-18524953-1619872390-8505.jpg\" \/>\n\t<meta property=\"og:image:width\" content=\"599\" \/>\n\t<meta property=\"og:image:height\" content=\"536\" \/>\n\t<meta property=\"og:image:type\" content=\"image\/jpeg\" \/>\n<meta name=\"twitter:card\" content=\"summary_large_image\" \/>\n<script type=\"application\/ld+json\" class=\"yoast-schema-graph\">{\"@context\":\"https:\/\/schema.org\",\"@graph\":[{\"@type\":\"WebPage\",\"@id\":\"https:\/\/vinilozona.lt\/parduotuve\/cd\/nauji-cd\/birdy-young-heart-cd\/\",\"url\":\"https:\/\/vinilozona.lt\/parduotuve\/cd\/nauji-cd\/birdy-young-heart-cd\/\",\"name\":\"Birdy \u2013 Young Heart CD Vinilin\u0117 Plok\u0161tel\u0117 | Vinilozona.lt\",\"isPartOf\":{\"@id\":\"https:\/\/vinilozona.lt\/#website\"},\"primaryImageOfPage\":{\"@id\":\"https:\/\/vinilozona.lt\/parduotuve\/cd\/nauji-cd\/birdy-young-heart-cd\/#primaryimage\"},\"image\":{\"@id\":\"https:\/\/vinilozona.lt\/parduotuve\/cd\/nauji-cd\/birdy-young-heart-cd\/#primaryimage\"},\"thumbnailUrl\":\"https:\/\/vinilozona.lt\/wp-content\/uploads\/2024\/06\/R-18524953-1619872390-8505.jpg\",\"datePublished\":\"2024-05-23T18:25:25+00:00\",\"dateModified\":\"2024-06-23T18:31:46+00:00\",\"breadcrumb\":{\"@id\":\"https:\/\/vinilozona.lt\/parduotuve\/cd\/nauji-cd\/birdy-young-heart-cd\/#breadcrumb\"},\"inLanguage\":\"en-GB\",\"potentialAction\":[{\"@type\":\"ReadAction\",\"target\":[\"https:\/\/vinilozona.lt\/parduotuve\/cd\/nauji-cd\/birdy-young-heart-cd\/\"]}]},{\"@type\":\"ImageObject\",\"inLanguage\":\"en-GB\",\"@id\":\"https:\/\/vinilozona.lt\/parduotuve\/cd\/nauji-cd\/birdy-young-heart-cd\/#primaryimage\",\"url\":\"https:\/\/vinilozona.lt\/wp-content\/uploads\/2024\/06\/R-18524953-1619872390-8505.jpg\",\"contentUrl\":\"https:\/\/vinilozona.lt\/wp-content\/uploads\/2024\/06\/R-18524953-1619872390-8505.jpg\",\"width\":599,\"height\":536},{\"@type\":\"BreadcrumbList\",\"@id\":\"https:\/\/vinilozona.lt\/parduotuve\/cd\/nauji-cd\/birdy-young-heart-cd\/#breadcrumb\",\"itemListElement\":[{\"@type\":\"ListItem\",\"position\":1,\"name\":\"Home\",\"item\":\"https:\/\/vinilozona.lt\/\"},{\"@type\":\"ListItem\",\"position\":2,\"name\":\"Parduotuv\u0117\",\"item\":\"https:\/\/vinilozona.lt\/parduotuve\/\"},{\"@type\":\"ListItem\",\"position\":3,\"name\":\"Birdy \u2013 Young Heart CD\"}]},{\"@type\":\"WebSite\",\"@id\":\"https:\/\/vinilozona.lt\/#website\",\"url\":\"https:\/\/vinilozona.lt\/\",\"name\":\"Vinilo Zona\",\"description\":\"Nup\u016bsk dulkes ir klausyk LP\",\"potentialAction\":[{\"@type\":\"SearchAction\",\"target\":{\"@type\":\"EntryPoint\",\"urlTemplate\":\"https:\/\/vinilozona.lt\/?s={search_term_string}\"},\"query-input\":{\"@type\":\"PropertyValueSpecification\",\"valueRequired\":true,\"valueName\":\"search_term_string\"}}],\"inLanguage\":\"en-GB\"}]}<\/script>\n<!-- \/ Yoast SEO plugin. -->","yoast_head_json":{"title":"Birdy \u2013 Young Heart CD Vinilin\u0117 Plok\u0161tel\u0117 | Vinilozona.lt","robots":{"index":"index","follow":"follow","max-snippet":"max-snippet:-1","max-image-preview":"max-image-preview:large","max-video-preview":"max-video-preview:-1"},"canonical":"https:\/\/vinilozona.lt\/en\/parduotuve\/cd\/nauji-cd\/birdy-young-heart-cd\/","og_locale":"en_GB","og_type":"article","og_title":"Birdy \u2013 Young Heart CD Vinilin\u0117 Plok\u0161tel\u0117 | Vinilozona.lt","og_description":"abel: Atlantic \u2013 0190295079888 Format: CD, Album Country: Europe Released: Apr 30, 2021 Genre: Rock, Pop","og_url":"https:\/\/vinilozona.lt\/en\/parduotuve\/cd\/nauji-cd\/birdy-young-heart-cd\/","og_site_name":"Vinilo Zona","article_modified_time":"2024-06-23T18:31:46+00:00","og_image":[{"width":599,"height":536,"url":"https:\/\/vinilozona.lt\/wp-content\/uploads\/2024\/06\/R-18524953-1619872390-8505.jpg","type":"image\/jpeg"}],"twitter_card":"summary_large_image","schema":{"@context":"https:\/\/schema.org","@graph":[{"@type":"WebPage","@id":"https:\/\/vinilozona.lt\/parduotuve\/cd\/nauji-cd\/birdy-young-heart-cd\/","url":"https:\/\/vinilozona.lt\/parduotuve\/cd\/nauji-cd\/birdy-young-heart-cd\/","name":"Birdy \u2013 Young Heart CD Vinilin\u0117 Plok\u0161tel\u0117 | Vinilozona.lt","isPartOf":{"@id":"https:\/\/vinilozona.lt\/#website"},"primaryImageOfPage":{"@id":"https:\/\/vinilozona.lt\/parduotuve\/cd\/nauji-cd\/birdy-young-heart-cd\/#primaryimage"},"image":{"@id":"https:\/\/vinilozona.lt\/parduotuve\/cd\/nauji-cd\/birdy-young-heart-cd\/#primaryimage"},"thumbnailUrl":"https:\/\/vinilozona.lt\/wp-content\/uploads\/2024\/06\/R-18524953-1619872390-8505.jpg","datePublished":"2024-05-23T18:25:25+00:00","dateModified":"2024-06-23T18:31:46+00:00","breadcrumb":{"@id":"https:\/\/vinilozona.lt\/parduotuve\/cd\/nauji-cd\/birdy-young-heart-cd\/#breadcrumb"},"inLanguage":"en-GB","potentialAction":[{"@type":"ReadAction","target":["https:\/\/vinilozona.lt\/parduotuve\/cd\/nauji-cd\/birdy-young-heart-cd\/"]}]},{"@type":"ImageObject","inLanguage":"en-GB","@id":"https:\/\/vinilozona.lt\/parduotuve\/cd\/nauji-cd\/birdy-young-heart-cd\/#primaryimage","url":"https:\/\/vinilozona.lt\/wp-content\/uploads\/2024\/06\/R-18524953-1619872390-8505.jpg","contentUrl":"https:\/\/vinilozona.lt\/wp-content\/uploads\/2024\/06\/R-18524953-1619872390-8505.jpg","width":599,"height":536},{"@type":"BreadcrumbList","@id":"https:\/\/vinilozona.lt\/parduotuve\/cd\/nauji-cd\/birdy-young-heart-cd\/#breadcrumb","itemListElement":[{"@type":"ListItem","position":1,"name":"Home","item":"https:\/\/vinilozona.lt\/"},{"@type":"ListItem","position":2,"name":"Parduotuv\u0117","item":"https:\/\/vinilozona.lt\/parduotuve\/"},{"@type":"ListItem","position":3,"name":"Birdy \u2013 Young Heart CD"}]},{"@type":"WebSite","@id":"https:\/\/vinilozona.lt\/#website","url":"https:\/\/vinilozona.lt\/","name":"Vinilo Zona","description":"Nup\u016bsk dulkes ir klausyk LP","potentialAction":[{"@type":"SearchAction","target":{"@type":"EntryPoint","urlTemplate":"https:\/\/vinilozona.lt\/?s={search_term_string}"},"query-input":{"@type":"PropertyValueSpecification","valueRequired":true,"valueName":"search_term_string"}}],"inLanguage":"en-GB"}]}},"_links":{"self":[{"href":"https:\/\/vinilozona.lt\/en\/wp-json\/wp\/v2\/product\/25343"}],"collection":[{"href":"https:\/\/vinilozona.lt\/en\/wp-json\/wp\/v2\/product"}],"about":[{"href":"https:\/\/vinilozona.lt\/en\/wp-json\/wp\/v2\/types\/product"}],"wp:featuredmedia":[{"embeddable":true,"href":"https:\/\/vinilozona.lt\/en\/wp-json\/wp\/v2\/media\/25344"}],"wp:attachment":[{"href":"https:\/\/vinilozona.lt\/en\/wp-json\/wp\/v2\/media?parent=25343"}],"wp:term":[{"taxonomy":"product_cat","embeddable":true,"href":"https:\/\/vinilozona.lt\/en\/wp-json\/wp\/v2\/product_cat?post=25343"},{"taxonomy":"product_tag","embeddable":true,"href":"https:\/\/vinilozona.lt\/en\/wp-json\/wp\/v2\/product_tag?post=25343"}],"curies":[{"name":"wp","href":"https:\/\/api.w.org\/{rel}","templated":true}]}}