{"id":25335,"date":"2024-05-23T17:36:37","date_gmt":"2024-05-23T14:36:37","guid":{"rendered":"https:\/\/vinilozona.lt\/?post_type=product&#038;p=25335"},"modified":"2024-11-12T19:56:03","modified_gmt":"2024-11-12T17:56:03","slug":"jeff-beck-johnny-depp-18-cd","status":"publish","type":"product","link":"https:\/\/vinilozona.lt\/en\/parduotuve\/cd\/nauji-cd\/jeff-beck-johnny-depp-18-cd\/","title":{"rendered":"Jeff Beck &#8211; Johnny Depp \u2013 18 CD"},"content":{"rendered":"<p>1\t\tMidnight Walker 3:04<br \/>\n2\t\tThe Death And Resurrection Show 5:30<br \/>\n3\t\tTime 3:38<br \/>\n4\t\tSad Motherfuckin&#8217; Parade 3:31<br \/>\n5\t\tDon&#8217;t Talk (Put Your Head On My Shoulder) 3:11<br \/>\n6\t\tThis Is A Song For Miss Hedy Lamarr 4:29<br \/>\n7\t\tCaroline, No 2:23<br \/>\n8\t\tOoo Baby Baby 3:37<br \/>\n9\t\tWhat&#8217;s Going On 4:25<br \/>\n10\t\tVenus In Furs 4:52<br \/>\n11\t\tLet It Be Me 4:41<br \/>\n12\t\tStars 6:35<br \/>\n13\t\tIsolation 5:14<\/p>","protected":false},"excerpt":{"rendered":"<p>abel:\tRhino Records (2) \u2013 R2 629961, ATCO Records \u2013 603497847143<br \/>\nFormat:\tCD, Album<br \/>\nCountry:\tUSA &#038; Europe<br \/>\nReleased:\tJul 15, 2022<br \/>\nGenre:\tRock, Folk, World, &#038; Country<\/p>","protected":false},"featured_media":25336,"template":"","meta":[],"product_cat":[24,947],"product_tag":[55],"yoast_head":"<!-- This site is optimized with the Yoast SEO plugin v23.5 - https:\/\/yoast.com\/wordpress\/plugins\/seo\/ -->\n<title>Jeff Beck - Johnny Depp \u2013 18 CD Vinilin\u0117 Plok\u0161tel\u0117 | Vinilozona.lt<\/title>\n<meta name=\"robots\" content=\"index, follow, max-snippet:-1, max-image-preview:large, max-video-preview:-1\" \/>\n<link rel=\"canonical\" href=\"https:\/\/vinilozona.lt\/en\/parduotuve\/cd\/nauji-cd\/jeff-beck-johnny-depp-18-cd\/\" \/>\n<meta property=\"og:locale\" content=\"en_GB\" \/>\n<meta property=\"og:type\" content=\"article\" \/>\n<meta property=\"og:title\" content=\"Jeff Beck - Johnny Depp \u2013 18 CD Vinilin\u0117 Plok\u0161tel\u0117 | Vinilozona.lt\" \/>\n<meta property=\"og:description\" content=\"abel: Rhino Records (2) \u2013 R2 629961, ATCO Records \u2013 603497847143 Format: CD, Album Country: USA &amp; Europe Released: Jul 15, 2022 Genre: Rock, Folk, World, &amp; Country\" \/>\n<meta property=\"og:url\" content=\"https:\/\/vinilozona.lt\/en\/parduotuve\/cd\/nauji-cd\/jeff-beck-johnny-depp-18-cd\/\" \/>\n<meta property=\"og:site_name\" content=\"Vinilo Zona\" \/>\n<meta property=\"article:modified_time\" content=\"2024-11-12T17:56:03+00:00\" \/>\n<meta property=\"og:image\" content=\"https:\/\/vinilozona.lt\/wp-content\/uploads\/2024\/06\/R-23886038-1662794644-2349.jpg\" \/>\n\t<meta property=\"og:image:width\" content=\"600\" \/>\n\t<meta property=\"og:image:height\" content=\"520\" \/>\n\t<meta property=\"og:image:type\" content=\"image\/jpeg\" \/>\n<meta name=\"twitter:card\" content=\"summary_large_image\" \/>\n<script type=\"application\/ld+json\" class=\"yoast-schema-graph\">{\"@context\":\"https:\/\/schema.org\",\"@graph\":[{\"@type\":\"WebPage\",\"@id\":\"https:\/\/vinilozona.lt\/parduotuve\/cd\/nauji-cd\/jeff-beck-johnny-depp-18-cd\/\",\"url\":\"https:\/\/vinilozona.lt\/parduotuve\/cd\/nauji-cd\/jeff-beck-johnny-depp-18-cd\/\",\"name\":\"Jeff Beck - Johnny Depp \u2013 18 CD Vinilin\u0117 Plok\u0161tel\u0117 | Vinilozona.lt\",\"isPartOf\":{\"@id\":\"https:\/\/vinilozona.lt\/#website\"},\"primaryImageOfPage\":{\"@id\":\"https:\/\/vinilozona.lt\/parduotuve\/cd\/nauji-cd\/jeff-beck-johnny-depp-18-cd\/#primaryimage\"},\"image\":{\"@id\":\"https:\/\/vinilozona.lt\/parduotuve\/cd\/nauji-cd\/jeff-beck-johnny-depp-18-cd\/#primaryimage\"},\"thumbnailUrl\":\"https:\/\/vinilozona.lt\/wp-content\/uploads\/2024\/06\/R-23886038-1662794644-2349.jpg\",\"datePublished\":\"2024-05-23T14:36:37+00:00\",\"dateModified\":\"2024-11-12T17:56:03+00:00\",\"breadcrumb\":{\"@id\":\"https:\/\/vinilozona.lt\/parduotuve\/cd\/nauji-cd\/jeff-beck-johnny-depp-18-cd\/#breadcrumb\"},\"inLanguage\":\"en-GB\",\"potentialAction\":[{\"@type\":\"ReadAction\",\"target\":[\"https:\/\/vinilozona.lt\/parduotuve\/cd\/nauji-cd\/jeff-beck-johnny-depp-18-cd\/\"]}]},{\"@type\":\"ImageObject\",\"inLanguage\":\"en-GB\",\"@id\":\"https:\/\/vinilozona.lt\/parduotuve\/cd\/nauji-cd\/jeff-beck-johnny-depp-18-cd\/#primaryimage\",\"url\":\"https:\/\/vinilozona.lt\/wp-content\/uploads\/2024\/06\/R-23886038-1662794644-2349.jpg\",\"contentUrl\":\"https:\/\/vinilozona.lt\/wp-content\/uploads\/2024\/06\/R-23886038-1662794644-2349.jpg\",\"width\":600,\"height\":520},{\"@type\":\"BreadcrumbList\",\"@id\":\"https:\/\/vinilozona.lt\/parduotuve\/cd\/nauji-cd\/jeff-beck-johnny-depp-18-cd\/#breadcrumb\",\"itemListElement\":[{\"@type\":\"ListItem\",\"position\":1,\"name\":\"Home\",\"item\":\"https:\/\/vinilozona.lt\/\"},{\"@type\":\"ListItem\",\"position\":2,\"name\":\"Parduotuv\u0117\",\"item\":\"https:\/\/vinilozona.lt\/parduotuve\/\"},{\"@type\":\"ListItem\",\"position\":3,\"name\":\"Jeff Beck &#8211; Johnny Depp \u2013 18 CD\"}]},{\"@type\":\"WebSite\",\"@id\":\"https:\/\/vinilozona.lt\/#website\",\"url\":\"https:\/\/vinilozona.lt\/\",\"name\":\"Vinilo Zona\",\"description\":\"Nup\u016bsk dulkes ir klausyk LP\",\"potentialAction\":[{\"@type\":\"SearchAction\",\"target\":{\"@type\":\"EntryPoint\",\"urlTemplate\":\"https:\/\/vinilozona.lt\/?s={search_term_string}\"},\"query-input\":{\"@type\":\"PropertyValueSpecification\",\"valueRequired\":true,\"valueName\":\"search_term_string\"}}],\"inLanguage\":\"en-GB\"}]}<\/script>\n<!-- \/ Yoast SEO plugin. -->","yoast_head_json":{"title":"Jeff Beck - Johnny Depp \u2013 18 CD Vinilin\u0117 Plok\u0161tel\u0117 | Vinilozona.lt","robots":{"index":"index","follow":"follow","max-snippet":"max-snippet:-1","max-image-preview":"max-image-preview:large","max-video-preview":"max-video-preview:-1"},"canonical":"https:\/\/vinilozona.lt\/en\/parduotuve\/cd\/nauji-cd\/jeff-beck-johnny-depp-18-cd\/","og_locale":"en_GB","og_type":"article","og_title":"Jeff Beck - Johnny Depp \u2013 18 CD Vinilin\u0117 Plok\u0161tel\u0117 | Vinilozona.lt","og_description":"abel: Rhino Records (2) \u2013 R2 629961, ATCO Records \u2013 603497847143 Format: CD, Album Country: USA & Europe Released: Jul 15, 2022 Genre: Rock, Folk, World, & Country","og_url":"https:\/\/vinilozona.lt\/en\/parduotuve\/cd\/nauji-cd\/jeff-beck-johnny-depp-18-cd\/","og_site_name":"Vinilo Zona","article_modified_time":"2024-11-12T17:56:03+00:00","og_image":[{"width":600,"height":520,"url":"https:\/\/vinilozona.lt\/wp-content\/uploads\/2024\/06\/R-23886038-1662794644-2349.jpg","type":"image\/jpeg"}],"twitter_card":"summary_large_image","schema":{"@context":"https:\/\/schema.org","@graph":[{"@type":"WebPage","@id":"https:\/\/vinilozona.lt\/parduotuve\/cd\/nauji-cd\/jeff-beck-johnny-depp-18-cd\/","url":"https:\/\/vinilozona.lt\/parduotuve\/cd\/nauji-cd\/jeff-beck-johnny-depp-18-cd\/","name":"Jeff Beck - Johnny Depp \u2013 18 CD Vinilin\u0117 Plok\u0161tel\u0117 | Vinilozona.lt","isPartOf":{"@id":"https:\/\/vinilozona.lt\/#website"},"primaryImageOfPage":{"@id":"https:\/\/vinilozona.lt\/parduotuve\/cd\/nauji-cd\/jeff-beck-johnny-depp-18-cd\/#primaryimage"},"image":{"@id":"https:\/\/vinilozona.lt\/parduotuve\/cd\/nauji-cd\/jeff-beck-johnny-depp-18-cd\/#primaryimage"},"thumbnailUrl":"https:\/\/vinilozona.lt\/wp-content\/uploads\/2024\/06\/R-23886038-1662794644-2349.jpg","datePublished":"2024-05-23T14:36:37+00:00","dateModified":"2024-11-12T17:56:03+00:00","breadcrumb":{"@id":"https:\/\/vinilozona.lt\/parduotuve\/cd\/nauji-cd\/jeff-beck-johnny-depp-18-cd\/#breadcrumb"},"inLanguage":"en-GB","potentialAction":[{"@type":"ReadAction","target":["https:\/\/vinilozona.lt\/parduotuve\/cd\/nauji-cd\/jeff-beck-johnny-depp-18-cd\/"]}]},{"@type":"ImageObject","inLanguage":"en-GB","@id":"https:\/\/vinilozona.lt\/parduotuve\/cd\/nauji-cd\/jeff-beck-johnny-depp-18-cd\/#primaryimage","url":"https:\/\/vinilozona.lt\/wp-content\/uploads\/2024\/06\/R-23886038-1662794644-2349.jpg","contentUrl":"https:\/\/vinilozona.lt\/wp-content\/uploads\/2024\/06\/R-23886038-1662794644-2349.jpg","width":600,"height":520},{"@type":"BreadcrumbList","@id":"https:\/\/vinilozona.lt\/parduotuve\/cd\/nauji-cd\/jeff-beck-johnny-depp-18-cd\/#breadcrumb","itemListElement":[{"@type":"ListItem","position":1,"name":"Home","item":"https:\/\/vinilozona.lt\/"},{"@type":"ListItem","position":2,"name":"Parduotuv\u0117","item":"https:\/\/vinilozona.lt\/parduotuve\/"},{"@type":"ListItem","position":3,"name":"Jeff Beck &#8211; Johnny Depp \u2013 18 CD"}]},{"@type":"WebSite","@id":"https:\/\/vinilozona.lt\/#website","url":"https:\/\/vinilozona.lt\/","name":"Vinilo Zona","description":"Nup\u016bsk dulkes ir klausyk LP","potentialAction":[{"@type":"SearchAction","target":{"@type":"EntryPoint","urlTemplate":"https:\/\/vinilozona.lt\/?s={search_term_string}"},"query-input":{"@type":"PropertyValueSpecification","valueRequired":true,"valueName":"search_term_string"}}],"inLanguage":"en-GB"}]}},"_links":{"self":[{"href":"https:\/\/vinilozona.lt\/en\/wp-json\/wp\/v2\/product\/25335"}],"collection":[{"href":"https:\/\/vinilozona.lt\/en\/wp-json\/wp\/v2\/product"}],"about":[{"href":"https:\/\/vinilozona.lt\/en\/wp-json\/wp\/v2\/types\/product"}],"wp:featuredmedia":[{"embeddable":true,"href":"https:\/\/vinilozona.lt\/en\/wp-json\/wp\/v2\/media\/25336"}],"wp:attachment":[{"href":"https:\/\/vinilozona.lt\/en\/wp-json\/wp\/v2\/media?parent=25335"}],"wp:term":[{"taxonomy":"product_cat","embeddable":true,"href":"https:\/\/vinilozona.lt\/en\/wp-json\/wp\/v2\/product_cat?post=25335"},{"taxonomy":"product_tag","embeddable":true,"href":"https:\/\/vinilozona.lt\/en\/wp-json\/wp\/v2\/product_tag?post=25335"}],"curies":[{"name":"wp","href":"https:\/\/api.w.org\/{rel}","templated":true}]}}