{"id":25333,"date":"2024-05-23T17:31:52","date_gmt":"2024-05-23T14:31:52","guid":{"rendered":"https:\/\/vinilozona.lt\/?post_type=product&#038;p=25333"},"modified":"2024-10-13T10:47:51","modified_gmt":"2024-10-13T07:47:51","slug":"black-keys-el-camino-3cd-box-set-deluxe-edition-10th-anniversary-edition","status":"publish","type":"product","link":"https:\/\/vinilozona.lt\/en\/parduotuve\/cd\/nauji-cd\/black-keys-el-camino-3cd-box-set-deluxe-edition-10th-anniversary-edition\/","title":{"rendered":"Black Keys \u2013 El Camino 3CD Box Set, Deluxe Edition, 10th Anniversary Edition"},"content":{"rendered":"<p>El Camino<br \/>\n1-1\t\tLonely Boy\t3:13<br \/>\n1-2\t\tDead And Gone\t3:41<br \/>\n1-3\t\tGold On The Ceiling\t3:44<br \/>\n1-4\t\tLittle Black Submarines\t4:11<br \/>\n1-5\t\tMoney Maker\t2:57<br \/>\n1-6\t\tRun Right Back\t3:11<br \/>\n1-7\t\tSister\t3:25<br \/>\n1-8\t\tHell Of A Season\t3:45<br \/>\n1-9\t\tStop Stop\t3:30<br \/>\n1-10\t\tNova Baby\t3:27<br \/>\n1-11\t\tMind Eraser\t3:15<br \/>\nLive in Portland, ME. (Part 1)<br \/>\n2-1\t\tHowlin&#8217; For You<br \/>\n2-2\t\tNext Girl<br \/>\n2-3\t\tRun Right Back<br \/>\n2-4\t\tSame Old Thing<br \/>\n2-5\t\tDead And Gone<br \/>\n2-6\t\tGold On The Ceiling<br \/>\n2-7\t\tThickfreakness<br \/>\n2-8\t\tGirl Is On My Mind<br \/>\n2-9\t\tI&#8217;ll Be Your Man\/Your Touch<br \/>\nLive in Portland, ME. (Part 2)<br \/>\n3-1\t\tLittle Black Submarines<br \/>\n3-2\t\tMoney Maker<br \/>\n3-3\t\tStrange Times<br \/>\n3-4\t\tChop And Change<br \/>\n3-5\t\tNova Baby<br \/>\n3-6\t\tTen Cent Pistol<br \/>\n3-7\t\tTighten Up<br \/>\n3-8\t\tLonely Boy<br \/>\n3-9\t\tEverlasting Light<br \/>\n3-10\t\tShe&#8217;s Long Gone<br \/>\n3-11\t\tI Got Mine<br \/>\nBBC Session<br \/>\n4-1\t\tHowlin&#8217; For You<br \/>\n4-2\t\tNext Girl<br \/>\n4-3\t\tGold On The Ceiling<br \/>\n4-4\t\tThickfreakness<br \/>\n4-5\t\tI&#8217;ll Be Your Man<br \/>\n4-6\t\tYour Touch<br \/>\n4-7\t\tLittle Black Submarines<br \/>\n4-8\t\tDead And Gone<br \/>\n4-9\t\tTighten Up<br \/>\n4-10\t\tLonely Boy<br \/>\n4-11\t\tI Got Mine<br \/>\nElectro-Vox Sessions<br \/>\n4-12\t\tDead And Gone<br \/>\n4-13\t\tGold On The Ceiling<br \/>\n4-14\t\tHowlin&#8217; For You<br \/>\n4-15\t\tLonely Boy<br \/>\n4-16\t\tMoney Maker<br \/>\n4-17\t\tNext Girl<br \/>\n4-18\t\tRun Right Back<br \/>\n4-19\t\tSister<br \/>\n4-20\t\tTighten Up<\/p>","protected":false},"excerpt":{"rendered":"<p>Label:\tNonesuch \u2013 075597914351<br \/>\nFormat:\tCD, Album, Reissue, Remastered, Stereo<br \/>\n3 x CD, Stereo<br \/>\nBox Set, Deluxe Edition, 10th Anniversary Edition<br \/>\nCountry:\tUSA, Canada &#038; Europe<br \/>\nReleased:\tDec 3, 2021<br \/>\nGenre:\tRock<\/p>","protected":false},"featured_media":25334,"template":"","meta":[],"product_cat":[54,24,947],"product_tag":[55],"yoast_head":"<!-- This site is optimized with the Yoast SEO plugin v23.5 - https:\/\/yoast.com\/wordpress\/plugins\/seo\/ -->\n<title>Black Keys \u2013 El Camino 3CD Box Set, Deluxe Edition, 10th Anniversary Edition Vinilin\u0117 Plok\u0161tel\u0117 | Vinilozona.lt<\/title>\n<meta name=\"robots\" content=\"index, follow, max-snippet:-1, max-image-preview:large, max-video-preview:-1\" \/>\n<link rel=\"canonical\" href=\"https:\/\/vinilozona.lt\/en\/parduotuve\/cd\/nauji-cd\/black-keys-el-camino-3cd-box-set-deluxe-edition-10th-anniversary-edition\/\" \/>\n<meta property=\"og:locale\" content=\"en_GB\" \/>\n<meta property=\"og:type\" content=\"article\" \/>\n<meta property=\"og:title\" content=\"Black Keys \u2013 El Camino 3CD Box Set, Deluxe Edition, 10th Anniversary Edition Vinilin\u0117 Plok\u0161tel\u0117 | Vinilozona.lt\" \/>\n<meta property=\"og:description\" content=\"Label: Nonesuch \u2013 075597914351 Format: CD, Album, Reissue, Remastered, Stereo 3 x CD, Stereo Box Set, Deluxe Edition, 10th Anniversary Edition Country: USA, Canada &amp; Europe Released: Dec 3, 2021 Genre: Rock\" \/>\n<meta property=\"og:url\" content=\"https:\/\/vinilozona.lt\/en\/parduotuve\/cd\/nauji-cd\/black-keys-el-camino-3cd-box-set-deluxe-edition-10th-anniversary-edition\/\" \/>\n<meta property=\"og:site_name\" content=\"Vinilo Zona\" \/>\n<meta property=\"article:modified_time\" content=\"2024-10-13T07:47:51+00:00\" \/>\n<meta property=\"og:image\" content=\"https:\/\/vinilozona.lt\/wp-content\/uploads\/2024\/06\/R-21229888-1638815578-1629.jpg\" \/>\n\t<meta property=\"og:image:width\" content=\"595\" \/>\n\t<meta property=\"og:image:height\" content=\"600\" \/>\n\t<meta property=\"og:image:type\" content=\"image\/jpeg\" \/>\n<meta name=\"twitter:card\" content=\"summary_large_image\" \/>\n<meta name=\"twitter:label1\" content=\"Estimated reading time\" \/>\n\t<meta name=\"twitter:data1\" content=\"1 minute\" \/>\n<script type=\"application\/ld+json\" class=\"yoast-schema-graph\">{\"@context\":\"https:\/\/schema.org\",\"@graph\":[{\"@type\":\"WebPage\",\"@id\":\"https:\/\/vinilozona.lt\/parduotuve\/cd\/nauji-cd\/black-keys-el-camino-3cd-box-set-deluxe-edition-10th-anniversary-edition\/\",\"url\":\"https:\/\/vinilozona.lt\/parduotuve\/cd\/nauji-cd\/black-keys-el-camino-3cd-box-set-deluxe-edition-10th-anniversary-edition\/\",\"name\":\"Black Keys \u2013 El Camino 3CD Box Set, Deluxe Edition, 10th Anniversary Edition Vinilin\u0117 Plok\u0161tel\u0117 | Vinilozona.lt\",\"isPartOf\":{\"@id\":\"https:\/\/vinilozona.lt\/#website\"},\"primaryImageOfPage\":{\"@id\":\"https:\/\/vinilozona.lt\/parduotuve\/cd\/nauji-cd\/black-keys-el-camino-3cd-box-set-deluxe-edition-10th-anniversary-edition\/#primaryimage\"},\"image\":{\"@id\":\"https:\/\/vinilozona.lt\/parduotuve\/cd\/nauji-cd\/black-keys-el-camino-3cd-box-set-deluxe-edition-10th-anniversary-edition\/#primaryimage\"},\"thumbnailUrl\":\"https:\/\/vinilozona.lt\/wp-content\/uploads\/2024\/06\/R-21229888-1638815578-1629.jpg\",\"datePublished\":\"2024-05-23T14:31:52+00:00\",\"dateModified\":\"2024-10-13T07:47:51+00:00\",\"breadcrumb\":{\"@id\":\"https:\/\/vinilozona.lt\/parduotuve\/cd\/nauji-cd\/black-keys-el-camino-3cd-box-set-deluxe-edition-10th-anniversary-edition\/#breadcrumb\"},\"inLanguage\":\"en-GB\",\"potentialAction\":[{\"@type\":\"ReadAction\",\"target\":[\"https:\/\/vinilozona.lt\/parduotuve\/cd\/nauji-cd\/black-keys-el-camino-3cd-box-set-deluxe-edition-10th-anniversary-edition\/\"]}]},{\"@type\":\"ImageObject\",\"inLanguage\":\"en-GB\",\"@id\":\"https:\/\/vinilozona.lt\/parduotuve\/cd\/nauji-cd\/black-keys-el-camino-3cd-box-set-deluxe-edition-10th-anniversary-edition\/#primaryimage\",\"url\":\"https:\/\/vinilozona.lt\/wp-content\/uploads\/2024\/06\/R-21229888-1638815578-1629.jpg\",\"contentUrl\":\"https:\/\/vinilozona.lt\/wp-content\/uploads\/2024\/06\/R-21229888-1638815578-1629.jpg\",\"width\":595,\"height\":600},{\"@type\":\"BreadcrumbList\",\"@id\":\"https:\/\/vinilozona.lt\/parduotuve\/cd\/nauji-cd\/black-keys-el-camino-3cd-box-set-deluxe-edition-10th-anniversary-edition\/#breadcrumb\",\"itemListElement\":[{\"@type\":\"ListItem\",\"position\":1,\"name\":\"Home\",\"item\":\"https:\/\/vinilozona.lt\/\"},{\"@type\":\"ListItem\",\"position\":2,\"name\":\"Parduotuv\u0117\",\"item\":\"https:\/\/vinilozona.lt\/parduotuve\/\"},{\"@type\":\"ListItem\",\"position\":3,\"name\":\"Black Keys \u2013 El Camino 3CD Box Set, Deluxe Edition, 10th Anniversary Edition\"}]},{\"@type\":\"WebSite\",\"@id\":\"https:\/\/vinilozona.lt\/#website\",\"url\":\"https:\/\/vinilozona.lt\/\",\"name\":\"Vinilo Zona\",\"description\":\"Nup\u016bsk dulkes ir klausyk LP\",\"potentialAction\":[{\"@type\":\"SearchAction\",\"target\":{\"@type\":\"EntryPoint\",\"urlTemplate\":\"https:\/\/vinilozona.lt\/?s={search_term_string}\"},\"query-input\":{\"@type\":\"PropertyValueSpecification\",\"valueRequired\":true,\"valueName\":\"search_term_string\"}}],\"inLanguage\":\"en-GB\"}]}<\/script>\n<!-- \/ Yoast SEO plugin. -->","yoast_head_json":{"title":"Black Keys \u2013 El Camino 3CD Box Set, Deluxe Edition, 10th Anniversary Edition Vinilin\u0117 Plok\u0161tel\u0117 | Vinilozona.lt","robots":{"index":"index","follow":"follow","max-snippet":"max-snippet:-1","max-image-preview":"max-image-preview:large","max-video-preview":"max-video-preview:-1"},"canonical":"https:\/\/vinilozona.lt\/en\/parduotuve\/cd\/nauji-cd\/black-keys-el-camino-3cd-box-set-deluxe-edition-10th-anniversary-edition\/","og_locale":"en_GB","og_type":"article","og_title":"Black Keys \u2013 El Camino 3CD Box Set, Deluxe Edition, 10th Anniversary Edition Vinilin\u0117 Plok\u0161tel\u0117 | Vinilozona.lt","og_description":"Label: Nonesuch \u2013 075597914351 Format: CD, Album, Reissue, Remastered, Stereo 3 x CD, Stereo Box Set, Deluxe Edition, 10th Anniversary Edition Country: USA, Canada & Europe Released: Dec 3, 2021 Genre: Rock","og_url":"https:\/\/vinilozona.lt\/en\/parduotuve\/cd\/nauji-cd\/black-keys-el-camino-3cd-box-set-deluxe-edition-10th-anniversary-edition\/","og_site_name":"Vinilo Zona","article_modified_time":"2024-10-13T07:47:51+00:00","og_image":[{"width":595,"height":600,"url":"https:\/\/vinilozona.lt\/wp-content\/uploads\/2024\/06\/R-21229888-1638815578-1629.jpg","type":"image\/jpeg"}],"twitter_card":"summary_large_image","twitter_misc":{"Estimated reading time":"1 minute"},"schema":{"@context":"https:\/\/schema.org","@graph":[{"@type":"WebPage","@id":"https:\/\/vinilozona.lt\/parduotuve\/cd\/nauji-cd\/black-keys-el-camino-3cd-box-set-deluxe-edition-10th-anniversary-edition\/","url":"https:\/\/vinilozona.lt\/parduotuve\/cd\/nauji-cd\/black-keys-el-camino-3cd-box-set-deluxe-edition-10th-anniversary-edition\/","name":"Black Keys \u2013 El Camino 3CD Box Set, Deluxe Edition, 10th Anniversary Edition Vinilin\u0117 Plok\u0161tel\u0117 | Vinilozona.lt","isPartOf":{"@id":"https:\/\/vinilozona.lt\/#website"},"primaryImageOfPage":{"@id":"https:\/\/vinilozona.lt\/parduotuve\/cd\/nauji-cd\/black-keys-el-camino-3cd-box-set-deluxe-edition-10th-anniversary-edition\/#primaryimage"},"image":{"@id":"https:\/\/vinilozona.lt\/parduotuve\/cd\/nauji-cd\/black-keys-el-camino-3cd-box-set-deluxe-edition-10th-anniversary-edition\/#primaryimage"},"thumbnailUrl":"https:\/\/vinilozona.lt\/wp-content\/uploads\/2024\/06\/R-21229888-1638815578-1629.jpg","datePublished":"2024-05-23T14:31:52+00:00","dateModified":"2024-10-13T07:47:51+00:00","breadcrumb":{"@id":"https:\/\/vinilozona.lt\/parduotuve\/cd\/nauji-cd\/black-keys-el-camino-3cd-box-set-deluxe-edition-10th-anniversary-edition\/#breadcrumb"},"inLanguage":"en-GB","potentialAction":[{"@type":"ReadAction","target":["https:\/\/vinilozona.lt\/parduotuve\/cd\/nauji-cd\/black-keys-el-camino-3cd-box-set-deluxe-edition-10th-anniversary-edition\/"]}]},{"@type":"ImageObject","inLanguage":"en-GB","@id":"https:\/\/vinilozona.lt\/parduotuve\/cd\/nauji-cd\/black-keys-el-camino-3cd-box-set-deluxe-edition-10th-anniversary-edition\/#primaryimage","url":"https:\/\/vinilozona.lt\/wp-content\/uploads\/2024\/06\/R-21229888-1638815578-1629.jpg","contentUrl":"https:\/\/vinilozona.lt\/wp-content\/uploads\/2024\/06\/R-21229888-1638815578-1629.jpg","width":595,"height":600},{"@type":"BreadcrumbList","@id":"https:\/\/vinilozona.lt\/parduotuve\/cd\/nauji-cd\/black-keys-el-camino-3cd-box-set-deluxe-edition-10th-anniversary-edition\/#breadcrumb","itemListElement":[{"@type":"ListItem","position":1,"name":"Home","item":"https:\/\/vinilozona.lt\/"},{"@type":"ListItem","position":2,"name":"Parduotuv\u0117","item":"https:\/\/vinilozona.lt\/parduotuve\/"},{"@type":"ListItem","position":3,"name":"Black Keys \u2013 El Camino 3CD Box Set, Deluxe Edition, 10th Anniversary Edition"}]},{"@type":"WebSite","@id":"https:\/\/vinilozona.lt\/#website","url":"https:\/\/vinilozona.lt\/","name":"Vinilo Zona","description":"Nup\u016bsk dulkes ir klausyk LP","potentialAction":[{"@type":"SearchAction","target":{"@type":"EntryPoint","urlTemplate":"https:\/\/vinilozona.lt\/?s={search_term_string}"},"query-input":{"@type":"PropertyValueSpecification","valueRequired":true,"valueName":"search_term_string"}}],"inLanguage":"en-GB"}]}},"_links":{"self":[{"href":"https:\/\/vinilozona.lt\/en\/wp-json\/wp\/v2\/product\/25333"}],"collection":[{"href":"https:\/\/vinilozona.lt\/en\/wp-json\/wp\/v2\/product"}],"about":[{"href":"https:\/\/vinilozona.lt\/en\/wp-json\/wp\/v2\/types\/product"}],"wp:featuredmedia":[{"embeddable":true,"href":"https:\/\/vinilozona.lt\/en\/wp-json\/wp\/v2\/media\/25334"}],"wp:attachment":[{"href":"https:\/\/vinilozona.lt\/en\/wp-json\/wp\/v2\/media?parent=25333"}],"wp:term":[{"taxonomy":"product_cat","embeddable":true,"href":"https:\/\/vinilozona.lt\/en\/wp-json\/wp\/v2\/product_cat?post=25333"},{"taxonomy":"product_tag","embeddable":true,"href":"https:\/\/vinilozona.lt\/en\/wp-json\/wp\/v2\/product_tag?post=25333"}],"curies":[{"name":"wp","href":"https:\/\/api.w.org\/{rel}","templated":true}]}}