{"id":25300,"date":"2024-06-20T15:41:19","date_gmt":"2024-06-20T12:41:19","guid":{"rendered":"https:\/\/vinilozona.lt\/?post_type=product&#038;p=25300"},"modified":"2024-11-13T12:02:56","modified_gmt":"2024-11-13T10:02:56","slug":"honne-lets-just-say-the-world-ended-a-week-from-now-what-would-you-do-cd","status":"publish","type":"product","link":"https:\/\/vinilozona.lt\/en\/parduotuve\/cd\/nauji-cd\/honne-lets-just-say-the-world-ended-a-week-from-now-what-would-you-do-cd\/","title":{"rendered":"Honne \u2013 Let&#8217;s Just Say The World Ended A Week From Now, What Would You Do? CD"},"content":{"rendered":"<p>1\t\tIDGAF About Pain\t2:36<br \/>\n2\t\tComing Home 3:30<br \/>\n3\t\tWhat Would You Do? 3:12<br \/>\n4\t\tDancing On A Cloud\t4:04<br \/>\n5\t\tNow I&#8217;m Alone 3:44<br \/>\n6\t\tThree Strikes 3:24<br \/>\n7\t\tTalk To Me\t3:21<br \/>\n8\t\tBack On Top 2:53<br \/>\n9\t\tEasy On Me\t3:22<br \/>\n10\t\tI&#8217;m The Lucky One\t3:41<br \/>\n11\t\tHeartsong\t4:27<\/p>","protected":false},"excerpt":{"rendered":"<p>Label:\tAtlantic \u2013 0190296683985, Tatemae Recordings \u2013 0190296683985<br \/>\nFormat:\tCD, Album<br \/>\nCountry:\tEurope<br \/>\nReleased:\tOct 22, 2021<br \/>\nGenre:\tPop<\/p>","protected":false},"featured_media":25301,"template":"","meta":[],"product_cat":[24,947],"product_tag":[55],"yoast_head":"<!-- This site is optimized with the Yoast SEO plugin v23.5 - https:\/\/yoast.com\/wordpress\/plugins\/seo\/ -->\n<title>Honne \u2013 Let&#039;s Just Say The World Ended A Week From Now, What Would You Do? CD Vinilin\u0117 Plok\u0161tel\u0117 | Vinilozona.lt<\/title>\n<meta name=\"robots\" content=\"index, follow, max-snippet:-1, max-image-preview:large, max-video-preview:-1\" \/>\n<link rel=\"canonical\" href=\"https:\/\/vinilozona.lt\/en\/parduotuve\/cd\/nauji-cd\/honne-lets-just-say-the-world-ended-a-week-from-now-what-would-you-do-cd\/\" \/>\n<meta property=\"og:locale\" content=\"en_GB\" \/>\n<meta property=\"og:type\" content=\"article\" \/>\n<meta property=\"og:title\" content=\"Honne \u2013 Let&#039;s Just Say The World Ended A Week From Now, What Would You Do? CD Vinilin\u0117 Plok\u0161tel\u0117 | Vinilozona.lt\" \/>\n<meta property=\"og:description\" content=\"Label: Atlantic \u2013 0190296683985, Tatemae Recordings \u2013 0190296683985 Format: CD, Album Country: Europe Released: Oct 22, 2021 Genre: Pop\" \/>\n<meta property=\"og:url\" content=\"https:\/\/vinilozona.lt\/en\/parduotuve\/cd\/nauji-cd\/honne-lets-just-say-the-world-ended-a-week-from-now-what-would-you-do-cd\/\" \/>\n<meta property=\"og:site_name\" content=\"Vinilo Zona\" \/>\n<meta property=\"article:modified_time\" content=\"2024-11-13T10:02:56+00:00\" \/>\n<meta property=\"og:image\" content=\"https:\/\/vinilozona.lt\/wp-content\/uploads\/2024\/06\/R-20846095-1637562520-6771.jpg\" \/>\n\t<meta property=\"og:image:width\" content=\"599\" \/>\n\t<meta property=\"og:image:height\" content=\"597\" \/>\n\t<meta property=\"og:image:type\" content=\"image\/jpeg\" \/>\n<meta name=\"twitter:card\" content=\"summary_large_image\" \/>\n<script type=\"application\/ld+json\" class=\"yoast-schema-graph\">{\"@context\":\"https:\/\/schema.org\",\"@graph\":[{\"@type\":\"WebPage\",\"@id\":\"https:\/\/vinilozona.lt\/parduotuve\/cd\/nauji-cd\/honne-lets-just-say-the-world-ended-a-week-from-now-what-would-you-do-cd\/\",\"url\":\"https:\/\/vinilozona.lt\/parduotuve\/cd\/nauji-cd\/honne-lets-just-say-the-world-ended-a-week-from-now-what-would-you-do-cd\/\",\"name\":\"Honne \u2013 Let's Just Say The World Ended A Week From Now, What Would You Do? CD Vinilin\u0117 Plok\u0161tel\u0117 | Vinilozona.lt\",\"isPartOf\":{\"@id\":\"https:\/\/vinilozona.lt\/#website\"},\"primaryImageOfPage\":{\"@id\":\"https:\/\/vinilozona.lt\/parduotuve\/cd\/nauji-cd\/honne-lets-just-say-the-world-ended-a-week-from-now-what-would-you-do-cd\/#primaryimage\"},\"image\":{\"@id\":\"https:\/\/vinilozona.lt\/parduotuve\/cd\/nauji-cd\/honne-lets-just-say-the-world-ended-a-week-from-now-what-would-you-do-cd\/#primaryimage\"},\"thumbnailUrl\":\"https:\/\/vinilozona.lt\/wp-content\/uploads\/2024\/06\/R-20846095-1637562520-6771.jpg\",\"datePublished\":\"2024-06-20T12:41:19+00:00\",\"dateModified\":\"2024-11-13T10:02:56+00:00\",\"breadcrumb\":{\"@id\":\"https:\/\/vinilozona.lt\/parduotuve\/cd\/nauji-cd\/honne-lets-just-say-the-world-ended-a-week-from-now-what-would-you-do-cd\/#breadcrumb\"},\"inLanguage\":\"en-GB\",\"potentialAction\":[{\"@type\":\"ReadAction\",\"target\":[\"https:\/\/vinilozona.lt\/parduotuve\/cd\/nauji-cd\/honne-lets-just-say-the-world-ended-a-week-from-now-what-would-you-do-cd\/\"]}]},{\"@type\":\"ImageObject\",\"inLanguage\":\"en-GB\",\"@id\":\"https:\/\/vinilozona.lt\/parduotuve\/cd\/nauji-cd\/honne-lets-just-say-the-world-ended-a-week-from-now-what-would-you-do-cd\/#primaryimage\",\"url\":\"https:\/\/vinilozona.lt\/wp-content\/uploads\/2024\/06\/R-20846095-1637562520-6771.jpg\",\"contentUrl\":\"https:\/\/vinilozona.lt\/wp-content\/uploads\/2024\/06\/R-20846095-1637562520-6771.jpg\",\"width\":599,\"height\":597},{\"@type\":\"BreadcrumbList\",\"@id\":\"https:\/\/vinilozona.lt\/parduotuve\/cd\/nauji-cd\/honne-lets-just-say-the-world-ended-a-week-from-now-what-would-you-do-cd\/#breadcrumb\",\"itemListElement\":[{\"@type\":\"ListItem\",\"position\":1,\"name\":\"Home\",\"item\":\"https:\/\/vinilozona.lt\/\"},{\"@type\":\"ListItem\",\"position\":2,\"name\":\"Parduotuv\u0117\",\"item\":\"https:\/\/vinilozona.lt\/parduotuve\/\"},{\"@type\":\"ListItem\",\"position\":3,\"name\":\"Honne \u2013 Let&#8217;s Just Say The World Ended A Week From Now, What Would You Do? CD\"}]},{\"@type\":\"WebSite\",\"@id\":\"https:\/\/vinilozona.lt\/#website\",\"url\":\"https:\/\/vinilozona.lt\/\",\"name\":\"Vinilo Zona\",\"description\":\"Nup\u016bsk dulkes ir klausyk LP\",\"potentialAction\":[{\"@type\":\"SearchAction\",\"target\":{\"@type\":\"EntryPoint\",\"urlTemplate\":\"https:\/\/vinilozona.lt\/?s={search_term_string}\"},\"query-input\":{\"@type\":\"PropertyValueSpecification\",\"valueRequired\":true,\"valueName\":\"search_term_string\"}}],\"inLanguage\":\"en-GB\"}]}<\/script>\n<!-- \/ Yoast SEO plugin. -->","yoast_head_json":{"title":"Honne \u2013 Let's Just Say The World Ended A Week From Now, What Would You Do? CD Vinilin\u0117 Plok\u0161tel\u0117 | Vinilozona.lt","robots":{"index":"index","follow":"follow","max-snippet":"max-snippet:-1","max-image-preview":"max-image-preview:large","max-video-preview":"max-video-preview:-1"},"canonical":"https:\/\/vinilozona.lt\/en\/parduotuve\/cd\/nauji-cd\/honne-lets-just-say-the-world-ended-a-week-from-now-what-would-you-do-cd\/","og_locale":"en_GB","og_type":"article","og_title":"Honne \u2013 Let's Just Say The World Ended A Week From Now, What Would You Do? CD Vinilin\u0117 Plok\u0161tel\u0117 | Vinilozona.lt","og_description":"Label: Atlantic \u2013 0190296683985, Tatemae Recordings \u2013 0190296683985 Format: CD, Album Country: Europe Released: Oct 22, 2021 Genre: Pop","og_url":"https:\/\/vinilozona.lt\/en\/parduotuve\/cd\/nauji-cd\/honne-lets-just-say-the-world-ended-a-week-from-now-what-would-you-do-cd\/","og_site_name":"Vinilo Zona","article_modified_time":"2024-11-13T10:02:56+00:00","og_image":[{"width":599,"height":597,"url":"https:\/\/vinilozona.lt\/wp-content\/uploads\/2024\/06\/R-20846095-1637562520-6771.jpg","type":"image\/jpeg"}],"twitter_card":"summary_large_image","schema":{"@context":"https:\/\/schema.org","@graph":[{"@type":"WebPage","@id":"https:\/\/vinilozona.lt\/parduotuve\/cd\/nauji-cd\/honne-lets-just-say-the-world-ended-a-week-from-now-what-would-you-do-cd\/","url":"https:\/\/vinilozona.lt\/parduotuve\/cd\/nauji-cd\/honne-lets-just-say-the-world-ended-a-week-from-now-what-would-you-do-cd\/","name":"Honne \u2013 Let's Just Say The World Ended A Week From Now, What Would You Do? CD Vinilin\u0117 Plok\u0161tel\u0117 | Vinilozona.lt","isPartOf":{"@id":"https:\/\/vinilozona.lt\/#website"},"primaryImageOfPage":{"@id":"https:\/\/vinilozona.lt\/parduotuve\/cd\/nauji-cd\/honne-lets-just-say-the-world-ended-a-week-from-now-what-would-you-do-cd\/#primaryimage"},"image":{"@id":"https:\/\/vinilozona.lt\/parduotuve\/cd\/nauji-cd\/honne-lets-just-say-the-world-ended-a-week-from-now-what-would-you-do-cd\/#primaryimage"},"thumbnailUrl":"https:\/\/vinilozona.lt\/wp-content\/uploads\/2024\/06\/R-20846095-1637562520-6771.jpg","datePublished":"2024-06-20T12:41:19+00:00","dateModified":"2024-11-13T10:02:56+00:00","breadcrumb":{"@id":"https:\/\/vinilozona.lt\/parduotuve\/cd\/nauji-cd\/honne-lets-just-say-the-world-ended-a-week-from-now-what-would-you-do-cd\/#breadcrumb"},"inLanguage":"en-GB","potentialAction":[{"@type":"ReadAction","target":["https:\/\/vinilozona.lt\/parduotuve\/cd\/nauji-cd\/honne-lets-just-say-the-world-ended-a-week-from-now-what-would-you-do-cd\/"]}]},{"@type":"ImageObject","inLanguage":"en-GB","@id":"https:\/\/vinilozona.lt\/parduotuve\/cd\/nauji-cd\/honne-lets-just-say-the-world-ended-a-week-from-now-what-would-you-do-cd\/#primaryimage","url":"https:\/\/vinilozona.lt\/wp-content\/uploads\/2024\/06\/R-20846095-1637562520-6771.jpg","contentUrl":"https:\/\/vinilozona.lt\/wp-content\/uploads\/2024\/06\/R-20846095-1637562520-6771.jpg","width":599,"height":597},{"@type":"BreadcrumbList","@id":"https:\/\/vinilozona.lt\/parduotuve\/cd\/nauji-cd\/honne-lets-just-say-the-world-ended-a-week-from-now-what-would-you-do-cd\/#breadcrumb","itemListElement":[{"@type":"ListItem","position":1,"name":"Home","item":"https:\/\/vinilozona.lt\/"},{"@type":"ListItem","position":2,"name":"Parduotuv\u0117","item":"https:\/\/vinilozona.lt\/parduotuve\/"},{"@type":"ListItem","position":3,"name":"Honne \u2013 Let&#8217;s Just Say The World Ended A Week From Now, What Would You Do? CD"}]},{"@type":"WebSite","@id":"https:\/\/vinilozona.lt\/#website","url":"https:\/\/vinilozona.lt\/","name":"Vinilo Zona","description":"Nup\u016bsk dulkes ir klausyk LP","potentialAction":[{"@type":"SearchAction","target":{"@type":"EntryPoint","urlTemplate":"https:\/\/vinilozona.lt\/?s={search_term_string}"},"query-input":{"@type":"PropertyValueSpecification","valueRequired":true,"valueName":"search_term_string"}}],"inLanguage":"en-GB"}]}},"_links":{"self":[{"href":"https:\/\/vinilozona.lt\/en\/wp-json\/wp\/v2\/product\/25300"}],"collection":[{"href":"https:\/\/vinilozona.lt\/en\/wp-json\/wp\/v2\/product"}],"about":[{"href":"https:\/\/vinilozona.lt\/en\/wp-json\/wp\/v2\/types\/product"}],"wp:featuredmedia":[{"embeddable":true,"href":"https:\/\/vinilozona.lt\/en\/wp-json\/wp\/v2\/media\/25301"}],"wp:attachment":[{"href":"https:\/\/vinilozona.lt\/en\/wp-json\/wp\/v2\/media?parent=25300"}],"wp:term":[{"taxonomy":"product_cat","embeddable":true,"href":"https:\/\/vinilozona.lt\/en\/wp-json\/wp\/v2\/product_cat?post=25300"},{"taxonomy":"product_tag","embeddable":true,"href":"https:\/\/vinilozona.lt\/en\/wp-json\/wp\/v2\/product_tag?post=25300"}],"curies":[{"name":"wp","href":"https:\/\/api.w.org\/{rel}","templated":true}]}}