{"id":25296,"date":"2024-05-23T15:28:53","date_gmt":"2024-05-23T12:28:53","guid":{"rendered":"https:\/\/vinilozona.lt\/?post_type=product&#038;p=25296"},"modified":"2024-06-23T15:33:38","modified_gmt":"2024-06-23T12:33:38","slug":"oliver-tree-cowboy-tears-cd","status":"publish","type":"product","link":"https:\/\/vinilozona.lt\/en\/parduotuve\/cd\/nauji-cd\/oliver-tree-cowboy-tears-cd\/","title":{"rendered":"Oliver Tree \u2013 Cowboy Tears CD"},"content":{"rendered":"<p>1\t\tCowboys Don&#8217;t Cry\t3:09<br \/>\n2\t\tSwing &#038; A Miss\t2:59<br \/>\n3\t\tGet Well Soon\t2:23<br \/>\n4\t\tFreaks &#038; Geeks\t2:20<br \/>\n5\t\tDoormat\t2:51<br \/>\n6\t\tSuitcase Full Of Cash\t2:29<br \/>\n7\t\tCigarettes\t2:33<br \/>\n8\t\tBalloon Boy\t2:18<br \/>\n9\t\tThings We Used To Do\t2:37<br \/>\n10\t\tCalifornia\t2:53<br \/>\n11\t\tPlaying With Fire\t2:28<br \/>\n12\t\tThe Villain\t2:33<br \/>\n13\t\tCowboy Tears\t2:57<\/p>","protected":false},"excerpt":{"rendered":"<p>Label:\tAtlantic \u2013 075678637186<br \/>\nFormat:\tCD, Album<br \/>\nCountry:\tEurope<br \/>\nReleased:\tFeb 18, 2022<br \/>\nGenre:\tRock<\/p>","protected":false},"featured_media":25297,"template":"","meta":[],"product_cat":[24,947],"product_tag":[55],"yoast_head":"<!-- This site is optimized with the Yoast SEO plugin v23.5 - https:\/\/yoast.com\/wordpress\/plugins\/seo\/ -->\n<title>Oliver Tree \u2013 Cowboy Tears CD Vinilin\u0117 Plok\u0161tel\u0117 | Vinilozona.lt<\/title>\n<meta name=\"robots\" content=\"index, follow, max-snippet:-1, max-image-preview:large, max-video-preview:-1\" \/>\n<link rel=\"canonical\" href=\"https:\/\/vinilozona.lt\/en\/parduotuve\/cd\/nauji-cd\/oliver-tree-cowboy-tears-cd\/\" \/>\n<meta property=\"og:locale\" content=\"en_GB\" \/>\n<meta property=\"og:type\" content=\"article\" \/>\n<meta property=\"og:title\" content=\"Oliver Tree \u2013 Cowboy Tears CD Vinilin\u0117 Plok\u0161tel\u0117 | Vinilozona.lt\" \/>\n<meta property=\"og:description\" content=\"Label: Atlantic \u2013 075678637186 Format: CD, Album Country: Europe Released: Feb 18, 2022 Genre: Rock\" \/>\n<meta property=\"og:url\" content=\"https:\/\/vinilozona.lt\/en\/parduotuve\/cd\/nauji-cd\/oliver-tree-cowboy-tears-cd\/\" \/>\n<meta property=\"og:site_name\" content=\"Vinilo Zona\" \/>\n<meta property=\"article:modified_time\" content=\"2024-06-23T12:33:38+00:00\" \/>\n<meta property=\"og:image\" content=\"https:\/\/vinilozona.lt\/wp-content\/uploads\/2024\/06\/R-22508600-1647273841-3493.jpg\" \/>\n\t<meta property=\"og:image:width\" content=\"500\" \/>\n\t<meta property=\"og:image:height\" content=\"500\" \/>\n\t<meta property=\"og:image:type\" content=\"image\/jpeg\" \/>\n<meta name=\"twitter:card\" content=\"summary_large_image\" \/>\n<script type=\"application\/ld+json\" class=\"yoast-schema-graph\">{\"@context\":\"https:\/\/schema.org\",\"@graph\":[{\"@type\":\"WebPage\",\"@id\":\"https:\/\/vinilozona.lt\/parduotuve\/cd\/nauji-cd\/oliver-tree-cowboy-tears-cd\/\",\"url\":\"https:\/\/vinilozona.lt\/parduotuve\/cd\/nauji-cd\/oliver-tree-cowboy-tears-cd\/\",\"name\":\"Oliver Tree \u2013 Cowboy Tears CD Vinilin\u0117 Plok\u0161tel\u0117 | Vinilozona.lt\",\"isPartOf\":{\"@id\":\"https:\/\/vinilozona.lt\/#website\"},\"primaryImageOfPage\":{\"@id\":\"https:\/\/vinilozona.lt\/parduotuve\/cd\/nauji-cd\/oliver-tree-cowboy-tears-cd\/#primaryimage\"},\"image\":{\"@id\":\"https:\/\/vinilozona.lt\/parduotuve\/cd\/nauji-cd\/oliver-tree-cowboy-tears-cd\/#primaryimage\"},\"thumbnailUrl\":\"https:\/\/vinilozona.lt\/wp-content\/uploads\/2024\/06\/R-22508600-1647273841-3493.jpg\",\"datePublished\":\"2024-05-23T12:28:53+00:00\",\"dateModified\":\"2024-06-23T12:33:38+00:00\",\"breadcrumb\":{\"@id\":\"https:\/\/vinilozona.lt\/parduotuve\/cd\/nauji-cd\/oliver-tree-cowboy-tears-cd\/#breadcrumb\"},\"inLanguage\":\"en-GB\",\"potentialAction\":[{\"@type\":\"ReadAction\",\"target\":[\"https:\/\/vinilozona.lt\/parduotuve\/cd\/nauji-cd\/oliver-tree-cowboy-tears-cd\/\"]}]},{\"@type\":\"ImageObject\",\"inLanguage\":\"en-GB\",\"@id\":\"https:\/\/vinilozona.lt\/parduotuve\/cd\/nauji-cd\/oliver-tree-cowboy-tears-cd\/#primaryimage\",\"url\":\"https:\/\/vinilozona.lt\/wp-content\/uploads\/2024\/06\/R-22508600-1647273841-3493.jpg\",\"contentUrl\":\"https:\/\/vinilozona.lt\/wp-content\/uploads\/2024\/06\/R-22508600-1647273841-3493.jpg\",\"width\":500,\"height\":500},{\"@type\":\"BreadcrumbList\",\"@id\":\"https:\/\/vinilozona.lt\/parduotuve\/cd\/nauji-cd\/oliver-tree-cowboy-tears-cd\/#breadcrumb\",\"itemListElement\":[{\"@type\":\"ListItem\",\"position\":1,\"name\":\"Home\",\"item\":\"https:\/\/vinilozona.lt\/\"},{\"@type\":\"ListItem\",\"position\":2,\"name\":\"Parduotuv\u0117\",\"item\":\"https:\/\/vinilozona.lt\/parduotuve\/\"},{\"@type\":\"ListItem\",\"position\":3,\"name\":\"Oliver Tree \u2013 Cowboy Tears CD\"}]},{\"@type\":\"WebSite\",\"@id\":\"https:\/\/vinilozona.lt\/#website\",\"url\":\"https:\/\/vinilozona.lt\/\",\"name\":\"Vinilo Zona\",\"description\":\"Nup\u016bsk dulkes ir klausyk LP\",\"potentialAction\":[{\"@type\":\"SearchAction\",\"target\":{\"@type\":\"EntryPoint\",\"urlTemplate\":\"https:\/\/vinilozona.lt\/?s={search_term_string}\"},\"query-input\":{\"@type\":\"PropertyValueSpecification\",\"valueRequired\":true,\"valueName\":\"search_term_string\"}}],\"inLanguage\":\"en-GB\"}]}<\/script>\n<!-- \/ Yoast SEO plugin. -->","yoast_head_json":{"title":"Oliver Tree \u2013 Cowboy Tears CD Vinilin\u0117 Plok\u0161tel\u0117 | Vinilozona.lt","robots":{"index":"index","follow":"follow","max-snippet":"max-snippet:-1","max-image-preview":"max-image-preview:large","max-video-preview":"max-video-preview:-1"},"canonical":"https:\/\/vinilozona.lt\/en\/parduotuve\/cd\/nauji-cd\/oliver-tree-cowboy-tears-cd\/","og_locale":"en_GB","og_type":"article","og_title":"Oliver Tree \u2013 Cowboy Tears CD Vinilin\u0117 Plok\u0161tel\u0117 | Vinilozona.lt","og_description":"Label: Atlantic \u2013 075678637186 Format: CD, Album Country: Europe Released: Feb 18, 2022 Genre: Rock","og_url":"https:\/\/vinilozona.lt\/en\/parduotuve\/cd\/nauji-cd\/oliver-tree-cowboy-tears-cd\/","og_site_name":"Vinilo Zona","article_modified_time":"2024-06-23T12:33:38+00:00","og_image":[{"width":500,"height":500,"url":"https:\/\/vinilozona.lt\/wp-content\/uploads\/2024\/06\/R-22508600-1647273841-3493.jpg","type":"image\/jpeg"}],"twitter_card":"summary_large_image","schema":{"@context":"https:\/\/schema.org","@graph":[{"@type":"WebPage","@id":"https:\/\/vinilozona.lt\/parduotuve\/cd\/nauji-cd\/oliver-tree-cowboy-tears-cd\/","url":"https:\/\/vinilozona.lt\/parduotuve\/cd\/nauji-cd\/oliver-tree-cowboy-tears-cd\/","name":"Oliver Tree \u2013 Cowboy Tears CD Vinilin\u0117 Plok\u0161tel\u0117 | Vinilozona.lt","isPartOf":{"@id":"https:\/\/vinilozona.lt\/#website"},"primaryImageOfPage":{"@id":"https:\/\/vinilozona.lt\/parduotuve\/cd\/nauji-cd\/oliver-tree-cowboy-tears-cd\/#primaryimage"},"image":{"@id":"https:\/\/vinilozona.lt\/parduotuve\/cd\/nauji-cd\/oliver-tree-cowboy-tears-cd\/#primaryimage"},"thumbnailUrl":"https:\/\/vinilozona.lt\/wp-content\/uploads\/2024\/06\/R-22508600-1647273841-3493.jpg","datePublished":"2024-05-23T12:28:53+00:00","dateModified":"2024-06-23T12:33:38+00:00","breadcrumb":{"@id":"https:\/\/vinilozona.lt\/parduotuve\/cd\/nauji-cd\/oliver-tree-cowboy-tears-cd\/#breadcrumb"},"inLanguage":"en-GB","potentialAction":[{"@type":"ReadAction","target":["https:\/\/vinilozona.lt\/parduotuve\/cd\/nauji-cd\/oliver-tree-cowboy-tears-cd\/"]}]},{"@type":"ImageObject","inLanguage":"en-GB","@id":"https:\/\/vinilozona.lt\/parduotuve\/cd\/nauji-cd\/oliver-tree-cowboy-tears-cd\/#primaryimage","url":"https:\/\/vinilozona.lt\/wp-content\/uploads\/2024\/06\/R-22508600-1647273841-3493.jpg","contentUrl":"https:\/\/vinilozona.lt\/wp-content\/uploads\/2024\/06\/R-22508600-1647273841-3493.jpg","width":500,"height":500},{"@type":"BreadcrumbList","@id":"https:\/\/vinilozona.lt\/parduotuve\/cd\/nauji-cd\/oliver-tree-cowboy-tears-cd\/#breadcrumb","itemListElement":[{"@type":"ListItem","position":1,"name":"Home","item":"https:\/\/vinilozona.lt\/"},{"@type":"ListItem","position":2,"name":"Parduotuv\u0117","item":"https:\/\/vinilozona.lt\/parduotuve\/"},{"@type":"ListItem","position":3,"name":"Oliver Tree \u2013 Cowboy Tears CD"}]},{"@type":"WebSite","@id":"https:\/\/vinilozona.lt\/#website","url":"https:\/\/vinilozona.lt\/","name":"Vinilo Zona","description":"Nup\u016bsk dulkes ir klausyk LP","potentialAction":[{"@type":"SearchAction","target":{"@type":"EntryPoint","urlTemplate":"https:\/\/vinilozona.lt\/?s={search_term_string}"},"query-input":{"@type":"PropertyValueSpecification","valueRequired":true,"valueName":"search_term_string"}}],"inLanguage":"en-GB"}]}},"_links":{"self":[{"href":"https:\/\/vinilozona.lt\/en\/wp-json\/wp\/v2\/product\/25296"}],"collection":[{"href":"https:\/\/vinilozona.lt\/en\/wp-json\/wp\/v2\/product"}],"about":[{"href":"https:\/\/vinilozona.lt\/en\/wp-json\/wp\/v2\/types\/product"}],"wp:featuredmedia":[{"embeddable":true,"href":"https:\/\/vinilozona.lt\/en\/wp-json\/wp\/v2\/media\/25297"}],"wp:attachment":[{"href":"https:\/\/vinilozona.lt\/en\/wp-json\/wp\/v2\/media?parent=25296"}],"wp:term":[{"taxonomy":"product_cat","embeddable":true,"href":"https:\/\/vinilozona.lt\/en\/wp-json\/wp\/v2\/product_cat?post=25296"},{"taxonomy":"product_tag","embeddable":true,"href":"https:\/\/vinilozona.lt\/en\/wp-json\/wp\/v2\/product_tag?post=25296"}],"curies":[{"name":"wp","href":"https:\/\/api.w.org\/{rel}","templated":true}]}}