{"id":25276,"date":"2024-05-22T23:55:55","date_gmt":"2024-05-22T20:55:55","guid":{"rendered":"https:\/\/vinilozona.lt\/?post_type=product&#038;p=25276"},"modified":"2024-11-13T11:59:45","modified_gmt":"2024-11-13T09:59:45","slug":"supergrass-supergrass-2cd-deluxe-edition","status":"publish","type":"product","link":"https:\/\/vinilozona.lt\/en\/parduotuve\/cd\/nauji-cd\/supergrass-supergrass-2cd-deluxe-edition\/","title":{"rendered":"Supergrass \u2013 Supergrass 2CD Deluxe Edition"},"content":{"rendered":"<p>2022 Remaster<br \/>\n1-1\t\tMoving 4:28<br \/>\n1-2\t\tYour Love 3:27<br \/>\n1-3\t\tWhat Went Wrong (In Your Head)\t4:06<br \/>\n1-4\t\tBeautiful People\t3:22<br \/>\n1-5\t\tShotover Hill\t3:43<br \/>\n1-6\t\tEon\t3:45<br \/>\n1-7\t\tMary\t4:00<br \/>\n1-8\t\tJesus Came From Outta Space\t4:10<br \/>\n1-9\t\tPumping On Your Stereo\t3:20<br \/>\n1-10\t\tBorn Again 3:39<br \/>\n1-11\t\tFaraway\t5:05<br \/>\n1-12\t\tMama &#038; Papa\t2:35<br \/>\nCat Scans (Remixes, Demos, B-Sides &#038; Lives)<br \/>\n2-1\t\tMoving (2022 Remix) 5:23<br \/>\n2-2\t\tBeautiful People (2022 Remix) 3:55<br \/>\n2-3\t\tPumping On Your Stereo (2022 Remix) 3:47<br \/>\n2-4\t\tBorn Again (2022 Remix) 3:35<br \/>\n2-5\t\tWild Wind (Demo)\t1:51<br \/>\n2-6\t\tPumping On Your Stereo (T-In The Park, 2000)\t3:15<br \/>\n2-7\t\tLucky (No Fear) 3:10<br \/>\n2-8\t\tBlockades 4:13<br \/>\n2-9\t\tSick 3:41<br \/>\n2-10\t\tYou&#8217;ll Never Walk Again 2:20<br \/>\n2-11\t\tWhat A Shame 2:41<br \/>\n2-12\t\tMoving (T-In The Park, 2000)\t4:53<br \/>\n2-13\t\tBeliever 3:47<br \/>\n2-14\t\tFaraway (Acoustic Version) 4:56<br \/>\n2-15\t\tOut Of The Blue (Monitor Mix) 2:14<br \/>\n2-16\t\tMary (The Varieties, Leeds, 2005)\t3:09<br \/>\n2-17\t\tCountry Number\t3:39<br \/>\n2-18\t\tBorn Again (Forum, Melbourne, 2000)\t3:53<br \/>\n2-19\t\tJesus Came From Outta Space (107.7 The End, Seattle 2000) 3:27<br \/>\n2-20\t\tOracle\t3:41<\/p>","protected":false},"excerpt":{"rendered":"<p>Label:\tSupergrass Records \u2013 BMGCAT748DCD, BMG \u2013 BMGCAT748DCD, Echo \u2013 BMGCAT748DCD<br \/>\nFormat:\tCD, Album, Reissue, Remastered<br \/>\nCD<br \/>\nAll Media, Deluxe Edition, Stereo, Digipak<br \/>\nCountry:\tUK<br \/>\nReleased:\tSep 16, 2022<\/p>","protected":false},"featured_media":25277,"template":"","meta":[],"product_cat":[24,947],"product_tag":[55],"yoast_head":"<!-- This site is optimized with the Yoast SEO plugin v23.5 - https:\/\/yoast.com\/wordpress\/plugins\/seo\/ -->\n<title>Supergrass \u2013 Supergrass 2CD Deluxe Edition Vinilin\u0117 Plok\u0161tel\u0117 | Vinilozona.lt<\/title>\n<meta name=\"robots\" content=\"index, follow, max-snippet:-1, max-image-preview:large, max-video-preview:-1\" \/>\n<link rel=\"canonical\" href=\"https:\/\/vinilozona.lt\/en\/parduotuve\/cd\/nauji-cd\/supergrass-supergrass-2cd-deluxe-edition\/\" \/>\n<meta property=\"og:locale\" content=\"en_GB\" \/>\n<meta property=\"og:type\" content=\"article\" \/>\n<meta property=\"og:title\" content=\"Supergrass \u2013 Supergrass 2CD Deluxe Edition Vinilin\u0117 Plok\u0161tel\u0117 | Vinilozona.lt\" \/>\n<meta property=\"og:description\" content=\"Label: Supergrass Records \u2013 BMGCAT748DCD, BMG \u2013 BMGCAT748DCD, Echo \u2013 BMGCAT748DCD Format: CD, Album, Reissue, Remastered CD All Media, Deluxe Edition, Stereo, Digipak Country: UK Released: Sep 16, 2022\" \/>\n<meta property=\"og:url\" content=\"https:\/\/vinilozona.lt\/en\/parduotuve\/cd\/nauji-cd\/supergrass-supergrass-2cd-deluxe-edition\/\" \/>\n<meta property=\"og:site_name\" content=\"Vinilo Zona\" \/>\n<meta property=\"article:modified_time\" content=\"2024-11-13T09:59:45+00:00\" \/>\n<meta property=\"og:image\" content=\"https:\/\/vinilozona.lt\/wp-content\/uploads\/2024\/06\/R-24568313-1663621031-2461.jpg\" \/>\n\t<meta property=\"og:image:width\" content=\"599\" \/>\n\t<meta property=\"og:image:height\" content=\"512\" \/>\n\t<meta property=\"og:image:type\" content=\"image\/jpeg\" \/>\n<meta name=\"twitter:card\" content=\"summary_large_image\" \/>\n<meta name=\"twitter:label1\" content=\"Estimated reading time\" \/>\n\t<meta name=\"twitter:data1\" content=\"1 minute\" \/>\n<script type=\"application\/ld+json\" class=\"yoast-schema-graph\">{\"@context\":\"https:\/\/schema.org\",\"@graph\":[{\"@type\":\"WebPage\",\"@id\":\"https:\/\/vinilozona.lt\/parduotuve\/cd\/nauji-cd\/supergrass-supergrass-2cd-deluxe-edition\/\",\"url\":\"https:\/\/vinilozona.lt\/parduotuve\/cd\/nauji-cd\/supergrass-supergrass-2cd-deluxe-edition\/\",\"name\":\"Supergrass \u2013 Supergrass 2CD Deluxe Edition Vinilin\u0117 Plok\u0161tel\u0117 | Vinilozona.lt\",\"isPartOf\":{\"@id\":\"https:\/\/vinilozona.lt\/#website\"},\"primaryImageOfPage\":{\"@id\":\"https:\/\/vinilozona.lt\/parduotuve\/cd\/nauji-cd\/supergrass-supergrass-2cd-deluxe-edition\/#primaryimage\"},\"image\":{\"@id\":\"https:\/\/vinilozona.lt\/parduotuve\/cd\/nauji-cd\/supergrass-supergrass-2cd-deluxe-edition\/#primaryimage\"},\"thumbnailUrl\":\"https:\/\/vinilozona.lt\/wp-content\/uploads\/2024\/06\/R-24568313-1663621031-2461.jpg\",\"datePublished\":\"2024-05-22T20:55:55+00:00\",\"dateModified\":\"2024-11-13T09:59:45+00:00\",\"breadcrumb\":{\"@id\":\"https:\/\/vinilozona.lt\/parduotuve\/cd\/nauji-cd\/supergrass-supergrass-2cd-deluxe-edition\/#breadcrumb\"},\"inLanguage\":\"en-GB\",\"potentialAction\":[{\"@type\":\"ReadAction\",\"target\":[\"https:\/\/vinilozona.lt\/parduotuve\/cd\/nauji-cd\/supergrass-supergrass-2cd-deluxe-edition\/\"]}]},{\"@type\":\"ImageObject\",\"inLanguage\":\"en-GB\",\"@id\":\"https:\/\/vinilozona.lt\/parduotuve\/cd\/nauji-cd\/supergrass-supergrass-2cd-deluxe-edition\/#primaryimage\",\"url\":\"https:\/\/vinilozona.lt\/wp-content\/uploads\/2024\/06\/R-24568313-1663621031-2461.jpg\",\"contentUrl\":\"https:\/\/vinilozona.lt\/wp-content\/uploads\/2024\/06\/R-24568313-1663621031-2461.jpg\",\"width\":599,\"height\":512},{\"@type\":\"BreadcrumbList\",\"@id\":\"https:\/\/vinilozona.lt\/parduotuve\/cd\/nauji-cd\/supergrass-supergrass-2cd-deluxe-edition\/#breadcrumb\",\"itemListElement\":[{\"@type\":\"ListItem\",\"position\":1,\"name\":\"Home\",\"item\":\"https:\/\/vinilozona.lt\/\"},{\"@type\":\"ListItem\",\"position\":2,\"name\":\"Parduotuv\u0117\",\"item\":\"https:\/\/vinilozona.lt\/parduotuve\/\"},{\"@type\":\"ListItem\",\"position\":3,\"name\":\"Supergrass \u2013 Supergrass 2CD Deluxe Edition\"}]},{\"@type\":\"WebSite\",\"@id\":\"https:\/\/vinilozona.lt\/#website\",\"url\":\"https:\/\/vinilozona.lt\/\",\"name\":\"Vinilo Zona\",\"description\":\"Nup\u016bsk dulkes ir klausyk LP\",\"potentialAction\":[{\"@type\":\"SearchAction\",\"target\":{\"@type\":\"EntryPoint\",\"urlTemplate\":\"https:\/\/vinilozona.lt\/?s={search_term_string}\"},\"query-input\":{\"@type\":\"PropertyValueSpecification\",\"valueRequired\":true,\"valueName\":\"search_term_string\"}}],\"inLanguage\":\"en-GB\"}]}<\/script>\n<!-- \/ Yoast SEO plugin. -->","yoast_head_json":{"title":"Supergrass \u2013 Supergrass 2CD Deluxe Edition Vinilin\u0117 Plok\u0161tel\u0117 | Vinilozona.lt","robots":{"index":"index","follow":"follow","max-snippet":"max-snippet:-1","max-image-preview":"max-image-preview:large","max-video-preview":"max-video-preview:-1"},"canonical":"https:\/\/vinilozona.lt\/en\/parduotuve\/cd\/nauji-cd\/supergrass-supergrass-2cd-deluxe-edition\/","og_locale":"en_GB","og_type":"article","og_title":"Supergrass \u2013 Supergrass 2CD Deluxe Edition Vinilin\u0117 Plok\u0161tel\u0117 | Vinilozona.lt","og_description":"Label: Supergrass Records \u2013 BMGCAT748DCD, BMG \u2013 BMGCAT748DCD, Echo \u2013 BMGCAT748DCD Format: CD, Album, Reissue, Remastered CD All Media, Deluxe Edition, Stereo, Digipak Country: UK Released: Sep 16, 2022","og_url":"https:\/\/vinilozona.lt\/en\/parduotuve\/cd\/nauji-cd\/supergrass-supergrass-2cd-deluxe-edition\/","og_site_name":"Vinilo Zona","article_modified_time":"2024-11-13T09:59:45+00:00","og_image":[{"width":599,"height":512,"url":"https:\/\/vinilozona.lt\/wp-content\/uploads\/2024\/06\/R-24568313-1663621031-2461.jpg","type":"image\/jpeg"}],"twitter_card":"summary_large_image","twitter_misc":{"Estimated reading time":"1 minute"},"schema":{"@context":"https:\/\/schema.org","@graph":[{"@type":"WebPage","@id":"https:\/\/vinilozona.lt\/parduotuve\/cd\/nauji-cd\/supergrass-supergrass-2cd-deluxe-edition\/","url":"https:\/\/vinilozona.lt\/parduotuve\/cd\/nauji-cd\/supergrass-supergrass-2cd-deluxe-edition\/","name":"Supergrass \u2013 Supergrass 2CD Deluxe Edition Vinilin\u0117 Plok\u0161tel\u0117 | Vinilozona.lt","isPartOf":{"@id":"https:\/\/vinilozona.lt\/#website"},"primaryImageOfPage":{"@id":"https:\/\/vinilozona.lt\/parduotuve\/cd\/nauji-cd\/supergrass-supergrass-2cd-deluxe-edition\/#primaryimage"},"image":{"@id":"https:\/\/vinilozona.lt\/parduotuve\/cd\/nauji-cd\/supergrass-supergrass-2cd-deluxe-edition\/#primaryimage"},"thumbnailUrl":"https:\/\/vinilozona.lt\/wp-content\/uploads\/2024\/06\/R-24568313-1663621031-2461.jpg","datePublished":"2024-05-22T20:55:55+00:00","dateModified":"2024-11-13T09:59:45+00:00","breadcrumb":{"@id":"https:\/\/vinilozona.lt\/parduotuve\/cd\/nauji-cd\/supergrass-supergrass-2cd-deluxe-edition\/#breadcrumb"},"inLanguage":"en-GB","potentialAction":[{"@type":"ReadAction","target":["https:\/\/vinilozona.lt\/parduotuve\/cd\/nauji-cd\/supergrass-supergrass-2cd-deluxe-edition\/"]}]},{"@type":"ImageObject","inLanguage":"en-GB","@id":"https:\/\/vinilozona.lt\/parduotuve\/cd\/nauji-cd\/supergrass-supergrass-2cd-deluxe-edition\/#primaryimage","url":"https:\/\/vinilozona.lt\/wp-content\/uploads\/2024\/06\/R-24568313-1663621031-2461.jpg","contentUrl":"https:\/\/vinilozona.lt\/wp-content\/uploads\/2024\/06\/R-24568313-1663621031-2461.jpg","width":599,"height":512},{"@type":"BreadcrumbList","@id":"https:\/\/vinilozona.lt\/parduotuve\/cd\/nauji-cd\/supergrass-supergrass-2cd-deluxe-edition\/#breadcrumb","itemListElement":[{"@type":"ListItem","position":1,"name":"Home","item":"https:\/\/vinilozona.lt\/"},{"@type":"ListItem","position":2,"name":"Parduotuv\u0117","item":"https:\/\/vinilozona.lt\/parduotuve\/"},{"@type":"ListItem","position":3,"name":"Supergrass \u2013 Supergrass 2CD Deluxe Edition"}]},{"@type":"WebSite","@id":"https:\/\/vinilozona.lt\/#website","url":"https:\/\/vinilozona.lt\/","name":"Vinilo Zona","description":"Nup\u016bsk dulkes ir klausyk LP","potentialAction":[{"@type":"SearchAction","target":{"@type":"EntryPoint","urlTemplate":"https:\/\/vinilozona.lt\/?s={search_term_string}"},"query-input":{"@type":"PropertyValueSpecification","valueRequired":true,"valueName":"search_term_string"}}],"inLanguage":"en-GB"}]}},"_links":{"self":[{"href":"https:\/\/vinilozona.lt\/en\/wp-json\/wp\/v2\/product\/25276"}],"collection":[{"href":"https:\/\/vinilozona.lt\/en\/wp-json\/wp\/v2\/product"}],"about":[{"href":"https:\/\/vinilozona.lt\/en\/wp-json\/wp\/v2\/types\/product"}],"wp:featuredmedia":[{"embeddable":true,"href":"https:\/\/vinilozona.lt\/en\/wp-json\/wp\/v2\/media\/25277"}],"wp:attachment":[{"href":"https:\/\/vinilozona.lt\/en\/wp-json\/wp\/v2\/media?parent=25276"}],"wp:term":[{"taxonomy":"product_cat","embeddable":true,"href":"https:\/\/vinilozona.lt\/en\/wp-json\/wp\/v2\/product_cat?post=25276"},{"taxonomy":"product_tag","embeddable":true,"href":"https:\/\/vinilozona.lt\/en\/wp-json\/wp\/v2\/product_tag?post=25276"}],"curies":[{"name":"wp","href":"https:\/\/api.w.org\/{rel}","templated":true}]}}