{"id":25218,"date":"2024-05-22T21:23:47","date_gmt":"2024-05-22T18:23:47","guid":{"rendered":"https:\/\/vinilozona.lt\/?post_type=product&#038;p=25218"},"modified":"2025-10-09T10:33:16","modified_gmt":"2025-10-09T07:33:16","slug":"liam-gallagher-knebworth-22-cd","status":"publish","type":"product","link":"https:\/\/vinilozona.lt\/en\/parduotuve\/cd\/nauji-cd\/liam-gallagher-knebworth-22-cd\/","title":{"rendered":"Liam Gallagher \u2013 Knebworth 22 CD"},"content":{"rendered":"<p>01\t\tHello\t3:32<br \/>\n02\t\tRock \u2018n\u2019 Roll Star\t4:48<br \/>\n03\t\tWall Of Glass\t3:41<br \/>\n04\t\tShockwave\t3:36<br \/>\n05\t\tEverything\u2019s Electric\t3:45<br \/>\n06\t\tRoll It Over\t6:08<br \/>\n07\t\tSlide Away\t6:01<br \/>\n08\t\tMore Power\t4:56<br \/>\n09\t\tC\u2019mon You Know\t5:08<br \/>\n10\t\tThe River\t3:23<br \/>\n11\t\tOnce\t3:56<br \/>\n12\t\tCigarettes &#038; Alcohol\t4:01<br \/>\n13\t\tSome Might Say\t5:10<br \/>\n14\t\tSupersonic\t5:01<br \/>\n15\t\tWonderwall\t4:40<br \/>\n16\t\tChampagne Supernova\t8:28<\/p>","protected":false},"excerpt":{"rendered":"<p>Label:\tWarner Records \u2013 5054197549632<br \/>\nFormat:\tCD, Album, Limited Edition, Stereo<br \/>\nCountry:<br \/>\nReleased:\tAug 11, 2023<\/p>","protected":false},"featured_media":25219,"template":"","meta":[],"product_cat":[24,947],"product_tag":[55],"yoast_head":"<!-- This site is optimized with the Yoast SEO plugin v23.5 - https:\/\/yoast.com\/wordpress\/plugins\/seo\/ -->\n<title>Liam Gallagher \u2013 Knebworth 22 CD Vinilin\u0117 Plok\u0161tel\u0117 | Vinilozona.lt<\/title>\n<meta name=\"robots\" content=\"index, follow, max-snippet:-1, max-image-preview:large, max-video-preview:-1\" \/>\n<link rel=\"canonical\" href=\"https:\/\/vinilozona.lt\/en\/parduotuve\/cd\/nauji-cd\/liam-gallagher-knebworth-22-cd\/\" \/>\n<meta property=\"og:locale\" content=\"en_GB\" \/>\n<meta property=\"og:type\" content=\"article\" \/>\n<meta property=\"og:title\" content=\"Liam Gallagher \u2013 Knebworth 22 CD Vinilin\u0117 Plok\u0161tel\u0117 | Vinilozona.lt\" \/>\n<meta property=\"og:description\" content=\"Label: Warner Records \u2013 5054197549632 Format: CD, Album, Limited Edition, Stereo Country:  Released: Aug 11, 2023\" \/>\n<meta property=\"og:url\" content=\"https:\/\/vinilozona.lt\/en\/parduotuve\/cd\/nauji-cd\/liam-gallagher-knebworth-22-cd\/\" \/>\n<meta property=\"og:site_name\" content=\"Vinilo Zona\" \/>\n<meta property=\"article:modified_time\" content=\"2025-10-09T07:33:16+00:00\" \/>\n<meta property=\"og:image\" content=\"https:\/\/vinilozona.lt\/wp-content\/uploads\/2024\/06\/R-27936330-1714731412-9998.jpg\" \/>\n\t<meta property=\"og:image:width\" content=\"583\" \/>\n\t<meta property=\"og:image:height\" content=\"599\" \/>\n\t<meta property=\"og:image:type\" content=\"image\/jpeg\" \/>\n<meta name=\"twitter:card\" content=\"summary_large_image\" \/>\n<script type=\"application\/ld+json\" class=\"yoast-schema-graph\">{\"@context\":\"https:\/\/schema.org\",\"@graph\":[{\"@type\":\"WebPage\",\"@id\":\"https:\/\/vinilozona.lt\/parduotuve\/cd\/nauji-cd\/liam-gallagher-knebworth-22-cd\/\",\"url\":\"https:\/\/vinilozona.lt\/parduotuve\/cd\/nauji-cd\/liam-gallagher-knebworth-22-cd\/\",\"name\":\"Liam Gallagher \u2013 Knebworth 22 CD Vinilin\u0117 Plok\u0161tel\u0117 | Vinilozona.lt\",\"isPartOf\":{\"@id\":\"https:\/\/vinilozona.lt\/#website\"},\"primaryImageOfPage\":{\"@id\":\"https:\/\/vinilozona.lt\/parduotuve\/cd\/nauji-cd\/liam-gallagher-knebworth-22-cd\/#primaryimage\"},\"image\":{\"@id\":\"https:\/\/vinilozona.lt\/parduotuve\/cd\/nauji-cd\/liam-gallagher-knebworth-22-cd\/#primaryimage\"},\"thumbnailUrl\":\"https:\/\/vinilozona.lt\/wp-content\/uploads\/2024\/06\/R-27936330-1714731412-9998.jpg\",\"datePublished\":\"2024-05-22T18:23:47+00:00\",\"dateModified\":\"2025-10-09T07:33:16+00:00\",\"breadcrumb\":{\"@id\":\"https:\/\/vinilozona.lt\/parduotuve\/cd\/nauji-cd\/liam-gallagher-knebworth-22-cd\/#breadcrumb\"},\"inLanguage\":\"en-GB\",\"potentialAction\":[{\"@type\":\"ReadAction\",\"target\":[\"https:\/\/vinilozona.lt\/parduotuve\/cd\/nauji-cd\/liam-gallagher-knebworth-22-cd\/\"]}]},{\"@type\":\"ImageObject\",\"inLanguage\":\"en-GB\",\"@id\":\"https:\/\/vinilozona.lt\/parduotuve\/cd\/nauji-cd\/liam-gallagher-knebworth-22-cd\/#primaryimage\",\"url\":\"https:\/\/vinilozona.lt\/wp-content\/uploads\/2024\/06\/R-27936330-1714731412-9998.jpg\",\"contentUrl\":\"https:\/\/vinilozona.lt\/wp-content\/uploads\/2024\/06\/R-27936330-1714731412-9998.jpg\",\"width\":583,\"height\":599},{\"@type\":\"BreadcrumbList\",\"@id\":\"https:\/\/vinilozona.lt\/parduotuve\/cd\/nauji-cd\/liam-gallagher-knebworth-22-cd\/#breadcrumb\",\"itemListElement\":[{\"@type\":\"ListItem\",\"position\":1,\"name\":\"Home\",\"item\":\"https:\/\/vinilozona.lt\/\"},{\"@type\":\"ListItem\",\"position\":2,\"name\":\"Parduotuv\u0117\",\"item\":\"https:\/\/vinilozona.lt\/parduotuve\/\"},{\"@type\":\"ListItem\",\"position\":3,\"name\":\"Liam Gallagher \u2013 Knebworth 22 CD\"}]},{\"@type\":\"WebSite\",\"@id\":\"https:\/\/vinilozona.lt\/#website\",\"url\":\"https:\/\/vinilozona.lt\/\",\"name\":\"Vinilo Zona\",\"description\":\"Nup\u016bsk dulkes ir klausyk LP\",\"potentialAction\":[{\"@type\":\"SearchAction\",\"target\":{\"@type\":\"EntryPoint\",\"urlTemplate\":\"https:\/\/vinilozona.lt\/?s={search_term_string}\"},\"query-input\":{\"@type\":\"PropertyValueSpecification\",\"valueRequired\":true,\"valueName\":\"search_term_string\"}}],\"inLanguage\":\"en-GB\"}]}<\/script>\n<!-- \/ Yoast SEO plugin. -->","yoast_head_json":{"title":"Liam Gallagher \u2013 Knebworth 22 CD Vinilin\u0117 Plok\u0161tel\u0117 | Vinilozona.lt","robots":{"index":"index","follow":"follow","max-snippet":"max-snippet:-1","max-image-preview":"max-image-preview:large","max-video-preview":"max-video-preview:-1"},"canonical":"https:\/\/vinilozona.lt\/en\/parduotuve\/cd\/nauji-cd\/liam-gallagher-knebworth-22-cd\/","og_locale":"en_GB","og_type":"article","og_title":"Liam Gallagher \u2013 Knebworth 22 CD Vinilin\u0117 Plok\u0161tel\u0117 | Vinilozona.lt","og_description":"Label: Warner Records \u2013 5054197549632 Format: CD, Album, Limited Edition, Stereo Country:  Released: Aug 11, 2023","og_url":"https:\/\/vinilozona.lt\/en\/parduotuve\/cd\/nauji-cd\/liam-gallagher-knebworth-22-cd\/","og_site_name":"Vinilo Zona","article_modified_time":"2025-10-09T07:33:16+00:00","og_image":[{"width":583,"height":599,"url":"https:\/\/vinilozona.lt\/wp-content\/uploads\/2024\/06\/R-27936330-1714731412-9998.jpg","type":"image\/jpeg"}],"twitter_card":"summary_large_image","schema":{"@context":"https:\/\/schema.org","@graph":[{"@type":"WebPage","@id":"https:\/\/vinilozona.lt\/parduotuve\/cd\/nauji-cd\/liam-gallagher-knebworth-22-cd\/","url":"https:\/\/vinilozona.lt\/parduotuve\/cd\/nauji-cd\/liam-gallagher-knebworth-22-cd\/","name":"Liam Gallagher \u2013 Knebworth 22 CD Vinilin\u0117 Plok\u0161tel\u0117 | Vinilozona.lt","isPartOf":{"@id":"https:\/\/vinilozona.lt\/#website"},"primaryImageOfPage":{"@id":"https:\/\/vinilozona.lt\/parduotuve\/cd\/nauji-cd\/liam-gallagher-knebworth-22-cd\/#primaryimage"},"image":{"@id":"https:\/\/vinilozona.lt\/parduotuve\/cd\/nauji-cd\/liam-gallagher-knebworth-22-cd\/#primaryimage"},"thumbnailUrl":"https:\/\/vinilozona.lt\/wp-content\/uploads\/2024\/06\/R-27936330-1714731412-9998.jpg","datePublished":"2024-05-22T18:23:47+00:00","dateModified":"2025-10-09T07:33:16+00:00","breadcrumb":{"@id":"https:\/\/vinilozona.lt\/parduotuve\/cd\/nauji-cd\/liam-gallagher-knebworth-22-cd\/#breadcrumb"},"inLanguage":"en-GB","potentialAction":[{"@type":"ReadAction","target":["https:\/\/vinilozona.lt\/parduotuve\/cd\/nauji-cd\/liam-gallagher-knebworth-22-cd\/"]}]},{"@type":"ImageObject","inLanguage":"en-GB","@id":"https:\/\/vinilozona.lt\/parduotuve\/cd\/nauji-cd\/liam-gallagher-knebworth-22-cd\/#primaryimage","url":"https:\/\/vinilozona.lt\/wp-content\/uploads\/2024\/06\/R-27936330-1714731412-9998.jpg","contentUrl":"https:\/\/vinilozona.lt\/wp-content\/uploads\/2024\/06\/R-27936330-1714731412-9998.jpg","width":583,"height":599},{"@type":"BreadcrumbList","@id":"https:\/\/vinilozona.lt\/parduotuve\/cd\/nauji-cd\/liam-gallagher-knebworth-22-cd\/#breadcrumb","itemListElement":[{"@type":"ListItem","position":1,"name":"Home","item":"https:\/\/vinilozona.lt\/"},{"@type":"ListItem","position":2,"name":"Parduotuv\u0117","item":"https:\/\/vinilozona.lt\/parduotuve\/"},{"@type":"ListItem","position":3,"name":"Liam Gallagher \u2013 Knebworth 22 CD"}]},{"@type":"WebSite","@id":"https:\/\/vinilozona.lt\/#website","url":"https:\/\/vinilozona.lt\/","name":"Vinilo Zona","description":"Nup\u016bsk dulkes ir klausyk LP","potentialAction":[{"@type":"SearchAction","target":{"@type":"EntryPoint","urlTemplate":"https:\/\/vinilozona.lt\/?s={search_term_string}"},"query-input":{"@type":"PropertyValueSpecification","valueRequired":true,"valueName":"search_term_string"}}],"inLanguage":"en-GB"}]}},"_links":{"self":[{"href":"https:\/\/vinilozona.lt\/en\/wp-json\/wp\/v2\/product\/25218"}],"collection":[{"href":"https:\/\/vinilozona.lt\/en\/wp-json\/wp\/v2\/product"}],"about":[{"href":"https:\/\/vinilozona.lt\/en\/wp-json\/wp\/v2\/types\/product"}],"wp:featuredmedia":[{"embeddable":true,"href":"https:\/\/vinilozona.lt\/en\/wp-json\/wp\/v2\/media\/25219"}],"wp:attachment":[{"href":"https:\/\/vinilozona.lt\/en\/wp-json\/wp\/v2\/media?parent=25218"}],"wp:term":[{"taxonomy":"product_cat","embeddable":true,"href":"https:\/\/vinilozona.lt\/en\/wp-json\/wp\/v2\/product_cat?post=25218"},{"taxonomy":"product_tag","embeddable":true,"href":"https:\/\/vinilozona.lt\/en\/wp-json\/wp\/v2\/product_tag?post=25218"}],"curies":[{"name":"wp","href":"https:\/\/api.w.org\/{rel}","templated":true}]}}