{"id":25214,"date":"2024-05-22T21:15:51","date_gmt":"2024-05-22T18:15:51","guid":{"rendered":"https:\/\/vinilozona.lt\/?post_type=product&#038;p=25214"},"modified":"2024-06-22T21:20:36","modified_gmt":"2024-06-22T18:20:36","slug":"goo-goo-dolls-rarities-cd","status":"publish","type":"product","link":"https:\/\/vinilozona.lt\/en\/parduotuve\/cd\/nauji-cd\/goo-goo-dolls-rarities-cd\/","title":{"rendered":"Goo Goo Dolls \u2013 Rarities CD"},"content":{"rendered":"<p>1\t\tHit Or Miss<br \/>\n2\t\tNothing Can Change You<br \/>\n3\t\tLong Way Down (Chris Lord-Alge Remix)<br \/>\n4\t\tName (Live Acoustic)<br \/>\n5\t\tDon&#8217;t Change (Live)<br \/>\n6\t\tGirl Right Next To Me (Live Acoustic)<br \/>\n7\t\tAnother Second Time Around (Live Acoustic)<br \/>\n8\t\tIris (Acoustic)<br \/>\n9\t\tSlide (Acoustic)<br \/>\n10\t\tNaked (Remix)<br \/>\n11\t\tBlack Balloon (Live)<br \/>\n12\t\tNaked (Live)<br \/>\n13\t\tBlack Balloon (Live From Sessions@AOL)<br \/>\n14\t\tBroadway (Live From Sessions@AOL)<br \/>\n15\t\tWe&#8217;ll Be Here (When You&#8217;re Gone) (Acoustic)<br \/>\n16\t\tBetter Days (Acoustic)<br \/>\n17\t\tLet Love In (Live)<br \/>\n18\t\tListen (Live)<br \/>\n19\t\tFeel The Silence (Live)<br \/>\n20\t\tTake Me Out To The Ball Game<\/p>","protected":false},"excerpt":{"rendered":"<p>Label:\tWarner Records \u2013 093624889007<br \/>\nFormat:\tCD, Album, Compilation<br \/>\nCountry:\tUS<br \/>\nReleased:\tJun 25, 2021<br \/>\nGenre:\tRock<\/p>","protected":false},"featured_media":25215,"template":"","meta":[],"product_cat":[24,947],"product_tag":[55],"yoast_head":"<!-- This site is optimized with the Yoast SEO plugin v23.5 - https:\/\/yoast.com\/wordpress\/plugins\/seo\/ -->\n<title>Goo Goo Dolls \u2013 Rarities CD Vinilin\u0117 Plok\u0161tel\u0117 | Vinilozona.lt<\/title>\n<meta name=\"robots\" content=\"index, follow, max-snippet:-1, max-image-preview:large, max-video-preview:-1\" \/>\n<link rel=\"canonical\" href=\"https:\/\/vinilozona.lt\/en\/parduotuve\/cd\/nauji-cd\/goo-goo-dolls-rarities-cd\/\" \/>\n<meta property=\"og:locale\" content=\"en_GB\" \/>\n<meta property=\"og:type\" content=\"article\" \/>\n<meta property=\"og:title\" content=\"Goo Goo Dolls \u2013 Rarities CD Vinilin\u0117 Plok\u0161tel\u0117 | Vinilozona.lt\" \/>\n<meta property=\"og:description\" content=\"Label: Warner Records \u2013 093624889007 Format: CD, Album, Compilation Country: US Released: Jun 25, 2021 Genre: Rock\" \/>\n<meta property=\"og:url\" content=\"https:\/\/vinilozona.lt\/en\/parduotuve\/cd\/nauji-cd\/goo-goo-dolls-rarities-cd\/\" \/>\n<meta property=\"og:site_name\" content=\"Vinilo Zona\" \/>\n<meta property=\"article:modified_time\" content=\"2024-06-22T18:20:36+00:00\" \/>\n<meta property=\"og:image\" content=\"https:\/\/vinilozona.lt\/wp-content\/uploads\/2024\/06\/R-19264411-1624574084-7680.jpg\" \/>\n\t<meta property=\"og:image:width\" content=\"600\" \/>\n\t<meta property=\"og:image:height\" content=\"595\" \/>\n\t<meta property=\"og:image:type\" content=\"image\/jpeg\" \/>\n<meta name=\"twitter:card\" content=\"summary_large_image\" \/>\n<script type=\"application\/ld+json\" class=\"yoast-schema-graph\">{\"@context\":\"https:\/\/schema.org\",\"@graph\":[{\"@type\":\"WebPage\",\"@id\":\"https:\/\/vinilozona.lt\/parduotuve\/cd\/nauji-cd\/goo-goo-dolls-rarities-cd\/\",\"url\":\"https:\/\/vinilozona.lt\/parduotuve\/cd\/nauji-cd\/goo-goo-dolls-rarities-cd\/\",\"name\":\"Goo Goo Dolls \u2013 Rarities CD Vinilin\u0117 Plok\u0161tel\u0117 | Vinilozona.lt\",\"isPartOf\":{\"@id\":\"https:\/\/vinilozona.lt\/#website\"},\"primaryImageOfPage\":{\"@id\":\"https:\/\/vinilozona.lt\/parduotuve\/cd\/nauji-cd\/goo-goo-dolls-rarities-cd\/#primaryimage\"},\"image\":{\"@id\":\"https:\/\/vinilozona.lt\/parduotuve\/cd\/nauji-cd\/goo-goo-dolls-rarities-cd\/#primaryimage\"},\"thumbnailUrl\":\"https:\/\/vinilozona.lt\/wp-content\/uploads\/2024\/06\/R-19264411-1624574084-7680.jpg\",\"datePublished\":\"2024-05-22T18:15:51+00:00\",\"dateModified\":\"2024-06-22T18:20:36+00:00\",\"breadcrumb\":{\"@id\":\"https:\/\/vinilozona.lt\/parduotuve\/cd\/nauji-cd\/goo-goo-dolls-rarities-cd\/#breadcrumb\"},\"inLanguage\":\"en-GB\",\"potentialAction\":[{\"@type\":\"ReadAction\",\"target\":[\"https:\/\/vinilozona.lt\/parduotuve\/cd\/nauji-cd\/goo-goo-dolls-rarities-cd\/\"]}]},{\"@type\":\"ImageObject\",\"inLanguage\":\"en-GB\",\"@id\":\"https:\/\/vinilozona.lt\/parduotuve\/cd\/nauji-cd\/goo-goo-dolls-rarities-cd\/#primaryimage\",\"url\":\"https:\/\/vinilozona.lt\/wp-content\/uploads\/2024\/06\/R-19264411-1624574084-7680.jpg\",\"contentUrl\":\"https:\/\/vinilozona.lt\/wp-content\/uploads\/2024\/06\/R-19264411-1624574084-7680.jpg\",\"width\":600,\"height\":595},{\"@type\":\"BreadcrumbList\",\"@id\":\"https:\/\/vinilozona.lt\/parduotuve\/cd\/nauji-cd\/goo-goo-dolls-rarities-cd\/#breadcrumb\",\"itemListElement\":[{\"@type\":\"ListItem\",\"position\":1,\"name\":\"Home\",\"item\":\"https:\/\/vinilozona.lt\/\"},{\"@type\":\"ListItem\",\"position\":2,\"name\":\"Parduotuv\u0117\",\"item\":\"https:\/\/vinilozona.lt\/parduotuve\/\"},{\"@type\":\"ListItem\",\"position\":3,\"name\":\"Goo Goo Dolls \u2013 Rarities CD\"}]},{\"@type\":\"WebSite\",\"@id\":\"https:\/\/vinilozona.lt\/#website\",\"url\":\"https:\/\/vinilozona.lt\/\",\"name\":\"Vinilo Zona\",\"description\":\"Nup\u016bsk dulkes ir klausyk LP\",\"potentialAction\":[{\"@type\":\"SearchAction\",\"target\":{\"@type\":\"EntryPoint\",\"urlTemplate\":\"https:\/\/vinilozona.lt\/?s={search_term_string}\"},\"query-input\":{\"@type\":\"PropertyValueSpecification\",\"valueRequired\":true,\"valueName\":\"search_term_string\"}}],\"inLanguage\":\"en-GB\"}]}<\/script>\n<!-- \/ Yoast SEO plugin. -->","yoast_head_json":{"title":"Goo Goo Dolls \u2013 Rarities CD Vinilin\u0117 Plok\u0161tel\u0117 | Vinilozona.lt","robots":{"index":"index","follow":"follow","max-snippet":"max-snippet:-1","max-image-preview":"max-image-preview:large","max-video-preview":"max-video-preview:-1"},"canonical":"https:\/\/vinilozona.lt\/en\/parduotuve\/cd\/nauji-cd\/goo-goo-dolls-rarities-cd\/","og_locale":"en_GB","og_type":"article","og_title":"Goo Goo Dolls \u2013 Rarities CD Vinilin\u0117 Plok\u0161tel\u0117 | Vinilozona.lt","og_description":"Label: Warner Records \u2013 093624889007 Format: CD, Album, Compilation Country: US Released: Jun 25, 2021 Genre: Rock","og_url":"https:\/\/vinilozona.lt\/en\/parduotuve\/cd\/nauji-cd\/goo-goo-dolls-rarities-cd\/","og_site_name":"Vinilo Zona","article_modified_time":"2024-06-22T18:20:36+00:00","og_image":[{"width":600,"height":595,"url":"https:\/\/vinilozona.lt\/wp-content\/uploads\/2024\/06\/R-19264411-1624574084-7680.jpg","type":"image\/jpeg"}],"twitter_card":"summary_large_image","schema":{"@context":"https:\/\/schema.org","@graph":[{"@type":"WebPage","@id":"https:\/\/vinilozona.lt\/parduotuve\/cd\/nauji-cd\/goo-goo-dolls-rarities-cd\/","url":"https:\/\/vinilozona.lt\/parduotuve\/cd\/nauji-cd\/goo-goo-dolls-rarities-cd\/","name":"Goo Goo Dolls \u2013 Rarities CD Vinilin\u0117 Plok\u0161tel\u0117 | Vinilozona.lt","isPartOf":{"@id":"https:\/\/vinilozona.lt\/#website"},"primaryImageOfPage":{"@id":"https:\/\/vinilozona.lt\/parduotuve\/cd\/nauji-cd\/goo-goo-dolls-rarities-cd\/#primaryimage"},"image":{"@id":"https:\/\/vinilozona.lt\/parduotuve\/cd\/nauji-cd\/goo-goo-dolls-rarities-cd\/#primaryimage"},"thumbnailUrl":"https:\/\/vinilozona.lt\/wp-content\/uploads\/2024\/06\/R-19264411-1624574084-7680.jpg","datePublished":"2024-05-22T18:15:51+00:00","dateModified":"2024-06-22T18:20:36+00:00","breadcrumb":{"@id":"https:\/\/vinilozona.lt\/parduotuve\/cd\/nauji-cd\/goo-goo-dolls-rarities-cd\/#breadcrumb"},"inLanguage":"en-GB","potentialAction":[{"@type":"ReadAction","target":["https:\/\/vinilozona.lt\/parduotuve\/cd\/nauji-cd\/goo-goo-dolls-rarities-cd\/"]}]},{"@type":"ImageObject","inLanguage":"en-GB","@id":"https:\/\/vinilozona.lt\/parduotuve\/cd\/nauji-cd\/goo-goo-dolls-rarities-cd\/#primaryimage","url":"https:\/\/vinilozona.lt\/wp-content\/uploads\/2024\/06\/R-19264411-1624574084-7680.jpg","contentUrl":"https:\/\/vinilozona.lt\/wp-content\/uploads\/2024\/06\/R-19264411-1624574084-7680.jpg","width":600,"height":595},{"@type":"BreadcrumbList","@id":"https:\/\/vinilozona.lt\/parduotuve\/cd\/nauji-cd\/goo-goo-dolls-rarities-cd\/#breadcrumb","itemListElement":[{"@type":"ListItem","position":1,"name":"Home","item":"https:\/\/vinilozona.lt\/"},{"@type":"ListItem","position":2,"name":"Parduotuv\u0117","item":"https:\/\/vinilozona.lt\/parduotuve\/"},{"@type":"ListItem","position":3,"name":"Goo Goo Dolls \u2013 Rarities CD"}]},{"@type":"WebSite","@id":"https:\/\/vinilozona.lt\/#website","url":"https:\/\/vinilozona.lt\/","name":"Vinilo Zona","description":"Nup\u016bsk dulkes ir klausyk LP","potentialAction":[{"@type":"SearchAction","target":{"@type":"EntryPoint","urlTemplate":"https:\/\/vinilozona.lt\/?s={search_term_string}"},"query-input":{"@type":"PropertyValueSpecification","valueRequired":true,"valueName":"search_term_string"}}],"inLanguage":"en-GB"}]}},"_links":{"self":[{"href":"https:\/\/vinilozona.lt\/en\/wp-json\/wp\/v2\/product\/25214"}],"collection":[{"href":"https:\/\/vinilozona.lt\/en\/wp-json\/wp\/v2\/product"}],"about":[{"href":"https:\/\/vinilozona.lt\/en\/wp-json\/wp\/v2\/types\/product"}],"wp:featuredmedia":[{"embeddable":true,"href":"https:\/\/vinilozona.lt\/en\/wp-json\/wp\/v2\/media\/25215"}],"wp:attachment":[{"href":"https:\/\/vinilozona.lt\/en\/wp-json\/wp\/v2\/media?parent=25214"}],"wp:term":[{"taxonomy":"product_cat","embeddable":true,"href":"https:\/\/vinilozona.lt\/en\/wp-json\/wp\/v2\/product_cat?post=25214"},{"taxonomy":"product_tag","embeddable":true,"href":"https:\/\/vinilozona.lt\/en\/wp-json\/wp\/v2\/product_tag?post=25214"}],"curies":[{"name":"wp","href":"https:\/\/api.w.org\/{rel}","templated":true}]}}