{"id":2520,"date":"2022-05-26T09:00:59","date_gmt":"2022-05-26T06:00:59","guid":{"rendered":"https:\/\/vinylhome.lt\/?post_type=product&#038;p=2520"},"modified":"2023-11-27T13:22:08","modified_gmt":"2023-11-27T11:22:08","slug":"helix-%e2%80%8e-no-rest-for-the-wicked","status":"publish","type":"product","link":"https:\/\/vinilozona.lt\/en\/parduotuve\/rock-pop\/helix-%e2%80%8e-no-rest-for-the-wicked\/","title":{"rendered":"Helix \u200e\u2013 No Rest For The Wicked"},"content":{"rendered":"<p>Does A Fool Ever Learn\t3:28<br \/>\nLet&#8217;s All Do It Tonight\t2:50<br \/>\nHeavy Metal Love\t2:59<br \/>\nCheck Out The Love\t3:08<br \/>\nNo Rest For The Wicked\t3:12<br \/>\nDon&#8217;t Get Mad Get Even\t3:28<br \/>\nAin&#8217;t No High Like Rock &#8216;N&#8217; Roll\t2:50<br \/>\nDirty Dog\t2:59<br \/>\nNever Want To Lose You\t3:08<br \/>\nWhite Lace And Black Leather\t3:21<\/p>","protected":false},"excerpt":{"rendered":"<p>Capitol Records \u2013 064 4001851, Capitol Records \u2013 1A 064 4001851, Capitol Records \u2013 1A 064-4001851<br \/>\nFormat:<br \/>\nVinyl, LP, Album<br \/>\nCountry:\tEurope<br \/>\nReleased:\t1983<\/p>","protected":false},"featured_media":2521,"template":"","meta":[],"product_cat":[15],"product_tag":[44],"yoast_head":"<!-- This site is optimized with the Yoast SEO plugin v23.5 - https:\/\/yoast.com\/wordpress\/plugins\/seo\/ -->\n<title>Helix \u200e\u2013 No Rest For The Wicked Vinilin\u0117 Plok\u0161tel\u0117 | Vinilozona.lt<\/title>\n<meta name=\"robots\" content=\"index, follow, max-snippet:-1, max-image-preview:large, max-video-preview:-1\" \/>\n<link rel=\"canonical\" href=\"https:\/\/vinilozona.lt\/en\/parduotuve\/rock-pop\/helix-\u200e-no-rest-for-the-wicked\/\" \/>\n<meta property=\"og:locale\" content=\"en_GB\" \/>\n<meta property=\"og:type\" content=\"article\" \/>\n<meta property=\"og:title\" content=\"Helix \u200e\u2013 No Rest For The Wicked Vinilin\u0117 Plok\u0161tel\u0117 | Vinilozona.lt\" \/>\n<meta property=\"og:description\" content=\"Capitol Records \u2013 064 4001851, Capitol Records \u2013 1A 064 4001851, Capitol Records \u2013 1A 064-4001851 Format:  Vinyl, LP, Album Country: Europe Released: 1983\" \/>\n<meta property=\"og:url\" content=\"https:\/\/vinilozona.lt\/en\/parduotuve\/rock-pop\/helix-\u200e-no-rest-for-the-wicked\/\" \/>\n<meta property=\"og:site_name\" content=\"Vinilo Zona\" \/>\n<meta property=\"article:modified_time\" content=\"2023-11-27T11:22:08+00:00\" \/>\n<meta property=\"og:image\" content=\"https:\/\/vinilozona.lt\/wp-content\/uploads\/2020\/01\/helix-no-rest-for-the-wicked-1.jpg\" \/>\n\t<meta property=\"og:image:width\" content=\"800\" \/>\n\t<meta property=\"og:image:height\" content=\"600\" \/>\n\t<meta property=\"og:image:type\" content=\"image\/jpeg\" \/>\n<meta name=\"twitter:card\" content=\"summary_large_image\" \/>\n<script type=\"application\/ld+json\" class=\"yoast-schema-graph\">{\"@context\":\"https:\/\/schema.org\",\"@graph\":[{\"@type\":\"WebPage\",\"@id\":\"https:\/\/vinilozona.lt\/parduotuve\/rock-pop\/helix-%e2%80%8e-no-rest-for-the-wicked\/\",\"url\":\"https:\/\/vinilozona.lt\/parduotuve\/rock-pop\/helix-%e2%80%8e-no-rest-for-the-wicked\/\",\"name\":\"Helix \u200e\u2013 No Rest For The Wicked Vinilin\u0117 Plok\u0161tel\u0117 | Vinilozona.lt\",\"isPartOf\":{\"@id\":\"https:\/\/vinilozona.lt\/#website\"},\"primaryImageOfPage\":{\"@id\":\"https:\/\/vinilozona.lt\/parduotuve\/rock-pop\/helix-%e2%80%8e-no-rest-for-the-wicked\/#primaryimage\"},\"image\":{\"@id\":\"https:\/\/vinilozona.lt\/parduotuve\/rock-pop\/helix-%e2%80%8e-no-rest-for-the-wicked\/#primaryimage\"},\"thumbnailUrl\":\"https:\/\/vinilozona.lt\/wp-content\/uploads\/2020\/01\/helix-no-rest-for-the-wicked-1.jpg\",\"datePublished\":\"2022-05-26T06:00:59+00:00\",\"dateModified\":\"2023-11-27T11:22:08+00:00\",\"breadcrumb\":{\"@id\":\"https:\/\/vinilozona.lt\/parduotuve\/rock-pop\/helix-%e2%80%8e-no-rest-for-the-wicked\/#breadcrumb\"},\"inLanguage\":\"en-GB\",\"potentialAction\":[{\"@type\":\"ReadAction\",\"target\":[\"https:\/\/vinilozona.lt\/parduotuve\/rock-pop\/helix-%e2%80%8e-no-rest-for-the-wicked\/\"]}]},{\"@type\":\"ImageObject\",\"inLanguage\":\"en-GB\",\"@id\":\"https:\/\/vinilozona.lt\/parduotuve\/rock-pop\/helix-%e2%80%8e-no-rest-for-the-wicked\/#primaryimage\",\"url\":\"https:\/\/vinilozona.lt\/wp-content\/uploads\/2020\/01\/helix-no-rest-for-the-wicked-1.jpg\",\"contentUrl\":\"https:\/\/vinilozona.lt\/wp-content\/uploads\/2020\/01\/helix-no-rest-for-the-wicked-1.jpg\",\"width\":800,\"height\":600},{\"@type\":\"BreadcrumbList\",\"@id\":\"https:\/\/vinilozona.lt\/parduotuve\/rock-pop\/helix-%e2%80%8e-no-rest-for-the-wicked\/#breadcrumb\",\"itemListElement\":[{\"@type\":\"ListItem\",\"position\":1,\"name\":\"Home\",\"item\":\"https:\/\/vinilozona.lt\/\"},{\"@type\":\"ListItem\",\"position\":2,\"name\":\"Parduotuv\u0117\",\"item\":\"https:\/\/vinilozona.lt\/parduotuve\/\"},{\"@type\":\"ListItem\",\"position\":3,\"name\":\"Helix \u200e\u2013 No Rest For The Wicked\"}]},{\"@type\":\"WebSite\",\"@id\":\"https:\/\/vinilozona.lt\/#website\",\"url\":\"https:\/\/vinilozona.lt\/\",\"name\":\"Vinilo Zona\",\"description\":\"Nup\u016bsk dulkes ir klausyk LP\",\"potentialAction\":[{\"@type\":\"SearchAction\",\"target\":{\"@type\":\"EntryPoint\",\"urlTemplate\":\"https:\/\/vinilozona.lt\/?s={search_term_string}\"},\"query-input\":{\"@type\":\"PropertyValueSpecification\",\"valueRequired\":true,\"valueName\":\"search_term_string\"}}],\"inLanguage\":\"en-GB\"}]}<\/script>\n<!-- \/ Yoast SEO plugin. -->","yoast_head_json":{"title":"Helix \u200e\u2013 No Rest For The Wicked Vinilin\u0117 Plok\u0161tel\u0117 | Vinilozona.lt","robots":{"index":"index","follow":"follow","max-snippet":"max-snippet:-1","max-image-preview":"max-image-preview:large","max-video-preview":"max-video-preview:-1"},"canonical":"https:\/\/vinilozona.lt\/en\/parduotuve\/rock-pop\/helix-\u200e-no-rest-for-the-wicked\/","og_locale":"en_GB","og_type":"article","og_title":"Helix \u200e\u2013 No Rest For The Wicked Vinilin\u0117 Plok\u0161tel\u0117 | Vinilozona.lt","og_description":"Capitol Records \u2013 064 4001851, Capitol Records \u2013 1A 064 4001851, Capitol Records \u2013 1A 064-4001851 Format:  Vinyl, LP, Album Country: Europe Released: 1983","og_url":"https:\/\/vinilozona.lt\/en\/parduotuve\/rock-pop\/helix-\u200e-no-rest-for-the-wicked\/","og_site_name":"Vinilo Zona","article_modified_time":"2023-11-27T11:22:08+00:00","og_image":[{"width":800,"height":600,"url":"https:\/\/vinilozona.lt\/wp-content\/uploads\/2020\/01\/helix-no-rest-for-the-wicked-1.jpg","type":"image\/jpeg"}],"twitter_card":"summary_large_image","schema":{"@context":"https:\/\/schema.org","@graph":[{"@type":"WebPage","@id":"https:\/\/vinilozona.lt\/parduotuve\/rock-pop\/helix-%e2%80%8e-no-rest-for-the-wicked\/","url":"https:\/\/vinilozona.lt\/parduotuve\/rock-pop\/helix-%e2%80%8e-no-rest-for-the-wicked\/","name":"Helix \u200e\u2013 No Rest For The Wicked Vinilin\u0117 Plok\u0161tel\u0117 | Vinilozona.lt","isPartOf":{"@id":"https:\/\/vinilozona.lt\/#website"},"primaryImageOfPage":{"@id":"https:\/\/vinilozona.lt\/parduotuve\/rock-pop\/helix-%e2%80%8e-no-rest-for-the-wicked\/#primaryimage"},"image":{"@id":"https:\/\/vinilozona.lt\/parduotuve\/rock-pop\/helix-%e2%80%8e-no-rest-for-the-wicked\/#primaryimage"},"thumbnailUrl":"https:\/\/vinilozona.lt\/wp-content\/uploads\/2020\/01\/helix-no-rest-for-the-wicked-1.jpg","datePublished":"2022-05-26T06:00:59+00:00","dateModified":"2023-11-27T11:22:08+00:00","breadcrumb":{"@id":"https:\/\/vinilozona.lt\/parduotuve\/rock-pop\/helix-%e2%80%8e-no-rest-for-the-wicked\/#breadcrumb"},"inLanguage":"en-GB","potentialAction":[{"@type":"ReadAction","target":["https:\/\/vinilozona.lt\/parduotuve\/rock-pop\/helix-%e2%80%8e-no-rest-for-the-wicked\/"]}]},{"@type":"ImageObject","inLanguage":"en-GB","@id":"https:\/\/vinilozona.lt\/parduotuve\/rock-pop\/helix-%e2%80%8e-no-rest-for-the-wicked\/#primaryimage","url":"https:\/\/vinilozona.lt\/wp-content\/uploads\/2020\/01\/helix-no-rest-for-the-wicked-1.jpg","contentUrl":"https:\/\/vinilozona.lt\/wp-content\/uploads\/2020\/01\/helix-no-rest-for-the-wicked-1.jpg","width":800,"height":600},{"@type":"BreadcrumbList","@id":"https:\/\/vinilozona.lt\/parduotuve\/rock-pop\/helix-%e2%80%8e-no-rest-for-the-wicked\/#breadcrumb","itemListElement":[{"@type":"ListItem","position":1,"name":"Home","item":"https:\/\/vinilozona.lt\/"},{"@type":"ListItem","position":2,"name":"Parduotuv\u0117","item":"https:\/\/vinilozona.lt\/parduotuve\/"},{"@type":"ListItem","position":3,"name":"Helix \u200e\u2013 No Rest For The Wicked"}]},{"@type":"WebSite","@id":"https:\/\/vinilozona.lt\/#website","url":"https:\/\/vinilozona.lt\/","name":"Vinilo Zona","description":"Nup\u016bsk dulkes ir klausyk LP","potentialAction":[{"@type":"SearchAction","target":{"@type":"EntryPoint","urlTemplate":"https:\/\/vinilozona.lt\/?s={search_term_string}"},"query-input":{"@type":"PropertyValueSpecification","valueRequired":true,"valueName":"search_term_string"}}],"inLanguage":"en-GB"}]}},"_links":{"self":[{"href":"https:\/\/vinilozona.lt\/en\/wp-json\/wp\/v2\/product\/2520"}],"collection":[{"href":"https:\/\/vinilozona.lt\/en\/wp-json\/wp\/v2\/product"}],"about":[{"href":"https:\/\/vinilozona.lt\/en\/wp-json\/wp\/v2\/types\/product"}],"wp:featuredmedia":[{"embeddable":true,"href":"https:\/\/vinilozona.lt\/en\/wp-json\/wp\/v2\/media\/2521"}],"wp:attachment":[{"href":"https:\/\/vinilozona.lt\/en\/wp-json\/wp\/v2\/media?parent=2520"}],"wp:term":[{"taxonomy":"product_cat","embeddable":true,"href":"https:\/\/vinilozona.lt\/en\/wp-json\/wp\/v2\/product_cat?post=2520"},{"taxonomy":"product_tag","embeddable":true,"href":"https:\/\/vinilozona.lt\/en\/wp-json\/wp\/v2\/product_tag?post=2520"}],"curies":[{"name":"wp","href":"https:\/\/api.w.org\/{rel}","templated":true}]}}