{"id":25197,"date":"2024-05-22T20:40:23","date_gmt":"2024-05-22T17:40:23","guid":{"rendered":"https:\/\/vinilozona.lt\/?post_type=product&#038;p=25197"},"modified":"2025-03-30T21:09:56","modified_gmt":"2025-03-30T18:09:56","slug":"janelle-monae-the-age-of-pleasure-cd","status":"publish","type":"product","link":"https:\/\/vinilozona.lt\/en\/parduotuve\/cd\/nauji-cd\/janelle-monae-the-age-of-pleasure-cd\/","title":{"rendered":"Janelle Mon\u00e1e \u2013 The Age Of Pleasure CD"},"content":{"rendered":"<p>1\t\tFloat 3:59<br \/>\n2\t\tChampagne Shit\t2:23<br \/>\n3\t\tBlack Sugar Beach\t1:06<br \/>\n4\t\tPhenomenal 3:37<br \/>\n5\t\tHaute\t1:37<br \/>\n6\t\tOoh La La 0:36<br \/>\n7\t\tLipstick Lover\t2:50<br \/>\n8\t\tThe Rush 2:43<br \/>\n9\t\tThe French 75 1:10<br \/>\n10\t\tWater Slide\t2:45<br \/>\n11\t\tKnow Better 2:50<br \/>\n12\t\tPaid In Pleasure\t1:46<br \/>\n13\t\tOnly Have Eyes 42\t2:50<br \/>\n14\t\tA Dry Red\t1:52<\/p>","protected":false},"excerpt":{"rendered":"<p>Label:\tAtlantic \u2013 075678616532, Bad Boy Entertainment \u2013 075678616532, Wondaland \u2013 075678616532<br \/>\nSeries:\tAtlantic 75<br \/>\nFormat:\tCD, Album<br \/>\nCountry:\tWorldwide<br \/>\nReleased:\tJun 9, 2023<\/p>","protected":false},"featured_media":25198,"template":"","meta":[],"product_cat":[24,947],"product_tag":[55],"yoast_head":"<!-- This site is optimized with the Yoast SEO plugin v23.5 - https:\/\/yoast.com\/wordpress\/plugins\/seo\/ -->\n<title>Janelle Mon\u00e1e \u2013 The Age Of Pleasure CD Vinilin\u0117 Plok\u0161tel\u0117 | Vinilozona.lt<\/title>\n<meta name=\"robots\" content=\"index, follow, max-snippet:-1, max-image-preview:large, max-video-preview:-1\" \/>\n<link rel=\"canonical\" href=\"https:\/\/vinilozona.lt\/en\/parduotuve\/cd\/nauji-cd\/janelle-monae-the-age-of-pleasure-cd\/\" \/>\n<meta property=\"og:locale\" content=\"en_GB\" \/>\n<meta property=\"og:type\" content=\"article\" \/>\n<meta property=\"og:title\" content=\"Janelle Mon\u00e1e \u2013 The Age Of Pleasure CD Vinilin\u0117 Plok\u0161tel\u0117 | Vinilozona.lt\" \/>\n<meta property=\"og:description\" content=\"Label: Atlantic \u2013 075678616532, Bad Boy Entertainment \u2013 075678616532, Wondaland \u2013 075678616532 Series: Atlantic 75 Format: CD, Album Country: Worldwide Released: Jun 9, 2023\" \/>\n<meta property=\"og:url\" content=\"https:\/\/vinilozona.lt\/en\/parduotuve\/cd\/nauji-cd\/janelle-monae-the-age-of-pleasure-cd\/\" \/>\n<meta property=\"og:site_name\" content=\"Vinilo Zona\" \/>\n<meta property=\"article:modified_time\" content=\"2025-03-30T18:09:56+00:00\" \/>\n<meta property=\"og:image\" content=\"https:\/\/vinilozona.lt\/wp-content\/uploads\/2024\/06\/R-27347631-1710270407-7231.jpg\" \/>\n\t<meta property=\"og:image:width\" content=\"599\" \/>\n\t<meta property=\"og:image:height\" content=\"594\" \/>\n\t<meta property=\"og:image:type\" content=\"image\/jpeg\" \/>\n<meta name=\"twitter:card\" content=\"summary_large_image\" \/>\n<script type=\"application\/ld+json\" class=\"yoast-schema-graph\">{\"@context\":\"https:\/\/schema.org\",\"@graph\":[{\"@type\":\"WebPage\",\"@id\":\"https:\/\/vinilozona.lt\/parduotuve\/cd\/nauji-cd\/janelle-monae-the-age-of-pleasure-cd\/\",\"url\":\"https:\/\/vinilozona.lt\/parduotuve\/cd\/nauji-cd\/janelle-monae-the-age-of-pleasure-cd\/\",\"name\":\"Janelle Mon\u00e1e \u2013 The Age Of Pleasure CD Vinilin\u0117 Plok\u0161tel\u0117 | Vinilozona.lt\",\"isPartOf\":{\"@id\":\"https:\/\/vinilozona.lt\/#website\"},\"primaryImageOfPage\":{\"@id\":\"https:\/\/vinilozona.lt\/parduotuve\/cd\/nauji-cd\/janelle-monae-the-age-of-pleasure-cd\/#primaryimage\"},\"image\":{\"@id\":\"https:\/\/vinilozona.lt\/parduotuve\/cd\/nauji-cd\/janelle-monae-the-age-of-pleasure-cd\/#primaryimage\"},\"thumbnailUrl\":\"https:\/\/vinilozona.lt\/wp-content\/uploads\/2024\/06\/R-27347631-1710270407-7231.jpg\",\"datePublished\":\"2024-05-22T17:40:23+00:00\",\"dateModified\":\"2025-03-30T18:09:56+00:00\",\"breadcrumb\":{\"@id\":\"https:\/\/vinilozona.lt\/parduotuve\/cd\/nauji-cd\/janelle-monae-the-age-of-pleasure-cd\/#breadcrumb\"},\"inLanguage\":\"en-GB\",\"potentialAction\":[{\"@type\":\"ReadAction\",\"target\":[\"https:\/\/vinilozona.lt\/parduotuve\/cd\/nauji-cd\/janelle-monae-the-age-of-pleasure-cd\/\"]}]},{\"@type\":\"ImageObject\",\"inLanguage\":\"en-GB\",\"@id\":\"https:\/\/vinilozona.lt\/parduotuve\/cd\/nauji-cd\/janelle-monae-the-age-of-pleasure-cd\/#primaryimage\",\"url\":\"https:\/\/vinilozona.lt\/wp-content\/uploads\/2024\/06\/R-27347631-1710270407-7231.jpg\",\"contentUrl\":\"https:\/\/vinilozona.lt\/wp-content\/uploads\/2024\/06\/R-27347631-1710270407-7231.jpg\",\"width\":599,\"height\":594},{\"@type\":\"BreadcrumbList\",\"@id\":\"https:\/\/vinilozona.lt\/parduotuve\/cd\/nauji-cd\/janelle-monae-the-age-of-pleasure-cd\/#breadcrumb\",\"itemListElement\":[{\"@type\":\"ListItem\",\"position\":1,\"name\":\"Home\",\"item\":\"https:\/\/vinilozona.lt\/\"},{\"@type\":\"ListItem\",\"position\":2,\"name\":\"Parduotuv\u0117\",\"item\":\"https:\/\/vinilozona.lt\/parduotuve\/\"},{\"@type\":\"ListItem\",\"position\":3,\"name\":\"Janelle Mon\u00e1e \u2013 The Age Of Pleasure CD\"}]},{\"@type\":\"WebSite\",\"@id\":\"https:\/\/vinilozona.lt\/#website\",\"url\":\"https:\/\/vinilozona.lt\/\",\"name\":\"Vinilo Zona\",\"description\":\"Nup\u016bsk dulkes ir klausyk LP\",\"potentialAction\":[{\"@type\":\"SearchAction\",\"target\":{\"@type\":\"EntryPoint\",\"urlTemplate\":\"https:\/\/vinilozona.lt\/?s={search_term_string}\"},\"query-input\":{\"@type\":\"PropertyValueSpecification\",\"valueRequired\":true,\"valueName\":\"search_term_string\"}}],\"inLanguage\":\"en-GB\"}]}<\/script>\n<!-- \/ Yoast SEO plugin. -->","yoast_head_json":{"title":"Janelle Mon\u00e1e \u2013 The Age Of Pleasure CD Vinilin\u0117 Plok\u0161tel\u0117 | Vinilozona.lt","robots":{"index":"index","follow":"follow","max-snippet":"max-snippet:-1","max-image-preview":"max-image-preview:large","max-video-preview":"max-video-preview:-1"},"canonical":"https:\/\/vinilozona.lt\/en\/parduotuve\/cd\/nauji-cd\/janelle-monae-the-age-of-pleasure-cd\/","og_locale":"en_GB","og_type":"article","og_title":"Janelle Mon\u00e1e \u2013 The Age Of Pleasure CD Vinilin\u0117 Plok\u0161tel\u0117 | Vinilozona.lt","og_description":"Label: Atlantic \u2013 075678616532, Bad Boy Entertainment \u2013 075678616532, Wondaland \u2013 075678616532 Series: Atlantic 75 Format: CD, Album Country: Worldwide Released: Jun 9, 2023","og_url":"https:\/\/vinilozona.lt\/en\/parduotuve\/cd\/nauji-cd\/janelle-monae-the-age-of-pleasure-cd\/","og_site_name":"Vinilo Zona","article_modified_time":"2025-03-30T18:09:56+00:00","og_image":[{"width":599,"height":594,"url":"https:\/\/vinilozona.lt\/wp-content\/uploads\/2024\/06\/R-27347631-1710270407-7231.jpg","type":"image\/jpeg"}],"twitter_card":"summary_large_image","schema":{"@context":"https:\/\/schema.org","@graph":[{"@type":"WebPage","@id":"https:\/\/vinilozona.lt\/parduotuve\/cd\/nauji-cd\/janelle-monae-the-age-of-pleasure-cd\/","url":"https:\/\/vinilozona.lt\/parduotuve\/cd\/nauji-cd\/janelle-monae-the-age-of-pleasure-cd\/","name":"Janelle Mon\u00e1e \u2013 The Age Of Pleasure CD Vinilin\u0117 Plok\u0161tel\u0117 | Vinilozona.lt","isPartOf":{"@id":"https:\/\/vinilozona.lt\/#website"},"primaryImageOfPage":{"@id":"https:\/\/vinilozona.lt\/parduotuve\/cd\/nauji-cd\/janelle-monae-the-age-of-pleasure-cd\/#primaryimage"},"image":{"@id":"https:\/\/vinilozona.lt\/parduotuve\/cd\/nauji-cd\/janelle-monae-the-age-of-pleasure-cd\/#primaryimage"},"thumbnailUrl":"https:\/\/vinilozona.lt\/wp-content\/uploads\/2024\/06\/R-27347631-1710270407-7231.jpg","datePublished":"2024-05-22T17:40:23+00:00","dateModified":"2025-03-30T18:09:56+00:00","breadcrumb":{"@id":"https:\/\/vinilozona.lt\/parduotuve\/cd\/nauji-cd\/janelle-monae-the-age-of-pleasure-cd\/#breadcrumb"},"inLanguage":"en-GB","potentialAction":[{"@type":"ReadAction","target":["https:\/\/vinilozona.lt\/parduotuve\/cd\/nauji-cd\/janelle-monae-the-age-of-pleasure-cd\/"]}]},{"@type":"ImageObject","inLanguage":"en-GB","@id":"https:\/\/vinilozona.lt\/parduotuve\/cd\/nauji-cd\/janelle-monae-the-age-of-pleasure-cd\/#primaryimage","url":"https:\/\/vinilozona.lt\/wp-content\/uploads\/2024\/06\/R-27347631-1710270407-7231.jpg","contentUrl":"https:\/\/vinilozona.lt\/wp-content\/uploads\/2024\/06\/R-27347631-1710270407-7231.jpg","width":599,"height":594},{"@type":"BreadcrumbList","@id":"https:\/\/vinilozona.lt\/parduotuve\/cd\/nauji-cd\/janelle-monae-the-age-of-pleasure-cd\/#breadcrumb","itemListElement":[{"@type":"ListItem","position":1,"name":"Home","item":"https:\/\/vinilozona.lt\/"},{"@type":"ListItem","position":2,"name":"Parduotuv\u0117","item":"https:\/\/vinilozona.lt\/parduotuve\/"},{"@type":"ListItem","position":3,"name":"Janelle Mon\u00e1e \u2013 The Age Of Pleasure CD"}]},{"@type":"WebSite","@id":"https:\/\/vinilozona.lt\/#website","url":"https:\/\/vinilozona.lt\/","name":"Vinilo Zona","description":"Nup\u016bsk dulkes ir klausyk LP","potentialAction":[{"@type":"SearchAction","target":{"@type":"EntryPoint","urlTemplate":"https:\/\/vinilozona.lt\/?s={search_term_string}"},"query-input":{"@type":"PropertyValueSpecification","valueRequired":true,"valueName":"search_term_string"}}],"inLanguage":"en-GB"}]}},"_links":{"self":[{"href":"https:\/\/vinilozona.lt\/en\/wp-json\/wp\/v2\/product\/25197"}],"collection":[{"href":"https:\/\/vinilozona.lt\/en\/wp-json\/wp\/v2\/product"}],"about":[{"href":"https:\/\/vinilozona.lt\/en\/wp-json\/wp\/v2\/types\/product"}],"wp:featuredmedia":[{"embeddable":true,"href":"https:\/\/vinilozona.lt\/en\/wp-json\/wp\/v2\/media\/25198"}],"wp:attachment":[{"href":"https:\/\/vinilozona.lt\/en\/wp-json\/wp\/v2\/media?parent=25197"}],"wp:term":[{"taxonomy":"product_cat","embeddable":true,"href":"https:\/\/vinilozona.lt\/en\/wp-json\/wp\/v2\/product_cat?post=25197"},{"taxonomy":"product_tag","embeddable":true,"href":"https:\/\/vinilozona.lt\/en\/wp-json\/wp\/v2\/product_tag?post=25197"}],"curies":[{"name":"wp","href":"https:\/\/api.w.org\/{rel}","templated":true}]}}