{"id":25181,"date":"2024-05-22T19:56:14","date_gmt":"2024-05-22T16:56:14","guid":{"rendered":"https:\/\/vinilozona.lt\/?post_type=product&#038;p=25181"},"modified":"2024-06-22T20:07:09","modified_gmt":"2024-06-22T17:07:09","slug":"robin-schulz-iiii","status":"publish","type":"product","link":"https:\/\/vinilozona.lt\/en\/parduotuve\/cd\/nauji-cd\/robin-schulz-iiii\/","title":{"rendered":"Robin Schulz \u2013 IIII CD"},"content":{"rendered":"<p>1\t\tIntro\t2:01<br \/>\n2\t\tIn Your Eyes 3:28<br \/>\n3\t\tSpeechless 3:29<br \/>\n4\t\tLive And Let Live 3:15<br \/>\n5\t\tAll We Got 3:10<br \/>\n6\t\tAlane 2:54<br \/>\n7\t\tBetter With You 3:02<br \/>\n8\t\tAll This Love 2:45<br \/>\n9\t\tOne More Time 3:19<br \/>\n10\t\tMake Me Fell The Night 3:26<br \/>\n11\t\tIt&#8217;s Only For You\t2:50<br \/>\n12\t\tKill The Fire 3:05<br \/>\n13\t\tDream 3:11<br \/>\n14\t\tRather Be Alone 2:52<br \/>\n15\t\tFloat\t3:29<br \/>\n16\t\tFeel Something 2:51<br \/>\n17\t\tOutro\t2:12<\/p>","protected":false},"excerpt":{"rendered":"<p>Label:\tWarner Music Central Europe \u2013 5054197-0941-7-0<br \/>\nFormat:\tCD, Album<br \/>\nCountry:\tEurope<br \/>\nReleased:\tFeb 26, 2021<\/p>","protected":false},"featured_media":25182,"template":"","meta":[],"product_cat":[24,947],"product_tag":[55],"yoast_head":"<!-- This site is optimized with the Yoast SEO plugin v23.5 - https:\/\/yoast.com\/wordpress\/plugins\/seo\/ -->\n<title>Robin Schulz \u2013 IIII CD Vinilin\u0117 Plok\u0161tel\u0117 | Vinilozona.lt<\/title>\n<meta name=\"robots\" content=\"index, follow, max-snippet:-1, max-image-preview:large, max-video-preview:-1\" \/>\n<link rel=\"canonical\" href=\"https:\/\/vinilozona.lt\/en\/parduotuve\/cd\/nauji-cd\/robin-schulz-iiii\/\" \/>\n<meta property=\"og:locale\" content=\"en_GB\" \/>\n<meta property=\"og:type\" content=\"article\" \/>\n<meta property=\"og:title\" content=\"Robin Schulz \u2013 IIII CD Vinilin\u0117 Plok\u0161tel\u0117 | Vinilozona.lt\" \/>\n<meta property=\"og:description\" content=\"Label: Warner Music Central Europe \u2013 5054197-0941-7-0 Format: CD, Album Country: Europe Released: Feb 26, 2021\" \/>\n<meta property=\"og:url\" content=\"https:\/\/vinilozona.lt\/en\/parduotuve\/cd\/nauji-cd\/robin-schulz-iiii\/\" \/>\n<meta property=\"og:site_name\" content=\"Vinilo Zona\" \/>\n<meta property=\"article:modified_time\" content=\"2024-06-22T17:07:09+00:00\" \/>\n<meta property=\"og:image\" content=\"https:\/\/vinilozona.lt\/wp-content\/uploads\/2024\/06\/R-17947393-1654849761-6682.jpg\" \/>\n\t<meta property=\"og:image:width\" content=\"600\" \/>\n\t<meta property=\"og:image:height\" content=\"600\" \/>\n\t<meta property=\"og:image:type\" content=\"image\/jpeg\" \/>\n<meta name=\"twitter:card\" content=\"summary_large_image\" \/>\n<script type=\"application\/ld+json\" class=\"yoast-schema-graph\">{\"@context\":\"https:\/\/schema.org\",\"@graph\":[{\"@type\":\"WebPage\",\"@id\":\"https:\/\/vinilozona.lt\/parduotuve\/cd\/nauji-cd\/robin-schulz-iiii\/\",\"url\":\"https:\/\/vinilozona.lt\/parduotuve\/cd\/nauji-cd\/robin-schulz-iiii\/\",\"name\":\"Robin Schulz \u2013 IIII CD Vinilin\u0117 Plok\u0161tel\u0117 | Vinilozona.lt\",\"isPartOf\":{\"@id\":\"https:\/\/vinilozona.lt\/#website\"},\"primaryImageOfPage\":{\"@id\":\"https:\/\/vinilozona.lt\/parduotuve\/cd\/nauji-cd\/robin-schulz-iiii\/#primaryimage\"},\"image\":{\"@id\":\"https:\/\/vinilozona.lt\/parduotuve\/cd\/nauji-cd\/robin-schulz-iiii\/#primaryimage\"},\"thumbnailUrl\":\"https:\/\/vinilozona.lt\/wp-content\/uploads\/2024\/06\/R-17947393-1654849761-6682.jpg\",\"datePublished\":\"2024-05-22T16:56:14+00:00\",\"dateModified\":\"2024-06-22T17:07:09+00:00\",\"breadcrumb\":{\"@id\":\"https:\/\/vinilozona.lt\/parduotuve\/cd\/nauji-cd\/robin-schulz-iiii\/#breadcrumb\"},\"inLanguage\":\"en-GB\",\"potentialAction\":[{\"@type\":\"ReadAction\",\"target\":[\"https:\/\/vinilozona.lt\/parduotuve\/cd\/nauji-cd\/robin-schulz-iiii\/\"]}]},{\"@type\":\"ImageObject\",\"inLanguage\":\"en-GB\",\"@id\":\"https:\/\/vinilozona.lt\/parduotuve\/cd\/nauji-cd\/robin-schulz-iiii\/#primaryimage\",\"url\":\"https:\/\/vinilozona.lt\/wp-content\/uploads\/2024\/06\/R-17947393-1654849761-6682.jpg\",\"contentUrl\":\"https:\/\/vinilozona.lt\/wp-content\/uploads\/2024\/06\/R-17947393-1654849761-6682.jpg\",\"width\":600,\"height\":600},{\"@type\":\"BreadcrumbList\",\"@id\":\"https:\/\/vinilozona.lt\/parduotuve\/cd\/nauji-cd\/robin-schulz-iiii\/#breadcrumb\",\"itemListElement\":[{\"@type\":\"ListItem\",\"position\":1,\"name\":\"Home\",\"item\":\"https:\/\/vinilozona.lt\/\"},{\"@type\":\"ListItem\",\"position\":2,\"name\":\"Parduotuv\u0117\",\"item\":\"https:\/\/vinilozona.lt\/parduotuve\/\"},{\"@type\":\"ListItem\",\"position\":3,\"name\":\"Robin Schulz \u2013 IIII CD\"}]},{\"@type\":\"WebSite\",\"@id\":\"https:\/\/vinilozona.lt\/#website\",\"url\":\"https:\/\/vinilozona.lt\/\",\"name\":\"Vinilo Zona\",\"description\":\"Nup\u016bsk dulkes ir klausyk LP\",\"potentialAction\":[{\"@type\":\"SearchAction\",\"target\":{\"@type\":\"EntryPoint\",\"urlTemplate\":\"https:\/\/vinilozona.lt\/?s={search_term_string}\"},\"query-input\":{\"@type\":\"PropertyValueSpecification\",\"valueRequired\":true,\"valueName\":\"search_term_string\"}}],\"inLanguage\":\"en-GB\"}]}<\/script>\n<!-- \/ Yoast SEO plugin. -->","yoast_head_json":{"title":"Robin Schulz \u2013 IIII CD Vinilin\u0117 Plok\u0161tel\u0117 | Vinilozona.lt","robots":{"index":"index","follow":"follow","max-snippet":"max-snippet:-1","max-image-preview":"max-image-preview:large","max-video-preview":"max-video-preview:-1"},"canonical":"https:\/\/vinilozona.lt\/en\/parduotuve\/cd\/nauji-cd\/robin-schulz-iiii\/","og_locale":"en_GB","og_type":"article","og_title":"Robin Schulz \u2013 IIII CD Vinilin\u0117 Plok\u0161tel\u0117 | Vinilozona.lt","og_description":"Label: Warner Music Central Europe \u2013 5054197-0941-7-0 Format: CD, Album Country: Europe Released: Feb 26, 2021","og_url":"https:\/\/vinilozona.lt\/en\/parduotuve\/cd\/nauji-cd\/robin-schulz-iiii\/","og_site_name":"Vinilo Zona","article_modified_time":"2024-06-22T17:07:09+00:00","og_image":[{"width":600,"height":600,"url":"https:\/\/vinilozona.lt\/wp-content\/uploads\/2024\/06\/R-17947393-1654849761-6682.jpg","type":"image\/jpeg"}],"twitter_card":"summary_large_image","schema":{"@context":"https:\/\/schema.org","@graph":[{"@type":"WebPage","@id":"https:\/\/vinilozona.lt\/parduotuve\/cd\/nauji-cd\/robin-schulz-iiii\/","url":"https:\/\/vinilozona.lt\/parduotuve\/cd\/nauji-cd\/robin-schulz-iiii\/","name":"Robin Schulz \u2013 IIII CD Vinilin\u0117 Plok\u0161tel\u0117 | Vinilozona.lt","isPartOf":{"@id":"https:\/\/vinilozona.lt\/#website"},"primaryImageOfPage":{"@id":"https:\/\/vinilozona.lt\/parduotuve\/cd\/nauji-cd\/robin-schulz-iiii\/#primaryimage"},"image":{"@id":"https:\/\/vinilozona.lt\/parduotuve\/cd\/nauji-cd\/robin-schulz-iiii\/#primaryimage"},"thumbnailUrl":"https:\/\/vinilozona.lt\/wp-content\/uploads\/2024\/06\/R-17947393-1654849761-6682.jpg","datePublished":"2024-05-22T16:56:14+00:00","dateModified":"2024-06-22T17:07:09+00:00","breadcrumb":{"@id":"https:\/\/vinilozona.lt\/parduotuve\/cd\/nauji-cd\/robin-schulz-iiii\/#breadcrumb"},"inLanguage":"en-GB","potentialAction":[{"@type":"ReadAction","target":["https:\/\/vinilozona.lt\/parduotuve\/cd\/nauji-cd\/robin-schulz-iiii\/"]}]},{"@type":"ImageObject","inLanguage":"en-GB","@id":"https:\/\/vinilozona.lt\/parduotuve\/cd\/nauji-cd\/robin-schulz-iiii\/#primaryimage","url":"https:\/\/vinilozona.lt\/wp-content\/uploads\/2024\/06\/R-17947393-1654849761-6682.jpg","contentUrl":"https:\/\/vinilozona.lt\/wp-content\/uploads\/2024\/06\/R-17947393-1654849761-6682.jpg","width":600,"height":600},{"@type":"BreadcrumbList","@id":"https:\/\/vinilozona.lt\/parduotuve\/cd\/nauji-cd\/robin-schulz-iiii\/#breadcrumb","itemListElement":[{"@type":"ListItem","position":1,"name":"Home","item":"https:\/\/vinilozona.lt\/"},{"@type":"ListItem","position":2,"name":"Parduotuv\u0117","item":"https:\/\/vinilozona.lt\/parduotuve\/"},{"@type":"ListItem","position":3,"name":"Robin Schulz \u2013 IIII CD"}]},{"@type":"WebSite","@id":"https:\/\/vinilozona.lt\/#website","url":"https:\/\/vinilozona.lt\/","name":"Vinilo Zona","description":"Nup\u016bsk dulkes ir klausyk LP","potentialAction":[{"@type":"SearchAction","target":{"@type":"EntryPoint","urlTemplate":"https:\/\/vinilozona.lt\/?s={search_term_string}"},"query-input":{"@type":"PropertyValueSpecification","valueRequired":true,"valueName":"search_term_string"}}],"inLanguage":"en-GB"}]}},"_links":{"self":[{"href":"https:\/\/vinilozona.lt\/en\/wp-json\/wp\/v2\/product\/25181"}],"collection":[{"href":"https:\/\/vinilozona.lt\/en\/wp-json\/wp\/v2\/product"}],"about":[{"href":"https:\/\/vinilozona.lt\/en\/wp-json\/wp\/v2\/types\/product"}],"wp:featuredmedia":[{"embeddable":true,"href":"https:\/\/vinilozona.lt\/en\/wp-json\/wp\/v2\/media\/25182"}],"wp:attachment":[{"href":"https:\/\/vinilozona.lt\/en\/wp-json\/wp\/v2\/media?parent=25181"}],"wp:term":[{"taxonomy":"product_cat","embeddable":true,"href":"https:\/\/vinilozona.lt\/en\/wp-json\/wp\/v2\/product_cat?post=25181"},{"taxonomy":"product_tag","embeddable":true,"href":"https:\/\/vinilozona.lt\/en\/wp-json\/wp\/v2\/product_tag?post=25181"}],"curies":[{"name":"wp","href":"https:\/\/api.w.org\/{rel}","templated":true}]}}