{"id":25178,"date":"2024-05-22T19:42:22","date_gmt":"2024-05-22T16:42:22","guid":{"rendered":"https:\/\/vinilozona.lt\/?post_type=product&#038;p=25178"},"modified":"2024-06-22T19:46:38","modified_gmt":"2024-06-22T16:46:38","slug":"blur-the-ballad-of-darren-cd","status":"publish","type":"product","link":"https:\/\/vinilozona.lt\/en\/parduotuve\/cd\/nauji-cd\/blur-the-ballad-of-darren-cd\/","title":{"rendered":"Blur \u2013 The Ballad Of Darren CD"},"content":{"rendered":"<p>1\t\tThe Ballad<br \/>\n2\t\tSt. Charles Square<br \/>\n3\t\tBarbaric<br \/>\n4\t\tRussian Strings<br \/>\n5\t\tThe Everglades (For Leonard)<br \/>\n6\t\tThe Narcissist<br \/>\n7\t\tGoodbye Albert<br \/>\n8\t\tFar Away Island<br \/>\n9\t\tAvalon<br \/>\n10\t\tThe Heights<\/p>","protected":false},"excerpt":{"rendered":"<p>LLabel:\tParlophone \u2013 5054197660238<br \/>\nFormat:\tCD, Album<br \/>\nCountry:\tEurope<br \/>\nReleased:\tJul 21, 2023<\/p>","protected":false},"featured_media":25179,"template":"","meta":[],"product_cat":[24,947],"product_tag":[55],"yoast_head":"<!-- This site is optimized with the Yoast SEO plugin v23.5 - https:\/\/yoast.com\/wordpress\/plugins\/seo\/ -->\n<title>Blur \u2013 The Ballad Of Darren CD Vinilin\u0117 Plok\u0161tel\u0117 | Vinilozona.lt<\/title>\n<meta name=\"robots\" content=\"index, follow, max-snippet:-1, max-image-preview:large, max-video-preview:-1\" \/>\n<link rel=\"canonical\" href=\"https:\/\/vinilozona.lt\/en\/parduotuve\/cd\/nauji-cd\/blur-the-ballad-of-darren-cd\/\" \/>\n<meta property=\"og:locale\" content=\"en_GB\" \/>\n<meta property=\"og:type\" content=\"article\" \/>\n<meta property=\"og:title\" content=\"Blur \u2013 The Ballad Of Darren CD Vinilin\u0117 Plok\u0161tel\u0117 | Vinilozona.lt\" \/>\n<meta property=\"og:description\" content=\"LLabel: Parlophone \u2013 5054197660238 Format: CD, Album Country: Europe Released: Jul 21, 2023\" \/>\n<meta property=\"og:url\" content=\"https:\/\/vinilozona.lt\/en\/parduotuve\/cd\/nauji-cd\/blur-the-ballad-of-darren-cd\/\" \/>\n<meta property=\"og:site_name\" content=\"Vinilo Zona\" \/>\n<meta property=\"article:modified_time\" content=\"2024-06-22T16:46:38+00:00\" \/>\n<meta property=\"og:image\" content=\"https:\/\/vinilozona.lt\/wp-content\/uploads\/2024\/06\/R-27313296-1690174221-5551.jpg\" \/>\n\t<meta property=\"og:image:width\" content=\"599\" \/>\n\t<meta property=\"og:image:height\" content=\"593\" \/>\n\t<meta property=\"og:image:type\" content=\"image\/jpeg\" \/>\n<meta name=\"twitter:card\" content=\"summary_large_image\" \/>\n<script type=\"application\/ld+json\" class=\"yoast-schema-graph\">{\"@context\":\"https:\/\/schema.org\",\"@graph\":[{\"@type\":\"WebPage\",\"@id\":\"https:\/\/vinilozona.lt\/parduotuve\/cd\/nauji-cd\/blur-the-ballad-of-darren-cd\/\",\"url\":\"https:\/\/vinilozona.lt\/parduotuve\/cd\/nauji-cd\/blur-the-ballad-of-darren-cd\/\",\"name\":\"Blur \u2013 The Ballad Of Darren CD Vinilin\u0117 Plok\u0161tel\u0117 | Vinilozona.lt\",\"isPartOf\":{\"@id\":\"https:\/\/vinilozona.lt\/#website\"},\"primaryImageOfPage\":{\"@id\":\"https:\/\/vinilozona.lt\/parduotuve\/cd\/nauji-cd\/blur-the-ballad-of-darren-cd\/#primaryimage\"},\"image\":{\"@id\":\"https:\/\/vinilozona.lt\/parduotuve\/cd\/nauji-cd\/blur-the-ballad-of-darren-cd\/#primaryimage\"},\"thumbnailUrl\":\"https:\/\/vinilozona.lt\/wp-content\/uploads\/2024\/06\/R-27313296-1690174221-5551.jpg\",\"datePublished\":\"2024-05-22T16:42:22+00:00\",\"dateModified\":\"2024-06-22T16:46:38+00:00\",\"breadcrumb\":{\"@id\":\"https:\/\/vinilozona.lt\/parduotuve\/cd\/nauji-cd\/blur-the-ballad-of-darren-cd\/#breadcrumb\"},\"inLanguage\":\"en-GB\",\"potentialAction\":[{\"@type\":\"ReadAction\",\"target\":[\"https:\/\/vinilozona.lt\/parduotuve\/cd\/nauji-cd\/blur-the-ballad-of-darren-cd\/\"]}]},{\"@type\":\"ImageObject\",\"inLanguage\":\"en-GB\",\"@id\":\"https:\/\/vinilozona.lt\/parduotuve\/cd\/nauji-cd\/blur-the-ballad-of-darren-cd\/#primaryimage\",\"url\":\"https:\/\/vinilozona.lt\/wp-content\/uploads\/2024\/06\/R-27313296-1690174221-5551.jpg\",\"contentUrl\":\"https:\/\/vinilozona.lt\/wp-content\/uploads\/2024\/06\/R-27313296-1690174221-5551.jpg\",\"width\":599,\"height\":593},{\"@type\":\"BreadcrumbList\",\"@id\":\"https:\/\/vinilozona.lt\/parduotuve\/cd\/nauji-cd\/blur-the-ballad-of-darren-cd\/#breadcrumb\",\"itemListElement\":[{\"@type\":\"ListItem\",\"position\":1,\"name\":\"Home\",\"item\":\"https:\/\/vinilozona.lt\/\"},{\"@type\":\"ListItem\",\"position\":2,\"name\":\"Parduotuv\u0117\",\"item\":\"https:\/\/vinilozona.lt\/parduotuve\/\"},{\"@type\":\"ListItem\",\"position\":3,\"name\":\"Blur \u2013 The Ballad Of Darren CD\"}]},{\"@type\":\"WebSite\",\"@id\":\"https:\/\/vinilozona.lt\/#website\",\"url\":\"https:\/\/vinilozona.lt\/\",\"name\":\"Vinilo Zona\",\"description\":\"Nup\u016bsk dulkes ir klausyk LP\",\"potentialAction\":[{\"@type\":\"SearchAction\",\"target\":{\"@type\":\"EntryPoint\",\"urlTemplate\":\"https:\/\/vinilozona.lt\/?s={search_term_string}\"},\"query-input\":{\"@type\":\"PropertyValueSpecification\",\"valueRequired\":true,\"valueName\":\"search_term_string\"}}],\"inLanguage\":\"en-GB\"}]}<\/script>\n<!-- \/ Yoast SEO plugin. -->","yoast_head_json":{"title":"Blur \u2013 The Ballad Of Darren CD Vinilin\u0117 Plok\u0161tel\u0117 | Vinilozona.lt","robots":{"index":"index","follow":"follow","max-snippet":"max-snippet:-1","max-image-preview":"max-image-preview:large","max-video-preview":"max-video-preview:-1"},"canonical":"https:\/\/vinilozona.lt\/en\/parduotuve\/cd\/nauji-cd\/blur-the-ballad-of-darren-cd\/","og_locale":"en_GB","og_type":"article","og_title":"Blur \u2013 The Ballad Of Darren CD Vinilin\u0117 Plok\u0161tel\u0117 | Vinilozona.lt","og_description":"LLabel: Parlophone \u2013 5054197660238 Format: CD, Album Country: Europe Released: Jul 21, 2023","og_url":"https:\/\/vinilozona.lt\/en\/parduotuve\/cd\/nauji-cd\/blur-the-ballad-of-darren-cd\/","og_site_name":"Vinilo Zona","article_modified_time":"2024-06-22T16:46:38+00:00","og_image":[{"width":599,"height":593,"url":"https:\/\/vinilozona.lt\/wp-content\/uploads\/2024\/06\/R-27313296-1690174221-5551.jpg","type":"image\/jpeg"}],"twitter_card":"summary_large_image","schema":{"@context":"https:\/\/schema.org","@graph":[{"@type":"WebPage","@id":"https:\/\/vinilozona.lt\/parduotuve\/cd\/nauji-cd\/blur-the-ballad-of-darren-cd\/","url":"https:\/\/vinilozona.lt\/parduotuve\/cd\/nauji-cd\/blur-the-ballad-of-darren-cd\/","name":"Blur \u2013 The Ballad Of Darren CD Vinilin\u0117 Plok\u0161tel\u0117 | Vinilozona.lt","isPartOf":{"@id":"https:\/\/vinilozona.lt\/#website"},"primaryImageOfPage":{"@id":"https:\/\/vinilozona.lt\/parduotuve\/cd\/nauji-cd\/blur-the-ballad-of-darren-cd\/#primaryimage"},"image":{"@id":"https:\/\/vinilozona.lt\/parduotuve\/cd\/nauji-cd\/blur-the-ballad-of-darren-cd\/#primaryimage"},"thumbnailUrl":"https:\/\/vinilozona.lt\/wp-content\/uploads\/2024\/06\/R-27313296-1690174221-5551.jpg","datePublished":"2024-05-22T16:42:22+00:00","dateModified":"2024-06-22T16:46:38+00:00","breadcrumb":{"@id":"https:\/\/vinilozona.lt\/parduotuve\/cd\/nauji-cd\/blur-the-ballad-of-darren-cd\/#breadcrumb"},"inLanguage":"en-GB","potentialAction":[{"@type":"ReadAction","target":["https:\/\/vinilozona.lt\/parduotuve\/cd\/nauji-cd\/blur-the-ballad-of-darren-cd\/"]}]},{"@type":"ImageObject","inLanguage":"en-GB","@id":"https:\/\/vinilozona.lt\/parduotuve\/cd\/nauji-cd\/blur-the-ballad-of-darren-cd\/#primaryimage","url":"https:\/\/vinilozona.lt\/wp-content\/uploads\/2024\/06\/R-27313296-1690174221-5551.jpg","contentUrl":"https:\/\/vinilozona.lt\/wp-content\/uploads\/2024\/06\/R-27313296-1690174221-5551.jpg","width":599,"height":593},{"@type":"BreadcrumbList","@id":"https:\/\/vinilozona.lt\/parduotuve\/cd\/nauji-cd\/blur-the-ballad-of-darren-cd\/#breadcrumb","itemListElement":[{"@type":"ListItem","position":1,"name":"Home","item":"https:\/\/vinilozona.lt\/"},{"@type":"ListItem","position":2,"name":"Parduotuv\u0117","item":"https:\/\/vinilozona.lt\/parduotuve\/"},{"@type":"ListItem","position":3,"name":"Blur \u2013 The Ballad Of Darren CD"}]},{"@type":"WebSite","@id":"https:\/\/vinilozona.lt\/#website","url":"https:\/\/vinilozona.lt\/","name":"Vinilo Zona","description":"Nup\u016bsk dulkes ir klausyk LP","potentialAction":[{"@type":"SearchAction","target":{"@type":"EntryPoint","urlTemplate":"https:\/\/vinilozona.lt\/?s={search_term_string}"},"query-input":{"@type":"PropertyValueSpecification","valueRequired":true,"valueName":"search_term_string"}}],"inLanguage":"en-GB"}]}},"_links":{"self":[{"href":"https:\/\/vinilozona.lt\/en\/wp-json\/wp\/v2\/product\/25178"}],"collection":[{"href":"https:\/\/vinilozona.lt\/en\/wp-json\/wp\/v2\/product"}],"about":[{"href":"https:\/\/vinilozona.lt\/en\/wp-json\/wp\/v2\/types\/product"}],"wp:featuredmedia":[{"embeddable":true,"href":"https:\/\/vinilozona.lt\/en\/wp-json\/wp\/v2\/media\/25179"}],"wp:attachment":[{"href":"https:\/\/vinilozona.lt\/en\/wp-json\/wp\/v2\/media?parent=25178"}],"wp:term":[{"taxonomy":"product_cat","embeddable":true,"href":"https:\/\/vinilozona.lt\/en\/wp-json\/wp\/v2\/product_cat?post=25178"},{"taxonomy":"product_tag","embeddable":true,"href":"https:\/\/vinilozona.lt\/en\/wp-json\/wp\/v2\/product_tag?post=25178"}],"curies":[{"name":"wp","href":"https:\/\/api.w.org\/{rel}","templated":true}]}}