{"id":25167,"date":"2025-12-16T08:50:52","date_gmt":"2025-12-16T06:50:52","guid":{"rendered":"https:\/\/vinilozona.lt\/?post_type=product&#038;p=25167"},"modified":"2025-12-16T10:49:04","modified_gmt":"2025-12-16T08:49:04","slug":"michael-buble-christmas-2cd","status":"publish","type":"product","link":"https:\/\/vinilozona.lt\/en\/parduotuve\/cd\/nauji-cd\/michael-buble-christmas-2cd\/","title":{"rendered":"Michael Bubl\u00e9 \u200e\u2013 Christmas 2CD"},"content":{"rendered":"<p>Original Album<br \/>\n1-1\t\tIt&#8217;s Beginning To Look A Lot Like Christmas 3:27<br \/>\n1-2\t\tSanta Claus Is Coming To Town 2:52<br \/>\n1-3\t\tJingle Bells 2:41<br \/>\n1-4\t\tWhite Cristmas 3:37<br \/>\n1-5\t\tAll I Want For Christmas Is You 2:53<br \/>\n1-6\t\tHolly Jolly Christmas 2:01<br \/>\n1-7\t\tSanta Baby 3:53<br \/>\n1-8\t\tHave Yourself A Merry Little Christmas 3:52<br \/>\n1-9\t\tChristmas (Baby Please Come Home) 3:09<br \/>\n1-10\t\tSilent Night 3:49<br \/>\n1-11\t\tBlue Christmas 3:43<br \/>\n1-12\t\tCold December Night 3:20<br \/>\n1-13\t\tI&#8217;ll Be Home For Christmas 4:27<br \/>\n1-14\t\tAve Maria 4:02<br \/>\nMis Deseos \/ Feliz Navidad (4:25)<br \/>\n1-15\t\tMis Deseos<br \/>\n1-16\t\tFeliz Navidad<br \/>\n1-16\t\t[Michael&#8217;s Christmas Greetings]\t0:05<br \/>\nBonus CD<br \/>\n2-1\t\tLet It Snow! (10th Anniversary) 2:40<br \/>\n2-2\t\tWinter Wonderland 2:24<br \/>\n2-3\t\tThe Christmas Sweater 3:44<br \/>\n2-4\t\tFrosty The Snowman 2:42<br \/>\n2-5\t\tSilver Bells 3:09<br \/>\n2-6\t\tThe More You Give (The More You&#8217;ll Have) 3:11<br \/>\n2-7\t\tWhite Christmas 3:23<\/p>","protected":false},"excerpt":{"rendered":"<p>Label: Reprise Records \u200e\u2013 093624876847<br \/>\nFormat: 2 \u00d7 CD, Album, Deluxe Edition, Reissue, 10th Anniversary<br \/>\nCountry: Europe<br \/>\nReleased: 19 Nov 2021<\/p>","protected":false},"featured_media":25168,"template":"","meta":[],"product_cat":[24,947],"product_tag":[55],"yoast_head":"<!-- This site is optimized with the Yoast SEO plugin v23.5 - https:\/\/yoast.com\/wordpress\/plugins\/seo\/ -->\n<title>Michael Bubl\u00e9 \u200e\u2013 Christmas 2CD Vinilin\u0117 Plok\u0161tel\u0117 | Vinilozona.lt<\/title>\n<meta name=\"robots\" content=\"index, follow, max-snippet:-1, max-image-preview:large, max-video-preview:-1\" \/>\n<link rel=\"canonical\" href=\"https:\/\/vinilozona.lt\/en\/parduotuve\/cd\/nauji-cd\/michael-buble-christmas-2cd\/\" \/>\n<meta property=\"og:locale\" content=\"en_GB\" \/>\n<meta property=\"og:type\" content=\"article\" \/>\n<meta property=\"og:title\" content=\"Michael Bubl\u00e9 \u200e\u2013 Christmas 2CD Vinilin\u0117 Plok\u0161tel\u0117 | Vinilozona.lt\" \/>\n<meta property=\"og:description\" content=\"Label: Reprise Records \u200e\u2013 093624876847 Format: 2 \u00d7 CD, Album, Deluxe Edition, Reissue, 10th Anniversary Country: Europe Released: 19 Nov 2021\" \/>\n<meta property=\"og:url\" content=\"https:\/\/vinilozona.lt\/en\/parduotuve\/cd\/nauji-cd\/michael-buble-christmas-2cd\/\" \/>\n<meta property=\"og:site_name\" content=\"Vinilo Zona\" \/>\n<meta property=\"article:modified_time\" content=\"2025-12-16T08:49:04+00:00\" \/>\n<meta property=\"og:image\" content=\"https:\/\/vinilozona.lt\/wp-content\/uploads\/2024\/06\/R-21064381-1638134971-8533.jpg\" \/>\n\t<meta property=\"og:image:width\" content=\"600\" \/>\n\t<meta property=\"og:image:height\" content=\"600\" \/>\n\t<meta property=\"og:image:type\" content=\"image\/jpeg\" \/>\n<meta name=\"twitter:card\" content=\"summary_large_image\" \/>\n<meta name=\"twitter:label1\" content=\"Estimated reading time\" \/>\n\t<meta name=\"twitter:data1\" content=\"1 minute\" \/>\n<script type=\"application\/ld+json\" class=\"yoast-schema-graph\">{\"@context\":\"https:\/\/schema.org\",\"@graph\":[{\"@type\":\"WebPage\",\"@id\":\"https:\/\/vinilozona.lt\/parduotuve\/cd\/nauji-cd\/michael-buble-christmas-2cd\/\",\"url\":\"https:\/\/vinilozona.lt\/parduotuve\/cd\/nauji-cd\/michael-buble-christmas-2cd\/\",\"name\":\"Michael Bubl\u00e9 \u200e\u2013 Christmas 2CD Vinilin\u0117 Plok\u0161tel\u0117 | Vinilozona.lt\",\"isPartOf\":{\"@id\":\"https:\/\/vinilozona.lt\/#website\"},\"primaryImageOfPage\":{\"@id\":\"https:\/\/vinilozona.lt\/parduotuve\/cd\/nauji-cd\/michael-buble-christmas-2cd\/#primaryimage\"},\"image\":{\"@id\":\"https:\/\/vinilozona.lt\/parduotuve\/cd\/nauji-cd\/michael-buble-christmas-2cd\/#primaryimage\"},\"thumbnailUrl\":\"https:\/\/vinilozona.lt\/wp-content\/uploads\/2024\/06\/R-21064381-1638134971-8533.jpg\",\"datePublished\":\"2025-12-16T06:50:52+00:00\",\"dateModified\":\"2025-12-16T08:49:04+00:00\",\"breadcrumb\":{\"@id\":\"https:\/\/vinilozona.lt\/parduotuve\/cd\/nauji-cd\/michael-buble-christmas-2cd\/#breadcrumb\"},\"inLanguage\":\"en-GB\",\"potentialAction\":[{\"@type\":\"ReadAction\",\"target\":[\"https:\/\/vinilozona.lt\/parduotuve\/cd\/nauji-cd\/michael-buble-christmas-2cd\/\"]}]},{\"@type\":\"ImageObject\",\"inLanguage\":\"en-GB\",\"@id\":\"https:\/\/vinilozona.lt\/parduotuve\/cd\/nauji-cd\/michael-buble-christmas-2cd\/#primaryimage\",\"url\":\"https:\/\/vinilozona.lt\/wp-content\/uploads\/2024\/06\/R-21064381-1638134971-8533.jpg\",\"contentUrl\":\"https:\/\/vinilozona.lt\/wp-content\/uploads\/2024\/06\/R-21064381-1638134971-8533.jpg\",\"width\":600,\"height\":600},{\"@type\":\"BreadcrumbList\",\"@id\":\"https:\/\/vinilozona.lt\/parduotuve\/cd\/nauji-cd\/michael-buble-christmas-2cd\/#breadcrumb\",\"itemListElement\":[{\"@type\":\"ListItem\",\"position\":1,\"name\":\"Home\",\"item\":\"https:\/\/vinilozona.lt\/\"},{\"@type\":\"ListItem\",\"position\":2,\"name\":\"Parduotuv\u0117\",\"item\":\"https:\/\/vinilozona.lt\/parduotuve\/\"},{\"@type\":\"ListItem\",\"position\":3,\"name\":\"Michael Bubl\u00e9 \u200e\u2013 Christmas 2CD\"}]},{\"@type\":\"WebSite\",\"@id\":\"https:\/\/vinilozona.lt\/#website\",\"url\":\"https:\/\/vinilozona.lt\/\",\"name\":\"Vinilo Zona\",\"description\":\"Nup\u016bsk dulkes ir klausyk LP\",\"potentialAction\":[{\"@type\":\"SearchAction\",\"target\":{\"@type\":\"EntryPoint\",\"urlTemplate\":\"https:\/\/vinilozona.lt\/?s={search_term_string}\"},\"query-input\":{\"@type\":\"PropertyValueSpecification\",\"valueRequired\":true,\"valueName\":\"search_term_string\"}}],\"inLanguage\":\"en-GB\"}]}<\/script>\n<!-- \/ Yoast SEO plugin. -->","yoast_head_json":{"title":"Michael Bubl\u00e9 \u200e\u2013 Christmas 2CD Vinilin\u0117 Plok\u0161tel\u0117 | Vinilozona.lt","robots":{"index":"index","follow":"follow","max-snippet":"max-snippet:-1","max-image-preview":"max-image-preview:large","max-video-preview":"max-video-preview:-1"},"canonical":"https:\/\/vinilozona.lt\/en\/parduotuve\/cd\/nauji-cd\/michael-buble-christmas-2cd\/","og_locale":"en_GB","og_type":"article","og_title":"Michael Bubl\u00e9 \u200e\u2013 Christmas 2CD Vinilin\u0117 Plok\u0161tel\u0117 | Vinilozona.lt","og_description":"Label: Reprise Records \u200e\u2013 093624876847 Format: 2 \u00d7 CD, Album, Deluxe Edition, Reissue, 10th Anniversary Country: Europe Released: 19 Nov 2021","og_url":"https:\/\/vinilozona.lt\/en\/parduotuve\/cd\/nauji-cd\/michael-buble-christmas-2cd\/","og_site_name":"Vinilo Zona","article_modified_time":"2025-12-16T08:49:04+00:00","og_image":[{"width":600,"height":600,"url":"https:\/\/vinilozona.lt\/wp-content\/uploads\/2024\/06\/R-21064381-1638134971-8533.jpg","type":"image\/jpeg"}],"twitter_card":"summary_large_image","twitter_misc":{"Estimated reading time":"1 minute"},"schema":{"@context":"https:\/\/schema.org","@graph":[{"@type":"WebPage","@id":"https:\/\/vinilozona.lt\/parduotuve\/cd\/nauji-cd\/michael-buble-christmas-2cd\/","url":"https:\/\/vinilozona.lt\/parduotuve\/cd\/nauji-cd\/michael-buble-christmas-2cd\/","name":"Michael Bubl\u00e9 \u200e\u2013 Christmas 2CD Vinilin\u0117 Plok\u0161tel\u0117 | Vinilozona.lt","isPartOf":{"@id":"https:\/\/vinilozona.lt\/#website"},"primaryImageOfPage":{"@id":"https:\/\/vinilozona.lt\/parduotuve\/cd\/nauji-cd\/michael-buble-christmas-2cd\/#primaryimage"},"image":{"@id":"https:\/\/vinilozona.lt\/parduotuve\/cd\/nauji-cd\/michael-buble-christmas-2cd\/#primaryimage"},"thumbnailUrl":"https:\/\/vinilozona.lt\/wp-content\/uploads\/2024\/06\/R-21064381-1638134971-8533.jpg","datePublished":"2025-12-16T06:50:52+00:00","dateModified":"2025-12-16T08:49:04+00:00","breadcrumb":{"@id":"https:\/\/vinilozona.lt\/parduotuve\/cd\/nauji-cd\/michael-buble-christmas-2cd\/#breadcrumb"},"inLanguage":"en-GB","potentialAction":[{"@type":"ReadAction","target":["https:\/\/vinilozona.lt\/parduotuve\/cd\/nauji-cd\/michael-buble-christmas-2cd\/"]}]},{"@type":"ImageObject","inLanguage":"en-GB","@id":"https:\/\/vinilozona.lt\/parduotuve\/cd\/nauji-cd\/michael-buble-christmas-2cd\/#primaryimage","url":"https:\/\/vinilozona.lt\/wp-content\/uploads\/2024\/06\/R-21064381-1638134971-8533.jpg","contentUrl":"https:\/\/vinilozona.lt\/wp-content\/uploads\/2024\/06\/R-21064381-1638134971-8533.jpg","width":600,"height":600},{"@type":"BreadcrumbList","@id":"https:\/\/vinilozona.lt\/parduotuve\/cd\/nauji-cd\/michael-buble-christmas-2cd\/#breadcrumb","itemListElement":[{"@type":"ListItem","position":1,"name":"Home","item":"https:\/\/vinilozona.lt\/"},{"@type":"ListItem","position":2,"name":"Parduotuv\u0117","item":"https:\/\/vinilozona.lt\/parduotuve\/"},{"@type":"ListItem","position":3,"name":"Michael Bubl\u00e9 \u200e\u2013 Christmas 2CD"}]},{"@type":"WebSite","@id":"https:\/\/vinilozona.lt\/#website","url":"https:\/\/vinilozona.lt\/","name":"Vinilo Zona","description":"Nup\u016bsk dulkes ir klausyk LP","potentialAction":[{"@type":"SearchAction","target":{"@type":"EntryPoint","urlTemplate":"https:\/\/vinilozona.lt\/?s={search_term_string}"},"query-input":{"@type":"PropertyValueSpecification","valueRequired":true,"valueName":"search_term_string"}}],"inLanguage":"en-GB"}]}},"_links":{"self":[{"href":"https:\/\/vinilozona.lt\/en\/wp-json\/wp\/v2\/product\/25167"}],"collection":[{"href":"https:\/\/vinilozona.lt\/en\/wp-json\/wp\/v2\/product"}],"about":[{"href":"https:\/\/vinilozona.lt\/en\/wp-json\/wp\/v2\/types\/product"}],"wp:featuredmedia":[{"embeddable":true,"href":"https:\/\/vinilozona.lt\/en\/wp-json\/wp\/v2\/media\/25168"}],"wp:attachment":[{"href":"https:\/\/vinilozona.lt\/en\/wp-json\/wp\/v2\/media?parent=25167"}],"wp:term":[{"taxonomy":"product_cat","embeddable":true,"href":"https:\/\/vinilozona.lt\/en\/wp-json\/wp\/v2\/product_cat?post=25167"},{"taxonomy":"product_tag","embeddable":true,"href":"https:\/\/vinilozona.lt\/en\/wp-json\/wp\/v2\/product_tag?post=25167"}],"curies":[{"name":"wp","href":"https:\/\/api.w.org\/{rel}","templated":true}]}}