{"id":25163,"date":"2025-12-16T08:06:33","date_gmt":"2025-12-16T06:06:33","guid":{"rendered":"https:\/\/vinilozona.lt\/?post_type=product&#038;p=25163"},"modified":"2025-12-16T10:55:49","modified_gmt":"2025-12-16T08:55:49","slug":"various-simply-christmas-crooners-4cd-box-set","status":"publish","type":"product","link":"https:\/\/vinilozona.lt\/en\/parduotuve\/cd\/nauji-cd\/various-simply-christmas-crooners-4cd-box-set\/","title":{"rendered":"Various \u200e\u2013 Simply Christmas Crooners 4CD Box set"},"content":{"rendered":"<p>1-1\t\u2013Bing Crosby\tWhite Christmas<br \/>\n1-2\t\u2013Frank Sinatra\tSanta Claus Is Coming To Town<br \/>\n1-3\t\u2013Gene Autry\tFrosty The Snowman<br \/>\n1-4\t\u2013Perry Como\tThat Christmas Feeling<br \/>\n1-5\t\u2013Vaughn Monroe\tLet It Snow! Let It Snow! Let It Snow!<br \/>\n1-6\t\u2013Judy Garland\tHave Yourself A Merry Little Christmas<br \/>\n1-7\t\u2013Bing Crosby\tSleigh Ride<br \/>\n1-8\t\u2013Bing Crosby\tYou&#8217;re All I Want For Christmas<br \/>\n1-9\t\u2013Ray Charles\tThe Snow Is Falling<br \/>\n1-10\t\u2013Harry Belafonte\tMary&#8217;s Boy Child<br \/>\n1-11\t\u2013Ella Fitzgerald\tSanta Claus Got Stuck Up My Chimney<br \/>\n1-12\t\u2013Frank Sinatra\tChristmas Dreaming<br \/>\n1-13\t\u2013Mario Lanza\tAway In A Manger<br \/>\n1-14\t\u2013Suzi Miller\tI&#8217;ll Hang My Heart On A Christmas Tree<br \/>\n1-15\t\u2013Eddie Fisher\tThat&#8217;s What Christmas Means To Me<br \/>\n2-1\t\u2013Frank Sinatra\tJingle Bells<br \/>\n2-2\t\u2013Bing Crosby\tFaith Of Our Fathers<br \/>\n2-3\t\u2013Doris Day\tThe Christmas Song<br \/>\n2-4\t\u2013Gene Autry\tRudolph The Red-Nodes Reindeer<br \/>\n2-5\t\u2013Mario Lanza\tO Little Town Of Bethlehem<br \/>\n2-6\t\u2013Peggy Lee\tWinter Weather<br \/>\n2-7\t\u2013The Stargazers\tIt&#8217;s Christmas All Over The World<br \/>\n2-8\t\u2013Bing Crosby\tGod Rest Ye Merry Gentlemen<br \/>\n2-9\t\u2013Deanna Durbin\tAdeste Fideles (O Come All Ye Faithful)<br \/>\n2-10\t\u2013Ernest Tubb\tBlue Christmas<br \/>\n2-11\t\u2013Bing Crosby\tGood King Wenceslas<br \/>\n2-12\t\u2013Dinah Shore\tSleigh Ride In July<br \/>\n2-13\t\u2013Eddy Arnold\tChristmas<br \/>\n2-14\t\u2013Bing Crosby With Carole Richards*\tSilver Bells<br \/>\n2-15\t\u2013Dave King (5)\tChristmas And You<br \/>\n3-1\t\u2013Frank Sinatra\tIt Came Upon A Midnight Clear<br \/>\n3-2\t\u2013Eartha Kitt\tSanta Baby<br \/>\n3-3\t\u2013Rosemary Clooney &#038; Gene Autry\tThe Night Before Christmas Song<br \/>\n3-4\t\u2013The Beverley Sisters\tI Saw Mommy Kissing Santa Claus<br \/>\n3-5\t\u2013Louis Armstrong\tChristmas In New Orleans<br \/>\n3-6\t\u2013Petula Clark\tChristmas Cards<br \/>\n3-7\t\u2013Dickie Valentine\tChristmas Island<br \/>\n3-8\t\u2013Dinah Washington\tSilent Night<br \/>\n3-9\t\u2013Bing Crosby\tHappy Holiday<br \/>\n3-10\t\u2013Arthur Tracy\tThe Little Boy That Santa Claus Forgot<br \/>\n3-11\t\u2013Bing Crosby\tThe First No\u00ebl<br \/>\n3-12\t\u2013David Whitfield\tSanto Natale<br \/>\n3-13\t\u2013Bing Crosby With Peggy Lee\tLittle Jack Frost Get Lost<br \/>\n3-14\t\u2013Frankie Laine\tI Believe<br \/>\n3-15\t\u2013Louis Armstrong\tCool Yule<br \/>\n4-1\t\u2013Frank Sinatra\tWhile The Angelus Was Ringing<br \/>\n4-2\t\u2013Doris Day\tHere Comes Santa Claus<br \/>\n4-3\t\u2013Bing Crosby\tI&#8217;ll Be Home For Christmas<br \/>\n4-4\t\u2013Anne Shelton\tMerry Christmas<br \/>\n4-5\t\u2013Bing Crosby\tThe First Snowfall<br \/>\n4-6\t\u2013Dickie Valentine\tChristmas Alphabet<br \/>\n4-7\t\u2013Frank Sinatra\tWhite Christmas<br \/>\n4-8\t\u2013Bing Crosby With Ella Fitzgerald\tMarshmallow World<br \/>\n4-9\t\u2013The Andrews Sisters\tMerry Christmas Polka<br \/>\n4-10\t\u2013Mario Lanza\tOh Holy Night<br \/>\n4-11\t\u2013Bing Crosby With The Andrews Sisters\tThe Twelve Days Of Christmas<br \/>\n4-12\t\u2013Lita Roza\tSt. Nicholas Waltz<br \/>\n4-13\t\u2013Mario Lanza\tAve Maria<br \/>\n4-14\t\u2013Louis Armstrong\t&#8216;Zat You Santa Claus?<br \/>\n4-15\t\u2013Bing Crosby\tLet&#8217;s Start The New Year Right<\/p>","protected":false},"excerpt":{"rendered":"<p>Union Square Music \u200e\u2013 SIMPLYCD061, Simply \u200e\u2013 SIMPLYCD061<br \/>\nSeries: Simply \u2013<br \/>\nFormat:4 \u00d7 CD, Compilation Box Set<br \/>\nReleased: 2008<\/p>","protected":false},"featured_media":25164,"template":"","meta":[],"product_cat":[54,24,947],"product_tag":[55],"yoast_head":"<!-- This site is optimized with the Yoast SEO plugin v23.5 - https:\/\/yoast.com\/wordpress\/plugins\/seo\/ -->\n<title>Various \u200e\u2013 Simply Christmas Crooners 4CD Box set Vinilin\u0117 Plok\u0161tel\u0117 | Vinilozona.lt<\/title>\n<meta name=\"robots\" content=\"index, follow, max-snippet:-1, max-image-preview:large, max-video-preview:-1\" \/>\n<link rel=\"canonical\" href=\"https:\/\/vinilozona.lt\/en\/parduotuve\/cd\/nauji-cd\/various-simply-christmas-crooners-4cd-box-set\/\" \/>\n<meta property=\"og:locale\" content=\"en_GB\" \/>\n<meta property=\"og:type\" content=\"article\" \/>\n<meta property=\"og:title\" content=\"Various \u200e\u2013 Simply Christmas Crooners 4CD Box set Vinilin\u0117 Plok\u0161tel\u0117 | Vinilozona.lt\" \/>\n<meta property=\"og:description\" content=\"Union Square Music \u200e\u2013 SIMPLYCD061, Simply \u200e\u2013 SIMPLYCD061 Series: Simply \u2013 Format:4 \u00d7 CD, Compilation Box Set Released: 2008\" \/>\n<meta property=\"og:url\" content=\"https:\/\/vinilozona.lt\/en\/parduotuve\/cd\/nauji-cd\/various-simply-christmas-crooners-4cd-box-set\/\" \/>\n<meta property=\"og:site_name\" content=\"Vinilo Zona\" \/>\n<meta property=\"article:modified_time\" content=\"2025-12-16T08:55:49+00:00\" \/>\n<meta property=\"og:image\" content=\"https:\/\/vinilozona.lt\/wp-content\/uploads\/2024\/06\/R-6300175-1415984701-5806.jpg\" \/>\n\t<meta property=\"og:image:width\" content=\"600\" \/>\n\t<meta property=\"og:image:height\" content=\"529\" \/>\n\t<meta property=\"og:image:type\" content=\"image\/jpeg\" \/>\n<meta name=\"twitter:card\" content=\"summary_large_image\" \/>\n<meta name=\"twitter:label1\" content=\"Estimated reading time\" \/>\n\t<meta name=\"twitter:data1\" content=\"2 minutes\" \/>\n<script type=\"application\/ld+json\" class=\"yoast-schema-graph\">{\"@context\":\"https:\/\/schema.org\",\"@graph\":[{\"@type\":\"WebPage\",\"@id\":\"https:\/\/vinilozona.lt\/parduotuve\/cd\/nauji-cd\/various-simply-christmas-crooners-4cd-box-set\/\",\"url\":\"https:\/\/vinilozona.lt\/parduotuve\/cd\/nauji-cd\/various-simply-christmas-crooners-4cd-box-set\/\",\"name\":\"Various \u200e\u2013 Simply Christmas Crooners 4CD Box set Vinilin\u0117 Plok\u0161tel\u0117 | Vinilozona.lt\",\"isPartOf\":{\"@id\":\"https:\/\/vinilozona.lt\/#website\"},\"primaryImageOfPage\":{\"@id\":\"https:\/\/vinilozona.lt\/parduotuve\/cd\/nauji-cd\/various-simply-christmas-crooners-4cd-box-set\/#primaryimage\"},\"image\":{\"@id\":\"https:\/\/vinilozona.lt\/parduotuve\/cd\/nauji-cd\/various-simply-christmas-crooners-4cd-box-set\/#primaryimage\"},\"thumbnailUrl\":\"https:\/\/vinilozona.lt\/wp-content\/uploads\/2024\/06\/R-6300175-1415984701-5806.jpg\",\"datePublished\":\"2025-12-16T06:06:33+00:00\",\"dateModified\":\"2025-12-16T08:55:49+00:00\",\"breadcrumb\":{\"@id\":\"https:\/\/vinilozona.lt\/parduotuve\/cd\/nauji-cd\/various-simply-christmas-crooners-4cd-box-set\/#breadcrumb\"},\"inLanguage\":\"en-GB\",\"potentialAction\":[{\"@type\":\"ReadAction\",\"target\":[\"https:\/\/vinilozona.lt\/parduotuve\/cd\/nauji-cd\/various-simply-christmas-crooners-4cd-box-set\/\"]}]},{\"@type\":\"ImageObject\",\"inLanguage\":\"en-GB\",\"@id\":\"https:\/\/vinilozona.lt\/parduotuve\/cd\/nauji-cd\/various-simply-christmas-crooners-4cd-box-set\/#primaryimage\",\"url\":\"https:\/\/vinilozona.lt\/wp-content\/uploads\/2024\/06\/R-6300175-1415984701-5806.jpg\",\"contentUrl\":\"https:\/\/vinilozona.lt\/wp-content\/uploads\/2024\/06\/R-6300175-1415984701-5806.jpg\",\"width\":600,\"height\":529},{\"@type\":\"BreadcrumbList\",\"@id\":\"https:\/\/vinilozona.lt\/parduotuve\/cd\/nauji-cd\/various-simply-christmas-crooners-4cd-box-set\/#breadcrumb\",\"itemListElement\":[{\"@type\":\"ListItem\",\"position\":1,\"name\":\"Home\",\"item\":\"https:\/\/vinilozona.lt\/\"},{\"@type\":\"ListItem\",\"position\":2,\"name\":\"Parduotuv\u0117\",\"item\":\"https:\/\/vinilozona.lt\/parduotuve\/\"},{\"@type\":\"ListItem\",\"position\":3,\"name\":\"Various \u200e\u2013 Simply Christmas Crooners 4CD Box set\"}]},{\"@type\":\"WebSite\",\"@id\":\"https:\/\/vinilozona.lt\/#website\",\"url\":\"https:\/\/vinilozona.lt\/\",\"name\":\"Vinilo Zona\",\"description\":\"Nup\u016bsk dulkes ir klausyk LP\",\"potentialAction\":[{\"@type\":\"SearchAction\",\"target\":{\"@type\":\"EntryPoint\",\"urlTemplate\":\"https:\/\/vinilozona.lt\/?s={search_term_string}\"},\"query-input\":{\"@type\":\"PropertyValueSpecification\",\"valueRequired\":true,\"valueName\":\"search_term_string\"}}],\"inLanguage\":\"en-GB\"}]}<\/script>\n<!-- \/ Yoast SEO plugin. -->","yoast_head_json":{"title":"Various \u200e\u2013 Simply Christmas Crooners 4CD Box set Vinilin\u0117 Plok\u0161tel\u0117 | Vinilozona.lt","robots":{"index":"index","follow":"follow","max-snippet":"max-snippet:-1","max-image-preview":"max-image-preview:large","max-video-preview":"max-video-preview:-1"},"canonical":"https:\/\/vinilozona.lt\/en\/parduotuve\/cd\/nauji-cd\/various-simply-christmas-crooners-4cd-box-set\/","og_locale":"en_GB","og_type":"article","og_title":"Various \u200e\u2013 Simply Christmas Crooners 4CD Box set Vinilin\u0117 Plok\u0161tel\u0117 | Vinilozona.lt","og_description":"Union Square Music \u200e\u2013 SIMPLYCD061, Simply \u200e\u2013 SIMPLYCD061 Series: Simply \u2013 Format:4 \u00d7 CD, Compilation Box Set Released: 2008","og_url":"https:\/\/vinilozona.lt\/en\/parduotuve\/cd\/nauji-cd\/various-simply-christmas-crooners-4cd-box-set\/","og_site_name":"Vinilo Zona","article_modified_time":"2025-12-16T08:55:49+00:00","og_image":[{"width":600,"height":529,"url":"https:\/\/vinilozona.lt\/wp-content\/uploads\/2024\/06\/R-6300175-1415984701-5806.jpg","type":"image\/jpeg"}],"twitter_card":"summary_large_image","twitter_misc":{"Estimated reading time":"2 minutes"},"schema":{"@context":"https:\/\/schema.org","@graph":[{"@type":"WebPage","@id":"https:\/\/vinilozona.lt\/parduotuve\/cd\/nauji-cd\/various-simply-christmas-crooners-4cd-box-set\/","url":"https:\/\/vinilozona.lt\/parduotuve\/cd\/nauji-cd\/various-simply-christmas-crooners-4cd-box-set\/","name":"Various \u200e\u2013 Simply Christmas Crooners 4CD Box set Vinilin\u0117 Plok\u0161tel\u0117 | Vinilozona.lt","isPartOf":{"@id":"https:\/\/vinilozona.lt\/#website"},"primaryImageOfPage":{"@id":"https:\/\/vinilozona.lt\/parduotuve\/cd\/nauji-cd\/various-simply-christmas-crooners-4cd-box-set\/#primaryimage"},"image":{"@id":"https:\/\/vinilozona.lt\/parduotuve\/cd\/nauji-cd\/various-simply-christmas-crooners-4cd-box-set\/#primaryimage"},"thumbnailUrl":"https:\/\/vinilozona.lt\/wp-content\/uploads\/2024\/06\/R-6300175-1415984701-5806.jpg","datePublished":"2025-12-16T06:06:33+00:00","dateModified":"2025-12-16T08:55:49+00:00","breadcrumb":{"@id":"https:\/\/vinilozona.lt\/parduotuve\/cd\/nauji-cd\/various-simply-christmas-crooners-4cd-box-set\/#breadcrumb"},"inLanguage":"en-GB","potentialAction":[{"@type":"ReadAction","target":["https:\/\/vinilozona.lt\/parduotuve\/cd\/nauji-cd\/various-simply-christmas-crooners-4cd-box-set\/"]}]},{"@type":"ImageObject","inLanguage":"en-GB","@id":"https:\/\/vinilozona.lt\/parduotuve\/cd\/nauji-cd\/various-simply-christmas-crooners-4cd-box-set\/#primaryimage","url":"https:\/\/vinilozona.lt\/wp-content\/uploads\/2024\/06\/R-6300175-1415984701-5806.jpg","contentUrl":"https:\/\/vinilozona.lt\/wp-content\/uploads\/2024\/06\/R-6300175-1415984701-5806.jpg","width":600,"height":529},{"@type":"BreadcrumbList","@id":"https:\/\/vinilozona.lt\/parduotuve\/cd\/nauji-cd\/various-simply-christmas-crooners-4cd-box-set\/#breadcrumb","itemListElement":[{"@type":"ListItem","position":1,"name":"Home","item":"https:\/\/vinilozona.lt\/"},{"@type":"ListItem","position":2,"name":"Parduotuv\u0117","item":"https:\/\/vinilozona.lt\/parduotuve\/"},{"@type":"ListItem","position":3,"name":"Various \u200e\u2013 Simply Christmas Crooners 4CD Box set"}]},{"@type":"WebSite","@id":"https:\/\/vinilozona.lt\/#website","url":"https:\/\/vinilozona.lt\/","name":"Vinilo Zona","description":"Nup\u016bsk dulkes ir klausyk LP","potentialAction":[{"@type":"SearchAction","target":{"@type":"EntryPoint","urlTemplate":"https:\/\/vinilozona.lt\/?s={search_term_string}"},"query-input":{"@type":"PropertyValueSpecification","valueRequired":true,"valueName":"search_term_string"}}],"inLanguage":"en-GB"}]}},"_links":{"self":[{"href":"https:\/\/vinilozona.lt\/en\/wp-json\/wp\/v2\/product\/25163"}],"collection":[{"href":"https:\/\/vinilozona.lt\/en\/wp-json\/wp\/v2\/product"}],"about":[{"href":"https:\/\/vinilozona.lt\/en\/wp-json\/wp\/v2\/types\/product"}],"wp:featuredmedia":[{"embeddable":true,"href":"https:\/\/vinilozona.lt\/en\/wp-json\/wp\/v2\/media\/25164"}],"wp:attachment":[{"href":"https:\/\/vinilozona.lt\/en\/wp-json\/wp\/v2\/media?parent=25163"}],"wp:term":[{"taxonomy":"product_cat","embeddable":true,"href":"https:\/\/vinilozona.lt\/en\/wp-json\/wp\/v2\/product_cat?post=25163"},{"taxonomy":"product_tag","embeddable":true,"href":"https:\/\/vinilozona.lt\/en\/wp-json\/wp\/v2\/product_tag?post=25163"}],"curies":[{"name":"wp","href":"https:\/\/api.w.org\/{rel}","templated":true}]}}