{"id":2508,"date":"2020-01-03T20:57:40","date_gmt":"2020-01-03T18:57:40","guid":{"rendered":"https:\/\/vinylhome.lt\/?post_type=product&#038;p=2508"},"modified":"2024-04-09T08:26:33","modified_gmt":"2024-04-09T05:26:33","slug":"vytautas-kernagis-%e2%80%8e-maza-ispazintis","status":"publish","type":"product","link":"https:\/\/vinilozona.lt\/en\/parduotuve\/lietuviska\/vytautas-kernagis-%e2%80%8e-maza-ispazintis\/","title":{"rendered":"Vytautas Kernagis \u200e\u2013 Ma\u017ea I\u0161pa\u017eintis"},"content":{"rendered":"<p>A1\t\tPraskrido Drambliai I<br \/>\nA2\t\tI\u0161d\u017eius Upeliai I<br \/>\nA3\t\tNemu\u0161k \u017dal\u010dio<br \/>\nB1\t\tPraskrido Drambliai II<br \/>\nB2\t\tI\u0161d\u017eius Upeliai II<br \/>\nB3\t\tKelio Daina<br \/>\nB4\t\t\u017dem\u0117s Rie\u0161utai<\/p>","protected":false},"excerpt":{"rendered":"<p>LP-003<\/p>","protected":false},"featured_media":2510,"template":"","meta":[],"product_cat":[19],"product_tag":[55],"yoast_head":"<!-- This site is optimized with the Yoast SEO plugin v23.5 - https:\/\/yoast.com\/wordpress\/plugins\/seo\/ -->\n<title>Vytautas Kernagis \u200e\u2013 Ma\u017ea I\u0161pa\u017eintis Vinilin\u0117 Plok\u0161tel\u0117 | Vinilozona.lt<\/title>\n<meta name=\"robots\" content=\"index, follow, max-snippet:-1, max-image-preview:large, max-video-preview:-1\" \/>\n<link rel=\"canonical\" href=\"https:\/\/vinilozona.lt\/en\/parduotuve\/lietuviska\/vytautas-kernagis-\u200e-maza-ispazintis\/\" \/>\n<meta property=\"og:locale\" content=\"en_GB\" \/>\n<meta property=\"og:type\" content=\"article\" \/>\n<meta property=\"og:title\" content=\"Vytautas Kernagis \u200e\u2013 Ma\u017ea I\u0161pa\u017eintis Vinilin\u0117 Plok\u0161tel\u0117 | Vinilozona.lt\" \/>\n<meta property=\"og:description\" content=\"LP-003\" \/>\n<meta property=\"og:url\" content=\"https:\/\/vinilozona.lt\/en\/parduotuve\/lietuviska\/vytautas-kernagis-\u200e-maza-ispazintis\/\" \/>\n<meta property=\"og:site_name\" content=\"Vinilo Zona\" \/>\n<meta property=\"article:modified_time\" content=\"2024-04-09T05:26:33+00:00\" \/>\n<meta property=\"og:image\" content=\"https:\/\/vinilozona.lt\/wp-content\/uploads\/2020\/01\/vytautas-kernagis-tautos-sauklys-2-1.jpg\" \/>\n\t<meta property=\"og:image:width\" content=\"759\" \/>\n\t<meta property=\"og:image:height\" content=\"569\" \/>\n\t<meta property=\"og:image:type\" content=\"image\/jpeg\" \/>\n<meta name=\"twitter:card\" content=\"summary_large_image\" \/>\n<script type=\"application\/ld+json\" class=\"yoast-schema-graph\">{\"@context\":\"https:\/\/schema.org\",\"@graph\":[{\"@type\":\"WebPage\",\"@id\":\"https:\/\/vinilozona.lt\/parduotuve\/lietuviska\/vytautas-kernagis-%e2%80%8e-maza-ispazintis\/\",\"url\":\"https:\/\/vinilozona.lt\/parduotuve\/lietuviska\/vytautas-kernagis-%e2%80%8e-maza-ispazintis\/\",\"name\":\"Vytautas Kernagis \u200e\u2013 Ma\u017ea I\u0161pa\u017eintis Vinilin\u0117 Plok\u0161tel\u0117 | Vinilozona.lt\",\"isPartOf\":{\"@id\":\"https:\/\/vinilozona.lt\/#website\"},\"primaryImageOfPage\":{\"@id\":\"https:\/\/vinilozona.lt\/parduotuve\/lietuviska\/vytautas-kernagis-%e2%80%8e-maza-ispazintis\/#primaryimage\"},\"image\":{\"@id\":\"https:\/\/vinilozona.lt\/parduotuve\/lietuviska\/vytautas-kernagis-%e2%80%8e-maza-ispazintis\/#primaryimage\"},\"thumbnailUrl\":\"https:\/\/vinilozona.lt\/wp-content\/uploads\/2020\/01\/vytautas-kernagis-tautos-sauklys-2-1.jpg\",\"datePublished\":\"2020-01-03T18:57:40+00:00\",\"dateModified\":\"2024-04-09T05:26:33+00:00\",\"breadcrumb\":{\"@id\":\"https:\/\/vinilozona.lt\/parduotuve\/lietuviska\/vytautas-kernagis-%e2%80%8e-maza-ispazintis\/#breadcrumb\"},\"inLanguage\":\"en-GB\",\"potentialAction\":[{\"@type\":\"ReadAction\",\"target\":[\"https:\/\/vinilozona.lt\/parduotuve\/lietuviska\/vytautas-kernagis-%e2%80%8e-maza-ispazintis\/\"]}]},{\"@type\":\"ImageObject\",\"inLanguage\":\"en-GB\",\"@id\":\"https:\/\/vinilozona.lt\/parduotuve\/lietuviska\/vytautas-kernagis-%e2%80%8e-maza-ispazintis\/#primaryimage\",\"url\":\"https:\/\/vinilozona.lt\/wp-content\/uploads\/2020\/01\/vytautas-kernagis-tautos-sauklys-2-1.jpg\",\"contentUrl\":\"https:\/\/vinilozona.lt\/wp-content\/uploads\/2020\/01\/vytautas-kernagis-tautos-sauklys-2-1.jpg\",\"width\":759,\"height\":569},{\"@type\":\"BreadcrumbList\",\"@id\":\"https:\/\/vinilozona.lt\/parduotuve\/lietuviska\/vytautas-kernagis-%e2%80%8e-maza-ispazintis\/#breadcrumb\",\"itemListElement\":[{\"@type\":\"ListItem\",\"position\":1,\"name\":\"Home\",\"item\":\"https:\/\/vinilozona.lt\/\"},{\"@type\":\"ListItem\",\"position\":2,\"name\":\"Parduotuv\u0117\",\"item\":\"https:\/\/vinilozona.lt\/parduotuve\/\"},{\"@type\":\"ListItem\",\"position\":3,\"name\":\"Vytautas Kernagis \u200e\u2013 Ma\u017ea I\u0161pa\u017eintis\"}]},{\"@type\":\"WebSite\",\"@id\":\"https:\/\/vinilozona.lt\/#website\",\"url\":\"https:\/\/vinilozona.lt\/\",\"name\":\"Vinilo Zona\",\"description\":\"Nup\u016bsk dulkes ir klausyk LP\",\"potentialAction\":[{\"@type\":\"SearchAction\",\"target\":{\"@type\":\"EntryPoint\",\"urlTemplate\":\"https:\/\/vinilozona.lt\/?s={search_term_string}\"},\"query-input\":{\"@type\":\"PropertyValueSpecification\",\"valueRequired\":true,\"valueName\":\"search_term_string\"}}],\"inLanguage\":\"en-GB\"}]}<\/script>\n<!-- \/ Yoast SEO plugin. -->","yoast_head_json":{"title":"Vytautas Kernagis \u200e\u2013 Ma\u017ea I\u0161pa\u017eintis Vinilin\u0117 Plok\u0161tel\u0117 | Vinilozona.lt","robots":{"index":"index","follow":"follow","max-snippet":"max-snippet:-1","max-image-preview":"max-image-preview:large","max-video-preview":"max-video-preview:-1"},"canonical":"https:\/\/vinilozona.lt\/en\/parduotuve\/lietuviska\/vytautas-kernagis-\u200e-maza-ispazintis\/","og_locale":"en_GB","og_type":"article","og_title":"Vytautas Kernagis \u200e\u2013 Ma\u017ea I\u0161pa\u017eintis Vinilin\u0117 Plok\u0161tel\u0117 | Vinilozona.lt","og_description":"LP-003","og_url":"https:\/\/vinilozona.lt\/en\/parduotuve\/lietuviska\/vytautas-kernagis-\u200e-maza-ispazintis\/","og_site_name":"Vinilo Zona","article_modified_time":"2024-04-09T05:26:33+00:00","og_image":[{"width":759,"height":569,"url":"https:\/\/vinilozona.lt\/wp-content\/uploads\/2020\/01\/vytautas-kernagis-tautos-sauklys-2-1.jpg","type":"image\/jpeg"}],"twitter_card":"summary_large_image","schema":{"@context":"https:\/\/schema.org","@graph":[{"@type":"WebPage","@id":"https:\/\/vinilozona.lt\/parduotuve\/lietuviska\/vytautas-kernagis-%e2%80%8e-maza-ispazintis\/","url":"https:\/\/vinilozona.lt\/parduotuve\/lietuviska\/vytautas-kernagis-%e2%80%8e-maza-ispazintis\/","name":"Vytautas Kernagis \u200e\u2013 Ma\u017ea I\u0161pa\u017eintis Vinilin\u0117 Plok\u0161tel\u0117 | Vinilozona.lt","isPartOf":{"@id":"https:\/\/vinilozona.lt\/#website"},"primaryImageOfPage":{"@id":"https:\/\/vinilozona.lt\/parduotuve\/lietuviska\/vytautas-kernagis-%e2%80%8e-maza-ispazintis\/#primaryimage"},"image":{"@id":"https:\/\/vinilozona.lt\/parduotuve\/lietuviska\/vytautas-kernagis-%e2%80%8e-maza-ispazintis\/#primaryimage"},"thumbnailUrl":"https:\/\/vinilozona.lt\/wp-content\/uploads\/2020\/01\/vytautas-kernagis-tautos-sauklys-2-1.jpg","datePublished":"2020-01-03T18:57:40+00:00","dateModified":"2024-04-09T05:26:33+00:00","breadcrumb":{"@id":"https:\/\/vinilozona.lt\/parduotuve\/lietuviska\/vytautas-kernagis-%e2%80%8e-maza-ispazintis\/#breadcrumb"},"inLanguage":"en-GB","potentialAction":[{"@type":"ReadAction","target":["https:\/\/vinilozona.lt\/parduotuve\/lietuviska\/vytautas-kernagis-%e2%80%8e-maza-ispazintis\/"]}]},{"@type":"ImageObject","inLanguage":"en-GB","@id":"https:\/\/vinilozona.lt\/parduotuve\/lietuviska\/vytautas-kernagis-%e2%80%8e-maza-ispazintis\/#primaryimage","url":"https:\/\/vinilozona.lt\/wp-content\/uploads\/2020\/01\/vytautas-kernagis-tautos-sauklys-2-1.jpg","contentUrl":"https:\/\/vinilozona.lt\/wp-content\/uploads\/2020\/01\/vytautas-kernagis-tautos-sauklys-2-1.jpg","width":759,"height":569},{"@type":"BreadcrumbList","@id":"https:\/\/vinilozona.lt\/parduotuve\/lietuviska\/vytautas-kernagis-%e2%80%8e-maza-ispazintis\/#breadcrumb","itemListElement":[{"@type":"ListItem","position":1,"name":"Home","item":"https:\/\/vinilozona.lt\/"},{"@type":"ListItem","position":2,"name":"Parduotuv\u0117","item":"https:\/\/vinilozona.lt\/parduotuve\/"},{"@type":"ListItem","position":3,"name":"Vytautas Kernagis \u200e\u2013 Ma\u017ea I\u0161pa\u017eintis"}]},{"@type":"WebSite","@id":"https:\/\/vinilozona.lt\/#website","url":"https:\/\/vinilozona.lt\/","name":"Vinilo Zona","description":"Nup\u016bsk dulkes ir klausyk LP","potentialAction":[{"@type":"SearchAction","target":{"@type":"EntryPoint","urlTemplate":"https:\/\/vinilozona.lt\/?s={search_term_string}"},"query-input":{"@type":"PropertyValueSpecification","valueRequired":true,"valueName":"search_term_string"}}],"inLanguage":"en-GB"}]}},"_links":{"self":[{"href":"https:\/\/vinilozona.lt\/en\/wp-json\/wp\/v2\/product\/2508"}],"collection":[{"href":"https:\/\/vinilozona.lt\/en\/wp-json\/wp\/v2\/product"}],"about":[{"href":"https:\/\/vinilozona.lt\/en\/wp-json\/wp\/v2\/types\/product"}],"wp:featuredmedia":[{"embeddable":true,"href":"https:\/\/vinilozona.lt\/en\/wp-json\/wp\/v2\/media\/2510"}],"wp:attachment":[{"href":"https:\/\/vinilozona.lt\/en\/wp-json\/wp\/v2\/media?parent=2508"}],"wp:term":[{"taxonomy":"product_cat","embeddable":true,"href":"https:\/\/vinilozona.lt\/en\/wp-json\/wp\/v2\/product_cat?post=2508"},{"taxonomy":"product_tag","embeddable":true,"href":"https:\/\/vinilozona.lt\/en\/wp-json\/wp\/v2\/product_tag?post=2508"}],"curies":[{"name":"wp","href":"https:\/\/api.w.org\/{rel}","templated":true}]}}