{"id":2500,"date":"2020-01-03T20:30:30","date_gmt":"2020-01-03T18:30:30","guid":{"rendered":"https:\/\/vinylhome.lt\/?post_type=product&#038;p=2500"},"modified":"2021-12-12T22:35:07","modified_gmt":"2021-12-12T20:35:07","slug":"vytautas-babravicius-%e2%80%8e-vytureliai-jus-mano","status":"publish","type":"product","link":"https:\/\/vinilozona.lt\/en\/parduotuve\/lietuviska\/vytautas-babravicius-%e2%80%8e-vytureliai-jus-mano\/","title":{"rendered":"Vytautas Babravi\u010dius \u200e\u2013 Vytur\u0117liai, J\u016bs Mano&#8230;"},"content":{"rendered":"","protected":false},"excerpt":{"rendered":"<p>\u042160 26727 008<\/p>","protected":false},"featured_media":2501,"template":"","meta":[],"product_cat":[19],"product_tag":[55],"yoast_head":"<!-- This site is optimized with the Yoast SEO plugin v23.5 - https:\/\/yoast.com\/wordpress\/plugins\/seo\/ -->\n<title>Vytautas Babravi\u010dius \u200e\u2013 Vytur\u0117liai, J\u016bs Mano... Vinilin\u0117 Plok\u0161tel\u0117 | Vinilozona.lt<\/title>\n<meta name=\"robots\" content=\"index, follow, max-snippet:-1, max-image-preview:large, max-video-preview:-1\" \/>\n<link rel=\"canonical\" href=\"https:\/\/vinilozona.lt\/en\/parduotuve\/lietuviska\/vytautas-babravicius-\u200e-vytureliai-jus-mano\/\" \/>\n<meta property=\"og:locale\" content=\"en_GB\" \/>\n<meta property=\"og:type\" content=\"article\" \/>\n<meta property=\"og:title\" content=\"Vytautas Babravi\u010dius \u200e\u2013 Vytur\u0117liai, J\u016bs Mano... Vinilin\u0117 Plok\u0161tel\u0117 | Vinilozona.lt\" \/>\n<meta property=\"og:description\" content=\"\u042160 26727 008\" \/>\n<meta property=\"og:url\" content=\"https:\/\/vinilozona.lt\/en\/parduotuve\/lietuviska\/vytautas-babravicius-\u200e-vytureliai-jus-mano\/\" \/>\n<meta property=\"og:site_name\" content=\"Vinilo Zona\" \/>\n<meta property=\"article:modified_time\" content=\"2021-12-12T20:35:07+00:00\" \/>\n<meta property=\"og:image\" content=\"https:\/\/vinilozona.lt\/wp-content\/uploads\/2020\/01\/vytautas-babravicius-vytureliai-jus-mano-1.jpg\" \/>\n\t<meta property=\"og:image:width\" content=\"800\" \/>\n\t<meta property=\"og:image:height\" content=\"600\" \/>\n\t<meta property=\"og:image:type\" content=\"image\/jpeg\" \/>\n<meta name=\"twitter:card\" content=\"summary_large_image\" \/>\n<script type=\"application\/ld+json\" class=\"yoast-schema-graph\">{\"@context\":\"https:\/\/schema.org\",\"@graph\":[{\"@type\":\"WebPage\",\"@id\":\"https:\/\/vinilozona.lt\/parduotuve\/lietuviska\/vytautas-babravicius-%e2%80%8e-vytureliai-jus-mano\/\",\"url\":\"https:\/\/vinilozona.lt\/parduotuve\/lietuviska\/vytautas-babravicius-%e2%80%8e-vytureliai-jus-mano\/\",\"name\":\"Vytautas Babravi\u010dius \u200e\u2013 Vytur\u0117liai, J\u016bs Mano... Vinilin\u0117 Plok\u0161tel\u0117 | Vinilozona.lt\",\"isPartOf\":{\"@id\":\"https:\/\/vinilozona.lt\/#website\"},\"primaryImageOfPage\":{\"@id\":\"https:\/\/vinilozona.lt\/parduotuve\/lietuviska\/vytautas-babravicius-%e2%80%8e-vytureliai-jus-mano\/#primaryimage\"},\"image\":{\"@id\":\"https:\/\/vinilozona.lt\/parduotuve\/lietuviska\/vytautas-babravicius-%e2%80%8e-vytureliai-jus-mano\/#primaryimage\"},\"thumbnailUrl\":\"https:\/\/vinilozona.lt\/wp-content\/uploads\/2020\/01\/vytautas-babravicius-vytureliai-jus-mano-1.jpg\",\"datePublished\":\"2020-01-03T18:30:30+00:00\",\"dateModified\":\"2021-12-12T20:35:07+00:00\",\"breadcrumb\":{\"@id\":\"https:\/\/vinilozona.lt\/parduotuve\/lietuviska\/vytautas-babravicius-%e2%80%8e-vytureliai-jus-mano\/#breadcrumb\"},\"inLanguage\":\"en-GB\",\"potentialAction\":[{\"@type\":\"ReadAction\",\"target\":[\"https:\/\/vinilozona.lt\/parduotuve\/lietuviska\/vytautas-babravicius-%e2%80%8e-vytureliai-jus-mano\/\"]}]},{\"@type\":\"ImageObject\",\"inLanguage\":\"en-GB\",\"@id\":\"https:\/\/vinilozona.lt\/parduotuve\/lietuviska\/vytautas-babravicius-%e2%80%8e-vytureliai-jus-mano\/#primaryimage\",\"url\":\"https:\/\/vinilozona.lt\/wp-content\/uploads\/2020\/01\/vytautas-babravicius-vytureliai-jus-mano-1.jpg\",\"contentUrl\":\"https:\/\/vinilozona.lt\/wp-content\/uploads\/2020\/01\/vytautas-babravicius-vytureliai-jus-mano-1.jpg\",\"width\":800,\"height\":600},{\"@type\":\"BreadcrumbList\",\"@id\":\"https:\/\/vinilozona.lt\/parduotuve\/lietuviska\/vytautas-babravicius-%e2%80%8e-vytureliai-jus-mano\/#breadcrumb\",\"itemListElement\":[{\"@type\":\"ListItem\",\"position\":1,\"name\":\"Home\",\"item\":\"https:\/\/vinilozona.lt\/\"},{\"@type\":\"ListItem\",\"position\":2,\"name\":\"Parduotuv\u0117\",\"item\":\"https:\/\/vinilozona.lt\/parduotuve\/\"},{\"@type\":\"ListItem\",\"position\":3,\"name\":\"Vytautas Babravi\u010dius \u200e\u2013 Vytur\u0117liai, J\u016bs Mano&#8230;\"}]},{\"@type\":\"WebSite\",\"@id\":\"https:\/\/vinilozona.lt\/#website\",\"url\":\"https:\/\/vinilozona.lt\/\",\"name\":\"Vinilo Zona\",\"description\":\"Nup\u016bsk dulkes ir klausyk LP\",\"potentialAction\":[{\"@type\":\"SearchAction\",\"target\":{\"@type\":\"EntryPoint\",\"urlTemplate\":\"https:\/\/vinilozona.lt\/?s={search_term_string}\"},\"query-input\":{\"@type\":\"PropertyValueSpecification\",\"valueRequired\":true,\"valueName\":\"search_term_string\"}}],\"inLanguage\":\"en-GB\"}]}<\/script>\n<!-- \/ Yoast SEO plugin. -->","yoast_head_json":{"title":"Vytautas Babravi\u010dius \u200e\u2013 Vytur\u0117liai, J\u016bs Mano... Vinilin\u0117 Plok\u0161tel\u0117 | Vinilozona.lt","robots":{"index":"index","follow":"follow","max-snippet":"max-snippet:-1","max-image-preview":"max-image-preview:large","max-video-preview":"max-video-preview:-1"},"canonical":"https:\/\/vinilozona.lt\/en\/parduotuve\/lietuviska\/vytautas-babravicius-\u200e-vytureliai-jus-mano\/","og_locale":"en_GB","og_type":"article","og_title":"Vytautas Babravi\u010dius \u200e\u2013 Vytur\u0117liai, J\u016bs Mano... Vinilin\u0117 Plok\u0161tel\u0117 | Vinilozona.lt","og_description":"\u042160 26727 008","og_url":"https:\/\/vinilozona.lt\/en\/parduotuve\/lietuviska\/vytautas-babravicius-\u200e-vytureliai-jus-mano\/","og_site_name":"Vinilo Zona","article_modified_time":"2021-12-12T20:35:07+00:00","og_image":[{"width":800,"height":600,"url":"https:\/\/vinilozona.lt\/wp-content\/uploads\/2020\/01\/vytautas-babravicius-vytureliai-jus-mano-1.jpg","type":"image\/jpeg"}],"twitter_card":"summary_large_image","schema":{"@context":"https:\/\/schema.org","@graph":[{"@type":"WebPage","@id":"https:\/\/vinilozona.lt\/parduotuve\/lietuviska\/vytautas-babravicius-%e2%80%8e-vytureliai-jus-mano\/","url":"https:\/\/vinilozona.lt\/parduotuve\/lietuviska\/vytautas-babravicius-%e2%80%8e-vytureliai-jus-mano\/","name":"Vytautas Babravi\u010dius \u200e\u2013 Vytur\u0117liai, J\u016bs Mano... Vinilin\u0117 Plok\u0161tel\u0117 | Vinilozona.lt","isPartOf":{"@id":"https:\/\/vinilozona.lt\/#website"},"primaryImageOfPage":{"@id":"https:\/\/vinilozona.lt\/parduotuve\/lietuviska\/vytautas-babravicius-%e2%80%8e-vytureliai-jus-mano\/#primaryimage"},"image":{"@id":"https:\/\/vinilozona.lt\/parduotuve\/lietuviska\/vytautas-babravicius-%e2%80%8e-vytureliai-jus-mano\/#primaryimage"},"thumbnailUrl":"https:\/\/vinilozona.lt\/wp-content\/uploads\/2020\/01\/vytautas-babravicius-vytureliai-jus-mano-1.jpg","datePublished":"2020-01-03T18:30:30+00:00","dateModified":"2021-12-12T20:35:07+00:00","breadcrumb":{"@id":"https:\/\/vinilozona.lt\/parduotuve\/lietuviska\/vytautas-babravicius-%e2%80%8e-vytureliai-jus-mano\/#breadcrumb"},"inLanguage":"en-GB","potentialAction":[{"@type":"ReadAction","target":["https:\/\/vinilozona.lt\/parduotuve\/lietuviska\/vytautas-babravicius-%e2%80%8e-vytureliai-jus-mano\/"]}]},{"@type":"ImageObject","inLanguage":"en-GB","@id":"https:\/\/vinilozona.lt\/parduotuve\/lietuviska\/vytautas-babravicius-%e2%80%8e-vytureliai-jus-mano\/#primaryimage","url":"https:\/\/vinilozona.lt\/wp-content\/uploads\/2020\/01\/vytautas-babravicius-vytureliai-jus-mano-1.jpg","contentUrl":"https:\/\/vinilozona.lt\/wp-content\/uploads\/2020\/01\/vytautas-babravicius-vytureliai-jus-mano-1.jpg","width":800,"height":600},{"@type":"BreadcrumbList","@id":"https:\/\/vinilozona.lt\/parduotuve\/lietuviska\/vytautas-babravicius-%e2%80%8e-vytureliai-jus-mano\/#breadcrumb","itemListElement":[{"@type":"ListItem","position":1,"name":"Home","item":"https:\/\/vinilozona.lt\/"},{"@type":"ListItem","position":2,"name":"Parduotuv\u0117","item":"https:\/\/vinilozona.lt\/parduotuve\/"},{"@type":"ListItem","position":3,"name":"Vytautas Babravi\u010dius \u200e\u2013 Vytur\u0117liai, J\u016bs Mano&#8230;"}]},{"@type":"WebSite","@id":"https:\/\/vinilozona.lt\/#website","url":"https:\/\/vinilozona.lt\/","name":"Vinilo Zona","description":"Nup\u016bsk dulkes ir klausyk LP","potentialAction":[{"@type":"SearchAction","target":{"@type":"EntryPoint","urlTemplate":"https:\/\/vinilozona.lt\/?s={search_term_string}"},"query-input":{"@type":"PropertyValueSpecification","valueRequired":true,"valueName":"search_term_string"}}],"inLanguage":"en-GB"}]}},"_links":{"self":[{"href":"https:\/\/vinilozona.lt\/en\/wp-json\/wp\/v2\/product\/2500"}],"collection":[{"href":"https:\/\/vinilozona.lt\/en\/wp-json\/wp\/v2\/product"}],"about":[{"href":"https:\/\/vinilozona.lt\/en\/wp-json\/wp\/v2\/types\/product"}],"wp:featuredmedia":[{"embeddable":true,"href":"https:\/\/vinilozona.lt\/en\/wp-json\/wp\/v2\/media\/2501"}],"wp:attachment":[{"href":"https:\/\/vinilozona.lt\/en\/wp-json\/wp\/v2\/media?parent=2500"}],"wp:term":[{"taxonomy":"product_cat","embeddable":true,"href":"https:\/\/vinilozona.lt\/en\/wp-json\/wp\/v2\/product_cat?post=2500"},{"taxonomy":"product_tag","embeddable":true,"href":"https:\/\/vinilozona.lt\/en\/wp-json\/wp\/v2\/product_tag?post=2500"}],"curies":[{"name":"wp","href":"https:\/\/api.w.org\/{rel}","templated":true}]}}