{"id":24949,"date":"2025-12-12T17:31:51","date_gmt":"2025-12-12T15:31:51","guid":{"rendered":"https:\/\/vinilozona.lt\/?post_type=product&#038;p=24949"},"modified":"2026-02-08T23:30:11","modified_gmt":"2026-02-08T21:30:11","slug":"stasys-povilaitis-dainuoja-stasys-povilaitis-2","status":"publish","type":"product","link":"https:\/\/vinilozona.lt\/en\/parduotuve\/lietuviska\/stasys-povilaitis-dainuoja-stasys-povilaitis-2\/","title":{"rendered":"Stasys Povilaitis \u2013 Dainuoja Stasys Povilaitis"},"content":{"rendered":"<p>A1\t\tPaklydo Ramun\u0117 3:18<br \/>\nA2\t\tSudie, Mama 2:48<br \/>\nA3\t\tTu Man Atleisk 3:30<br \/>\nA4\t\tTu Ateisi 4:08<br \/>\nA5\t\tApginkime Dain\u0105 6:19<br \/>\nB1\t\tTavo Lang\u0173 \u0160iluma 3:09<br \/>\nB2\t\tGal Ir Teks 2:06<br \/>\nB3\t\tTik Rytoj 4:45<br \/>\nB4\t\tTau, J\u016bra 2:20<br \/>\nB5\t\tV\u0117l \u0160vieski 3:35<\/p>","protected":false},"excerpt":{"rendered":"<p>Label:\tVinilo Studija \u2013 VS021<br \/>\nFormat:\tVinyl, LP, Album, Reissue<br \/>\nCountry:\tLithuania<br \/>\nReleased:\t2024<\/p>","protected":false},"featured_media":24950,"template":"","meta":[],"product_cat":[19,23],"product_tag":[55],"yoast_head":"<!-- This site is optimized with the Yoast SEO plugin v23.5 - https:\/\/yoast.com\/wordpress\/plugins\/seo\/ -->\n<title>Stasys Povilaitis \u2013 Dainuoja Stasys Povilaitis Vinilin\u0117 Plok\u0161tel\u0117 | Vinilozona.lt<\/title>\n<meta name=\"robots\" content=\"index, follow, max-snippet:-1, max-image-preview:large, max-video-preview:-1\" \/>\n<link rel=\"canonical\" href=\"https:\/\/vinilozona.lt\/en\/parduotuve\/lietuviska\/stasys-povilaitis-dainuoja-stasys-povilaitis-2\/\" \/>\n<meta property=\"og:locale\" content=\"en_GB\" \/>\n<meta property=\"og:type\" content=\"article\" \/>\n<meta property=\"og:title\" content=\"Stasys Povilaitis \u2013 Dainuoja Stasys Povilaitis Vinilin\u0117 Plok\u0161tel\u0117 | Vinilozona.lt\" \/>\n<meta property=\"og:description\" content=\"Label: Vinilo Studija \u2013 VS021 Format: Vinyl, LP, Album, Reissue Country: Lithuania Released: 2024\" \/>\n<meta property=\"og:url\" content=\"https:\/\/vinilozona.lt\/en\/parduotuve\/lietuviska\/stasys-povilaitis-dainuoja-stasys-povilaitis-2\/\" \/>\n<meta property=\"og:site_name\" content=\"Vinilo Zona\" \/>\n<meta property=\"article:modified_time\" content=\"2026-02-08T21:30:11+00:00\" \/>\n<meta property=\"og:image\" content=\"https:\/\/vinilozona.lt\/wp-content\/uploads\/2024\/05\/R-30579976-1714804875-8165.jpg\" \/>\n\t<meta property=\"og:image:width\" content=\"600\" \/>\n\t<meta property=\"og:image:height\" content=\"601\" \/>\n\t<meta property=\"og:image:type\" content=\"image\/jpeg\" \/>\n<meta name=\"twitter:card\" content=\"summary_large_image\" \/>\n<script type=\"application\/ld+json\" class=\"yoast-schema-graph\">{\"@context\":\"https:\/\/schema.org\",\"@graph\":[{\"@type\":\"WebPage\",\"@id\":\"https:\/\/vinilozona.lt\/parduotuve\/lietuviska\/stasys-povilaitis-dainuoja-stasys-povilaitis-2\/\",\"url\":\"https:\/\/vinilozona.lt\/parduotuve\/lietuviska\/stasys-povilaitis-dainuoja-stasys-povilaitis-2\/\",\"name\":\"Stasys Povilaitis \u2013 Dainuoja Stasys Povilaitis Vinilin\u0117 Plok\u0161tel\u0117 | Vinilozona.lt\",\"isPartOf\":{\"@id\":\"https:\/\/vinilozona.lt\/#website\"},\"primaryImageOfPage\":{\"@id\":\"https:\/\/vinilozona.lt\/parduotuve\/lietuviska\/stasys-povilaitis-dainuoja-stasys-povilaitis-2\/#primaryimage\"},\"image\":{\"@id\":\"https:\/\/vinilozona.lt\/parduotuve\/lietuviska\/stasys-povilaitis-dainuoja-stasys-povilaitis-2\/#primaryimage\"},\"thumbnailUrl\":\"https:\/\/vinilozona.lt\/wp-content\/uploads\/2024\/05\/R-30579976-1714804875-8165.jpg\",\"datePublished\":\"2025-12-12T15:31:51+00:00\",\"dateModified\":\"2026-02-08T21:30:11+00:00\",\"breadcrumb\":{\"@id\":\"https:\/\/vinilozona.lt\/parduotuve\/lietuviska\/stasys-povilaitis-dainuoja-stasys-povilaitis-2\/#breadcrumb\"},\"inLanguage\":\"en-GB\",\"potentialAction\":[{\"@type\":\"ReadAction\",\"target\":[\"https:\/\/vinilozona.lt\/parduotuve\/lietuviska\/stasys-povilaitis-dainuoja-stasys-povilaitis-2\/\"]}]},{\"@type\":\"ImageObject\",\"inLanguage\":\"en-GB\",\"@id\":\"https:\/\/vinilozona.lt\/parduotuve\/lietuviska\/stasys-povilaitis-dainuoja-stasys-povilaitis-2\/#primaryimage\",\"url\":\"https:\/\/vinilozona.lt\/wp-content\/uploads\/2024\/05\/R-30579976-1714804875-8165.jpg\",\"contentUrl\":\"https:\/\/vinilozona.lt\/wp-content\/uploads\/2024\/05\/R-30579976-1714804875-8165.jpg\",\"width\":600,\"height\":601},{\"@type\":\"BreadcrumbList\",\"@id\":\"https:\/\/vinilozona.lt\/parduotuve\/lietuviska\/stasys-povilaitis-dainuoja-stasys-povilaitis-2\/#breadcrumb\",\"itemListElement\":[{\"@type\":\"ListItem\",\"position\":1,\"name\":\"Home\",\"item\":\"https:\/\/vinilozona.lt\/\"},{\"@type\":\"ListItem\",\"position\":2,\"name\":\"Parduotuv\u0117\",\"item\":\"https:\/\/vinilozona.lt\/parduotuve\/\"},{\"@type\":\"ListItem\",\"position\":3,\"name\":\"Stasys Povilaitis \u2013 Dainuoja Stasys Povilaitis\"}]},{\"@type\":\"WebSite\",\"@id\":\"https:\/\/vinilozona.lt\/#website\",\"url\":\"https:\/\/vinilozona.lt\/\",\"name\":\"Vinilo Zona\",\"description\":\"Nup\u016bsk dulkes ir klausyk LP\",\"potentialAction\":[{\"@type\":\"SearchAction\",\"target\":{\"@type\":\"EntryPoint\",\"urlTemplate\":\"https:\/\/vinilozona.lt\/?s={search_term_string}\"},\"query-input\":{\"@type\":\"PropertyValueSpecification\",\"valueRequired\":true,\"valueName\":\"search_term_string\"}}],\"inLanguage\":\"en-GB\"}]}<\/script>\n<!-- \/ Yoast SEO plugin. -->","yoast_head_json":{"title":"Stasys Povilaitis \u2013 Dainuoja Stasys Povilaitis Vinilin\u0117 Plok\u0161tel\u0117 | Vinilozona.lt","robots":{"index":"index","follow":"follow","max-snippet":"max-snippet:-1","max-image-preview":"max-image-preview:large","max-video-preview":"max-video-preview:-1"},"canonical":"https:\/\/vinilozona.lt\/en\/parduotuve\/lietuviska\/stasys-povilaitis-dainuoja-stasys-povilaitis-2\/","og_locale":"en_GB","og_type":"article","og_title":"Stasys Povilaitis \u2013 Dainuoja Stasys Povilaitis Vinilin\u0117 Plok\u0161tel\u0117 | Vinilozona.lt","og_description":"Label: Vinilo Studija \u2013 VS021 Format: Vinyl, LP, Album, Reissue Country: Lithuania Released: 2024","og_url":"https:\/\/vinilozona.lt\/en\/parduotuve\/lietuviska\/stasys-povilaitis-dainuoja-stasys-povilaitis-2\/","og_site_name":"Vinilo Zona","article_modified_time":"2026-02-08T21:30:11+00:00","og_image":[{"width":600,"height":601,"url":"https:\/\/vinilozona.lt\/wp-content\/uploads\/2024\/05\/R-30579976-1714804875-8165.jpg","type":"image\/jpeg"}],"twitter_card":"summary_large_image","schema":{"@context":"https:\/\/schema.org","@graph":[{"@type":"WebPage","@id":"https:\/\/vinilozona.lt\/parduotuve\/lietuviska\/stasys-povilaitis-dainuoja-stasys-povilaitis-2\/","url":"https:\/\/vinilozona.lt\/parduotuve\/lietuviska\/stasys-povilaitis-dainuoja-stasys-povilaitis-2\/","name":"Stasys Povilaitis \u2013 Dainuoja Stasys Povilaitis Vinilin\u0117 Plok\u0161tel\u0117 | Vinilozona.lt","isPartOf":{"@id":"https:\/\/vinilozona.lt\/#website"},"primaryImageOfPage":{"@id":"https:\/\/vinilozona.lt\/parduotuve\/lietuviska\/stasys-povilaitis-dainuoja-stasys-povilaitis-2\/#primaryimage"},"image":{"@id":"https:\/\/vinilozona.lt\/parduotuve\/lietuviska\/stasys-povilaitis-dainuoja-stasys-povilaitis-2\/#primaryimage"},"thumbnailUrl":"https:\/\/vinilozona.lt\/wp-content\/uploads\/2024\/05\/R-30579976-1714804875-8165.jpg","datePublished":"2025-12-12T15:31:51+00:00","dateModified":"2026-02-08T21:30:11+00:00","breadcrumb":{"@id":"https:\/\/vinilozona.lt\/parduotuve\/lietuviska\/stasys-povilaitis-dainuoja-stasys-povilaitis-2\/#breadcrumb"},"inLanguage":"en-GB","potentialAction":[{"@type":"ReadAction","target":["https:\/\/vinilozona.lt\/parduotuve\/lietuviska\/stasys-povilaitis-dainuoja-stasys-povilaitis-2\/"]}]},{"@type":"ImageObject","inLanguage":"en-GB","@id":"https:\/\/vinilozona.lt\/parduotuve\/lietuviska\/stasys-povilaitis-dainuoja-stasys-povilaitis-2\/#primaryimage","url":"https:\/\/vinilozona.lt\/wp-content\/uploads\/2024\/05\/R-30579976-1714804875-8165.jpg","contentUrl":"https:\/\/vinilozona.lt\/wp-content\/uploads\/2024\/05\/R-30579976-1714804875-8165.jpg","width":600,"height":601},{"@type":"BreadcrumbList","@id":"https:\/\/vinilozona.lt\/parduotuve\/lietuviska\/stasys-povilaitis-dainuoja-stasys-povilaitis-2\/#breadcrumb","itemListElement":[{"@type":"ListItem","position":1,"name":"Home","item":"https:\/\/vinilozona.lt\/"},{"@type":"ListItem","position":2,"name":"Parduotuv\u0117","item":"https:\/\/vinilozona.lt\/parduotuve\/"},{"@type":"ListItem","position":3,"name":"Stasys Povilaitis \u2013 Dainuoja Stasys Povilaitis"}]},{"@type":"WebSite","@id":"https:\/\/vinilozona.lt\/#website","url":"https:\/\/vinilozona.lt\/","name":"Vinilo Zona","description":"Nup\u016bsk dulkes ir klausyk LP","potentialAction":[{"@type":"SearchAction","target":{"@type":"EntryPoint","urlTemplate":"https:\/\/vinilozona.lt\/?s={search_term_string}"},"query-input":{"@type":"PropertyValueSpecification","valueRequired":true,"valueName":"search_term_string"}}],"inLanguage":"en-GB"}]}},"_links":{"self":[{"href":"https:\/\/vinilozona.lt\/en\/wp-json\/wp\/v2\/product\/24949"}],"collection":[{"href":"https:\/\/vinilozona.lt\/en\/wp-json\/wp\/v2\/product"}],"about":[{"href":"https:\/\/vinilozona.lt\/en\/wp-json\/wp\/v2\/types\/product"}],"wp:featuredmedia":[{"embeddable":true,"href":"https:\/\/vinilozona.lt\/en\/wp-json\/wp\/v2\/media\/24950"}],"wp:attachment":[{"href":"https:\/\/vinilozona.lt\/en\/wp-json\/wp\/v2\/media?parent=24949"}],"wp:term":[{"taxonomy":"product_cat","embeddable":true,"href":"https:\/\/vinilozona.lt\/en\/wp-json\/wp\/v2\/product_cat?post=24949"},{"taxonomy":"product_tag","embeddable":true,"href":"https:\/\/vinilozona.lt\/en\/wp-json\/wp\/v2\/product_tag?post=24949"}],"curies":[{"name":"wp","href":"https:\/\/api.w.org\/{rel}","templated":true}]}}