{"id":24926,"date":"2024-05-12T12:00:44","date_gmt":"2024-05-12T09:00:44","guid":{"rendered":"https:\/\/vinilozona.lt\/?post_type=product&#038;p=24926"},"modified":"2024-05-06T20:17:02","modified_gmt":"2024-05-06T17:17:02","slug":"jack-harlow-come-home-the-kids-miss-you","status":"publish","type":"product","link":"https:\/\/vinilozona.lt\/en\/parduotuve\/naujos-lp\/jack-harlow-come-home-the-kids-miss-you\/","title":{"rendered":"Jack Harlow \u2013 Come Home The Kids Miss You"},"content":{"rendered":"<p>A1\t\tTalk Of The Town<br \/>\nA2\t\tYoung Harleezy<br \/>\nA3\t\tI&#8217;d Do Anything To Make You Smile<br \/>\nA4\t\tFirst Class<br \/>\nA5\t\tDua Lipa<br \/>\nA6\t\tSide Piece<br \/>\nA7\t\tMovie Star<br \/>\nA8\t\tLil Secret<br \/>\nB9\t\tI Got A Shot<br \/>\nB10\t\tChurchill Downs<br \/>\nB11\t\tLike A Blade Of Grass<br \/>\nB12\t\tParent Trap<br \/>\nB13\t\tPoison<br \/>\nB14\t\tNail Tech<br \/>\nB15\t\tState Fair<\/p>","protected":false},"excerpt":{"rendered":"<p>Label:\tAtlantic Recording Corporation \u2013 075678635854, Generation Now \u2013 075678635854<br \/>\nFormat:\tVinyl, LP, Album, Stereo, White<br \/>\nCountry:\tUS<br \/>\nReleased:\tSep 16, 2022<\/p>","protected":false},"featured_media":24927,"template":"","meta":[],"product_cat":[23],"product_tag":[55],"yoast_head":"<!-- This site is optimized with the Yoast SEO plugin v23.5 - https:\/\/yoast.com\/wordpress\/plugins\/seo\/ -->\n<title>Jack Harlow \u2013 Come Home The Kids Miss You Vinilin\u0117 Plok\u0161tel\u0117 | Vinilozona.lt<\/title>\n<meta name=\"robots\" content=\"index, follow, max-snippet:-1, max-image-preview:large, max-video-preview:-1\" \/>\n<link rel=\"canonical\" href=\"https:\/\/vinilozona.lt\/en\/parduotuve\/naujos-lp\/jack-harlow-come-home-the-kids-miss-you\/\" \/>\n<meta property=\"og:locale\" content=\"en_GB\" \/>\n<meta property=\"og:type\" content=\"article\" \/>\n<meta property=\"og:title\" content=\"Jack Harlow \u2013 Come Home The Kids Miss You Vinilin\u0117 Plok\u0161tel\u0117 | Vinilozona.lt\" \/>\n<meta property=\"og:description\" content=\"Label: Atlantic Recording Corporation \u2013 075678635854, Generation Now \u2013 075678635854 Format: Vinyl, LP, Album, Stereo, White Country: US Released: Sep 16, 2022\" \/>\n<meta property=\"og:url\" content=\"https:\/\/vinilozona.lt\/en\/parduotuve\/naujos-lp\/jack-harlow-come-home-the-kids-miss-you\/\" \/>\n<meta property=\"og:site_name\" content=\"Vinilo Zona\" \/>\n<meta property=\"article:modified_time\" content=\"2024-05-06T17:17:02+00:00\" \/>\n<meta property=\"og:image\" content=\"https:\/\/vinilozona.lt\/wp-content\/uploads\/2024\/05\/R-24662123-1664413456-9539.jpg\" \/>\n\t<meta property=\"og:image:width\" content=\"600\" \/>\n\t<meta property=\"og:image:height\" content=\"600\" \/>\n\t<meta property=\"og:image:type\" content=\"image\/jpeg\" \/>\n<meta name=\"twitter:card\" content=\"summary_large_image\" \/>\n<script type=\"application\/ld+json\" class=\"yoast-schema-graph\">{\"@context\":\"https:\/\/schema.org\",\"@graph\":[{\"@type\":\"WebPage\",\"@id\":\"https:\/\/vinilozona.lt\/parduotuve\/naujos-lp\/jack-harlow-come-home-the-kids-miss-you\/\",\"url\":\"https:\/\/vinilozona.lt\/parduotuve\/naujos-lp\/jack-harlow-come-home-the-kids-miss-you\/\",\"name\":\"Jack Harlow \u2013 Come Home The Kids Miss You Vinilin\u0117 Plok\u0161tel\u0117 | Vinilozona.lt\",\"isPartOf\":{\"@id\":\"https:\/\/vinilozona.lt\/#website\"},\"primaryImageOfPage\":{\"@id\":\"https:\/\/vinilozona.lt\/parduotuve\/naujos-lp\/jack-harlow-come-home-the-kids-miss-you\/#primaryimage\"},\"image\":{\"@id\":\"https:\/\/vinilozona.lt\/parduotuve\/naujos-lp\/jack-harlow-come-home-the-kids-miss-you\/#primaryimage\"},\"thumbnailUrl\":\"https:\/\/vinilozona.lt\/wp-content\/uploads\/2024\/05\/R-24662123-1664413456-9539.jpg\",\"datePublished\":\"2024-05-12T09:00:44+00:00\",\"dateModified\":\"2024-05-06T17:17:02+00:00\",\"breadcrumb\":{\"@id\":\"https:\/\/vinilozona.lt\/parduotuve\/naujos-lp\/jack-harlow-come-home-the-kids-miss-you\/#breadcrumb\"},\"inLanguage\":\"en-GB\",\"potentialAction\":[{\"@type\":\"ReadAction\",\"target\":[\"https:\/\/vinilozona.lt\/parduotuve\/naujos-lp\/jack-harlow-come-home-the-kids-miss-you\/\"]}]},{\"@type\":\"ImageObject\",\"inLanguage\":\"en-GB\",\"@id\":\"https:\/\/vinilozona.lt\/parduotuve\/naujos-lp\/jack-harlow-come-home-the-kids-miss-you\/#primaryimage\",\"url\":\"https:\/\/vinilozona.lt\/wp-content\/uploads\/2024\/05\/R-24662123-1664413456-9539.jpg\",\"contentUrl\":\"https:\/\/vinilozona.lt\/wp-content\/uploads\/2024\/05\/R-24662123-1664413456-9539.jpg\",\"width\":600,\"height\":600},{\"@type\":\"BreadcrumbList\",\"@id\":\"https:\/\/vinilozona.lt\/parduotuve\/naujos-lp\/jack-harlow-come-home-the-kids-miss-you\/#breadcrumb\",\"itemListElement\":[{\"@type\":\"ListItem\",\"position\":1,\"name\":\"Home\",\"item\":\"https:\/\/vinilozona.lt\/\"},{\"@type\":\"ListItem\",\"position\":2,\"name\":\"Parduotuv\u0117\",\"item\":\"https:\/\/vinilozona.lt\/parduotuve\/\"},{\"@type\":\"ListItem\",\"position\":3,\"name\":\"Jack Harlow \u2013 Come Home The Kids Miss You\"}]},{\"@type\":\"WebSite\",\"@id\":\"https:\/\/vinilozona.lt\/#website\",\"url\":\"https:\/\/vinilozona.lt\/\",\"name\":\"Vinilo Zona\",\"description\":\"Nup\u016bsk dulkes ir klausyk LP\",\"potentialAction\":[{\"@type\":\"SearchAction\",\"target\":{\"@type\":\"EntryPoint\",\"urlTemplate\":\"https:\/\/vinilozona.lt\/?s={search_term_string}\"},\"query-input\":{\"@type\":\"PropertyValueSpecification\",\"valueRequired\":true,\"valueName\":\"search_term_string\"}}],\"inLanguage\":\"en-GB\"}]}<\/script>\n<!-- \/ Yoast SEO plugin. -->","yoast_head_json":{"title":"Jack Harlow \u2013 Come Home The Kids Miss You Vinilin\u0117 Plok\u0161tel\u0117 | Vinilozona.lt","robots":{"index":"index","follow":"follow","max-snippet":"max-snippet:-1","max-image-preview":"max-image-preview:large","max-video-preview":"max-video-preview:-1"},"canonical":"https:\/\/vinilozona.lt\/en\/parduotuve\/naujos-lp\/jack-harlow-come-home-the-kids-miss-you\/","og_locale":"en_GB","og_type":"article","og_title":"Jack Harlow \u2013 Come Home The Kids Miss You Vinilin\u0117 Plok\u0161tel\u0117 | Vinilozona.lt","og_description":"Label: Atlantic Recording Corporation \u2013 075678635854, Generation Now \u2013 075678635854 Format: Vinyl, LP, Album, Stereo, White Country: US Released: Sep 16, 2022","og_url":"https:\/\/vinilozona.lt\/en\/parduotuve\/naujos-lp\/jack-harlow-come-home-the-kids-miss-you\/","og_site_name":"Vinilo Zona","article_modified_time":"2024-05-06T17:17:02+00:00","og_image":[{"width":600,"height":600,"url":"https:\/\/vinilozona.lt\/wp-content\/uploads\/2024\/05\/R-24662123-1664413456-9539.jpg","type":"image\/jpeg"}],"twitter_card":"summary_large_image","schema":{"@context":"https:\/\/schema.org","@graph":[{"@type":"WebPage","@id":"https:\/\/vinilozona.lt\/parduotuve\/naujos-lp\/jack-harlow-come-home-the-kids-miss-you\/","url":"https:\/\/vinilozona.lt\/parduotuve\/naujos-lp\/jack-harlow-come-home-the-kids-miss-you\/","name":"Jack Harlow \u2013 Come Home The Kids Miss You Vinilin\u0117 Plok\u0161tel\u0117 | Vinilozona.lt","isPartOf":{"@id":"https:\/\/vinilozona.lt\/#website"},"primaryImageOfPage":{"@id":"https:\/\/vinilozona.lt\/parduotuve\/naujos-lp\/jack-harlow-come-home-the-kids-miss-you\/#primaryimage"},"image":{"@id":"https:\/\/vinilozona.lt\/parduotuve\/naujos-lp\/jack-harlow-come-home-the-kids-miss-you\/#primaryimage"},"thumbnailUrl":"https:\/\/vinilozona.lt\/wp-content\/uploads\/2024\/05\/R-24662123-1664413456-9539.jpg","datePublished":"2024-05-12T09:00:44+00:00","dateModified":"2024-05-06T17:17:02+00:00","breadcrumb":{"@id":"https:\/\/vinilozona.lt\/parduotuve\/naujos-lp\/jack-harlow-come-home-the-kids-miss-you\/#breadcrumb"},"inLanguage":"en-GB","potentialAction":[{"@type":"ReadAction","target":["https:\/\/vinilozona.lt\/parduotuve\/naujos-lp\/jack-harlow-come-home-the-kids-miss-you\/"]}]},{"@type":"ImageObject","inLanguage":"en-GB","@id":"https:\/\/vinilozona.lt\/parduotuve\/naujos-lp\/jack-harlow-come-home-the-kids-miss-you\/#primaryimage","url":"https:\/\/vinilozona.lt\/wp-content\/uploads\/2024\/05\/R-24662123-1664413456-9539.jpg","contentUrl":"https:\/\/vinilozona.lt\/wp-content\/uploads\/2024\/05\/R-24662123-1664413456-9539.jpg","width":600,"height":600},{"@type":"BreadcrumbList","@id":"https:\/\/vinilozona.lt\/parduotuve\/naujos-lp\/jack-harlow-come-home-the-kids-miss-you\/#breadcrumb","itemListElement":[{"@type":"ListItem","position":1,"name":"Home","item":"https:\/\/vinilozona.lt\/"},{"@type":"ListItem","position":2,"name":"Parduotuv\u0117","item":"https:\/\/vinilozona.lt\/parduotuve\/"},{"@type":"ListItem","position":3,"name":"Jack Harlow \u2013 Come Home The Kids Miss You"}]},{"@type":"WebSite","@id":"https:\/\/vinilozona.lt\/#website","url":"https:\/\/vinilozona.lt\/","name":"Vinilo Zona","description":"Nup\u016bsk dulkes ir klausyk LP","potentialAction":[{"@type":"SearchAction","target":{"@type":"EntryPoint","urlTemplate":"https:\/\/vinilozona.lt\/?s={search_term_string}"},"query-input":{"@type":"PropertyValueSpecification","valueRequired":true,"valueName":"search_term_string"}}],"inLanguage":"en-GB"}]}},"_links":{"self":[{"href":"https:\/\/vinilozona.lt\/en\/wp-json\/wp\/v2\/product\/24926"}],"collection":[{"href":"https:\/\/vinilozona.lt\/en\/wp-json\/wp\/v2\/product"}],"about":[{"href":"https:\/\/vinilozona.lt\/en\/wp-json\/wp\/v2\/types\/product"}],"wp:featuredmedia":[{"embeddable":true,"href":"https:\/\/vinilozona.lt\/en\/wp-json\/wp\/v2\/media\/24927"}],"wp:attachment":[{"href":"https:\/\/vinilozona.lt\/en\/wp-json\/wp\/v2\/media?parent=24926"}],"wp:term":[{"taxonomy":"product_cat","embeddable":true,"href":"https:\/\/vinilozona.lt\/en\/wp-json\/wp\/v2\/product_cat?post=24926"},{"taxonomy":"product_tag","embeddable":true,"href":"https:\/\/vinilozona.lt\/en\/wp-json\/wp\/v2\/product_tag?post=24926"}],"curies":[{"name":"wp","href":"https:\/\/api.w.org\/{rel}","templated":true}]}}