{"id":24918,"date":"2025-03-03T05:30:00","date_gmt":"2025-03-03T03:30:00","guid":{"rendered":"https:\/\/vinilozona.lt\/?post_type=product&#038;p=24918"},"modified":"2025-12-22T22:35:03","modified_gmt":"2025-12-22T20:35:03","slug":"mother-mother-grief-chapter","status":"publish","type":"product","link":"https:\/\/vinilozona.lt\/en\/parduotuve\/naujos-lp\/mother-mother-grief-chapter\/","title":{"rendered":"Madonna \u2013 Celebration  4 Lp"},"content":{"rendered":"<p>Hung Up\t5:38<br \/>\nMusic\t3:45<br \/>\nVogue\t5:16<br \/>\n4 Minutes\t3:09<br \/>\nHoliday\t6:08<br \/>\nEverybody\t4:10<br \/>\nLike A Virgin\t3:09<br \/>\nInto The Groove\t4:45<br \/>\nLike A Prayer\t5:42<br \/>\nRay Of Light\t4:33<br \/>\nSorry\t3:58<br \/>\nExpress Yourself\t4:00<br \/>\nOpen Your Heart\t3:49<br \/>\nBorderline\t3:59<br \/>\nSecret\t4:28<br \/>\nErotica\t4:30<br \/>\nJustify My Love\t4:54<br \/>\nRevolver\t3:40<br \/>\nDress You Up\t4:02<br \/>\nMaterial Girl\t4:00<br \/>\nLa Isla Bonita\t4:04<br \/>\nPapa Don&#8217;t Preach\t4:29<br \/>\nLucky Star\t3:38<br \/>\nBurning Up\t3:44<br \/>\nCrazy For You\t3:44<br \/>\nWho&#8217;s That Girl\t4:00<br \/>\nFrozen\t6:18<br \/>\nMiles Away\t3:45<br \/>\nTake A Bow\t5:20<br \/>\nLive To Tell\t5:51<br \/>\nBeautiful Stranger\t4:22<br \/>\nHollywood\t4:23<br \/>\nDie Another Day\t4:36<br \/>\nDon&#8217;t Tell Me\t4:11<br \/>\nCherish\t3:51<br \/>\nCelebration\t3:34<\/p>","protected":false},"excerpt":{"rendered":"<p>Warner Records \u2013 521096-1, Warner Records \u2013 093624972938<br \/>\nFormat:<br \/>\n4 x Vinyl, LP, Compilation, Reissue, Remastered, Repress, 180g, Gatefold<br \/>\nCountry:\tUSA &#038; Europe<br \/>\nReleased:\tMar 1, 2024<\/p>","protected":false},"featured_media":25008,"template":"","meta":[],"product_cat":[23],"product_tag":[55],"yoast_head":"<!-- This site is optimized with the Yoast SEO plugin v23.5 - https:\/\/yoast.com\/wordpress\/plugins\/seo\/ -->\n<title>Madonna \u2013 Celebration 4 Lp Vinilin\u0117 Plok\u0161tel\u0117 | Vinilozona.lt<\/title>\n<meta name=\"robots\" content=\"index, follow, max-snippet:-1, max-image-preview:large, max-video-preview:-1\" \/>\n<link rel=\"canonical\" href=\"https:\/\/vinilozona.lt\/en\/parduotuve\/naujos-lp\/mother-mother-grief-chapter\/\" \/>\n<meta property=\"og:locale\" content=\"en_GB\" \/>\n<meta property=\"og:type\" content=\"article\" \/>\n<meta property=\"og:title\" content=\"Madonna \u2013 Celebration 4 Lp Vinilin\u0117 Plok\u0161tel\u0117 | Vinilozona.lt\" \/>\n<meta property=\"og:description\" content=\"Warner Records \u2013 521096-1, Warner Records \u2013 093624972938 Format:  4 x Vinyl, LP, Compilation, Reissue, Remastered, Repress, 180g, Gatefold Country: USA &amp; Europe Released: Mar 1, 2024\" \/>\n<meta property=\"og:url\" content=\"https:\/\/vinilozona.lt\/en\/parduotuve\/naujos-lp\/mother-mother-grief-chapter\/\" \/>\n<meta property=\"og:site_name\" content=\"Vinilo Zona\" \/>\n<meta property=\"article:modified_time\" content=\"2025-12-22T20:35:03+00:00\" \/>\n<meta property=\"og:image\" content=\"https:\/\/vinilozona.lt\/wp-content\/uploads\/2024\/05\/R-29956063-1710880011-6221.jpg\" \/>\n\t<meta property=\"og:image:width\" content=\"599\" \/>\n\t<meta property=\"og:image:height\" content=\"591\" \/>\n\t<meta property=\"og:image:type\" content=\"image\/jpeg\" \/>\n<meta name=\"twitter:card\" content=\"summary_large_image\" \/>\n<script type=\"application\/ld+json\" class=\"yoast-schema-graph\">{\"@context\":\"https:\/\/schema.org\",\"@graph\":[{\"@type\":\"WebPage\",\"@id\":\"https:\/\/vinilozona.lt\/parduotuve\/naujos-lp\/mother-mother-grief-chapter\/\",\"url\":\"https:\/\/vinilozona.lt\/parduotuve\/naujos-lp\/mother-mother-grief-chapter\/\",\"name\":\"Madonna \u2013 Celebration 4 Lp Vinilin\u0117 Plok\u0161tel\u0117 | Vinilozona.lt\",\"isPartOf\":{\"@id\":\"https:\/\/vinilozona.lt\/#website\"},\"primaryImageOfPage\":{\"@id\":\"https:\/\/vinilozona.lt\/parduotuve\/naujos-lp\/mother-mother-grief-chapter\/#primaryimage\"},\"image\":{\"@id\":\"https:\/\/vinilozona.lt\/parduotuve\/naujos-lp\/mother-mother-grief-chapter\/#primaryimage\"},\"thumbnailUrl\":\"https:\/\/vinilozona.lt\/wp-content\/uploads\/2024\/05\/R-29956063-1710880011-6221.jpg\",\"datePublished\":\"2025-03-03T03:30:00+00:00\",\"dateModified\":\"2025-12-22T20:35:03+00:00\",\"breadcrumb\":{\"@id\":\"https:\/\/vinilozona.lt\/parduotuve\/naujos-lp\/mother-mother-grief-chapter\/#breadcrumb\"},\"inLanguage\":\"en-GB\",\"potentialAction\":[{\"@type\":\"ReadAction\",\"target\":[\"https:\/\/vinilozona.lt\/parduotuve\/naujos-lp\/mother-mother-grief-chapter\/\"]}]},{\"@type\":\"ImageObject\",\"inLanguage\":\"en-GB\",\"@id\":\"https:\/\/vinilozona.lt\/parduotuve\/naujos-lp\/mother-mother-grief-chapter\/#primaryimage\",\"url\":\"https:\/\/vinilozona.lt\/wp-content\/uploads\/2024\/05\/R-29956063-1710880011-6221.jpg\",\"contentUrl\":\"https:\/\/vinilozona.lt\/wp-content\/uploads\/2024\/05\/R-29956063-1710880011-6221.jpg\",\"width\":599,\"height\":591},{\"@type\":\"BreadcrumbList\",\"@id\":\"https:\/\/vinilozona.lt\/parduotuve\/naujos-lp\/mother-mother-grief-chapter\/#breadcrumb\",\"itemListElement\":[{\"@type\":\"ListItem\",\"position\":1,\"name\":\"Home\",\"item\":\"https:\/\/vinilozona.lt\/\"},{\"@type\":\"ListItem\",\"position\":2,\"name\":\"Parduotuv\u0117\",\"item\":\"https:\/\/vinilozona.lt\/parduotuve\/\"},{\"@type\":\"ListItem\",\"position\":3,\"name\":\"Madonna \u2013 Celebration 4 Lp\"}]},{\"@type\":\"WebSite\",\"@id\":\"https:\/\/vinilozona.lt\/#website\",\"url\":\"https:\/\/vinilozona.lt\/\",\"name\":\"Vinilo Zona\",\"description\":\"Nup\u016bsk dulkes ir klausyk LP\",\"potentialAction\":[{\"@type\":\"SearchAction\",\"target\":{\"@type\":\"EntryPoint\",\"urlTemplate\":\"https:\/\/vinilozona.lt\/?s={search_term_string}\"},\"query-input\":{\"@type\":\"PropertyValueSpecification\",\"valueRequired\":true,\"valueName\":\"search_term_string\"}}],\"inLanguage\":\"en-GB\"}]}<\/script>\n<!-- \/ Yoast SEO plugin. -->","yoast_head_json":{"title":"Madonna \u2013 Celebration 4 Lp Vinilin\u0117 Plok\u0161tel\u0117 | Vinilozona.lt","robots":{"index":"index","follow":"follow","max-snippet":"max-snippet:-1","max-image-preview":"max-image-preview:large","max-video-preview":"max-video-preview:-1"},"canonical":"https:\/\/vinilozona.lt\/en\/parduotuve\/naujos-lp\/mother-mother-grief-chapter\/","og_locale":"en_GB","og_type":"article","og_title":"Madonna \u2013 Celebration 4 Lp Vinilin\u0117 Plok\u0161tel\u0117 | Vinilozona.lt","og_description":"Warner Records \u2013 521096-1, Warner Records \u2013 093624972938 Format:  4 x Vinyl, LP, Compilation, Reissue, Remastered, Repress, 180g, Gatefold Country: USA & Europe Released: Mar 1, 2024","og_url":"https:\/\/vinilozona.lt\/en\/parduotuve\/naujos-lp\/mother-mother-grief-chapter\/","og_site_name":"Vinilo Zona","article_modified_time":"2025-12-22T20:35:03+00:00","og_image":[{"width":599,"height":591,"url":"https:\/\/vinilozona.lt\/wp-content\/uploads\/2024\/05\/R-29956063-1710880011-6221.jpg","type":"image\/jpeg"}],"twitter_card":"summary_large_image","schema":{"@context":"https:\/\/schema.org","@graph":[{"@type":"WebPage","@id":"https:\/\/vinilozona.lt\/parduotuve\/naujos-lp\/mother-mother-grief-chapter\/","url":"https:\/\/vinilozona.lt\/parduotuve\/naujos-lp\/mother-mother-grief-chapter\/","name":"Madonna \u2013 Celebration 4 Lp Vinilin\u0117 Plok\u0161tel\u0117 | Vinilozona.lt","isPartOf":{"@id":"https:\/\/vinilozona.lt\/#website"},"primaryImageOfPage":{"@id":"https:\/\/vinilozona.lt\/parduotuve\/naujos-lp\/mother-mother-grief-chapter\/#primaryimage"},"image":{"@id":"https:\/\/vinilozona.lt\/parduotuve\/naujos-lp\/mother-mother-grief-chapter\/#primaryimage"},"thumbnailUrl":"https:\/\/vinilozona.lt\/wp-content\/uploads\/2024\/05\/R-29956063-1710880011-6221.jpg","datePublished":"2025-03-03T03:30:00+00:00","dateModified":"2025-12-22T20:35:03+00:00","breadcrumb":{"@id":"https:\/\/vinilozona.lt\/parduotuve\/naujos-lp\/mother-mother-grief-chapter\/#breadcrumb"},"inLanguage":"en-GB","potentialAction":[{"@type":"ReadAction","target":["https:\/\/vinilozona.lt\/parduotuve\/naujos-lp\/mother-mother-grief-chapter\/"]}]},{"@type":"ImageObject","inLanguage":"en-GB","@id":"https:\/\/vinilozona.lt\/parduotuve\/naujos-lp\/mother-mother-grief-chapter\/#primaryimage","url":"https:\/\/vinilozona.lt\/wp-content\/uploads\/2024\/05\/R-29956063-1710880011-6221.jpg","contentUrl":"https:\/\/vinilozona.lt\/wp-content\/uploads\/2024\/05\/R-29956063-1710880011-6221.jpg","width":599,"height":591},{"@type":"BreadcrumbList","@id":"https:\/\/vinilozona.lt\/parduotuve\/naujos-lp\/mother-mother-grief-chapter\/#breadcrumb","itemListElement":[{"@type":"ListItem","position":1,"name":"Home","item":"https:\/\/vinilozona.lt\/"},{"@type":"ListItem","position":2,"name":"Parduotuv\u0117","item":"https:\/\/vinilozona.lt\/parduotuve\/"},{"@type":"ListItem","position":3,"name":"Madonna \u2013 Celebration 4 Lp"}]},{"@type":"WebSite","@id":"https:\/\/vinilozona.lt\/#website","url":"https:\/\/vinilozona.lt\/","name":"Vinilo Zona","description":"Nup\u016bsk dulkes ir klausyk LP","potentialAction":[{"@type":"SearchAction","target":{"@type":"EntryPoint","urlTemplate":"https:\/\/vinilozona.lt\/?s={search_term_string}"},"query-input":{"@type":"PropertyValueSpecification","valueRequired":true,"valueName":"search_term_string"}}],"inLanguage":"en-GB"}]}},"_links":{"self":[{"href":"https:\/\/vinilozona.lt\/en\/wp-json\/wp\/v2\/product\/24918"}],"collection":[{"href":"https:\/\/vinilozona.lt\/en\/wp-json\/wp\/v2\/product"}],"about":[{"href":"https:\/\/vinilozona.lt\/en\/wp-json\/wp\/v2\/types\/product"}],"wp:featuredmedia":[{"embeddable":true,"href":"https:\/\/vinilozona.lt\/en\/wp-json\/wp\/v2\/media\/25008"}],"wp:attachment":[{"href":"https:\/\/vinilozona.lt\/en\/wp-json\/wp\/v2\/media?parent=24918"}],"wp:term":[{"taxonomy":"product_cat","embeddable":true,"href":"https:\/\/vinilozona.lt\/en\/wp-json\/wp\/v2\/product_cat?post=24918"},{"taxonomy":"product_tag","embeddable":true,"href":"https:\/\/vinilozona.lt\/en\/wp-json\/wp\/v2\/product_tag?post=24918"}],"curies":[{"name":"wp","href":"https:\/\/api.w.org\/{rel}","templated":true}]}}