{"id":24904,"date":"2025-07-07T05:00:08","date_gmt":"2025-07-07T02:00:08","guid":{"rendered":"https:\/\/vinilozona.lt\/?post_type=product&#038;p=24904"},"modified":"2025-08-20T16:24:49","modified_gmt":"2025-08-20T13:24:49","slug":"rod-stewart-with-jools-holland-swing-fever","status":"publish","type":"product","link":"https:\/\/vinilozona.lt\/en\/parduotuve\/naujos-lp\/rod-stewart-with-jools-holland-swing-fever\/","title":{"rendered":"Rod Stewart With Jools Holland \u2013 Swing Fever"},"content":{"rendered":"<p>A1\t\tLullaby Of Broadway 5:03<br \/>\nA2\t\tOh Marie 2:33<br \/>\nA3\t\tSentimental Journey 2:55<br \/>\nA4\t\tPennies From Heaven 2:59<br \/>\nA5\t\tNight Train 2:57<br \/>\nA6\t\tLove Is The Sweetest Thing 2:56<br \/>\nB7\t\tThem There Eyes 2:25<br \/>\nB8\t\tGood Rockin&#8217; Tonight 2:50<br \/>\nB9\t\tAin&#8217;t Misbehavin&#8217; 2:26<br \/>\nB10\t\tFrankie And Johnny 3:02<br \/>\nB11\t\tWalkin&#8217; My Baby Back Home 2:19<br \/>\nB12\t\tAlmost Like Being In Love 2:40<br \/>\nB13\t\tTennessee Waltz 3:21<\/p>","protected":false},"excerpt":{"rendered":"<p>Label:\tMore Is More Records  \u2013 5054197308611<br \/>\nFormat:\tVinyl, LP, Album<br \/>\nCountry:\tEurope<br \/>\nReleased:\tFeb 23, 2023<\/p>","protected":false},"featured_media":24905,"template":"","meta":[],"product_cat":[23],"product_tag":[55],"yoast_head":"<!-- This site is optimized with the Yoast SEO plugin v23.5 - https:\/\/yoast.com\/wordpress\/plugins\/seo\/ -->\n<title>Rod Stewart With Jools Holland \u2013 Swing Fever Vinilin\u0117 Plok\u0161tel\u0117 | Vinilozona.lt<\/title>\n<meta name=\"robots\" content=\"index, follow, max-snippet:-1, max-image-preview:large, max-video-preview:-1\" \/>\n<link rel=\"canonical\" href=\"https:\/\/vinilozona.lt\/en\/parduotuve\/naujos-lp\/rod-stewart-with-jools-holland-swing-fever\/\" \/>\n<meta property=\"og:locale\" content=\"en_GB\" \/>\n<meta property=\"og:type\" content=\"article\" \/>\n<meta property=\"og:title\" content=\"Rod Stewart With Jools Holland \u2013 Swing Fever Vinilin\u0117 Plok\u0161tel\u0117 | Vinilozona.lt\" \/>\n<meta property=\"og:description\" content=\"Label: More Is More Records \u2013 5054197308611 Format: Vinyl, LP, Album Country: Europe Released: Feb 23, 2023\" \/>\n<meta property=\"og:url\" content=\"https:\/\/vinilozona.lt\/en\/parduotuve\/naujos-lp\/rod-stewart-with-jools-holland-swing-fever\/\" \/>\n<meta property=\"og:site_name\" content=\"Vinilo Zona\" \/>\n<meta property=\"article:modified_time\" content=\"2025-08-20T13:24:49+00:00\" \/>\n<meta property=\"og:image\" content=\"https:\/\/vinilozona.lt\/wp-content\/uploads\/2024\/05\/R-29919565-1708876134-3606.jpg\" \/>\n\t<meta property=\"og:image:width\" content=\"599\" \/>\n\t<meta property=\"og:image:height\" content=\"576\" \/>\n\t<meta property=\"og:image:type\" content=\"image\/jpeg\" \/>\n<meta name=\"twitter:card\" content=\"summary_large_image\" \/>\n<script type=\"application\/ld+json\" class=\"yoast-schema-graph\">{\"@context\":\"https:\/\/schema.org\",\"@graph\":[{\"@type\":\"WebPage\",\"@id\":\"https:\/\/vinilozona.lt\/parduotuve\/naujos-lp\/rod-stewart-with-jools-holland-swing-fever\/\",\"url\":\"https:\/\/vinilozona.lt\/parduotuve\/naujos-lp\/rod-stewart-with-jools-holland-swing-fever\/\",\"name\":\"Rod Stewart With Jools Holland \u2013 Swing Fever Vinilin\u0117 Plok\u0161tel\u0117 | Vinilozona.lt\",\"isPartOf\":{\"@id\":\"https:\/\/vinilozona.lt\/#website\"},\"primaryImageOfPage\":{\"@id\":\"https:\/\/vinilozona.lt\/parduotuve\/naujos-lp\/rod-stewart-with-jools-holland-swing-fever\/#primaryimage\"},\"image\":{\"@id\":\"https:\/\/vinilozona.lt\/parduotuve\/naujos-lp\/rod-stewart-with-jools-holland-swing-fever\/#primaryimage\"},\"thumbnailUrl\":\"https:\/\/vinilozona.lt\/wp-content\/uploads\/2024\/05\/R-29919565-1708876134-3606.jpg\",\"datePublished\":\"2025-07-07T02:00:08+00:00\",\"dateModified\":\"2025-08-20T13:24:49+00:00\",\"breadcrumb\":{\"@id\":\"https:\/\/vinilozona.lt\/parduotuve\/naujos-lp\/rod-stewart-with-jools-holland-swing-fever\/#breadcrumb\"},\"inLanguage\":\"en-GB\",\"potentialAction\":[{\"@type\":\"ReadAction\",\"target\":[\"https:\/\/vinilozona.lt\/parduotuve\/naujos-lp\/rod-stewart-with-jools-holland-swing-fever\/\"]}]},{\"@type\":\"ImageObject\",\"inLanguage\":\"en-GB\",\"@id\":\"https:\/\/vinilozona.lt\/parduotuve\/naujos-lp\/rod-stewart-with-jools-holland-swing-fever\/#primaryimage\",\"url\":\"https:\/\/vinilozona.lt\/wp-content\/uploads\/2024\/05\/R-29919565-1708876134-3606.jpg\",\"contentUrl\":\"https:\/\/vinilozona.lt\/wp-content\/uploads\/2024\/05\/R-29919565-1708876134-3606.jpg\",\"width\":599,\"height\":576},{\"@type\":\"BreadcrumbList\",\"@id\":\"https:\/\/vinilozona.lt\/parduotuve\/naujos-lp\/rod-stewart-with-jools-holland-swing-fever\/#breadcrumb\",\"itemListElement\":[{\"@type\":\"ListItem\",\"position\":1,\"name\":\"Home\",\"item\":\"https:\/\/vinilozona.lt\/\"},{\"@type\":\"ListItem\",\"position\":2,\"name\":\"Parduotuv\u0117\",\"item\":\"https:\/\/vinilozona.lt\/parduotuve\/\"},{\"@type\":\"ListItem\",\"position\":3,\"name\":\"Rod Stewart With Jools Holland \u2013 Swing Fever\"}]},{\"@type\":\"WebSite\",\"@id\":\"https:\/\/vinilozona.lt\/#website\",\"url\":\"https:\/\/vinilozona.lt\/\",\"name\":\"Vinilo Zona\",\"description\":\"Nup\u016bsk dulkes ir klausyk LP\",\"potentialAction\":[{\"@type\":\"SearchAction\",\"target\":{\"@type\":\"EntryPoint\",\"urlTemplate\":\"https:\/\/vinilozona.lt\/?s={search_term_string}\"},\"query-input\":{\"@type\":\"PropertyValueSpecification\",\"valueRequired\":true,\"valueName\":\"search_term_string\"}}],\"inLanguage\":\"en-GB\"}]}<\/script>\n<!-- \/ Yoast SEO plugin. -->","yoast_head_json":{"title":"Rod Stewart With Jools Holland \u2013 Swing Fever Vinilin\u0117 Plok\u0161tel\u0117 | Vinilozona.lt","robots":{"index":"index","follow":"follow","max-snippet":"max-snippet:-1","max-image-preview":"max-image-preview:large","max-video-preview":"max-video-preview:-1"},"canonical":"https:\/\/vinilozona.lt\/en\/parduotuve\/naujos-lp\/rod-stewart-with-jools-holland-swing-fever\/","og_locale":"en_GB","og_type":"article","og_title":"Rod Stewart With Jools Holland \u2013 Swing Fever Vinilin\u0117 Plok\u0161tel\u0117 | Vinilozona.lt","og_description":"Label: More Is More Records \u2013 5054197308611 Format: Vinyl, LP, Album Country: Europe Released: Feb 23, 2023","og_url":"https:\/\/vinilozona.lt\/en\/parduotuve\/naujos-lp\/rod-stewart-with-jools-holland-swing-fever\/","og_site_name":"Vinilo Zona","article_modified_time":"2025-08-20T13:24:49+00:00","og_image":[{"width":599,"height":576,"url":"https:\/\/vinilozona.lt\/wp-content\/uploads\/2024\/05\/R-29919565-1708876134-3606.jpg","type":"image\/jpeg"}],"twitter_card":"summary_large_image","schema":{"@context":"https:\/\/schema.org","@graph":[{"@type":"WebPage","@id":"https:\/\/vinilozona.lt\/parduotuve\/naujos-lp\/rod-stewart-with-jools-holland-swing-fever\/","url":"https:\/\/vinilozona.lt\/parduotuve\/naujos-lp\/rod-stewart-with-jools-holland-swing-fever\/","name":"Rod Stewart With Jools Holland \u2013 Swing Fever Vinilin\u0117 Plok\u0161tel\u0117 | Vinilozona.lt","isPartOf":{"@id":"https:\/\/vinilozona.lt\/#website"},"primaryImageOfPage":{"@id":"https:\/\/vinilozona.lt\/parduotuve\/naujos-lp\/rod-stewart-with-jools-holland-swing-fever\/#primaryimage"},"image":{"@id":"https:\/\/vinilozona.lt\/parduotuve\/naujos-lp\/rod-stewart-with-jools-holland-swing-fever\/#primaryimage"},"thumbnailUrl":"https:\/\/vinilozona.lt\/wp-content\/uploads\/2024\/05\/R-29919565-1708876134-3606.jpg","datePublished":"2025-07-07T02:00:08+00:00","dateModified":"2025-08-20T13:24:49+00:00","breadcrumb":{"@id":"https:\/\/vinilozona.lt\/parduotuve\/naujos-lp\/rod-stewart-with-jools-holland-swing-fever\/#breadcrumb"},"inLanguage":"en-GB","potentialAction":[{"@type":"ReadAction","target":["https:\/\/vinilozona.lt\/parduotuve\/naujos-lp\/rod-stewart-with-jools-holland-swing-fever\/"]}]},{"@type":"ImageObject","inLanguage":"en-GB","@id":"https:\/\/vinilozona.lt\/parduotuve\/naujos-lp\/rod-stewart-with-jools-holland-swing-fever\/#primaryimage","url":"https:\/\/vinilozona.lt\/wp-content\/uploads\/2024\/05\/R-29919565-1708876134-3606.jpg","contentUrl":"https:\/\/vinilozona.lt\/wp-content\/uploads\/2024\/05\/R-29919565-1708876134-3606.jpg","width":599,"height":576},{"@type":"BreadcrumbList","@id":"https:\/\/vinilozona.lt\/parduotuve\/naujos-lp\/rod-stewart-with-jools-holland-swing-fever\/#breadcrumb","itemListElement":[{"@type":"ListItem","position":1,"name":"Home","item":"https:\/\/vinilozona.lt\/"},{"@type":"ListItem","position":2,"name":"Parduotuv\u0117","item":"https:\/\/vinilozona.lt\/parduotuve\/"},{"@type":"ListItem","position":3,"name":"Rod Stewart With Jools Holland \u2013 Swing Fever"}]},{"@type":"WebSite","@id":"https:\/\/vinilozona.lt\/#website","url":"https:\/\/vinilozona.lt\/","name":"Vinilo Zona","description":"Nup\u016bsk dulkes ir klausyk LP","potentialAction":[{"@type":"SearchAction","target":{"@type":"EntryPoint","urlTemplate":"https:\/\/vinilozona.lt\/?s={search_term_string}"},"query-input":{"@type":"PropertyValueSpecification","valueRequired":true,"valueName":"search_term_string"}}],"inLanguage":"en-GB"}]}},"_links":{"self":[{"href":"https:\/\/vinilozona.lt\/en\/wp-json\/wp\/v2\/product\/24904"}],"collection":[{"href":"https:\/\/vinilozona.lt\/en\/wp-json\/wp\/v2\/product"}],"about":[{"href":"https:\/\/vinilozona.lt\/en\/wp-json\/wp\/v2\/types\/product"}],"wp:featuredmedia":[{"embeddable":true,"href":"https:\/\/vinilozona.lt\/en\/wp-json\/wp\/v2\/media\/24905"}],"wp:attachment":[{"href":"https:\/\/vinilozona.lt\/en\/wp-json\/wp\/v2\/media?parent=24904"}],"wp:term":[{"taxonomy":"product_cat","embeddable":true,"href":"https:\/\/vinilozona.lt\/en\/wp-json\/wp\/v2\/product_cat?post=24904"},{"taxonomy":"product_tag","embeddable":true,"href":"https:\/\/vinilozona.lt\/en\/wp-json\/wp\/v2\/product_tag?post=24904"}],"curies":[{"name":"wp","href":"https:\/\/api.w.org\/{rel}","templated":true}]}}