{"id":24844,"date":"2024-04-27T05:10:50","date_gmt":"2024-04-27T02:10:50","guid":{"rendered":"https:\/\/vinilozona.lt\/?post_type=product&#038;p=24844"},"modified":"2024-09-20T23:24:22","modified_gmt":"2024-09-20T20:24:22","slug":"zucchero-sugar-fornaciari-oro-incenso-birra","status":"publish","type":"product","link":"https:\/\/vinilozona.lt\/en\/parduotuve\/rock-pop\/zucchero-sugar-fornaciari-oro-incenso-birra\/","title":{"rendered":"Zucchero Sugar Fornaciari \u2013 Oro Incenso &#038; Birra"},"content":{"rendered":"<p>A1\t\tOverdose (D&#8217;amore)<br \/>\nA2\t\tNice (Nietzsche) Che Dice<br \/>\nA3\t\tIl Mare Impetuoso Al Tramonto Sal\u00ec Sulla Luna E Dietro Una Tendina Di Stelle&#8230;<br \/>\nA4\t\tMadre Dolcissima<br \/>\nB1\t\tDiavolo In Me<br \/>\nB2\t\tIruben Me<br \/>\nB3\t\tA Wonderful World<br \/>\nB4\t\tDiamante<br \/>\nB5\t\tLibera L&#8217;amore<\/p>","protected":false},"excerpt":{"rendered":"<p>Polydor \u2013 841 125-1<br \/>\nFormat:<br \/>\nVinyl, LP, Album, Gatefold<br \/>\nCountry:\tEurope<br \/>\nReleased:\t1989<\/p>","protected":false},"featured_media":24845,"template":"","meta":[],"product_cat":[15],"product_tag":[44],"yoast_head":"<!-- This site is optimized with the Yoast SEO plugin v23.5 - https:\/\/yoast.com\/wordpress\/plugins\/seo\/ -->\n<title>Zucchero Sugar Fornaciari \u2013 Oro Incenso &amp; Birra Vinilin\u0117 Plok\u0161tel\u0117 | Vinilozona.lt<\/title>\n<meta name=\"robots\" content=\"index, follow, max-snippet:-1, max-image-preview:large, max-video-preview:-1\" \/>\n<link rel=\"canonical\" href=\"https:\/\/vinilozona.lt\/en\/parduotuve\/rock-pop\/zucchero-sugar-fornaciari-oro-incenso-birra\/\" \/>\n<meta property=\"og:locale\" content=\"en_GB\" \/>\n<meta property=\"og:type\" content=\"article\" \/>\n<meta property=\"og:title\" content=\"Zucchero Sugar Fornaciari \u2013 Oro Incenso &amp; Birra Vinilin\u0117 Plok\u0161tel\u0117 | Vinilozona.lt\" \/>\n<meta property=\"og:description\" content=\"Polydor \u2013 841 125-1 Format:  Vinyl, LP, Album, Gatefold Country: Europe Released: 1989\" \/>\n<meta property=\"og:url\" content=\"https:\/\/vinilozona.lt\/en\/parduotuve\/rock-pop\/zucchero-sugar-fornaciari-oro-incenso-birra\/\" \/>\n<meta property=\"og:site_name\" content=\"Vinilo Zona\" \/>\n<meta property=\"article:modified_time\" content=\"2024-09-20T20:24:22+00:00\" \/>\n<meta property=\"og:image\" content=\"https:\/\/vinilozona.lt\/wp-content\/uploads\/2024\/04\/R-2762594-1492247726-3415.jpg\" \/>\n\t<meta property=\"og:image:width\" content=\"599\" \/>\n\t<meta property=\"og:image:height\" content=\"594\" \/>\n\t<meta property=\"og:image:type\" content=\"image\/jpeg\" \/>\n<meta name=\"twitter:card\" content=\"summary_large_image\" \/>\n<script type=\"application\/ld+json\" class=\"yoast-schema-graph\">{\"@context\":\"https:\/\/schema.org\",\"@graph\":[{\"@type\":\"WebPage\",\"@id\":\"https:\/\/vinilozona.lt\/parduotuve\/rock-pop\/zucchero-sugar-fornaciari-oro-incenso-birra\/\",\"url\":\"https:\/\/vinilozona.lt\/parduotuve\/rock-pop\/zucchero-sugar-fornaciari-oro-incenso-birra\/\",\"name\":\"Zucchero Sugar Fornaciari \u2013 Oro Incenso & Birra Vinilin\u0117 Plok\u0161tel\u0117 | Vinilozona.lt\",\"isPartOf\":{\"@id\":\"https:\/\/vinilozona.lt\/#website\"},\"primaryImageOfPage\":{\"@id\":\"https:\/\/vinilozona.lt\/parduotuve\/rock-pop\/zucchero-sugar-fornaciari-oro-incenso-birra\/#primaryimage\"},\"image\":{\"@id\":\"https:\/\/vinilozona.lt\/parduotuve\/rock-pop\/zucchero-sugar-fornaciari-oro-incenso-birra\/#primaryimage\"},\"thumbnailUrl\":\"https:\/\/vinilozona.lt\/wp-content\/uploads\/2024\/04\/R-2762594-1492247726-3415.jpg\",\"datePublished\":\"2024-04-27T02:10:50+00:00\",\"dateModified\":\"2024-09-20T20:24:22+00:00\",\"breadcrumb\":{\"@id\":\"https:\/\/vinilozona.lt\/parduotuve\/rock-pop\/zucchero-sugar-fornaciari-oro-incenso-birra\/#breadcrumb\"},\"inLanguage\":\"en-GB\",\"potentialAction\":[{\"@type\":\"ReadAction\",\"target\":[\"https:\/\/vinilozona.lt\/parduotuve\/rock-pop\/zucchero-sugar-fornaciari-oro-incenso-birra\/\"]}]},{\"@type\":\"ImageObject\",\"inLanguage\":\"en-GB\",\"@id\":\"https:\/\/vinilozona.lt\/parduotuve\/rock-pop\/zucchero-sugar-fornaciari-oro-incenso-birra\/#primaryimage\",\"url\":\"https:\/\/vinilozona.lt\/wp-content\/uploads\/2024\/04\/R-2762594-1492247726-3415.jpg\",\"contentUrl\":\"https:\/\/vinilozona.lt\/wp-content\/uploads\/2024\/04\/R-2762594-1492247726-3415.jpg\",\"width\":599,\"height\":594},{\"@type\":\"BreadcrumbList\",\"@id\":\"https:\/\/vinilozona.lt\/parduotuve\/rock-pop\/zucchero-sugar-fornaciari-oro-incenso-birra\/#breadcrumb\",\"itemListElement\":[{\"@type\":\"ListItem\",\"position\":1,\"name\":\"Home\",\"item\":\"https:\/\/vinilozona.lt\/\"},{\"@type\":\"ListItem\",\"position\":2,\"name\":\"Parduotuv\u0117\",\"item\":\"https:\/\/vinilozona.lt\/parduotuve\/\"},{\"@type\":\"ListItem\",\"position\":3,\"name\":\"Zucchero Sugar Fornaciari \u2013 Oro Incenso &#038; Birra\"}]},{\"@type\":\"WebSite\",\"@id\":\"https:\/\/vinilozona.lt\/#website\",\"url\":\"https:\/\/vinilozona.lt\/\",\"name\":\"Vinilo Zona\",\"description\":\"Nup\u016bsk dulkes ir klausyk LP\",\"potentialAction\":[{\"@type\":\"SearchAction\",\"target\":{\"@type\":\"EntryPoint\",\"urlTemplate\":\"https:\/\/vinilozona.lt\/?s={search_term_string}\"},\"query-input\":{\"@type\":\"PropertyValueSpecification\",\"valueRequired\":true,\"valueName\":\"search_term_string\"}}],\"inLanguage\":\"en-GB\"}]}<\/script>\n<!-- \/ Yoast SEO plugin. -->","yoast_head_json":{"title":"Zucchero Sugar Fornaciari \u2013 Oro Incenso & Birra Vinilin\u0117 Plok\u0161tel\u0117 | Vinilozona.lt","robots":{"index":"index","follow":"follow","max-snippet":"max-snippet:-1","max-image-preview":"max-image-preview:large","max-video-preview":"max-video-preview:-1"},"canonical":"https:\/\/vinilozona.lt\/en\/parduotuve\/rock-pop\/zucchero-sugar-fornaciari-oro-incenso-birra\/","og_locale":"en_GB","og_type":"article","og_title":"Zucchero Sugar Fornaciari \u2013 Oro Incenso & Birra Vinilin\u0117 Plok\u0161tel\u0117 | Vinilozona.lt","og_description":"Polydor \u2013 841 125-1 Format:  Vinyl, LP, Album, Gatefold Country: Europe Released: 1989","og_url":"https:\/\/vinilozona.lt\/en\/parduotuve\/rock-pop\/zucchero-sugar-fornaciari-oro-incenso-birra\/","og_site_name":"Vinilo Zona","article_modified_time":"2024-09-20T20:24:22+00:00","og_image":[{"width":599,"height":594,"url":"https:\/\/vinilozona.lt\/wp-content\/uploads\/2024\/04\/R-2762594-1492247726-3415.jpg","type":"image\/jpeg"}],"twitter_card":"summary_large_image","schema":{"@context":"https:\/\/schema.org","@graph":[{"@type":"WebPage","@id":"https:\/\/vinilozona.lt\/parduotuve\/rock-pop\/zucchero-sugar-fornaciari-oro-incenso-birra\/","url":"https:\/\/vinilozona.lt\/parduotuve\/rock-pop\/zucchero-sugar-fornaciari-oro-incenso-birra\/","name":"Zucchero Sugar Fornaciari \u2013 Oro Incenso & Birra Vinilin\u0117 Plok\u0161tel\u0117 | Vinilozona.lt","isPartOf":{"@id":"https:\/\/vinilozona.lt\/#website"},"primaryImageOfPage":{"@id":"https:\/\/vinilozona.lt\/parduotuve\/rock-pop\/zucchero-sugar-fornaciari-oro-incenso-birra\/#primaryimage"},"image":{"@id":"https:\/\/vinilozona.lt\/parduotuve\/rock-pop\/zucchero-sugar-fornaciari-oro-incenso-birra\/#primaryimage"},"thumbnailUrl":"https:\/\/vinilozona.lt\/wp-content\/uploads\/2024\/04\/R-2762594-1492247726-3415.jpg","datePublished":"2024-04-27T02:10:50+00:00","dateModified":"2024-09-20T20:24:22+00:00","breadcrumb":{"@id":"https:\/\/vinilozona.lt\/parduotuve\/rock-pop\/zucchero-sugar-fornaciari-oro-incenso-birra\/#breadcrumb"},"inLanguage":"en-GB","potentialAction":[{"@type":"ReadAction","target":["https:\/\/vinilozona.lt\/parduotuve\/rock-pop\/zucchero-sugar-fornaciari-oro-incenso-birra\/"]}]},{"@type":"ImageObject","inLanguage":"en-GB","@id":"https:\/\/vinilozona.lt\/parduotuve\/rock-pop\/zucchero-sugar-fornaciari-oro-incenso-birra\/#primaryimage","url":"https:\/\/vinilozona.lt\/wp-content\/uploads\/2024\/04\/R-2762594-1492247726-3415.jpg","contentUrl":"https:\/\/vinilozona.lt\/wp-content\/uploads\/2024\/04\/R-2762594-1492247726-3415.jpg","width":599,"height":594},{"@type":"BreadcrumbList","@id":"https:\/\/vinilozona.lt\/parduotuve\/rock-pop\/zucchero-sugar-fornaciari-oro-incenso-birra\/#breadcrumb","itemListElement":[{"@type":"ListItem","position":1,"name":"Home","item":"https:\/\/vinilozona.lt\/"},{"@type":"ListItem","position":2,"name":"Parduotuv\u0117","item":"https:\/\/vinilozona.lt\/parduotuve\/"},{"@type":"ListItem","position":3,"name":"Zucchero Sugar Fornaciari \u2013 Oro Incenso &#038; Birra"}]},{"@type":"WebSite","@id":"https:\/\/vinilozona.lt\/#website","url":"https:\/\/vinilozona.lt\/","name":"Vinilo Zona","description":"Nup\u016bsk dulkes ir klausyk LP","potentialAction":[{"@type":"SearchAction","target":{"@type":"EntryPoint","urlTemplate":"https:\/\/vinilozona.lt\/?s={search_term_string}"},"query-input":{"@type":"PropertyValueSpecification","valueRequired":true,"valueName":"search_term_string"}}],"inLanguage":"en-GB"}]}},"_links":{"self":[{"href":"https:\/\/vinilozona.lt\/en\/wp-json\/wp\/v2\/product\/24844"}],"collection":[{"href":"https:\/\/vinilozona.lt\/en\/wp-json\/wp\/v2\/product"}],"about":[{"href":"https:\/\/vinilozona.lt\/en\/wp-json\/wp\/v2\/types\/product"}],"wp:featuredmedia":[{"embeddable":true,"href":"https:\/\/vinilozona.lt\/en\/wp-json\/wp\/v2\/media\/24845"}],"wp:attachment":[{"href":"https:\/\/vinilozona.lt\/en\/wp-json\/wp\/v2\/media?parent=24844"}],"wp:term":[{"taxonomy":"product_cat","embeddable":true,"href":"https:\/\/vinilozona.lt\/en\/wp-json\/wp\/v2\/product_cat?post=24844"},{"taxonomy":"product_tag","embeddable":true,"href":"https:\/\/vinilozona.lt\/en\/wp-json\/wp\/v2\/product_tag?post=24844"}],"curies":[{"name":"wp","href":"https:\/\/api.w.org\/{rel}","templated":true}]}}