{"id":2481,"date":"2023-12-08T05:04:33","date_gmt":"2023-12-08T03:04:33","guid":{"rendered":"https:\/\/vinylhome.lt\/?post_type=product&#038;p=2481"},"modified":"2025-05-03T17:10:33","modified_gmt":"2025-05-03T14:10:33","slug":"various-%e2%80%8e-baltijos-jaunyste-86-2","status":"publish","type":"product","link":"https:\/\/vinilozona.lt\/en\/parduotuve\/naujos-lp\/various-%e2%80%8e-baltijos-jaunyste-86-2\/","title":{"rendered":"Various \u2013 Top 40 60s"},"content":{"rendered":"<p>A1\tScott McKenzie\u2013\tSan Francisco (Be Sure To Wear Flowers In Your Hair)<br \/>\nA2\tSimon &#038; Garfunkel\u2013\tHomeward Bound<br \/>\nA3\tNina Simone\u2013\tAin&#8217;t Got No &#8211; I Got Life (From &#8222;Hair&#8221;)<br \/>\nA4\tRoy Orbison\u2013\tGoodnight<br \/>\nA5\tThe Byrds\u2013\tMr. Tambourine Man<br \/>\nA6\tFleetwood Mac\u2013\tNeed Your Love So Bad<br \/>\nA7\tGary Puckett &#038; The Union Gap\u2013\tYoung Girl<br \/>\nA8\tJim Reeves\u2013\tDistant Drums<br \/>\nA9\tThe Box Tops*\u2013\tThe Letter<br \/>\nA10\tZager &#038; Evans\u2013\tIn The Year 2525 (Exordium &#038; terminus)<br \/>\nB1\tElvis Presley\u2013\tIn The Ghetto<br \/>\nB2\tBob Dylan\u2013\tRainy Day Women #12 &#038; 35<br \/>\nB3\tMelanie (2)\u2013\tBeautiful People<br \/>\nB4\tRoger Whittaker\u2013\tIf I Were A Rich Man<br \/>\nB5\tThe Lovin&#8217; Spoonful\u2013\tSummer In The City<br \/>\nB6\tGeorgie Fame\u2013\tThe Ballad Of Bonnie And Clyde<br \/>\nB7\tDonovan\u2013\tSunshine Superman<br \/>\nB8\tGrapefruit\u2013\tDeep Water<br \/>\nB9\tBilly Joe Royal\u2013\tHush<\/p>","protected":false},"excerpt":{"rendered":"<p>Sony Music \u2013 19658745621<br \/>\nSeries:\tTop 40<br \/>\nFormat:<br \/>\nVinyl, LP, Compilation, Limited Edition, Stereo,<br \/>\nCountry:\tEurope<br \/>\nReleased:\tDec 14, 2022<\/p>","protected":false},"featured_media":23749,"template":"","meta":[],"product_cat":[906,23],"product_tag":[74],"yoast_head":"<!-- This site is optimized with the Yoast SEO plugin v23.5 - https:\/\/yoast.com\/wordpress\/plugins\/seo\/ -->\n<title>Various \u2013 Top 40 60s Vinilin\u0117 Plok\u0161tel\u0117 | Vinilozona.lt<\/title>\n<meta name=\"robots\" content=\"index, follow, max-snippet:-1, max-image-preview:large, max-video-preview:-1\" \/>\n<link rel=\"canonical\" href=\"https:\/\/vinilozona.lt\/en\/parduotuve\/naujos-lp\/various-\u200e-baltijos-jaunyste-86-2\/\" \/>\n<meta property=\"og:locale\" content=\"en_GB\" \/>\n<meta property=\"og:type\" content=\"article\" \/>\n<meta property=\"og:title\" content=\"Various \u2013 Top 40 60s Vinilin\u0117 Plok\u0161tel\u0117 | Vinilozona.lt\" \/>\n<meta property=\"og:description\" content=\"Sony Music \u2013 19658745621 Series: Top 40  Format:  Vinyl, LP, Compilation, Limited Edition, Stereo,  Country: Europe Released: Dec 14, 2022\" \/>\n<meta property=\"og:url\" content=\"https:\/\/vinilozona.lt\/en\/parduotuve\/naujos-lp\/various-\u200e-baltijos-jaunyste-86-2\/\" \/>\n<meta property=\"og:site_name\" content=\"Vinilo Zona\" \/>\n<meta property=\"article:modified_time\" content=\"2025-05-03T14:10:33+00:00\" \/>\n<meta property=\"og:image\" content=\"https:\/\/vinilozona.lt\/wp-content\/uploads\/2020\/01\/R-25488895-1671348309-1764.jpg\" \/>\n\t<meta property=\"og:image:width\" content=\"599\" \/>\n\t<meta property=\"og:image:height\" content=\"586\" \/>\n\t<meta property=\"og:image:type\" content=\"image\/jpeg\" \/>\n<meta name=\"twitter:card\" content=\"summary_large_image\" \/>\n<meta name=\"twitter:label1\" content=\"Estimated reading time\" \/>\n\t<meta name=\"twitter:data1\" content=\"1 minute\" \/>\n<script type=\"application\/ld+json\" class=\"yoast-schema-graph\">{\"@context\":\"https:\/\/schema.org\",\"@graph\":[{\"@type\":\"WebPage\",\"@id\":\"https:\/\/vinilozona.lt\/parduotuve\/naujos-lp\/various-%e2%80%8e-baltijos-jaunyste-86-2\/\",\"url\":\"https:\/\/vinilozona.lt\/parduotuve\/naujos-lp\/various-%e2%80%8e-baltijos-jaunyste-86-2\/\",\"name\":\"Various \u2013 Top 40 60s Vinilin\u0117 Plok\u0161tel\u0117 | Vinilozona.lt\",\"isPartOf\":{\"@id\":\"https:\/\/vinilozona.lt\/#website\"},\"primaryImageOfPage\":{\"@id\":\"https:\/\/vinilozona.lt\/parduotuve\/naujos-lp\/various-%e2%80%8e-baltijos-jaunyste-86-2\/#primaryimage\"},\"image\":{\"@id\":\"https:\/\/vinilozona.lt\/parduotuve\/naujos-lp\/various-%e2%80%8e-baltijos-jaunyste-86-2\/#primaryimage\"},\"thumbnailUrl\":\"https:\/\/vinilozona.lt\/wp-content\/uploads\/2020\/01\/R-25488895-1671348309-1764.jpg\",\"datePublished\":\"2023-12-08T03:04:33+00:00\",\"dateModified\":\"2025-05-03T14:10:33+00:00\",\"breadcrumb\":{\"@id\":\"https:\/\/vinilozona.lt\/parduotuve\/naujos-lp\/various-%e2%80%8e-baltijos-jaunyste-86-2\/#breadcrumb\"},\"inLanguage\":\"en-GB\",\"potentialAction\":[{\"@type\":\"ReadAction\",\"target\":[\"https:\/\/vinilozona.lt\/parduotuve\/naujos-lp\/various-%e2%80%8e-baltijos-jaunyste-86-2\/\"]}]},{\"@type\":\"ImageObject\",\"inLanguage\":\"en-GB\",\"@id\":\"https:\/\/vinilozona.lt\/parduotuve\/naujos-lp\/various-%e2%80%8e-baltijos-jaunyste-86-2\/#primaryimage\",\"url\":\"https:\/\/vinilozona.lt\/wp-content\/uploads\/2020\/01\/R-25488895-1671348309-1764.jpg\",\"contentUrl\":\"https:\/\/vinilozona.lt\/wp-content\/uploads\/2020\/01\/R-25488895-1671348309-1764.jpg\",\"width\":599,\"height\":586},{\"@type\":\"BreadcrumbList\",\"@id\":\"https:\/\/vinilozona.lt\/parduotuve\/naujos-lp\/various-%e2%80%8e-baltijos-jaunyste-86-2\/#breadcrumb\",\"itemListElement\":[{\"@type\":\"ListItem\",\"position\":1,\"name\":\"Home\",\"item\":\"https:\/\/vinilozona.lt\/\"},{\"@type\":\"ListItem\",\"position\":2,\"name\":\"Parduotuv\u0117\",\"item\":\"https:\/\/vinilozona.lt\/parduotuve\/\"},{\"@type\":\"ListItem\",\"position\":3,\"name\":\"Various \u2013 Top 40 60s\"}]},{\"@type\":\"WebSite\",\"@id\":\"https:\/\/vinilozona.lt\/#website\",\"url\":\"https:\/\/vinilozona.lt\/\",\"name\":\"Vinilo Zona\",\"description\":\"Nup\u016bsk dulkes ir klausyk LP\",\"potentialAction\":[{\"@type\":\"SearchAction\",\"target\":{\"@type\":\"EntryPoint\",\"urlTemplate\":\"https:\/\/vinilozona.lt\/?s={search_term_string}\"},\"query-input\":{\"@type\":\"PropertyValueSpecification\",\"valueRequired\":true,\"valueName\":\"search_term_string\"}}],\"inLanguage\":\"en-GB\"}]}<\/script>\n<!-- \/ Yoast SEO plugin. -->","yoast_head_json":{"title":"Various \u2013 Top 40 60s Vinilin\u0117 Plok\u0161tel\u0117 | Vinilozona.lt","robots":{"index":"index","follow":"follow","max-snippet":"max-snippet:-1","max-image-preview":"max-image-preview:large","max-video-preview":"max-video-preview:-1"},"canonical":"https:\/\/vinilozona.lt\/en\/parduotuve\/naujos-lp\/various-\u200e-baltijos-jaunyste-86-2\/","og_locale":"en_GB","og_type":"article","og_title":"Various \u2013 Top 40 60s Vinilin\u0117 Plok\u0161tel\u0117 | Vinilozona.lt","og_description":"Sony Music \u2013 19658745621 Series: Top 40  Format:  Vinyl, LP, Compilation, Limited Edition, Stereo,  Country: Europe Released: Dec 14, 2022","og_url":"https:\/\/vinilozona.lt\/en\/parduotuve\/naujos-lp\/various-\u200e-baltijos-jaunyste-86-2\/","og_site_name":"Vinilo Zona","article_modified_time":"2025-05-03T14:10:33+00:00","og_image":[{"width":599,"height":586,"url":"https:\/\/vinilozona.lt\/wp-content\/uploads\/2020\/01\/R-25488895-1671348309-1764.jpg","type":"image\/jpeg"}],"twitter_card":"summary_large_image","twitter_misc":{"Estimated reading time":"1 minute"},"schema":{"@context":"https:\/\/schema.org","@graph":[{"@type":"WebPage","@id":"https:\/\/vinilozona.lt\/parduotuve\/naujos-lp\/various-%e2%80%8e-baltijos-jaunyste-86-2\/","url":"https:\/\/vinilozona.lt\/parduotuve\/naujos-lp\/various-%e2%80%8e-baltijos-jaunyste-86-2\/","name":"Various \u2013 Top 40 60s Vinilin\u0117 Plok\u0161tel\u0117 | Vinilozona.lt","isPartOf":{"@id":"https:\/\/vinilozona.lt\/#website"},"primaryImageOfPage":{"@id":"https:\/\/vinilozona.lt\/parduotuve\/naujos-lp\/various-%e2%80%8e-baltijos-jaunyste-86-2\/#primaryimage"},"image":{"@id":"https:\/\/vinilozona.lt\/parduotuve\/naujos-lp\/various-%e2%80%8e-baltijos-jaunyste-86-2\/#primaryimage"},"thumbnailUrl":"https:\/\/vinilozona.lt\/wp-content\/uploads\/2020\/01\/R-25488895-1671348309-1764.jpg","datePublished":"2023-12-08T03:04:33+00:00","dateModified":"2025-05-03T14:10:33+00:00","breadcrumb":{"@id":"https:\/\/vinilozona.lt\/parduotuve\/naujos-lp\/various-%e2%80%8e-baltijos-jaunyste-86-2\/#breadcrumb"},"inLanguage":"en-GB","potentialAction":[{"@type":"ReadAction","target":["https:\/\/vinilozona.lt\/parduotuve\/naujos-lp\/various-%e2%80%8e-baltijos-jaunyste-86-2\/"]}]},{"@type":"ImageObject","inLanguage":"en-GB","@id":"https:\/\/vinilozona.lt\/parduotuve\/naujos-lp\/various-%e2%80%8e-baltijos-jaunyste-86-2\/#primaryimage","url":"https:\/\/vinilozona.lt\/wp-content\/uploads\/2020\/01\/R-25488895-1671348309-1764.jpg","contentUrl":"https:\/\/vinilozona.lt\/wp-content\/uploads\/2020\/01\/R-25488895-1671348309-1764.jpg","width":599,"height":586},{"@type":"BreadcrumbList","@id":"https:\/\/vinilozona.lt\/parduotuve\/naujos-lp\/various-%e2%80%8e-baltijos-jaunyste-86-2\/#breadcrumb","itemListElement":[{"@type":"ListItem","position":1,"name":"Home","item":"https:\/\/vinilozona.lt\/"},{"@type":"ListItem","position":2,"name":"Parduotuv\u0117","item":"https:\/\/vinilozona.lt\/parduotuve\/"},{"@type":"ListItem","position":3,"name":"Various \u2013 Top 40 60s"}]},{"@type":"WebSite","@id":"https:\/\/vinilozona.lt\/#website","url":"https:\/\/vinilozona.lt\/","name":"Vinilo Zona","description":"Nup\u016bsk dulkes ir klausyk LP","potentialAction":[{"@type":"SearchAction","target":{"@type":"EntryPoint","urlTemplate":"https:\/\/vinilozona.lt\/?s={search_term_string}"},"query-input":{"@type":"PropertyValueSpecification","valueRequired":true,"valueName":"search_term_string"}}],"inLanguage":"en-GB"}]}},"_links":{"self":[{"href":"https:\/\/vinilozona.lt\/en\/wp-json\/wp\/v2\/product\/2481"}],"collection":[{"href":"https:\/\/vinilozona.lt\/en\/wp-json\/wp\/v2\/product"}],"about":[{"href":"https:\/\/vinilozona.lt\/en\/wp-json\/wp\/v2\/types\/product"}],"wp:featuredmedia":[{"embeddable":true,"href":"https:\/\/vinilozona.lt\/en\/wp-json\/wp\/v2\/media\/23749"}],"wp:attachment":[{"href":"https:\/\/vinilozona.lt\/en\/wp-json\/wp\/v2\/media?parent=2481"}],"wp:term":[{"taxonomy":"product_cat","embeddable":true,"href":"https:\/\/vinilozona.lt\/en\/wp-json\/wp\/v2\/product_cat?post=2481"},{"taxonomy":"product_tag","embeddable":true,"href":"https:\/\/vinilozona.lt\/en\/wp-json\/wp\/v2\/product_tag?post=2481"}],"curies":[{"name":"wp","href":"https:\/\/api.w.org\/{rel}","templated":true}]}}