{"id":24671,"date":"2024-03-03T14:42:02","date_gmt":"2024-03-03T12:42:02","guid":{"rendered":"https:\/\/vinilozona.lt\/?post_type=product&#038;p=24671"},"modified":"2024-04-03T14:45:35","modified_gmt":"2024-04-03T11:45:35","slug":"sarah-vaughan-the-great-american-songbook-2cd","status":"publish","type":"product","link":"https:\/\/vinilozona.lt\/en\/parduotuve\/cd\/naudoti-cd\/sarah-vaughan-the-great-american-songbook-2cd\/","title":{"rendered":"Sarah Vaughan \u2013 The Great American Songbook 2CD"},"content":{"rendered":"<p>1-1\t\tThey Can&#8217;t Take That Away From Me 2:42<br \/>\n1-2\t\tBody And Soul 3:12<br \/>\n1-3\t\tPolka Dots And Moonbeams 2:34<br \/>\n1-4\t\tIf I Knew Then (What I Know Now) 2:32<br \/>\n1-5\t\tLover Man 3:17<br \/>\n1-6\t\tI Cried For You 1:41<br \/>\n1-7\t\tPrelude To A Kiss 2:46<br \/>\n1-8\t\tDeep Purple 3:09<br \/>\n1-9\t\tPerdido 2:30<br \/>\n1-10\t\tSummertime 3:17<br \/>\n1-11\t\tJust Friends 3:02<br \/>\n1-12\t\tThinking Of You 3:02<br \/>\n1-13\t\tAin&#8217;t Misbehavin&#8217; 3:01<br \/>\n1-14\t\tGoodnight My Love 3:30<br \/>\n1-15\t\tCan&#8217;t Get Out Of This Mood 2:52<br \/>\n1-16\t\tI&#8217;ll Know 3:18<br \/>\n1-17\t\tStreet Of Dreams 3:03<br \/>\n1-18\t\tI&#8217;m Gonna Sit Right Down And Write Myself A Letter 2:24<br \/>\n1-19\t\tOnce In A While 3:06<br \/>\n1-20\t\tTrouble Is A Man 2:35<br \/>\n1-21\t\tEverything I Have Is Yours 3:31<br \/>\n1-22\t\tI Get A Kick Out Of You 3:06<br \/>\n1-23\t\tA Hundred Years From Today 2:57<br \/>\n1-24\t\tIt&#8217;s Magic 3:14<br \/>\n1-25\t\tIt&#8217;s You Or No One 3:14<br \/>\n2-1\t\tGive Me A Songs With A Beautiful Melody 2:43<br \/>\n2-2\t\tNice Work If You Can Get It 2:35<br \/>\n2-3\t\tMy Funny Valentine 3:02<br \/>\n2-4\t\tCome Rain Or Come Shine 3:25<br \/>\n2-5\t\tIt&#8217;s Easy To Remember 2:44<br \/>\n2-6\t\tWhatever Lola Wants 2:38<br \/>\n2-7\t\tMr. Wonderful 2:49<br \/>\n2-8\t\tEmbraceable You 4:49<br \/>\n2-9\t\tYou Hit The Spot 3:02<br \/>\n2-10\t\tApril In Paris 6:21<br \/>\n2-11\t\tIt Might As Well Be Spring 3:15<br \/>\n2-12\t\tThe Nearness Of You 3:21<br \/>\n2-13\t\tSpring Will Be A Little Late This Year 2:42<br \/>\n2-14\t\tCome Along With Me 2:12<br \/>\n2-15\t\tEast Of The Sun 3:10<br \/>\n2-16\t\tMy One And Only Love 2:50<br \/>\n2-17\t\tSeptember Song 5:45<br \/>\n2-18\t\tHe&#8217;s My Guy 4:13<br \/>\n2-19\t\tBlack Coffee 3:18<br \/>\n2-20\t\tTenderly 3:10<br \/>\n2-21\t\tHoney 2:21<br \/>\n2-22\t\tLinger Awhile 2:04<\/p>","protected":false},"excerpt":{"rendered":"<p>Label:\tNot Now Music \u2013 NOT2CD221<br \/>\nFormat:\t2 x CD, Compilation, Remastered<br \/>\nCountry:\tUK<br \/>\nReleased:\t2007<\/p>","protected":false},"featured_media":24672,"template":"","meta":[],"product_cat":[24,946,947],"product_tag":[55],"yoast_head":"<!-- This site is optimized with the Yoast SEO plugin v23.5 - https:\/\/yoast.com\/wordpress\/plugins\/seo\/ -->\n<title>Sarah Vaughan \u2013 The Great American Songbook 2CD Vinilin\u0117 Plok\u0161tel\u0117 | Vinilozona.lt<\/title>\n<meta name=\"robots\" content=\"index, follow, max-snippet:-1, max-image-preview:large, max-video-preview:-1\" \/>\n<link rel=\"canonical\" href=\"https:\/\/vinilozona.lt\/en\/parduotuve\/cd\/naudoti-cd\/sarah-vaughan-the-great-american-songbook-2cd\/\" \/>\n<meta property=\"og:locale\" content=\"en_GB\" \/>\n<meta property=\"og:type\" content=\"article\" \/>\n<meta property=\"og:title\" content=\"Sarah Vaughan \u2013 The Great American Songbook 2CD Vinilin\u0117 Plok\u0161tel\u0117 | Vinilozona.lt\" \/>\n<meta property=\"og:description\" content=\"Label: Not Now Music \u2013 NOT2CD221 Format: 2 x CD, Compilation, Remastered Country: UK Released: 2007\" \/>\n<meta property=\"og:url\" content=\"https:\/\/vinilozona.lt\/en\/parduotuve\/cd\/naudoti-cd\/sarah-vaughan-the-great-american-songbook-2cd\/\" \/>\n<meta property=\"og:site_name\" content=\"Vinilo Zona\" \/>\n<meta property=\"article:modified_time\" content=\"2024-04-03T11:45:35+00:00\" \/>\n<meta property=\"og:image\" content=\"https:\/\/vinilozona.lt\/wp-content\/uploads\/2024\/04\/R-2757425-1299677506.jpg\" \/>\n\t<meta property=\"og:image:width\" content=\"500\" \/>\n\t<meta property=\"og:image:height\" content=\"500\" \/>\n\t<meta property=\"og:image:type\" content=\"image\/jpeg\" \/>\n<meta name=\"twitter:card\" content=\"summary_large_image\" \/>\n<meta name=\"twitter:label1\" content=\"Estimated reading time\" \/>\n\t<meta name=\"twitter:data1\" content=\"1 minute\" \/>\n<script type=\"application\/ld+json\" class=\"yoast-schema-graph\">{\"@context\":\"https:\/\/schema.org\",\"@graph\":[{\"@type\":\"WebPage\",\"@id\":\"https:\/\/vinilozona.lt\/parduotuve\/cd\/naudoti-cd\/sarah-vaughan-the-great-american-songbook-2cd\/\",\"url\":\"https:\/\/vinilozona.lt\/parduotuve\/cd\/naudoti-cd\/sarah-vaughan-the-great-american-songbook-2cd\/\",\"name\":\"Sarah Vaughan \u2013 The Great American Songbook 2CD Vinilin\u0117 Plok\u0161tel\u0117 | Vinilozona.lt\",\"isPartOf\":{\"@id\":\"https:\/\/vinilozona.lt\/#website\"},\"primaryImageOfPage\":{\"@id\":\"https:\/\/vinilozona.lt\/parduotuve\/cd\/naudoti-cd\/sarah-vaughan-the-great-american-songbook-2cd\/#primaryimage\"},\"image\":{\"@id\":\"https:\/\/vinilozona.lt\/parduotuve\/cd\/naudoti-cd\/sarah-vaughan-the-great-american-songbook-2cd\/#primaryimage\"},\"thumbnailUrl\":\"https:\/\/vinilozona.lt\/wp-content\/uploads\/2024\/04\/R-2757425-1299677506.jpg\",\"datePublished\":\"2024-03-03T12:42:02+00:00\",\"dateModified\":\"2024-04-03T11:45:35+00:00\",\"breadcrumb\":{\"@id\":\"https:\/\/vinilozona.lt\/parduotuve\/cd\/naudoti-cd\/sarah-vaughan-the-great-american-songbook-2cd\/#breadcrumb\"},\"inLanguage\":\"en-GB\",\"potentialAction\":[{\"@type\":\"ReadAction\",\"target\":[\"https:\/\/vinilozona.lt\/parduotuve\/cd\/naudoti-cd\/sarah-vaughan-the-great-american-songbook-2cd\/\"]}]},{\"@type\":\"ImageObject\",\"inLanguage\":\"en-GB\",\"@id\":\"https:\/\/vinilozona.lt\/parduotuve\/cd\/naudoti-cd\/sarah-vaughan-the-great-american-songbook-2cd\/#primaryimage\",\"url\":\"https:\/\/vinilozona.lt\/wp-content\/uploads\/2024\/04\/R-2757425-1299677506.jpg\",\"contentUrl\":\"https:\/\/vinilozona.lt\/wp-content\/uploads\/2024\/04\/R-2757425-1299677506.jpg\",\"width\":500,\"height\":500},{\"@type\":\"BreadcrumbList\",\"@id\":\"https:\/\/vinilozona.lt\/parduotuve\/cd\/naudoti-cd\/sarah-vaughan-the-great-american-songbook-2cd\/#breadcrumb\",\"itemListElement\":[{\"@type\":\"ListItem\",\"position\":1,\"name\":\"Home\",\"item\":\"https:\/\/vinilozona.lt\/\"},{\"@type\":\"ListItem\",\"position\":2,\"name\":\"Parduotuv\u0117\",\"item\":\"https:\/\/vinilozona.lt\/parduotuve\/\"},{\"@type\":\"ListItem\",\"position\":3,\"name\":\"Sarah Vaughan \u2013 The Great American Songbook 2CD\"}]},{\"@type\":\"WebSite\",\"@id\":\"https:\/\/vinilozona.lt\/#website\",\"url\":\"https:\/\/vinilozona.lt\/\",\"name\":\"Vinilo Zona\",\"description\":\"Nup\u016bsk dulkes ir klausyk LP\",\"potentialAction\":[{\"@type\":\"SearchAction\",\"target\":{\"@type\":\"EntryPoint\",\"urlTemplate\":\"https:\/\/vinilozona.lt\/?s={search_term_string}\"},\"query-input\":{\"@type\":\"PropertyValueSpecification\",\"valueRequired\":true,\"valueName\":\"search_term_string\"}}],\"inLanguage\":\"en-GB\"}]}<\/script>\n<!-- \/ Yoast SEO plugin. -->","yoast_head_json":{"title":"Sarah Vaughan \u2013 The Great American Songbook 2CD Vinilin\u0117 Plok\u0161tel\u0117 | Vinilozona.lt","robots":{"index":"index","follow":"follow","max-snippet":"max-snippet:-1","max-image-preview":"max-image-preview:large","max-video-preview":"max-video-preview:-1"},"canonical":"https:\/\/vinilozona.lt\/en\/parduotuve\/cd\/naudoti-cd\/sarah-vaughan-the-great-american-songbook-2cd\/","og_locale":"en_GB","og_type":"article","og_title":"Sarah Vaughan \u2013 The Great American Songbook 2CD Vinilin\u0117 Plok\u0161tel\u0117 | Vinilozona.lt","og_description":"Label: Not Now Music \u2013 NOT2CD221 Format: 2 x CD, Compilation, Remastered Country: UK Released: 2007","og_url":"https:\/\/vinilozona.lt\/en\/parduotuve\/cd\/naudoti-cd\/sarah-vaughan-the-great-american-songbook-2cd\/","og_site_name":"Vinilo Zona","article_modified_time":"2024-04-03T11:45:35+00:00","og_image":[{"width":500,"height":500,"url":"https:\/\/vinilozona.lt\/wp-content\/uploads\/2024\/04\/R-2757425-1299677506.jpg","type":"image\/jpeg"}],"twitter_card":"summary_large_image","twitter_misc":{"Estimated reading time":"1 minute"},"schema":{"@context":"https:\/\/schema.org","@graph":[{"@type":"WebPage","@id":"https:\/\/vinilozona.lt\/parduotuve\/cd\/naudoti-cd\/sarah-vaughan-the-great-american-songbook-2cd\/","url":"https:\/\/vinilozona.lt\/parduotuve\/cd\/naudoti-cd\/sarah-vaughan-the-great-american-songbook-2cd\/","name":"Sarah Vaughan \u2013 The Great American Songbook 2CD Vinilin\u0117 Plok\u0161tel\u0117 | Vinilozona.lt","isPartOf":{"@id":"https:\/\/vinilozona.lt\/#website"},"primaryImageOfPage":{"@id":"https:\/\/vinilozona.lt\/parduotuve\/cd\/naudoti-cd\/sarah-vaughan-the-great-american-songbook-2cd\/#primaryimage"},"image":{"@id":"https:\/\/vinilozona.lt\/parduotuve\/cd\/naudoti-cd\/sarah-vaughan-the-great-american-songbook-2cd\/#primaryimage"},"thumbnailUrl":"https:\/\/vinilozona.lt\/wp-content\/uploads\/2024\/04\/R-2757425-1299677506.jpg","datePublished":"2024-03-03T12:42:02+00:00","dateModified":"2024-04-03T11:45:35+00:00","breadcrumb":{"@id":"https:\/\/vinilozona.lt\/parduotuve\/cd\/naudoti-cd\/sarah-vaughan-the-great-american-songbook-2cd\/#breadcrumb"},"inLanguage":"en-GB","potentialAction":[{"@type":"ReadAction","target":["https:\/\/vinilozona.lt\/parduotuve\/cd\/naudoti-cd\/sarah-vaughan-the-great-american-songbook-2cd\/"]}]},{"@type":"ImageObject","inLanguage":"en-GB","@id":"https:\/\/vinilozona.lt\/parduotuve\/cd\/naudoti-cd\/sarah-vaughan-the-great-american-songbook-2cd\/#primaryimage","url":"https:\/\/vinilozona.lt\/wp-content\/uploads\/2024\/04\/R-2757425-1299677506.jpg","contentUrl":"https:\/\/vinilozona.lt\/wp-content\/uploads\/2024\/04\/R-2757425-1299677506.jpg","width":500,"height":500},{"@type":"BreadcrumbList","@id":"https:\/\/vinilozona.lt\/parduotuve\/cd\/naudoti-cd\/sarah-vaughan-the-great-american-songbook-2cd\/#breadcrumb","itemListElement":[{"@type":"ListItem","position":1,"name":"Home","item":"https:\/\/vinilozona.lt\/"},{"@type":"ListItem","position":2,"name":"Parduotuv\u0117","item":"https:\/\/vinilozona.lt\/parduotuve\/"},{"@type":"ListItem","position":3,"name":"Sarah Vaughan \u2013 The Great American Songbook 2CD"}]},{"@type":"WebSite","@id":"https:\/\/vinilozona.lt\/#website","url":"https:\/\/vinilozona.lt\/","name":"Vinilo Zona","description":"Nup\u016bsk dulkes ir klausyk LP","potentialAction":[{"@type":"SearchAction","target":{"@type":"EntryPoint","urlTemplate":"https:\/\/vinilozona.lt\/?s={search_term_string}"},"query-input":{"@type":"PropertyValueSpecification","valueRequired":true,"valueName":"search_term_string"}}],"inLanguage":"en-GB"}]}},"_links":{"self":[{"href":"https:\/\/vinilozona.lt\/en\/wp-json\/wp\/v2\/product\/24671"}],"collection":[{"href":"https:\/\/vinilozona.lt\/en\/wp-json\/wp\/v2\/product"}],"about":[{"href":"https:\/\/vinilozona.lt\/en\/wp-json\/wp\/v2\/types\/product"}],"wp:featuredmedia":[{"embeddable":true,"href":"https:\/\/vinilozona.lt\/en\/wp-json\/wp\/v2\/media\/24672"}],"wp:attachment":[{"href":"https:\/\/vinilozona.lt\/en\/wp-json\/wp\/v2\/media?parent=24671"}],"wp:term":[{"taxonomy":"product_cat","embeddable":true,"href":"https:\/\/vinilozona.lt\/en\/wp-json\/wp\/v2\/product_cat?post=24671"},{"taxonomy":"product_tag","embeddable":true,"href":"https:\/\/vinilozona.lt\/en\/wp-json\/wp\/v2\/product_tag?post=24671"}],"curies":[{"name":"wp","href":"https:\/\/api.w.org\/{rel}","templated":true}]}}