{"id":24669,"date":"2024-03-03T14:35:46","date_gmt":"2024-03-03T12:35:46","guid":{"rendered":"https:\/\/vinilozona.lt\/?post_type=product&#038;p=24669"},"modified":"2026-03-28T17:07:47","modified_gmt":"2026-03-28T15:07:47","slug":"robert-johnson-the-complete-collection-2cd","status":"publish","type":"product","link":"https:\/\/vinilozona.lt\/en\/parduotuve\/cd\/naudoti-cd\/robert-johnson-the-complete-collection-2cd\/","title":{"rendered":"Robert Johnson \u200e\u2013 The Complete Collection 2CD"},"content":{"rendered":"<p>1-1\t\tI Believe I&#8217;ll Dust My Broom<br \/>\n1-2\t\tPhonograph Blues<br \/>\n1-3\t\tPhonograph Blues (Alt. Version &#8211; Take 2)<br \/>\n1-4\t\tRamblin&#8217; On My Mind<br \/>\n1-5\t\tRamblin&#8217; On My Mind (Alt. Version &#8211; Take 2)<br \/>\n1-6\t\tKindhearted Woman Blues<br \/>\n1-7\t\tKindhearted Woman Blues (Alt. Version &#8211; Take 2)<br \/>\n1-8\t\tTerraplane Blues<br \/>\n1-9\t\tI&#8217;m A Steady Rollin&#8217; Man<br \/>\n1-10\t\tWalking Blues<br \/>\n1-11\t\tLast Fair Deal Gone Down<br \/>\n1-12\t\tDead Shrimp Blues<br \/>\n1-13\t\tSweet Home Chicago<br \/>\n1-14\t\t32-20 Blues<br \/>\n1-15\t\tCome On In My Kitchen<br \/>\n1-16\t\tCome On In My Kitchen (Alt. Version &#8211; Take 2)<br \/>\n1-17\t\tIf I Had Possession Over Judgement Day<br \/>\n1-18\t\tMe And The Devil Blues<br \/>\n1-19\t\tMe And The Devil Blues (Alt. Version &#8211; Take 1)<br \/>\n1-20\t\tPreaching Blues (Up Jumped The Devil)<br \/>\n2-1\t\tStones In My Passway<br \/>\n2-2\t\tCross Road Blues<br \/>\n2-3\t\tCross Road Blues (Alt. Version &#8211; Take 2)<br \/>\n2-4\t\tTravelling Riverside Blues<br \/>\n2-5\t\tWhen You Got A Good Friend<br \/>\n2-6\t\tWhen You Got A Good Friend (Alt. Version &#8211; Take 2)<br \/>\n2-7\t\tMilkcow&#8217;s Calf Blues<br \/>\n2-8\t\tMilkcow&#8217;s Calf Blues (Alt. Version &#8211; Take 3)<br \/>\n2-9\t\tHellhound On My Trail<br \/>\n2-10\t\tFrom Four &#8216;Til Late<br \/>\n2-11\t\tHoneymoon Blues<br \/>\n2-12\t\tStop Breakin&#8217; Down Blues<br \/>\n2-13\t\tStop Breakin&#8217; Down Blues (Alt. Version &#8211; Take 2)<br \/>\n2-14\t\tMalted Milk<br \/>\n2-15\t\tLittle Queen Of Spades<br \/>\n2-16\t\tLittle Queen Of Spades (Alt. Version &#8211; Take 1)<br \/>\n2-17\t\tThey&#8217;re Red Hot<br \/>\n2-18\t\tDrunken Hearted Man<br \/>\n2-19\t\tDrunken Hearted Man (Alt. Version &#8211; Take 2)<br \/>\n2-20\t\tLove In Vain<br \/>\n2-21\t\tLove In Vain (Alt. Version &#8211; Take 1)<\/p>","protected":false},"excerpt":{"rendered":"<p>Label:\tNot Now Music \u2013 NOT2CD270<br \/>\nFormat:\t2 x CD, Compilation<br \/>\nCountry:\tUK<br \/>\nReleased:\t2008<\/p>","protected":false},"featured_media":24670,"template":"","meta":[],"product_cat":[24,946,947],"product_tag":[55],"yoast_head":"<!-- This site is optimized with the Yoast SEO plugin v23.5 - https:\/\/yoast.com\/wordpress\/plugins\/seo\/ -->\n<title>Robert Johnson \u200e\u2013 The Complete Collection 2CD Vinilin\u0117 Plok\u0161tel\u0117 | Vinilozona.lt<\/title>\n<meta name=\"robots\" content=\"index, follow, max-snippet:-1, max-image-preview:large, max-video-preview:-1\" \/>\n<link rel=\"canonical\" href=\"https:\/\/vinilozona.lt\/en\/parduotuve\/cd\/naudoti-cd\/robert-johnson-the-complete-collection-2cd\/\" \/>\n<meta property=\"og:locale\" content=\"en_GB\" \/>\n<meta property=\"og:type\" content=\"article\" \/>\n<meta property=\"og:title\" content=\"Robert Johnson \u200e\u2013 The Complete Collection 2CD Vinilin\u0117 Plok\u0161tel\u0117 | Vinilozona.lt\" \/>\n<meta property=\"og:description\" content=\"Label: Not Now Music \u2013 NOT2CD270 Format: 2 x CD, Compilation Country: UK Released: 2008\" \/>\n<meta property=\"og:url\" content=\"https:\/\/vinilozona.lt\/en\/parduotuve\/cd\/naudoti-cd\/robert-johnson-the-complete-collection-2cd\/\" \/>\n<meta property=\"og:site_name\" content=\"Vinilo Zona\" \/>\n<meta property=\"article:modified_time\" content=\"2026-03-28T15:07:47+00:00\" \/>\n<meta property=\"og:image\" content=\"https:\/\/vinilozona.lt\/wp-content\/uploads\/2024\/04\/R-12320619-1548095004-5160.jpg\" \/>\n\t<meta property=\"og:image:width\" content=\"599\" \/>\n\t<meta property=\"og:image:height\" content=\"529\" \/>\n\t<meta property=\"og:image:type\" content=\"image\/jpeg\" \/>\n<meta name=\"twitter:card\" content=\"summary_large_image\" \/>\n<meta name=\"twitter:label1\" content=\"Estimated reading time\" \/>\n\t<meta name=\"twitter:data1\" content=\"1 minute\" \/>\n<script type=\"application\/ld+json\" class=\"yoast-schema-graph\">{\"@context\":\"https:\/\/schema.org\",\"@graph\":[{\"@type\":\"WebPage\",\"@id\":\"https:\/\/vinilozona.lt\/parduotuve\/cd\/naudoti-cd\/robert-johnson-the-complete-collection-2cd\/\",\"url\":\"https:\/\/vinilozona.lt\/parduotuve\/cd\/naudoti-cd\/robert-johnson-the-complete-collection-2cd\/\",\"name\":\"Robert Johnson \u200e\u2013 The Complete Collection 2CD Vinilin\u0117 Plok\u0161tel\u0117 | Vinilozona.lt\",\"isPartOf\":{\"@id\":\"https:\/\/vinilozona.lt\/#website\"},\"primaryImageOfPage\":{\"@id\":\"https:\/\/vinilozona.lt\/parduotuve\/cd\/naudoti-cd\/robert-johnson-the-complete-collection-2cd\/#primaryimage\"},\"image\":{\"@id\":\"https:\/\/vinilozona.lt\/parduotuve\/cd\/naudoti-cd\/robert-johnson-the-complete-collection-2cd\/#primaryimage\"},\"thumbnailUrl\":\"https:\/\/vinilozona.lt\/wp-content\/uploads\/2024\/04\/R-12320619-1548095004-5160.jpg\",\"datePublished\":\"2024-03-03T12:35:46+00:00\",\"dateModified\":\"2026-03-28T15:07:47+00:00\",\"breadcrumb\":{\"@id\":\"https:\/\/vinilozona.lt\/parduotuve\/cd\/naudoti-cd\/robert-johnson-the-complete-collection-2cd\/#breadcrumb\"},\"inLanguage\":\"en-GB\",\"potentialAction\":[{\"@type\":\"ReadAction\",\"target\":[\"https:\/\/vinilozona.lt\/parduotuve\/cd\/naudoti-cd\/robert-johnson-the-complete-collection-2cd\/\"]}]},{\"@type\":\"ImageObject\",\"inLanguage\":\"en-GB\",\"@id\":\"https:\/\/vinilozona.lt\/parduotuve\/cd\/naudoti-cd\/robert-johnson-the-complete-collection-2cd\/#primaryimage\",\"url\":\"https:\/\/vinilozona.lt\/wp-content\/uploads\/2024\/04\/R-12320619-1548095004-5160.jpg\",\"contentUrl\":\"https:\/\/vinilozona.lt\/wp-content\/uploads\/2024\/04\/R-12320619-1548095004-5160.jpg\",\"width\":599,\"height\":529},{\"@type\":\"BreadcrumbList\",\"@id\":\"https:\/\/vinilozona.lt\/parduotuve\/cd\/naudoti-cd\/robert-johnson-the-complete-collection-2cd\/#breadcrumb\",\"itemListElement\":[{\"@type\":\"ListItem\",\"position\":1,\"name\":\"Home\",\"item\":\"https:\/\/vinilozona.lt\/\"},{\"@type\":\"ListItem\",\"position\":2,\"name\":\"Parduotuv\u0117\",\"item\":\"https:\/\/vinilozona.lt\/parduotuve\/\"},{\"@type\":\"ListItem\",\"position\":3,\"name\":\"Robert Johnson \u200e\u2013 The Complete Collection 2CD\"}]},{\"@type\":\"WebSite\",\"@id\":\"https:\/\/vinilozona.lt\/#website\",\"url\":\"https:\/\/vinilozona.lt\/\",\"name\":\"Vinilo Zona\",\"description\":\"Nup\u016bsk dulkes ir klausyk LP\",\"potentialAction\":[{\"@type\":\"SearchAction\",\"target\":{\"@type\":\"EntryPoint\",\"urlTemplate\":\"https:\/\/vinilozona.lt\/?s={search_term_string}\"},\"query-input\":{\"@type\":\"PropertyValueSpecification\",\"valueRequired\":true,\"valueName\":\"search_term_string\"}}],\"inLanguage\":\"en-GB\"}]}<\/script>\n<!-- \/ Yoast SEO plugin. -->","yoast_head_json":{"title":"Robert Johnson \u200e\u2013 The Complete Collection 2CD Vinilin\u0117 Plok\u0161tel\u0117 | Vinilozona.lt","robots":{"index":"index","follow":"follow","max-snippet":"max-snippet:-1","max-image-preview":"max-image-preview:large","max-video-preview":"max-video-preview:-1"},"canonical":"https:\/\/vinilozona.lt\/en\/parduotuve\/cd\/naudoti-cd\/robert-johnson-the-complete-collection-2cd\/","og_locale":"en_GB","og_type":"article","og_title":"Robert Johnson \u200e\u2013 The Complete Collection 2CD Vinilin\u0117 Plok\u0161tel\u0117 | Vinilozona.lt","og_description":"Label: Not Now Music \u2013 NOT2CD270 Format: 2 x CD, Compilation Country: UK Released: 2008","og_url":"https:\/\/vinilozona.lt\/en\/parduotuve\/cd\/naudoti-cd\/robert-johnson-the-complete-collection-2cd\/","og_site_name":"Vinilo Zona","article_modified_time":"2026-03-28T15:07:47+00:00","og_image":[{"width":599,"height":529,"url":"https:\/\/vinilozona.lt\/wp-content\/uploads\/2024\/04\/R-12320619-1548095004-5160.jpg","type":"image\/jpeg"}],"twitter_card":"summary_large_image","twitter_misc":{"Estimated reading time":"1 minute"},"schema":{"@context":"https:\/\/schema.org","@graph":[{"@type":"WebPage","@id":"https:\/\/vinilozona.lt\/parduotuve\/cd\/naudoti-cd\/robert-johnson-the-complete-collection-2cd\/","url":"https:\/\/vinilozona.lt\/parduotuve\/cd\/naudoti-cd\/robert-johnson-the-complete-collection-2cd\/","name":"Robert Johnson \u200e\u2013 The Complete Collection 2CD Vinilin\u0117 Plok\u0161tel\u0117 | Vinilozona.lt","isPartOf":{"@id":"https:\/\/vinilozona.lt\/#website"},"primaryImageOfPage":{"@id":"https:\/\/vinilozona.lt\/parduotuve\/cd\/naudoti-cd\/robert-johnson-the-complete-collection-2cd\/#primaryimage"},"image":{"@id":"https:\/\/vinilozona.lt\/parduotuve\/cd\/naudoti-cd\/robert-johnson-the-complete-collection-2cd\/#primaryimage"},"thumbnailUrl":"https:\/\/vinilozona.lt\/wp-content\/uploads\/2024\/04\/R-12320619-1548095004-5160.jpg","datePublished":"2024-03-03T12:35:46+00:00","dateModified":"2026-03-28T15:07:47+00:00","breadcrumb":{"@id":"https:\/\/vinilozona.lt\/parduotuve\/cd\/naudoti-cd\/robert-johnson-the-complete-collection-2cd\/#breadcrumb"},"inLanguage":"en-GB","potentialAction":[{"@type":"ReadAction","target":["https:\/\/vinilozona.lt\/parduotuve\/cd\/naudoti-cd\/robert-johnson-the-complete-collection-2cd\/"]}]},{"@type":"ImageObject","inLanguage":"en-GB","@id":"https:\/\/vinilozona.lt\/parduotuve\/cd\/naudoti-cd\/robert-johnson-the-complete-collection-2cd\/#primaryimage","url":"https:\/\/vinilozona.lt\/wp-content\/uploads\/2024\/04\/R-12320619-1548095004-5160.jpg","contentUrl":"https:\/\/vinilozona.lt\/wp-content\/uploads\/2024\/04\/R-12320619-1548095004-5160.jpg","width":599,"height":529},{"@type":"BreadcrumbList","@id":"https:\/\/vinilozona.lt\/parduotuve\/cd\/naudoti-cd\/robert-johnson-the-complete-collection-2cd\/#breadcrumb","itemListElement":[{"@type":"ListItem","position":1,"name":"Home","item":"https:\/\/vinilozona.lt\/"},{"@type":"ListItem","position":2,"name":"Parduotuv\u0117","item":"https:\/\/vinilozona.lt\/parduotuve\/"},{"@type":"ListItem","position":3,"name":"Robert Johnson \u200e\u2013 The Complete Collection 2CD"}]},{"@type":"WebSite","@id":"https:\/\/vinilozona.lt\/#website","url":"https:\/\/vinilozona.lt\/","name":"Vinilo Zona","description":"Nup\u016bsk dulkes ir klausyk LP","potentialAction":[{"@type":"SearchAction","target":{"@type":"EntryPoint","urlTemplate":"https:\/\/vinilozona.lt\/?s={search_term_string}"},"query-input":{"@type":"PropertyValueSpecification","valueRequired":true,"valueName":"search_term_string"}}],"inLanguage":"en-GB"}]}},"_links":{"self":[{"href":"https:\/\/vinilozona.lt\/en\/wp-json\/wp\/v2\/product\/24669"}],"collection":[{"href":"https:\/\/vinilozona.lt\/en\/wp-json\/wp\/v2\/product"}],"about":[{"href":"https:\/\/vinilozona.lt\/en\/wp-json\/wp\/v2\/types\/product"}],"wp:featuredmedia":[{"embeddable":true,"href":"https:\/\/vinilozona.lt\/en\/wp-json\/wp\/v2\/media\/24670"}],"wp:attachment":[{"href":"https:\/\/vinilozona.lt\/en\/wp-json\/wp\/v2\/media?parent=24669"}],"wp:term":[{"taxonomy":"product_cat","embeddable":true,"href":"https:\/\/vinilozona.lt\/en\/wp-json\/wp\/v2\/product_cat?post=24669"},{"taxonomy":"product_tag","embeddable":true,"href":"https:\/\/vinilozona.lt\/en\/wp-json\/wp\/v2\/product_tag?post=24669"}],"curies":[{"name":"wp","href":"https:\/\/api.w.org\/{rel}","templated":true}]}}