{"id":24667,"date":"2024-03-03T14:32:05","date_gmt":"2024-03-03T12:32:05","guid":{"rendered":"https:\/\/vinilozona.lt\/?post_type=product&#038;p=24667"},"modified":"2026-03-14T21:52:15","modified_gmt":"2026-03-14T19:52:15","slug":"john-lee-hooker-the-very-best-of-john-lee-hooker-2cd","status":"publish","type":"product","link":"https:\/\/vinilozona.lt\/en\/parduotuve\/cd\/naudoti-cd\/john-lee-hooker-the-very-best-of-john-lee-hooker-2cd\/","title":{"rendered":"John Lee Hooker \u2013 The Very Best Of John Lee Hooker 2CD"},"content":{"rendered":"<p>1-1\t\tBoom Boom\t2:31<br \/>\n1-2\t\tDimples\t2:14<br \/>\n1-3\t\tI&#8217;m In The Mood\t2:42<br \/>\n1-4\t\tI&#8217;m So Excited\t2:54<br \/>\n1-5\t\tHard Hearted Woman\t2:31<br \/>\n1-6\t\tWant Ad Blues\t2:21<br \/>\n1-7\t\tI Wanna Walk\t2:15<br \/>\n1-8\t\tOnions\t2:10<br \/>\n1-9\t\tThelma\t3:32<br \/>\n1-10\t\tSend Me Your Pillow\t2:26<br \/>\n1-11\t\tLost A Good Girl\t1:56<br \/>\n1-12\t\tHouse Rent Boogie\t4:01<br \/>\n1-13\t\tWhat Do You Say\t2:31<br \/>\n1-14\t\tBlues Before Sunrise\t3:50<br \/>\n1-15\t\tProcess\t3:37<br \/>\n1-16\t\tLet&#8217;s Make It\t2:22<br \/>\n1-17\t\tI&#8217;m Leaving Baby\t2:12<br \/>\n1-18\t\tShe&#8217;s Mine (Keep Your Hands To Yourself)\t2:21<br \/>\n1-19\t\tBaby Lee\t2:57<br \/>\n1-20\t\tI&#8217;m Goin&#8217; Upstairs\t3:00<br \/>\n2-1\t\tBoogie Chillen\t3:10<br \/>\n2-2\t\tCrawling Kingsnake\t3:01<br \/>\n2-3\t\tBurnin&#8217; Hell\t2:42<br \/>\n2-4\t\tHighway Blues\t3:03<br \/>\n2-5\t\tWhistlin&#8217; And Moanin&#8217; Blues\t3:08<br \/>\n2-6\t\tHoogie Boogie\t2:56<br \/>\n2-7\t\tDo The Boogie\t3:13<br \/>\n2-8\t\tGoin&#8217; Home Blues\t3:27<br \/>\n2-9\t\tLanding Blues\t3:26<br \/>\n2-10\t\tTwister Blues\t2:33<br \/>\n2-11\t\tHastings Street Boogie\t2:20<br \/>\n2-12\t\tMiss Eloise\t2:41<br \/>\n2-13\t\tGraveyard Blues\t2:48<br \/>\n2-14\t\tSally Mae\t3:12<br \/>\n2-15\t\tMiss Rosie Mae\t3:02<br \/>\n2-16\t\tHobo Blues\t3:02<br \/>\n2-17\t\tBuild Myself A Cave\t2:58<br \/>\n2-18\t\tAlberta\t3:05<br \/>\n2-19\t\tLowdown Midnight Boogie\t3:34<br \/>\n2-20\t\tMomma Poppa Boogie\t2:57<br \/>\n2-21\t\tShady Grove Blues\t3:19<br \/>\n2-22\t\tWalkin&#8217; The Boogie\t2:43<br \/>\n2-23\t\tSugar Mama\t3:15<br \/>\n2-24\t\tQueen Bee\t2:36<br \/>\n2-25\t\tDimples (Alternative Version)\t2:12<\/p>","protected":false},"excerpt":{"rendered":"<p>Label:\tNot Now Music \u2013 NOT2CD288<br \/>\nFormat:\t2 x CD, Compilation, Remastered<br \/>\nCountry:\tUK &#038; Europe<br \/>\nReleased:\t2009<\/p>","protected":false},"featured_media":24668,"template":"","meta":[],"product_cat":[24,946,947],"product_tag":[55],"yoast_head":"<!-- This site is optimized with the Yoast SEO plugin v23.5 - https:\/\/yoast.com\/wordpress\/plugins\/seo\/ -->\n<title>John Lee Hooker \u2013 The Very Best Of John Lee Hooker 2CD Vinilin\u0117 Plok\u0161tel\u0117 | Vinilozona.lt<\/title>\n<meta name=\"robots\" content=\"index, follow, max-snippet:-1, max-image-preview:large, max-video-preview:-1\" \/>\n<link rel=\"canonical\" href=\"https:\/\/vinilozona.lt\/en\/parduotuve\/cd\/naudoti-cd\/john-lee-hooker-the-very-best-of-john-lee-hooker-2cd\/\" \/>\n<meta property=\"og:locale\" content=\"en_GB\" \/>\n<meta property=\"og:type\" content=\"article\" \/>\n<meta property=\"og:title\" content=\"John Lee Hooker \u2013 The Very Best Of John Lee Hooker 2CD Vinilin\u0117 Plok\u0161tel\u0117 | Vinilozona.lt\" \/>\n<meta property=\"og:description\" content=\"Label: Not Now Music \u2013 NOT2CD288 Format: 2 x CD, Compilation, Remastered Country: UK &amp; Europe Released: 2009\" \/>\n<meta property=\"og:url\" content=\"https:\/\/vinilozona.lt\/en\/parduotuve\/cd\/naudoti-cd\/john-lee-hooker-the-very-best-of-john-lee-hooker-2cd\/\" \/>\n<meta property=\"og:site_name\" content=\"Vinilo Zona\" \/>\n<meta property=\"article:modified_time\" content=\"2026-03-14T19:52:15+00:00\" \/>\n<meta property=\"og:image\" content=\"https:\/\/vinilozona.lt\/wp-content\/uploads\/2024\/04\/R-14032834-1691946584-3957.jpg\" \/>\n\t<meta property=\"og:image:width\" content=\"504\" \/>\n\t<meta property=\"og:image:height\" content=\"500\" \/>\n\t<meta property=\"og:image:type\" content=\"image\/jpeg\" \/>\n<meta name=\"twitter:card\" content=\"summary_large_image\" \/>\n<meta name=\"twitter:label1\" content=\"Estimated reading time\" \/>\n\t<meta name=\"twitter:data1\" content=\"1 minute\" \/>\n<script type=\"application\/ld+json\" class=\"yoast-schema-graph\">{\"@context\":\"https:\/\/schema.org\",\"@graph\":[{\"@type\":\"WebPage\",\"@id\":\"https:\/\/vinilozona.lt\/parduotuve\/cd\/naudoti-cd\/john-lee-hooker-the-very-best-of-john-lee-hooker-2cd\/\",\"url\":\"https:\/\/vinilozona.lt\/parduotuve\/cd\/naudoti-cd\/john-lee-hooker-the-very-best-of-john-lee-hooker-2cd\/\",\"name\":\"John Lee Hooker \u2013 The Very Best Of John Lee Hooker 2CD Vinilin\u0117 Plok\u0161tel\u0117 | Vinilozona.lt\",\"isPartOf\":{\"@id\":\"https:\/\/vinilozona.lt\/#website\"},\"primaryImageOfPage\":{\"@id\":\"https:\/\/vinilozona.lt\/parduotuve\/cd\/naudoti-cd\/john-lee-hooker-the-very-best-of-john-lee-hooker-2cd\/#primaryimage\"},\"image\":{\"@id\":\"https:\/\/vinilozona.lt\/parduotuve\/cd\/naudoti-cd\/john-lee-hooker-the-very-best-of-john-lee-hooker-2cd\/#primaryimage\"},\"thumbnailUrl\":\"https:\/\/vinilozona.lt\/wp-content\/uploads\/2024\/04\/R-14032834-1691946584-3957.jpg\",\"datePublished\":\"2024-03-03T12:32:05+00:00\",\"dateModified\":\"2026-03-14T19:52:15+00:00\",\"breadcrumb\":{\"@id\":\"https:\/\/vinilozona.lt\/parduotuve\/cd\/naudoti-cd\/john-lee-hooker-the-very-best-of-john-lee-hooker-2cd\/#breadcrumb\"},\"inLanguage\":\"en-GB\",\"potentialAction\":[{\"@type\":\"ReadAction\",\"target\":[\"https:\/\/vinilozona.lt\/parduotuve\/cd\/naudoti-cd\/john-lee-hooker-the-very-best-of-john-lee-hooker-2cd\/\"]}]},{\"@type\":\"ImageObject\",\"inLanguage\":\"en-GB\",\"@id\":\"https:\/\/vinilozona.lt\/parduotuve\/cd\/naudoti-cd\/john-lee-hooker-the-very-best-of-john-lee-hooker-2cd\/#primaryimage\",\"url\":\"https:\/\/vinilozona.lt\/wp-content\/uploads\/2024\/04\/R-14032834-1691946584-3957.jpg\",\"contentUrl\":\"https:\/\/vinilozona.lt\/wp-content\/uploads\/2024\/04\/R-14032834-1691946584-3957.jpg\",\"width\":504,\"height\":500},{\"@type\":\"BreadcrumbList\",\"@id\":\"https:\/\/vinilozona.lt\/parduotuve\/cd\/naudoti-cd\/john-lee-hooker-the-very-best-of-john-lee-hooker-2cd\/#breadcrumb\",\"itemListElement\":[{\"@type\":\"ListItem\",\"position\":1,\"name\":\"Home\",\"item\":\"https:\/\/vinilozona.lt\/\"},{\"@type\":\"ListItem\",\"position\":2,\"name\":\"Parduotuv\u0117\",\"item\":\"https:\/\/vinilozona.lt\/parduotuve\/\"},{\"@type\":\"ListItem\",\"position\":3,\"name\":\"John Lee Hooker \u2013 The Very Best Of John Lee Hooker 2CD\"}]},{\"@type\":\"WebSite\",\"@id\":\"https:\/\/vinilozona.lt\/#website\",\"url\":\"https:\/\/vinilozona.lt\/\",\"name\":\"Vinilo Zona\",\"description\":\"Nup\u016bsk dulkes ir klausyk LP\",\"potentialAction\":[{\"@type\":\"SearchAction\",\"target\":{\"@type\":\"EntryPoint\",\"urlTemplate\":\"https:\/\/vinilozona.lt\/?s={search_term_string}\"},\"query-input\":{\"@type\":\"PropertyValueSpecification\",\"valueRequired\":true,\"valueName\":\"search_term_string\"}}],\"inLanguage\":\"en-GB\"}]}<\/script>\n<!-- \/ Yoast SEO plugin. -->","yoast_head_json":{"title":"John Lee Hooker \u2013 The Very Best Of John Lee Hooker 2CD Vinilin\u0117 Plok\u0161tel\u0117 | Vinilozona.lt","robots":{"index":"index","follow":"follow","max-snippet":"max-snippet:-1","max-image-preview":"max-image-preview:large","max-video-preview":"max-video-preview:-1"},"canonical":"https:\/\/vinilozona.lt\/en\/parduotuve\/cd\/naudoti-cd\/john-lee-hooker-the-very-best-of-john-lee-hooker-2cd\/","og_locale":"en_GB","og_type":"article","og_title":"John Lee Hooker \u2013 The Very Best Of John Lee Hooker 2CD Vinilin\u0117 Plok\u0161tel\u0117 | Vinilozona.lt","og_description":"Label: Not Now Music \u2013 NOT2CD288 Format: 2 x CD, Compilation, Remastered Country: UK & Europe Released: 2009","og_url":"https:\/\/vinilozona.lt\/en\/parduotuve\/cd\/naudoti-cd\/john-lee-hooker-the-very-best-of-john-lee-hooker-2cd\/","og_site_name":"Vinilo Zona","article_modified_time":"2026-03-14T19:52:15+00:00","og_image":[{"width":504,"height":500,"url":"https:\/\/vinilozona.lt\/wp-content\/uploads\/2024\/04\/R-14032834-1691946584-3957.jpg","type":"image\/jpeg"}],"twitter_card":"summary_large_image","twitter_misc":{"Estimated reading time":"1 minute"},"schema":{"@context":"https:\/\/schema.org","@graph":[{"@type":"WebPage","@id":"https:\/\/vinilozona.lt\/parduotuve\/cd\/naudoti-cd\/john-lee-hooker-the-very-best-of-john-lee-hooker-2cd\/","url":"https:\/\/vinilozona.lt\/parduotuve\/cd\/naudoti-cd\/john-lee-hooker-the-very-best-of-john-lee-hooker-2cd\/","name":"John Lee Hooker \u2013 The Very Best Of John Lee Hooker 2CD Vinilin\u0117 Plok\u0161tel\u0117 | Vinilozona.lt","isPartOf":{"@id":"https:\/\/vinilozona.lt\/#website"},"primaryImageOfPage":{"@id":"https:\/\/vinilozona.lt\/parduotuve\/cd\/naudoti-cd\/john-lee-hooker-the-very-best-of-john-lee-hooker-2cd\/#primaryimage"},"image":{"@id":"https:\/\/vinilozona.lt\/parduotuve\/cd\/naudoti-cd\/john-lee-hooker-the-very-best-of-john-lee-hooker-2cd\/#primaryimage"},"thumbnailUrl":"https:\/\/vinilozona.lt\/wp-content\/uploads\/2024\/04\/R-14032834-1691946584-3957.jpg","datePublished":"2024-03-03T12:32:05+00:00","dateModified":"2026-03-14T19:52:15+00:00","breadcrumb":{"@id":"https:\/\/vinilozona.lt\/parduotuve\/cd\/naudoti-cd\/john-lee-hooker-the-very-best-of-john-lee-hooker-2cd\/#breadcrumb"},"inLanguage":"en-GB","potentialAction":[{"@type":"ReadAction","target":["https:\/\/vinilozona.lt\/parduotuve\/cd\/naudoti-cd\/john-lee-hooker-the-very-best-of-john-lee-hooker-2cd\/"]}]},{"@type":"ImageObject","inLanguage":"en-GB","@id":"https:\/\/vinilozona.lt\/parduotuve\/cd\/naudoti-cd\/john-lee-hooker-the-very-best-of-john-lee-hooker-2cd\/#primaryimage","url":"https:\/\/vinilozona.lt\/wp-content\/uploads\/2024\/04\/R-14032834-1691946584-3957.jpg","contentUrl":"https:\/\/vinilozona.lt\/wp-content\/uploads\/2024\/04\/R-14032834-1691946584-3957.jpg","width":504,"height":500},{"@type":"BreadcrumbList","@id":"https:\/\/vinilozona.lt\/parduotuve\/cd\/naudoti-cd\/john-lee-hooker-the-very-best-of-john-lee-hooker-2cd\/#breadcrumb","itemListElement":[{"@type":"ListItem","position":1,"name":"Home","item":"https:\/\/vinilozona.lt\/"},{"@type":"ListItem","position":2,"name":"Parduotuv\u0117","item":"https:\/\/vinilozona.lt\/parduotuve\/"},{"@type":"ListItem","position":3,"name":"John Lee Hooker \u2013 The Very Best Of John Lee Hooker 2CD"}]},{"@type":"WebSite","@id":"https:\/\/vinilozona.lt\/#website","url":"https:\/\/vinilozona.lt\/","name":"Vinilo Zona","description":"Nup\u016bsk dulkes ir klausyk LP","potentialAction":[{"@type":"SearchAction","target":{"@type":"EntryPoint","urlTemplate":"https:\/\/vinilozona.lt\/?s={search_term_string}"},"query-input":{"@type":"PropertyValueSpecification","valueRequired":true,"valueName":"search_term_string"}}],"inLanguage":"en-GB"}]}},"_links":{"self":[{"href":"https:\/\/vinilozona.lt\/en\/wp-json\/wp\/v2\/product\/24667"}],"collection":[{"href":"https:\/\/vinilozona.lt\/en\/wp-json\/wp\/v2\/product"}],"about":[{"href":"https:\/\/vinilozona.lt\/en\/wp-json\/wp\/v2\/types\/product"}],"wp:featuredmedia":[{"embeddable":true,"href":"https:\/\/vinilozona.lt\/en\/wp-json\/wp\/v2\/media\/24668"}],"wp:attachment":[{"href":"https:\/\/vinilozona.lt\/en\/wp-json\/wp\/v2\/media?parent=24667"}],"wp:term":[{"taxonomy":"product_cat","embeddable":true,"href":"https:\/\/vinilozona.lt\/en\/wp-json\/wp\/v2\/product_cat?post=24667"},{"taxonomy":"product_tag","embeddable":true,"href":"https:\/\/vinilozona.lt\/en\/wp-json\/wp\/v2\/product_tag?post=24667"}],"curies":[{"name":"wp","href":"https:\/\/api.w.org\/{rel}","templated":true}]}}