{"id":24665,"date":"2024-03-03T14:25:37","date_gmt":"2024-03-03T12:25:37","guid":{"rendered":"https:\/\/vinilozona.lt\/?post_type=product&#038;p=24665"},"modified":"2026-03-28T17:11:08","modified_gmt":"2026-03-28T15:11:08","slug":"willie-dixon-featuring-memphis-slim-willies-blues-2cd","status":"publish","type":"product","link":"https:\/\/vinilozona.lt\/en\/parduotuve\/cd\/naudoti-cd\/willie-dixon-featuring-memphis-slim-willies-blues-2cd\/","title":{"rendered":"Willie Dixon Featuring Memphis Slim \u2013 Willie&#8217;s Blues 2CD"},"content":{"rendered":"<p>1-1\t\tNervous<br \/>\n1-2\t\tGood Understanding<br \/>\n1-3\t\tThat&#8217;s My Baby<br \/>\n1-4\t\tSlim&#8217;s Thing<br \/>\n1-5\t\tThat&#8217;s All I Want Baby<br \/>\n1-6\t\tDon&#8217;t You Tell Nobody<br \/>\n1-7\t\tYouth To You<br \/>\n1-8\t\tSittin&#8217; And Cryin&#8217; The Blues<br \/>\n1-9\t\tBuilt For Comfort<br \/>\n1-10\t\tI Got A Razor<br \/>\n1-11\t\tGo Easy<br \/>\n1-12\t\tMove Me<br \/>\nDisc 2 Songs Of Memphis Slim &#038; Willie Dixon<br \/>\n2-1\t\tJoggie Boogie<br \/>\n2-2\t\tStewball (Studio Ver.)<br \/>\n2-3\t\tJohn Henry<br \/>\n2-4\t\tKansas City No. 1, 2 And 3<br \/>\n2-5\t\tHave You Ever Been To Nashville Pen?<br \/>\n2-6\t\tRoll And Tumble<br \/>\n2-7\t\tBeer Drinking Woman<br \/>\n2-8\t\tChicago House Rent Party<br \/>\n2-9\t\t44 Blues<br \/>\n2-10\t\tUnlucky<br \/>\nBonus Tracks:<br \/>\n2-11\t\tCrazy For Me Baby<br \/>\n2-12\t\tMy Baby Don&#8217;t Stand No Cheating<br \/>\n2-13\t\tStewball (Live Ver.)<br \/>\n2-14\t\tWe&#8217;re Gonna Rockt You?<\/p>","protected":false},"excerpt":{"rendered":"<p>Label:\tNot Now Music \u2013 NOT2CD495<br \/>\nFormat:\t2 x CD, Compilation<br \/>\nCountry:\tEurope<br \/>\nReleased:\t2013<\/p>","protected":false},"featured_media":24666,"template":"","meta":[],"product_cat":[24,946,947],"product_tag":[55],"yoast_head":"<!-- This site is optimized with the Yoast SEO plugin v23.5 - https:\/\/yoast.com\/wordpress\/plugins\/seo\/ -->\n<title>Willie Dixon Featuring Memphis Slim \u2013 Willie&#039;s Blues 2CD Vinilin\u0117 Plok\u0161tel\u0117 | Vinilozona.lt<\/title>\n<meta name=\"robots\" content=\"index, follow, max-snippet:-1, max-image-preview:large, max-video-preview:-1\" \/>\n<link rel=\"canonical\" href=\"https:\/\/vinilozona.lt\/en\/parduotuve\/cd\/naudoti-cd\/willie-dixon-featuring-memphis-slim-willies-blues-2cd\/\" \/>\n<meta property=\"og:locale\" content=\"en_GB\" \/>\n<meta property=\"og:type\" content=\"article\" \/>\n<meta property=\"og:title\" content=\"Willie Dixon Featuring Memphis Slim \u2013 Willie&#039;s Blues 2CD Vinilin\u0117 Plok\u0161tel\u0117 | Vinilozona.lt\" \/>\n<meta property=\"og:description\" content=\"Label: Not Now Music \u2013 NOT2CD495 Format: 2 x CD, Compilation Country: Europe Released: 2013\" \/>\n<meta property=\"og:url\" content=\"https:\/\/vinilozona.lt\/en\/parduotuve\/cd\/naudoti-cd\/willie-dixon-featuring-memphis-slim-willies-blues-2cd\/\" \/>\n<meta property=\"og:site_name\" content=\"Vinilo Zona\" \/>\n<meta property=\"article:modified_time\" content=\"2026-03-28T15:11:08+00:00\" \/>\n<meta property=\"og:image\" content=\"https:\/\/vinilozona.lt\/wp-content\/uploads\/2024\/04\/R-6357821-1417273297-2281.jpg\" \/>\n\t<meta property=\"og:image:width\" content=\"160\" \/>\n\t<meta property=\"og:image:height\" content=\"160\" \/>\n\t<meta property=\"og:image:type\" content=\"image\/jpeg\" \/>\n<meta name=\"twitter:card\" content=\"summary_large_image\" \/>\n<meta name=\"twitter:label1\" content=\"Estimated reading time\" \/>\n\t<meta name=\"twitter:data1\" content=\"1 minute\" \/>\n<script type=\"application\/ld+json\" class=\"yoast-schema-graph\">{\"@context\":\"https:\/\/schema.org\",\"@graph\":[{\"@type\":\"WebPage\",\"@id\":\"https:\/\/vinilozona.lt\/parduotuve\/cd\/naudoti-cd\/willie-dixon-featuring-memphis-slim-willies-blues-2cd\/\",\"url\":\"https:\/\/vinilozona.lt\/parduotuve\/cd\/naudoti-cd\/willie-dixon-featuring-memphis-slim-willies-blues-2cd\/\",\"name\":\"Willie Dixon Featuring Memphis Slim \u2013 Willie's Blues 2CD Vinilin\u0117 Plok\u0161tel\u0117 | Vinilozona.lt\",\"isPartOf\":{\"@id\":\"https:\/\/vinilozona.lt\/#website\"},\"primaryImageOfPage\":{\"@id\":\"https:\/\/vinilozona.lt\/parduotuve\/cd\/naudoti-cd\/willie-dixon-featuring-memphis-slim-willies-blues-2cd\/#primaryimage\"},\"image\":{\"@id\":\"https:\/\/vinilozona.lt\/parduotuve\/cd\/naudoti-cd\/willie-dixon-featuring-memphis-slim-willies-blues-2cd\/#primaryimage\"},\"thumbnailUrl\":\"https:\/\/vinilozona.lt\/wp-content\/uploads\/2024\/04\/R-6357821-1417273297-2281.jpg\",\"datePublished\":\"2024-03-03T12:25:37+00:00\",\"dateModified\":\"2026-03-28T15:11:08+00:00\",\"breadcrumb\":{\"@id\":\"https:\/\/vinilozona.lt\/parduotuve\/cd\/naudoti-cd\/willie-dixon-featuring-memphis-slim-willies-blues-2cd\/#breadcrumb\"},\"inLanguage\":\"en-GB\",\"potentialAction\":[{\"@type\":\"ReadAction\",\"target\":[\"https:\/\/vinilozona.lt\/parduotuve\/cd\/naudoti-cd\/willie-dixon-featuring-memphis-slim-willies-blues-2cd\/\"]}]},{\"@type\":\"ImageObject\",\"inLanguage\":\"en-GB\",\"@id\":\"https:\/\/vinilozona.lt\/parduotuve\/cd\/naudoti-cd\/willie-dixon-featuring-memphis-slim-willies-blues-2cd\/#primaryimage\",\"url\":\"https:\/\/vinilozona.lt\/wp-content\/uploads\/2024\/04\/R-6357821-1417273297-2281.jpg\",\"contentUrl\":\"https:\/\/vinilozona.lt\/wp-content\/uploads\/2024\/04\/R-6357821-1417273297-2281.jpg\",\"width\":160,\"height\":160},{\"@type\":\"BreadcrumbList\",\"@id\":\"https:\/\/vinilozona.lt\/parduotuve\/cd\/naudoti-cd\/willie-dixon-featuring-memphis-slim-willies-blues-2cd\/#breadcrumb\",\"itemListElement\":[{\"@type\":\"ListItem\",\"position\":1,\"name\":\"Home\",\"item\":\"https:\/\/vinilozona.lt\/\"},{\"@type\":\"ListItem\",\"position\":2,\"name\":\"Parduotuv\u0117\",\"item\":\"https:\/\/vinilozona.lt\/parduotuve\/\"},{\"@type\":\"ListItem\",\"position\":3,\"name\":\"Willie Dixon Featuring Memphis Slim \u2013 Willie&#8217;s Blues 2CD\"}]},{\"@type\":\"WebSite\",\"@id\":\"https:\/\/vinilozona.lt\/#website\",\"url\":\"https:\/\/vinilozona.lt\/\",\"name\":\"Vinilo Zona\",\"description\":\"Nup\u016bsk dulkes ir klausyk LP\",\"potentialAction\":[{\"@type\":\"SearchAction\",\"target\":{\"@type\":\"EntryPoint\",\"urlTemplate\":\"https:\/\/vinilozona.lt\/?s={search_term_string}\"},\"query-input\":{\"@type\":\"PropertyValueSpecification\",\"valueRequired\":true,\"valueName\":\"search_term_string\"}}],\"inLanguage\":\"en-GB\"}]}<\/script>\n<!-- \/ Yoast SEO plugin. -->","yoast_head_json":{"title":"Willie Dixon Featuring Memphis Slim \u2013 Willie's Blues 2CD Vinilin\u0117 Plok\u0161tel\u0117 | Vinilozona.lt","robots":{"index":"index","follow":"follow","max-snippet":"max-snippet:-1","max-image-preview":"max-image-preview:large","max-video-preview":"max-video-preview:-1"},"canonical":"https:\/\/vinilozona.lt\/en\/parduotuve\/cd\/naudoti-cd\/willie-dixon-featuring-memphis-slim-willies-blues-2cd\/","og_locale":"en_GB","og_type":"article","og_title":"Willie Dixon Featuring Memphis Slim \u2013 Willie's Blues 2CD Vinilin\u0117 Plok\u0161tel\u0117 | Vinilozona.lt","og_description":"Label: Not Now Music \u2013 NOT2CD495 Format: 2 x CD, Compilation Country: Europe Released: 2013","og_url":"https:\/\/vinilozona.lt\/en\/parduotuve\/cd\/naudoti-cd\/willie-dixon-featuring-memphis-slim-willies-blues-2cd\/","og_site_name":"Vinilo Zona","article_modified_time":"2026-03-28T15:11:08+00:00","og_image":[{"width":160,"height":160,"url":"https:\/\/vinilozona.lt\/wp-content\/uploads\/2024\/04\/R-6357821-1417273297-2281.jpg","type":"image\/jpeg"}],"twitter_card":"summary_large_image","twitter_misc":{"Estimated reading time":"1 minute"},"schema":{"@context":"https:\/\/schema.org","@graph":[{"@type":"WebPage","@id":"https:\/\/vinilozona.lt\/parduotuve\/cd\/naudoti-cd\/willie-dixon-featuring-memphis-slim-willies-blues-2cd\/","url":"https:\/\/vinilozona.lt\/parduotuve\/cd\/naudoti-cd\/willie-dixon-featuring-memphis-slim-willies-blues-2cd\/","name":"Willie Dixon Featuring Memphis Slim \u2013 Willie's Blues 2CD Vinilin\u0117 Plok\u0161tel\u0117 | Vinilozona.lt","isPartOf":{"@id":"https:\/\/vinilozona.lt\/#website"},"primaryImageOfPage":{"@id":"https:\/\/vinilozona.lt\/parduotuve\/cd\/naudoti-cd\/willie-dixon-featuring-memphis-slim-willies-blues-2cd\/#primaryimage"},"image":{"@id":"https:\/\/vinilozona.lt\/parduotuve\/cd\/naudoti-cd\/willie-dixon-featuring-memphis-slim-willies-blues-2cd\/#primaryimage"},"thumbnailUrl":"https:\/\/vinilozona.lt\/wp-content\/uploads\/2024\/04\/R-6357821-1417273297-2281.jpg","datePublished":"2024-03-03T12:25:37+00:00","dateModified":"2026-03-28T15:11:08+00:00","breadcrumb":{"@id":"https:\/\/vinilozona.lt\/parduotuve\/cd\/naudoti-cd\/willie-dixon-featuring-memphis-slim-willies-blues-2cd\/#breadcrumb"},"inLanguage":"en-GB","potentialAction":[{"@type":"ReadAction","target":["https:\/\/vinilozona.lt\/parduotuve\/cd\/naudoti-cd\/willie-dixon-featuring-memphis-slim-willies-blues-2cd\/"]}]},{"@type":"ImageObject","inLanguage":"en-GB","@id":"https:\/\/vinilozona.lt\/parduotuve\/cd\/naudoti-cd\/willie-dixon-featuring-memphis-slim-willies-blues-2cd\/#primaryimage","url":"https:\/\/vinilozona.lt\/wp-content\/uploads\/2024\/04\/R-6357821-1417273297-2281.jpg","contentUrl":"https:\/\/vinilozona.lt\/wp-content\/uploads\/2024\/04\/R-6357821-1417273297-2281.jpg","width":160,"height":160},{"@type":"BreadcrumbList","@id":"https:\/\/vinilozona.lt\/parduotuve\/cd\/naudoti-cd\/willie-dixon-featuring-memphis-slim-willies-blues-2cd\/#breadcrumb","itemListElement":[{"@type":"ListItem","position":1,"name":"Home","item":"https:\/\/vinilozona.lt\/"},{"@type":"ListItem","position":2,"name":"Parduotuv\u0117","item":"https:\/\/vinilozona.lt\/parduotuve\/"},{"@type":"ListItem","position":3,"name":"Willie Dixon Featuring Memphis Slim \u2013 Willie&#8217;s Blues 2CD"}]},{"@type":"WebSite","@id":"https:\/\/vinilozona.lt\/#website","url":"https:\/\/vinilozona.lt\/","name":"Vinilo Zona","description":"Nup\u016bsk dulkes ir klausyk LP","potentialAction":[{"@type":"SearchAction","target":{"@type":"EntryPoint","urlTemplate":"https:\/\/vinilozona.lt\/?s={search_term_string}"},"query-input":{"@type":"PropertyValueSpecification","valueRequired":true,"valueName":"search_term_string"}}],"inLanguage":"en-GB"}]}},"_links":{"self":[{"href":"https:\/\/vinilozona.lt\/en\/wp-json\/wp\/v2\/product\/24665"}],"collection":[{"href":"https:\/\/vinilozona.lt\/en\/wp-json\/wp\/v2\/product"}],"about":[{"href":"https:\/\/vinilozona.lt\/en\/wp-json\/wp\/v2\/types\/product"}],"wp:featuredmedia":[{"embeddable":true,"href":"https:\/\/vinilozona.lt\/en\/wp-json\/wp\/v2\/media\/24666"}],"wp:attachment":[{"href":"https:\/\/vinilozona.lt\/en\/wp-json\/wp\/v2\/media?parent=24665"}],"wp:term":[{"taxonomy":"product_cat","embeddable":true,"href":"https:\/\/vinilozona.lt\/en\/wp-json\/wp\/v2\/product_cat?post=24665"},{"taxonomy":"product_tag","embeddable":true,"href":"https:\/\/vinilozona.lt\/en\/wp-json\/wp\/v2\/product_tag?post=24665"}],"curies":[{"name":"wp","href":"https:\/\/api.w.org\/{rel}","templated":true}]}}