{"id":24663,"date":"2024-03-03T14:22:36","date_gmt":"2024-03-03T12:22:36","guid":{"rendered":"https:\/\/vinilozona.lt\/?post_type=product&#038;p=24663"},"modified":"2026-03-28T17:08:59","modified_gmt":"2026-03-28T15:08:59","slug":"howlin-wolf-evil-2cd","status":"publish","type":"product","link":"https:\/\/vinilozona.lt\/en\/parduotuve\/cd\/naudoti-cd\/howlin-wolf-evil-2cd\/","title":{"rendered":"Howlin&#8217; Wolf \u2013 Evil 2CD"},"content":{"rendered":"<p>1-1\t\tSmokestack Lightnin&#8217;<br \/>\n1-2\t\tMoanin&#8217; At Midnight<br \/>\n1-3\t\tHow Many More Years?<br \/>\n1-4\t\tBaby How Long?<br \/>\n1-5\t\tI Asked Her For Water (She Gave Me Gasoline)<br \/>\n1-6\t\tWho Will Be Next?<br \/>\n1-7\t\tCrying At Daybreak<br \/>\n1-8\t\tForty Four<br \/>\n1-9\t\tRiding In The Moonlight<br \/>\n1-10\t\tSaddle My Pony (Gonna Find My Baby Out In The World)<br \/>\n1-11\t\tEvil (Is Going On)<br \/>\n1-12\t\tOh Red!<br \/>\n1-13\t\tThe Wolf Is At Your Door (Howlin&#8217; For My Baby)<br \/>\n1-14\t\tMy Last Affair<br \/>\n1-15\t\tI Love My Baby<br \/>\n1-16\t\tAll Night Boogie (All Night Long)<br \/>\n2-1\t\tGoin&#8217; Back Home<br \/>\n2-2\t\tMy Life<br \/>\n2-3\t\tSomebody In My Home<br \/>\n2-4\t\tSitting On Top Of The World<br \/>\n2-5\t\tPoor Boy<br \/>\n2-6\t\tI&#8217;m Leavin&#8217; You<br \/>\n2-7\t\tSo Glad<br \/>\n2-8\t\tGetting Old And Grey<br \/>\n2-9\t\tWorried All The Time<br \/>\n2-10\t\tNo Place To Go<br \/>\n2-11\t\tI&#8217;ll Be Around<br \/>\n2-12\t\tI Want Your Picture<br \/>\n2-13\t\tI Have A Little Girl<br \/>\n2-14\t\tMy Baby Stole Off<br \/>\n2-15\t\tPassing By Blues<br \/>\n2-16\t\tMr. Highway Man<br \/>\n2-17\t\tDon&#8217;t Mess With My Baby<\/p>","protected":false},"excerpt":{"rendered":"<p>Label:\tNot Now Music \u2013 NOT2CD300<br \/>\nFormat:\t2 x CD, Compilation<br \/>\nCountry:\tEurope<br \/>\nReleased:\t2009<\/p>","protected":false},"featured_media":24664,"template":"","meta":[],"product_cat":[24,946,947],"product_tag":[55],"yoast_head":"<!-- This site is optimized with the Yoast SEO plugin v23.5 - https:\/\/yoast.com\/wordpress\/plugins\/seo\/ -->\n<title>Howlin&#039; Wolf \u2013 Evil 2CD Vinilin\u0117 Plok\u0161tel\u0117 | Vinilozona.lt<\/title>\n<meta name=\"robots\" content=\"index, follow, max-snippet:-1, max-image-preview:large, max-video-preview:-1\" \/>\n<link rel=\"canonical\" href=\"https:\/\/vinilozona.lt\/en\/parduotuve\/cd\/naudoti-cd\/howlin-wolf-evil-2cd\/\" \/>\n<meta property=\"og:locale\" content=\"en_GB\" \/>\n<meta property=\"og:type\" content=\"article\" \/>\n<meta property=\"og:title\" content=\"Howlin&#039; Wolf \u2013 Evil 2CD Vinilin\u0117 Plok\u0161tel\u0117 | Vinilozona.lt\" \/>\n<meta property=\"og:description\" content=\"Label: Not Now Music \u2013 NOT2CD300 Format: 2 x CD, Compilation Country: Europe Released: 2009\" \/>\n<meta property=\"og:url\" content=\"https:\/\/vinilozona.lt\/en\/parduotuve\/cd\/naudoti-cd\/howlin-wolf-evil-2cd\/\" \/>\n<meta property=\"og:site_name\" content=\"Vinilo Zona\" \/>\n<meta property=\"article:modified_time\" content=\"2026-03-28T15:08:59+00:00\" \/>\n<meta property=\"og:image\" content=\"https:\/\/vinilozona.lt\/wp-content\/uploads\/2024\/04\/R-4651638-1371122272-1957.jpg\" \/>\n\t<meta property=\"og:image:width\" content=\"600\" \/>\n\t<meta property=\"og:image:height\" content=\"535\" \/>\n\t<meta property=\"og:image:type\" content=\"image\/jpeg\" \/>\n<meta name=\"twitter:card\" content=\"summary_large_image\" \/>\n<meta name=\"twitter:label1\" content=\"Estimated reading time\" \/>\n\t<meta name=\"twitter:data1\" content=\"1 minute\" \/>\n<script type=\"application\/ld+json\" class=\"yoast-schema-graph\">{\"@context\":\"https:\/\/schema.org\",\"@graph\":[{\"@type\":\"WebPage\",\"@id\":\"https:\/\/vinilozona.lt\/parduotuve\/cd\/naudoti-cd\/howlin-wolf-evil-2cd\/\",\"url\":\"https:\/\/vinilozona.lt\/parduotuve\/cd\/naudoti-cd\/howlin-wolf-evil-2cd\/\",\"name\":\"Howlin' Wolf \u2013 Evil 2CD Vinilin\u0117 Plok\u0161tel\u0117 | Vinilozona.lt\",\"isPartOf\":{\"@id\":\"https:\/\/vinilozona.lt\/#website\"},\"primaryImageOfPage\":{\"@id\":\"https:\/\/vinilozona.lt\/parduotuve\/cd\/naudoti-cd\/howlin-wolf-evil-2cd\/#primaryimage\"},\"image\":{\"@id\":\"https:\/\/vinilozona.lt\/parduotuve\/cd\/naudoti-cd\/howlin-wolf-evil-2cd\/#primaryimage\"},\"thumbnailUrl\":\"https:\/\/vinilozona.lt\/wp-content\/uploads\/2024\/04\/R-4651638-1371122272-1957.jpg\",\"datePublished\":\"2024-03-03T12:22:36+00:00\",\"dateModified\":\"2026-03-28T15:08:59+00:00\",\"breadcrumb\":{\"@id\":\"https:\/\/vinilozona.lt\/parduotuve\/cd\/naudoti-cd\/howlin-wolf-evil-2cd\/#breadcrumb\"},\"inLanguage\":\"en-GB\",\"potentialAction\":[{\"@type\":\"ReadAction\",\"target\":[\"https:\/\/vinilozona.lt\/parduotuve\/cd\/naudoti-cd\/howlin-wolf-evil-2cd\/\"]}]},{\"@type\":\"ImageObject\",\"inLanguage\":\"en-GB\",\"@id\":\"https:\/\/vinilozona.lt\/parduotuve\/cd\/naudoti-cd\/howlin-wolf-evil-2cd\/#primaryimage\",\"url\":\"https:\/\/vinilozona.lt\/wp-content\/uploads\/2024\/04\/R-4651638-1371122272-1957.jpg\",\"contentUrl\":\"https:\/\/vinilozona.lt\/wp-content\/uploads\/2024\/04\/R-4651638-1371122272-1957.jpg\",\"width\":600,\"height\":535},{\"@type\":\"BreadcrumbList\",\"@id\":\"https:\/\/vinilozona.lt\/parduotuve\/cd\/naudoti-cd\/howlin-wolf-evil-2cd\/#breadcrumb\",\"itemListElement\":[{\"@type\":\"ListItem\",\"position\":1,\"name\":\"Home\",\"item\":\"https:\/\/vinilozona.lt\/\"},{\"@type\":\"ListItem\",\"position\":2,\"name\":\"Parduotuv\u0117\",\"item\":\"https:\/\/vinilozona.lt\/parduotuve\/\"},{\"@type\":\"ListItem\",\"position\":3,\"name\":\"Howlin&#8217; Wolf \u2013 Evil 2CD\"}]},{\"@type\":\"WebSite\",\"@id\":\"https:\/\/vinilozona.lt\/#website\",\"url\":\"https:\/\/vinilozona.lt\/\",\"name\":\"Vinilo Zona\",\"description\":\"Nup\u016bsk dulkes ir klausyk LP\",\"potentialAction\":[{\"@type\":\"SearchAction\",\"target\":{\"@type\":\"EntryPoint\",\"urlTemplate\":\"https:\/\/vinilozona.lt\/?s={search_term_string}\"},\"query-input\":{\"@type\":\"PropertyValueSpecification\",\"valueRequired\":true,\"valueName\":\"search_term_string\"}}],\"inLanguage\":\"en-GB\"}]}<\/script>\n<!-- \/ Yoast SEO plugin. -->","yoast_head_json":{"title":"Howlin' Wolf \u2013 Evil 2CD Vinilin\u0117 Plok\u0161tel\u0117 | Vinilozona.lt","robots":{"index":"index","follow":"follow","max-snippet":"max-snippet:-1","max-image-preview":"max-image-preview:large","max-video-preview":"max-video-preview:-1"},"canonical":"https:\/\/vinilozona.lt\/en\/parduotuve\/cd\/naudoti-cd\/howlin-wolf-evil-2cd\/","og_locale":"en_GB","og_type":"article","og_title":"Howlin' Wolf \u2013 Evil 2CD Vinilin\u0117 Plok\u0161tel\u0117 | Vinilozona.lt","og_description":"Label: Not Now Music \u2013 NOT2CD300 Format: 2 x CD, Compilation Country: Europe Released: 2009","og_url":"https:\/\/vinilozona.lt\/en\/parduotuve\/cd\/naudoti-cd\/howlin-wolf-evil-2cd\/","og_site_name":"Vinilo Zona","article_modified_time":"2026-03-28T15:08:59+00:00","og_image":[{"width":600,"height":535,"url":"https:\/\/vinilozona.lt\/wp-content\/uploads\/2024\/04\/R-4651638-1371122272-1957.jpg","type":"image\/jpeg"}],"twitter_card":"summary_large_image","twitter_misc":{"Estimated reading time":"1 minute"},"schema":{"@context":"https:\/\/schema.org","@graph":[{"@type":"WebPage","@id":"https:\/\/vinilozona.lt\/parduotuve\/cd\/naudoti-cd\/howlin-wolf-evil-2cd\/","url":"https:\/\/vinilozona.lt\/parduotuve\/cd\/naudoti-cd\/howlin-wolf-evil-2cd\/","name":"Howlin' Wolf \u2013 Evil 2CD Vinilin\u0117 Plok\u0161tel\u0117 | Vinilozona.lt","isPartOf":{"@id":"https:\/\/vinilozona.lt\/#website"},"primaryImageOfPage":{"@id":"https:\/\/vinilozona.lt\/parduotuve\/cd\/naudoti-cd\/howlin-wolf-evil-2cd\/#primaryimage"},"image":{"@id":"https:\/\/vinilozona.lt\/parduotuve\/cd\/naudoti-cd\/howlin-wolf-evil-2cd\/#primaryimage"},"thumbnailUrl":"https:\/\/vinilozona.lt\/wp-content\/uploads\/2024\/04\/R-4651638-1371122272-1957.jpg","datePublished":"2024-03-03T12:22:36+00:00","dateModified":"2026-03-28T15:08:59+00:00","breadcrumb":{"@id":"https:\/\/vinilozona.lt\/parduotuve\/cd\/naudoti-cd\/howlin-wolf-evil-2cd\/#breadcrumb"},"inLanguage":"en-GB","potentialAction":[{"@type":"ReadAction","target":["https:\/\/vinilozona.lt\/parduotuve\/cd\/naudoti-cd\/howlin-wolf-evil-2cd\/"]}]},{"@type":"ImageObject","inLanguage":"en-GB","@id":"https:\/\/vinilozona.lt\/parduotuve\/cd\/naudoti-cd\/howlin-wolf-evil-2cd\/#primaryimage","url":"https:\/\/vinilozona.lt\/wp-content\/uploads\/2024\/04\/R-4651638-1371122272-1957.jpg","contentUrl":"https:\/\/vinilozona.lt\/wp-content\/uploads\/2024\/04\/R-4651638-1371122272-1957.jpg","width":600,"height":535},{"@type":"BreadcrumbList","@id":"https:\/\/vinilozona.lt\/parduotuve\/cd\/naudoti-cd\/howlin-wolf-evil-2cd\/#breadcrumb","itemListElement":[{"@type":"ListItem","position":1,"name":"Home","item":"https:\/\/vinilozona.lt\/"},{"@type":"ListItem","position":2,"name":"Parduotuv\u0117","item":"https:\/\/vinilozona.lt\/parduotuve\/"},{"@type":"ListItem","position":3,"name":"Howlin&#8217; Wolf \u2013 Evil 2CD"}]},{"@type":"WebSite","@id":"https:\/\/vinilozona.lt\/#website","url":"https:\/\/vinilozona.lt\/","name":"Vinilo Zona","description":"Nup\u016bsk dulkes ir klausyk LP","potentialAction":[{"@type":"SearchAction","target":{"@type":"EntryPoint","urlTemplate":"https:\/\/vinilozona.lt\/?s={search_term_string}"},"query-input":{"@type":"PropertyValueSpecification","valueRequired":true,"valueName":"search_term_string"}}],"inLanguage":"en-GB"}]}},"_links":{"self":[{"href":"https:\/\/vinilozona.lt\/en\/wp-json\/wp\/v2\/product\/24663"}],"collection":[{"href":"https:\/\/vinilozona.lt\/en\/wp-json\/wp\/v2\/product"}],"about":[{"href":"https:\/\/vinilozona.lt\/en\/wp-json\/wp\/v2\/types\/product"}],"wp:featuredmedia":[{"embeddable":true,"href":"https:\/\/vinilozona.lt\/en\/wp-json\/wp\/v2\/media\/24664"}],"wp:attachment":[{"href":"https:\/\/vinilozona.lt\/en\/wp-json\/wp\/v2\/media?parent=24663"}],"wp:term":[{"taxonomy":"product_cat","embeddable":true,"href":"https:\/\/vinilozona.lt\/en\/wp-json\/wp\/v2\/product_cat?post=24663"},{"taxonomy":"product_tag","embeddable":true,"href":"https:\/\/vinilozona.lt\/en\/wp-json\/wp\/v2\/product_tag?post=24663"}],"curies":[{"name":"wp","href":"https:\/\/api.w.org\/{rel}","templated":true}]}}