{"id":24661,"date":"2024-03-03T14:20:01","date_gmt":"2024-03-03T12:20:01","guid":{"rendered":"https:\/\/vinilozona.lt\/?post_type=product&#038;p=24661"},"modified":"2024-04-03T14:22:03","modified_gmt":"2024-04-03T11:22:03","slug":"t-bone-walker-the-imperial-blues-years-2cd","status":"publish","type":"product","link":"https:\/\/vinilozona.lt\/en\/parduotuve\/cd\/naudoti-cd\/t-bone-walker-the-imperial-blues-years-2cd\/","title":{"rendered":"T-Bone Walker \u2013 The Imperial Blues Years 2CD"},"content":{"rendered":"<p>1-1\t\tTravelin&#8217; Blues<br \/>\n1-2\t\tI Miss You Baby<br \/>\n1-3\t\tCold, Cold Feeling<br \/>\n1-4\t\tWelcome Blues (Say Pretty Baby)<br \/>\n1-5\t\tBye Bye Baby<br \/>\n1-6\t\tI Got The Blues<br \/>\n1-7\t\tYou Don&#8217;t Love Me<br \/>\n1-8\t\tHere In The Dark<br \/>\n1-9\t\tLollie Lou<br \/>\n1-10\t\tTeenage Baby<br \/>\n1-11\t\tTell Me What&#8217;s The Reason<br \/>\n1-12\t\tEvil Hearted Woman<br \/>\n1-13\t\tI Walked Away<br \/>\n1-14\t\tStrollin&#8217; With Bone<br \/>\n1-15\t\tBlues Is A Woman<br \/>\n1-16\t\tThe Hustle Is On<br \/>\n1-17\t\tStrugglin&#8217; Blues<br \/>\n1-18\t\tStreet Walking Woman<br \/>\n1-19\t\tBaby Broke My Heart<br \/>\n1-20\t\tPony Tail<br \/>\n1-21\t\tEverytime<br \/>\n1-22\t\tHigh Society<br \/>\n1-23\t\tThrough With Women<br \/>\n1-24\t\tGet These Blues Off Me<br \/>\n1-25\t\tLong Distance Blues<br \/>\n2-1\t\tI Got The Blues Again<br \/>\n2-2\t\tWanderin&#8217; Heart<br \/>\n2-3\t\tNews For My Baby<br \/>\n2-4\t\tWhen The Sun Goes Down<br \/>\n2-5\t\tParty Girl<br \/>\n2-6\t\tThe Hard Way<br \/>\n2-7\t\tBlue Mood<br \/>\n2-8\t\tMy Baby Is Now On My Mind<br \/>\n2-9\t\tVida Lee<br \/>\n2-10\t\tLife Is Too Short<br \/>\n2-11\t\tI Get So Weary<br \/>\n2-12\t\tYou Don&#8217;t Understand<br \/>\n2-13\t\tI&#8217;m About To Lose My Mind<br \/>\n2-14\t\tLove Is Just A Gamble<br \/>\n2-15\t\tAlimony Blues<br \/>\n2-16\t\tGlamour Girl<br \/>\n2-17\t\tGot No Use For You<br \/>\n2-18\t\tI&#8217;m Still In Love With You<br \/>\n2-19\t\tLook Me In The Eye<br \/>\n2-20\t\tNo Reason<br \/>\n2-21\t\tI&#8217;ll Understand<br \/>\n2-22\t\tToo Lazy<br \/>\n2-23\t\tRailroad Station Blues<br \/>\n2-24\t\tYou Just Wanted To Use Me<br \/>\n2-25\t\tThe Sun Went Down<\/p>","protected":false},"excerpt":{"rendered":"<p>Label:\tNot Now Music \u2013 NOT2CD454<br \/>\nFormat:\t2 x CD, Compilation, Remastered<br \/>\nCountry:\tUK<br \/>\nReleased:\t2012<\/p>","protected":false},"featured_media":24662,"template":"","meta":[],"product_cat":[24,946,947],"product_tag":[55],"yoast_head":"<!-- This site is optimized with the Yoast SEO plugin v23.5 - https:\/\/yoast.com\/wordpress\/plugins\/seo\/ -->\n<title>T-Bone Walker \u2013 The Imperial Blues Years 2CD Vinilin\u0117 Plok\u0161tel\u0117 | Vinilozona.lt<\/title>\n<meta name=\"robots\" content=\"index, follow, max-snippet:-1, max-image-preview:large, max-video-preview:-1\" \/>\n<link rel=\"canonical\" href=\"https:\/\/vinilozona.lt\/en\/parduotuve\/cd\/naudoti-cd\/t-bone-walker-the-imperial-blues-years-2cd\/\" \/>\n<meta property=\"og:locale\" content=\"en_GB\" \/>\n<meta property=\"og:type\" content=\"article\" \/>\n<meta property=\"og:title\" content=\"T-Bone Walker \u2013 The Imperial Blues Years 2CD Vinilin\u0117 Plok\u0161tel\u0117 | Vinilozona.lt\" \/>\n<meta property=\"og:description\" content=\"Label: Not Now Music \u2013 NOT2CD454 Format: 2 x CD, Compilation, Remastered Country: UK Released: 2012\" \/>\n<meta property=\"og:url\" content=\"https:\/\/vinilozona.lt\/en\/parduotuve\/cd\/naudoti-cd\/t-bone-walker-the-imperial-blues-years-2cd\/\" \/>\n<meta property=\"og:site_name\" content=\"Vinilo Zona\" \/>\n<meta property=\"article:modified_time\" content=\"2024-04-03T11:22:03+00:00\" \/>\n<meta property=\"og:image\" content=\"https:\/\/vinilozona.lt\/wp-content\/uploads\/2024\/04\/R-5535488-1395881763-9511.jpg\" \/>\n\t<meta property=\"og:image:width\" content=\"449\" \/>\n\t<meta property=\"og:image:height\" content=\"401\" \/>\n\t<meta property=\"og:image:type\" content=\"image\/jpeg\" \/>\n<meta name=\"twitter:card\" content=\"summary_large_image\" \/>\n<meta name=\"twitter:label1\" content=\"Estimated reading time\" \/>\n\t<meta name=\"twitter:data1\" content=\"1 minute\" \/>\n<script type=\"application\/ld+json\" class=\"yoast-schema-graph\">{\"@context\":\"https:\/\/schema.org\",\"@graph\":[{\"@type\":\"WebPage\",\"@id\":\"https:\/\/vinilozona.lt\/parduotuve\/cd\/naudoti-cd\/t-bone-walker-the-imperial-blues-years-2cd\/\",\"url\":\"https:\/\/vinilozona.lt\/parduotuve\/cd\/naudoti-cd\/t-bone-walker-the-imperial-blues-years-2cd\/\",\"name\":\"T-Bone Walker \u2013 The Imperial Blues Years 2CD Vinilin\u0117 Plok\u0161tel\u0117 | Vinilozona.lt\",\"isPartOf\":{\"@id\":\"https:\/\/vinilozona.lt\/#website\"},\"primaryImageOfPage\":{\"@id\":\"https:\/\/vinilozona.lt\/parduotuve\/cd\/naudoti-cd\/t-bone-walker-the-imperial-blues-years-2cd\/#primaryimage\"},\"image\":{\"@id\":\"https:\/\/vinilozona.lt\/parduotuve\/cd\/naudoti-cd\/t-bone-walker-the-imperial-blues-years-2cd\/#primaryimage\"},\"thumbnailUrl\":\"https:\/\/vinilozona.lt\/wp-content\/uploads\/2024\/04\/R-5535488-1395881763-9511.jpg\",\"datePublished\":\"2024-03-03T12:20:01+00:00\",\"dateModified\":\"2024-04-03T11:22:03+00:00\",\"breadcrumb\":{\"@id\":\"https:\/\/vinilozona.lt\/parduotuve\/cd\/naudoti-cd\/t-bone-walker-the-imperial-blues-years-2cd\/#breadcrumb\"},\"inLanguage\":\"en-GB\",\"potentialAction\":[{\"@type\":\"ReadAction\",\"target\":[\"https:\/\/vinilozona.lt\/parduotuve\/cd\/naudoti-cd\/t-bone-walker-the-imperial-blues-years-2cd\/\"]}]},{\"@type\":\"ImageObject\",\"inLanguage\":\"en-GB\",\"@id\":\"https:\/\/vinilozona.lt\/parduotuve\/cd\/naudoti-cd\/t-bone-walker-the-imperial-blues-years-2cd\/#primaryimage\",\"url\":\"https:\/\/vinilozona.lt\/wp-content\/uploads\/2024\/04\/R-5535488-1395881763-9511.jpg\",\"contentUrl\":\"https:\/\/vinilozona.lt\/wp-content\/uploads\/2024\/04\/R-5535488-1395881763-9511.jpg\",\"width\":449,\"height\":401},{\"@type\":\"BreadcrumbList\",\"@id\":\"https:\/\/vinilozona.lt\/parduotuve\/cd\/naudoti-cd\/t-bone-walker-the-imperial-blues-years-2cd\/#breadcrumb\",\"itemListElement\":[{\"@type\":\"ListItem\",\"position\":1,\"name\":\"Home\",\"item\":\"https:\/\/vinilozona.lt\/\"},{\"@type\":\"ListItem\",\"position\":2,\"name\":\"Parduotuv\u0117\",\"item\":\"https:\/\/vinilozona.lt\/parduotuve\/\"},{\"@type\":\"ListItem\",\"position\":3,\"name\":\"T-Bone Walker \u2013 The Imperial Blues Years 2CD\"}]},{\"@type\":\"WebSite\",\"@id\":\"https:\/\/vinilozona.lt\/#website\",\"url\":\"https:\/\/vinilozona.lt\/\",\"name\":\"Vinilo Zona\",\"description\":\"Nup\u016bsk dulkes ir klausyk LP\",\"potentialAction\":[{\"@type\":\"SearchAction\",\"target\":{\"@type\":\"EntryPoint\",\"urlTemplate\":\"https:\/\/vinilozona.lt\/?s={search_term_string}\"},\"query-input\":{\"@type\":\"PropertyValueSpecification\",\"valueRequired\":true,\"valueName\":\"search_term_string\"}}],\"inLanguage\":\"en-GB\"}]}<\/script>\n<!-- \/ Yoast SEO plugin. -->","yoast_head_json":{"title":"T-Bone Walker \u2013 The Imperial Blues Years 2CD Vinilin\u0117 Plok\u0161tel\u0117 | Vinilozona.lt","robots":{"index":"index","follow":"follow","max-snippet":"max-snippet:-1","max-image-preview":"max-image-preview:large","max-video-preview":"max-video-preview:-1"},"canonical":"https:\/\/vinilozona.lt\/en\/parduotuve\/cd\/naudoti-cd\/t-bone-walker-the-imperial-blues-years-2cd\/","og_locale":"en_GB","og_type":"article","og_title":"T-Bone Walker \u2013 The Imperial Blues Years 2CD Vinilin\u0117 Plok\u0161tel\u0117 | Vinilozona.lt","og_description":"Label: Not Now Music \u2013 NOT2CD454 Format: 2 x CD, Compilation, Remastered Country: UK Released: 2012","og_url":"https:\/\/vinilozona.lt\/en\/parduotuve\/cd\/naudoti-cd\/t-bone-walker-the-imperial-blues-years-2cd\/","og_site_name":"Vinilo Zona","article_modified_time":"2024-04-03T11:22:03+00:00","og_image":[{"width":449,"height":401,"url":"https:\/\/vinilozona.lt\/wp-content\/uploads\/2024\/04\/R-5535488-1395881763-9511.jpg","type":"image\/jpeg"}],"twitter_card":"summary_large_image","twitter_misc":{"Estimated reading time":"1 minute"},"schema":{"@context":"https:\/\/schema.org","@graph":[{"@type":"WebPage","@id":"https:\/\/vinilozona.lt\/parduotuve\/cd\/naudoti-cd\/t-bone-walker-the-imperial-blues-years-2cd\/","url":"https:\/\/vinilozona.lt\/parduotuve\/cd\/naudoti-cd\/t-bone-walker-the-imperial-blues-years-2cd\/","name":"T-Bone Walker \u2013 The Imperial Blues Years 2CD Vinilin\u0117 Plok\u0161tel\u0117 | Vinilozona.lt","isPartOf":{"@id":"https:\/\/vinilozona.lt\/#website"},"primaryImageOfPage":{"@id":"https:\/\/vinilozona.lt\/parduotuve\/cd\/naudoti-cd\/t-bone-walker-the-imperial-blues-years-2cd\/#primaryimage"},"image":{"@id":"https:\/\/vinilozona.lt\/parduotuve\/cd\/naudoti-cd\/t-bone-walker-the-imperial-blues-years-2cd\/#primaryimage"},"thumbnailUrl":"https:\/\/vinilozona.lt\/wp-content\/uploads\/2024\/04\/R-5535488-1395881763-9511.jpg","datePublished":"2024-03-03T12:20:01+00:00","dateModified":"2024-04-03T11:22:03+00:00","breadcrumb":{"@id":"https:\/\/vinilozona.lt\/parduotuve\/cd\/naudoti-cd\/t-bone-walker-the-imperial-blues-years-2cd\/#breadcrumb"},"inLanguage":"en-GB","potentialAction":[{"@type":"ReadAction","target":["https:\/\/vinilozona.lt\/parduotuve\/cd\/naudoti-cd\/t-bone-walker-the-imperial-blues-years-2cd\/"]}]},{"@type":"ImageObject","inLanguage":"en-GB","@id":"https:\/\/vinilozona.lt\/parduotuve\/cd\/naudoti-cd\/t-bone-walker-the-imperial-blues-years-2cd\/#primaryimage","url":"https:\/\/vinilozona.lt\/wp-content\/uploads\/2024\/04\/R-5535488-1395881763-9511.jpg","contentUrl":"https:\/\/vinilozona.lt\/wp-content\/uploads\/2024\/04\/R-5535488-1395881763-9511.jpg","width":449,"height":401},{"@type":"BreadcrumbList","@id":"https:\/\/vinilozona.lt\/parduotuve\/cd\/naudoti-cd\/t-bone-walker-the-imperial-blues-years-2cd\/#breadcrumb","itemListElement":[{"@type":"ListItem","position":1,"name":"Home","item":"https:\/\/vinilozona.lt\/"},{"@type":"ListItem","position":2,"name":"Parduotuv\u0117","item":"https:\/\/vinilozona.lt\/parduotuve\/"},{"@type":"ListItem","position":3,"name":"T-Bone Walker \u2013 The Imperial Blues Years 2CD"}]},{"@type":"WebSite","@id":"https:\/\/vinilozona.lt\/#website","url":"https:\/\/vinilozona.lt\/","name":"Vinilo Zona","description":"Nup\u016bsk dulkes ir klausyk LP","potentialAction":[{"@type":"SearchAction","target":{"@type":"EntryPoint","urlTemplate":"https:\/\/vinilozona.lt\/?s={search_term_string}"},"query-input":{"@type":"PropertyValueSpecification","valueRequired":true,"valueName":"search_term_string"}}],"inLanguage":"en-GB"}]}},"_links":{"self":[{"href":"https:\/\/vinilozona.lt\/en\/wp-json\/wp\/v2\/product\/24661"}],"collection":[{"href":"https:\/\/vinilozona.lt\/en\/wp-json\/wp\/v2\/product"}],"about":[{"href":"https:\/\/vinilozona.lt\/en\/wp-json\/wp\/v2\/types\/product"}],"wp:featuredmedia":[{"embeddable":true,"href":"https:\/\/vinilozona.lt\/en\/wp-json\/wp\/v2\/media\/24662"}],"wp:attachment":[{"href":"https:\/\/vinilozona.lt\/en\/wp-json\/wp\/v2\/media?parent=24661"}],"wp:term":[{"taxonomy":"product_cat","embeddable":true,"href":"https:\/\/vinilozona.lt\/en\/wp-json\/wp\/v2\/product_cat?post=24661"},{"taxonomy":"product_tag","embeddable":true,"href":"https:\/\/vinilozona.lt\/en\/wp-json\/wp\/v2\/product_tag?post=24661"}],"curies":[{"name":"wp","href":"https:\/\/api.w.org\/{rel}","templated":true}]}}