{"id":24657,"date":"2024-03-03T14:09:17","date_gmt":"2024-03-03T12:09:17","guid":{"rendered":"https:\/\/vinilozona.lt\/?post_type=product&#038;p=24657"},"modified":"2025-12-24T14:40:01","modified_gmt":"2025-12-24T12:40:01","slug":"john-lee-hooker-house-of-the-blues-2cd","status":"publish","type":"product","link":"https:\/\/vinilozona.lt\/en\/parduotuve\/cd\/naudoti-cd\/john-lee-hooker-house-of-the-blues-2cd\/","title":{"rendered":"John Lee Hooker \u2013 House Of The Blues 2CD"},"content":{"rendered":"<p>I&#8217;m John Lee Hooker<br \/>\n1-1\t\tDimples<br \/>\n1-2\t\tHobo Blues<br \/>\n1-3\t\tI&#8217;m So Excited<br \/>\n1-4\t\tI Love You Honey<br \/>\n1-5\t\tBoogie Chillun<br \/>\n1-6\t\tLittle Wheel<br \/>\n1-7\t\tI&#8217;m In The Mood<br \/>\n1-8\t\tMaudie<br \/>\n1-9\t\tCrawlin&#8217; King Snake<br \/>\n1-10\t\tEvery Night<br \/>\n1-11\t\tTime Is Marching<br \/>\n1-12\t\tBaby Lee<br \/>\nBonus Tracks<br \/>\n1-13\t\tNo Shoes<br \/>\n1-14\t\tI Wanna Walk<br \/>\n1-15\t\tCanal Street Blues<br \/>\n1-16\t\tRun On<br \/>\n1-17\t\tI&#8217;m A Stranger<br \/>\n1-18\t\tSolid Sender<br \/>\nHouse Of The Blues<br \/>\n2-1\t\tWalkin&#8217; The Boogie<br \/>\n2-2\t\tLove Blues<br \/>\n2-3\t\tUnion Station Blues<br \/>\n2-4\t\tIt&#8217;s My Own Fault<br \/>\n2-5\t\tLeave My Wife Alone<br \/>\n2-6\t\tRamblin&#8217; By Myself<br \/>\n2-7\t\tSugar Mama<br \/>\n2-8\t\tDown At The Landing<br \/>\n2-9\t\tLouise<br \/>\n2-10\t\tGround Hog Blues<br \/>\n2-11\t\tHigh Priced Woman<br \/>\n2-12\t\tWomen And Money<br \/>\nBonus Tracks<br \/>\n2-13\t\tI Need Some Money<br \/>\n2-14\t\tCome On And See About Me<br \/>\n2-15\t\tI&#8217;m Wanderin&#8217;<br \/>\n2-16\t\tDemocrat Man<br \/>\n2-17\t\tI Want To Talk About You<br \/>\n2-18\t\tWednesday Evenin&#8217; Blues<\/p>","protected":false},"excerpt":{"rendered":"<p>Label:\tNot Now Music \u2013 NOT2CD411<br \/>\nFormat:\t2 x CD, Compilation, Remastered<br \/>\nCountry:\tEurope<br \/>\nReleased:\t2011<\/p>","protected":false},"featured_media":24658,"template":"","meta":[],"product_cat":[24,946,947],"product_tag":[55],"yoast_head":"<!-- This site is optimized with the Yoast SEO plugin v23.5 - https:\/\/yoast.com\/wordpress\/plugins\/seo\/ -->\n<title>John Lee Hooker \u2013 House Of The Blues 2CD Vinilin\u0117 Plok\u0161tel\u0117 | Vinilozona.lt<\/title>\n<meta name=\"robots\" content=\"index, follow, max-snippet:-1, max-image-preview:large, max-video-preview:-1\" \/>\n<link rel=\"canonical\" href=\"https:\/\/vinilozona.lt\/en\/parduotuve\/cd\/naudoti-cd\/john-lee-hooker-house-of-the-blues-2cd\/\" \/>\n<meta property=\"og:locale\" content=\"en_GB\" \/>\n<meta property=\"og:type\" content=\"article\" \/>\n<meta property=\"og:title\" content=\"John Lee Hooker \u2013 House Of The Blues 2CD Vinilin\u0117 Plok\u0161tel\u0117 | Vinilozona.lt\" \/>\n<meta property=\"og:description\" content=\"Label: Not Now Music \u2013 NOT2CD411 Format: 2 x CD, Compilation, Remastered Country: Europe Released: 2011\" \/>\n<meta property=\"og:url\" content=\"https:\/\/vinilozona.lt\/en\/parduotuve\/cd\/naudoti-cd\/john-lee-hooker-house-of-the-blues-2cd\/\" \/>\n<meta property=\"og:site_name\" content=\"Vinilo Zona\" \/>\n<meta property=\"article:modified_time\" content=\"2025-12-24T12:40:01+00:00\" \/>\n<meta property=\"og:image\" content=\"https:\/\/vinilozona.lt\/wp-content\/uploads\/2024\/04\/R-5536396-1395917345-6351.jpg\" \/>\n\t<meta property=\"og:image:width\" content=\"500\" \/>\n\t<meta property=\"og:image:height\" content=\"500\" \/>\n\t<meta property=\"og:image:type\" content=\"image\/jpeg\" \/>\n<meta name=\"twitter:card\" content=\"summary_large_image\" \/>\n<meta name=\"twitter:label1\" content=\"Estimated reading time\" \/>\n\t<meta name=\"twitter:data1\" content=\"1 minute\" \/>\n<script type=\"application\/ld+json\" class=\"yoast-schema-graph\">{\"@context\":\"https:\/\/schema.org\",\"@graph\":[{\"@type\":\"WebPage\",\"@id\":\"https:\/\/vinilozona.lt\/parduotuve\/cd\/naudoti-cd\/john-lee-hooker-house-of-the-blues-2cd\/\",\"url\":\"https:\/\/vinilozona.lt\/parduotuve\/cd\/naudoti-cd\/john-lee-hooker-house-of-the-blues-2cd\/\",\"name\":\"John Lee Hooker \u2013 House Of The Blues 2CD Vinilin\u0117 Plok\u0161tel\u0117 | Vinilozona.lt\",\"isPartOf\":{\"@id\":\"https:\/\/vinilozona.lt\/#website\"},\"primaryImageOfPage\":{\"@id\":\"https:\/\/vinilozona.lt\/parduotuve\/cd\/naudoti-cd\/john-lee-hooker-house-of-the-blues-2cd\/#primaryimage\"},\"image\":{\"@id\":\"https:\/\/vinilozona.lt\/parduotuve\/cd\/naudoti-cd\/john-lee-hooker-house-of-the-blues-2cd\/#primaryimage\"},\"thumbnailUrl\":\"https:\/\/vinilozona.lt\/wp-content\/uploads\/2024\/04\/R-5536396-1395917345-6351.jpg\",\"datePublished\":\"2024-03-03T12:09:17+00:00\",\"dateModified\":\"2025-12-24T12:40:01+00:00\",\"breadcrumb\":{\"@id\":\"https:\/\/vinilozona.lt\/parduotuve\/cd\/naudoti-cd\/john-lee-hooker-house-of-the-blues-2cd\/#breadcrumb\"},\"inLanguage\":\"en-GB\",\"potentialAction\":[{\"@type\":\"ReadAction\",\"target\":[\"https:\/\/vinilozona.lt\/parduotuve\/cd\/naudoti-cd\/john-lee-hooker-house-of-the-blues-2cd\/\"]}]},{\"@type\":\"ImageObject\",\"inLanguage\":\"en-GB\",\"@id\":\"https:\/\/vinilozona.lt\/parduotuve\/cd\/naudoti-cd\/john-lee-hooker-house-of-the-blues-2cd\/#primaryimage\",\"url\":\"https:\/\/vinilozona.lt\/wp-content\/uploads\/2024\/04\/R-5536396-1395917345-6351.jpg\",\"contentUrl\":\"https:\/\/vinilozona.lt\/wp-content\/uploads\/2024\/04\/R-5536396-1395917345-6351.jpg\",\"width\":500,\"height\":500},{\"@type\":\"BreadcrumbList\",\"@id\":\"https:\/\/vinilozona.lt\/parduotuve\/cd\/naudoti-cd\/john-lee-hooker-house-of-the-blues-2cd\/#breadcrumb\",\"itemListElement\":[{\"@type\":\"ListItem\",\"position\":1,\"name\":\"Home\",\"item\":\"https:\/\/vinilozona.lt\/\"},{\"@type\":\"ListItem\",\"position\":2,\"name\":\"Parduotuv\u0117\",\"item\":\"https:\/\/vinilozona.lt\/parduotuve\/\"},{\"@type\":\"ListItem\",\"position\":3,\"name\":\"John Lee Hooker \u2013 House Of The Blues 2CD\"}]},{\"@type\":\"WebSite\",\"@id\":\"https:\/\/vinilozona.lt\/#website\",\"url\":\"https:\/\/vinilozona.lt\/\",\"name\":\"Vinilo Zona\",\"description\":\"Nup\u016bsk dulkes ir klausyk LP\",\"potentialAction\":[{\"@type\":\"SearchAction\",\"target\":{\"@type\":\"EntryPoint\",\"urlTemplate\":\"https:\/\/vinilozona.lt\/?s={search_term_string}\"},\"query-input\":{\"@type\":\"PropertyValueSpecification\",\"valueRequired\":true,\"valueName\":\"search_term_string\"}}],\"inLanguage\":\"en-GB\"}]}<\/script>\n<!-- \/ Yoast SEO plugin. -->","yoast_head_json":{"title":"John Lee Hooker \u2013 House Of The Blues 2CD Vinilin\u0117 Plok\u0161tel\u0117 | Vinilozona.lt","robots":{"index":"index","follow":"follow","max-snippet":"max-snippet:-1","max-image-preview":"max-image-preview:large","max-video-preview":"max-video-preview:-1"},"canonical":"https:\/\/vinilozona.lt\/en\/parduotuve\/cd\/naudoti-cd\/john-lee-hooker-house-of-the-blues-2cd\/","og_locale":"en_GB","og_type":"article","og_title":"John Lee Hooker \u2013 House Of The Blues 2CD Vinilin\u0117 Plok\u0161tel\u0117 | Vinilozona.lt","og_description":"Label: Not Now Music \u2013 NOT2CD411 Format: 2 x CD, Compilation, Remastered Country: Europe Released: 2011","og_url":"https:\/\/vinilozona.lt\/en\/parduotuve\/cd\/naudoti-cd\/john-lee-hooker-house-of-the-blues-2cd\/","og_site_name":"Vinilo Zona","article_modified_time":"2025-12-24T12:40:01+00:00","og_image":[{"width":500,"height":500,"url":"https:\/\/vinilozona.lt\/wp-content\/uploads\/2024\/04\/R-5536396-1395917345-6351.jpg","type":"image\/jpeg"}],"twitter_card":"summary_large_image","twitter_misc":{"Estimated reading time":"1 minute"},"schema":{"@context":"https:\/\/schema.org","@graph":[{"@type":"WebPage","@id":"https:\/\/vinilozona.lt\/parduotuve\/cd\/naudoti-cd\/john-lee-hooker-house-of-the-blues-2cd\/","url":"https:\/\/vinilozona.lt\/parduotuve\/cd\/naudoti-cd\/john-lee-hooker-house-of-the-blues-2cd\/","name":"John Lee Hooker \u2013 House Of The Blues 2CD Vinilin\u0117 Plok\u0161tel\u0117 | Vinilozona.lt","isPartOf":{"@id":"https:\/\/vinilozona.lt\/#website"},"primaryImageOfPage":{"@id":"https:\/\/vinilozona.lt\/parduotuve\/cd\/naudoti-cd\/john-lee-hooker-house-of-the-blues-2cd\/#primaryimage"},"image":{"@id":"https:\/\/vinilozona.lt\/parduotuve\/cd\/naudoti-cd\/john-lee-hooker-house-of-the-blues-2cd\/#primaryimage"},"thumbnailUrl":"https:\/\/vinilozona.lt\/wp-content\/uploads\/2024\/04\/R-5536396-1395917345-6351.jpg","datePublished":"2024-03-03T12:09:17+00:00","dateModified":"2025-12-24T12:40:01+00:00","breadcrumb":{"@id":"https:\/\/vinilozona.lt\/parduotuve\/cd\/naudoti-cd\/john-lee-hooker-house-of-the-blues-2cd\/#breadcrumb"},"inLanguage":"en-GB","potentialAction":[{"@type":"ReadAction","target":["https:\/\/vinilozona.lt\/parduotuve\/cd\/naudoti-cd\/john-lee-hooker-house-of-the-blues-2cd\/"]}]},{"@type":"ImageObject","inLanguage":"en-GB","@id":"https:\/\/vinilozona.lt\/parduotuve\/cd\/naudoti-cd\/john-lee-hooker-house-of-the-blues-2cd\/#primaryimage","url":"https:\/\/vinilozona.lt\/wp-content\/uploads\/2024\/04\/R-5536396-1395917345-6351.jpg","contentUrl":"https:\/\/vinilozona.lt\/wp-content\/uploads\/2024\/04\/R-5536396-1395917345-6351.jpg","width":500,"height":500},{"@type":"BreadcrumbList","@id":"https:\/\/vinilozona.lt\/parduotuve\/cd\/naudoti-cd\/john-lee-hooker-house-of-the-blues-2cd\/#breadcrumb","itemListElement":[{"@type":"ListItem","position":1,"name":"Home","item":"https:\/\/vinilozona.lt\/"},{"@type":"ListItem","position":2,"name":"Parduotuv\u0117","item":"https:\/\/vinilozona.lt\/parduotuve\/"},{"@type":"ListItem","position":3,"name":"John Lee Hooker \u2013 House Of The Blues 2CD"}]},{"@type":"WebSite","@id":"https:\/\/vinilozona.lt\/#website","url":"https:\/\/vinilozona.lt\/","name":"Vinilo Zona","description":"Nup\u016bsk dulkes ir klausyk LP","potentialAction":[{"@type":"SearchAction","target":{"@type":"EntryPoint","urlTemplate":"https:\/\/vinilozona.lt\/?s={search_term_string}"},"query-input":{"@type":"PropertyValueSpecification","valueRequired":true,"valueName":"search_term_string"}}],"inLanguage":"en-GB"}]}},"_links":{"self":[{"href":"https:\/\/vinilozona.lt\/en\/wp-json\/wp\/v2\/product\/24657"}],"collection":[{"href":"https:\/\/vinilozona.lt\/en\/wp-json\/wp\/v2\/product"}],"about":[{"href":"https:\/\/vinilozona.lt\/en\/wp-json\/wp\/v2\/types\/product"}],"wp:featuredmedia":[{"embeddable":true,"href":"https:\/\/vinilozona.lt\/en\/wp-json\/wp\/v2\/media\/24658"}],"wp:attachment":[{"href":"https:\/\/vinilozona.lt\/en\/wp-json\/wp\/v2\/media?parent=24657"}],"wp:term":[{"taxonomy":"product_cat","embeddable":true,"href":"https:\/\/vinilozona.lt\/en\/wp-json\/wp\/v2\/product_cat?post=24657"},{"taxonomy":"product_tag","embeddable":true,"href":"https:\/\/vinilozona.lt\/en\/wp-json\/wp\/v2\/product_tag?post=24657"}],"curies":[{"name":"wp","href":"https:\/\/api.w.org\/{rel}","templated":true}]}}