{"id":24655,"date":"2024-03-03T14:01:21","date_gmt":"2024-03-03T12:01:21","guid":{"rendered":"https:\/\/vinilozona.lt\/?post_type=product&#038;p=24655"},"modified":"2026-03-28T17:09:36","modified_gmt":"2026-03-28T15:09:36","slug":"john-lee-hooker-the-vee-jay-singles-collection-2cd","status":"publish","type":"product","link":"https:\/\/vinilozona.lt\/en\/parduotuve\/cd\/naudoti-cd\/john-lee-hooker-the-vee-jay-singles-collection-2cd\/","title":{"rendered":"John Lee Hooker \u2013 The Vee-Jay Singles Collection  2CD"},"content":{"rendered":"<p>1-1\t\tMambo Chillun<br \/>\n1-2\t\tTime Is Marching<br \/>\n1-3\t\tEvery Night<br \/>\n1-4\t\tTrouble Blues<br \/>\n1-5\t\tDimples<br \/>\n1-6\t\tBaby Lee<br \/>\n1-7\t\tThe Road Is So Rough<br \/>\n1-8\t\tI&#8217;m So Worried Baby<br \/>\n1-9\t\tI&#8217;m So Excited<br \/>\n1-10\t\tI See You When You&#8217;re Weak<br \/>\n1-11\t\tLittle Wheel<br \/>\n1-12\t\tRosie Mae<br \/>\n1-13\t\tYou Can Lead Me Baby<br \/>\n1-14\t\tUnfriendly Woman<br \/>\n1-15\t\tI Love You Honey<br \/>\n1-16\t\tYou&#8217;ve Taken My Woman<br \/>\n1-17\t\tMaudie<br \/>\n1-18\t\tI&#8217;m In The Mood<br \/>\n1-19\t\tTennessee Blues<br \/>\n1-20\t\tBoogie Chillun<br \/>\n2-1\t\tHobo Blues<br \/>\n2-2\t\tCrawlin&#8217; Kingsnake<br \/>\n2-3\t\tNo Shoes<br \/>\n2-4\t\tSolid Sender<br \/>\n2-5\t\tDusty Road<br \/>\n2-6\t\tTupelo<br \/>\n2-7\t\tI&#8217;m Mad Again<br \/>\n2-8\t\tI&#8217;m Going Upstairs<br \/>\n2-9\t\tWant Ad Blues<br \/>\n2-10\t\tTake Me As I Am<br \/>\n2-11\t\tBoom Boom<br \/>\n2-12\t\tLet&#8217;s Make It<br \/>\n2-13\t\tDrug Store Woman<br \/>\n2-14\t\tShe&#8217;s Mine<br \/>\n2-15\t\tA New Leaf<br \/>\nBonus Tracks<br \/>\n2-16\t\tWhiskey And Wimmen&#8217;<br \/>\n2-17\t\tThe Hobo<br \/>\n2-18\t\tI&#8217;ll Know Tonight<br \/>\n2-19\t\tBlues Before Sunrise<br \/>\n2-20\t\tGoin&#8217; To California<\/p>","protected":false},"excerpt":{"rendered":"<p>Label:\tNot Now Music \u2013 NOT2CD518<br \/>\nFormat:\t2 x CD, Compilation, Remastered<br \/>\nCountry:\tUK<br \/>\nReleased:\t2013<\/p>","protected":false},"featured_media":24656,"template":"","meta":[],"product_cat":[24,946,947],"product_tag":[55],"yoast_head":"<!-- This site is optimized with the Yoast SEO plugin v23.5 - https:\/\/yoast.com\/wordpress\/plugins\/seo\/ -->\n<title>John Lee Hooker \u2013 The Vee-Jay Singles Collection 2CD Vinilin\u0117 Plok\u0161tel\u0117 | Vinilozona.lt<\/title>\n<meta name=\"robots\" content=\"index, follow, max-snippet:-1, max-image-preview:large, max-video-preview:-1\" \/>\n<link rel=\"canonical\" href=\"https:\/\/vinilozona.lt\/en\/parduotuve\/cd\/naudoti-cd\/john-lee-hooker-the-vee-jay-singles-collection-2cd\/\" \/>\n<meta property=\"og:locale\" content=\"en_GB\" \/>\n<meta property=\"og:type\" content=\"article\" \/>\n<meta property=\"og:title\" content=\"John Lee Hooker \u2013 The Vee-Jay Singles Collection 2CD Vinilin\u0117 Plok\u0161tel\u0117 | Vinilozona.lt\" \/>\n<meta property=\"og:description\" content=\"Label: Not Now Music \u2013 NOT2CD518 Format: 2 x CD, Compilation, Remastered Country: UK Released: 2013\" \/>\n<meta property=\"og:url\" content=\"https:\/\/vinilozona.lt\/en\/parduotuve\/cd\/naudoti-cd\/john-lee-hooker-the-vee-jay-singles-collection-2cd\/\" \/>\n<meta property=\"og:site_name\" content=\"Vinilo Zona\" \/>\n<meta property=\"article:modified_time\" content=\"2026-03-28T15:09:36+00:00\" \/>\n<meta property=\"og:image\" content=\"https:\/\/vinilozona.lt\/wp-content\/uploads\/2024\/04\/R-5700781-1400333977-8880.jpg\" \/>\n\t<meta property=\"og:image:width\" content=\"595\" \/>\n\t<meta property=\"og:image:height\" content=\"511\" \/>\n\t<meta property=\"og:image:type\" content=\"image\/jpeg\" \/>\n<meta name=\"twitter:card\" content=\"summary_large_image\" \/>\n<meta name=\"twitter:label1\" content=\"Estimated reading time\" \/>\n\t<meta name=\"twitter:data1\" content=\"1 minute\" \/>\n<script type=\"application\/ld+json\" class=\"yoast-schema-graph\">{\"@context\":\"https:\/\/schema.org\",\"@graph\":[{\"@type\":\"WebPage\",\"@id\":\"https:\/\/vinilozona.lt\/parduotuve\/cd\/naudoti-cd\/john-lee-hooker-the-vee-jay-singles-collection-2cd\/\",\"url\":\"https:\/\/vinilozona.lt\/parduotuve\/cd\/naudoti-cd\/john-lee-hooker-the-vee-jay-singles-collection-2cd\/\",\"name\":\"John Lee Hooker \u2013 The Vee-Jay Singles Collection 2CD Vinilin\u0117 Plok\u0161tel\u0117 | Vinilozona.lt\",\"isPartOf\":{\"@id\":\"https:\/\/vinilozona.lt\/#website\"},\"primaryImageOfPage\":{\"@id\":\"https:\/\/vinilozona.lt\/parduotuve\/cd\/naudoti-cd\/john-lee-hooker-the-vee-jay-singles-collection-2cd\/#primaryimage\"},\"image\":{\"@id\":\"https:\/\/vinilozona.lt\/parduotuve\/cd\/naudoti-cd\/john-lee-hooker-the-vee-jay-singles-collection-2cd\/#primaryimage\"},\"thumbnailUrl\":\"https:\/\/vinilozona.lt\/wp-content\/uploads\/2024\/04\/R-5700781-1400333977-8880.jpg\",\"datePublished\":\"2024-03-03T12:01:21+00:00\",\"dateModified\":\"2026-03-28T15:09:36+00:00\",\"breadcrumb\":{\"@id\":\"https:\/\/vinilozona.lt\/parduotuve\/cd\/naudoti-cd\/john-lee-hooker-the-vee-jay-singles-collection-2cd\/#breadcrumb\"},\"inLanguage\":\"en-GB\",\"potentialAction\":[{\"@type\":\"ReadAction\",\"target\":[\"https:\/\/vinilozona.lt\/parduotuve\/cd\/naudoti-cd\/john-lee-hooker-the-vee-jay-singles-collection-2cd\/\"]}]},{\"@type\":\"ImageObject\",\"inLanguage\":\"en-GB\",\"@id\":\"https:\/\/vinilozona.lt\/parduotuve\/cd\/naudoti-cd\/john-lee-hooker-the-vee-jay-singles-collection-2cd\/#primaryimage\",\"url\":\"https:\/\/vinilozona.lt\/wp-content\/uploads\/2024\/04\/R-5700781-1400333977-8880.jpg\",\"contentUrl\":\"https:\/\/vinilozona.lt\/wp-content\/uploads\/2024\/04\/R-5700781-1400333977-8880.jpg\",\"width\":595,\"height\":511},{\"@type\":\"BreadcrumbList\",\"@id\":\"https:\/\/vinilozona.lt\/parduotuve\/cd\/naudoti-cd\/john-lee-hooker-the-vee-jay-singles-collection-2cd\/#breadcrumb\",\"itemListElement\":[{\"@type\":\"ListItem\",\"position\":1,\"name\":\"Home\",\"item\":\"https:\/\/vinilozona.lt\/\"},{\"@type\":\"ListItem\",\"position\":2,\"name\":\"Parduotuv\u0117\",\"item\":\"https:\/\/vinilozona.lt\/parduotuve\/\"},{\"@type\":\"ListItem\",\"position\":3,\"name\":\"John Lee Hooker \u2013 The Vee-Jay Singles Collection 2CD\"}]},{\"@type\":\"WebSite\",\"@id\":\"https:\/\/vinilozona.lt\/#website\",\"url\":\"https:\/\/vinilozona.lt\/\",\"name\":\"Vinilo Zona\",\"description\":\"Nup\u016bsk dulkes ir klausyk LP\",\"potentialAction\":[{\"@type\":\"SearchAction\",\"target\":{\"@type\":\"EntryPoint\",\"urlTemplate\":\"https:\/\/vinilozona.lt\/?s={search_term_string}\"},\"query-input\":{\"@type\":\"PropertyValueSpecification\",\"valueRequired\":true,\"valueName\":\"search_term_string\"}}],\"inLanguage\":\"en-GB\"}]}<\/script>\n<!-- \/ Yoast SEO plugin. -->","yoast_head_json":{"title":"John Lee Hooker \u2013 The Vee-Jay Singles Collection 2CD Vinilin\u0117 Plok\u0161tel\u0117 | Vinilozona.lt","robots":{"index":"index","follow":"follow","max-snippet":"max-snippet:-1","max-image-preview":"max-image-preview:large","max-video-preview":"max-video-preview:-1"},"canonical":"https:\/\/vinilozona.lt\/en\/parduotuve\/cd\/naudoti-cd\/john-lee-hooker-the-vee-jay-singles-collection-2cd\/","og_locale":"en_GB","og_type":"article","og_title":"John Lee Hooker \u2013 The Vee-Jay Singles Collection 2CD Vinilin\u0117 Plok\u0161tel\u0117 | Vinilozona.lt","og_description":"Label: Not Now Music \u2013 NOT2CD518 Format: 2 x CD, Compilation, Remastered Country: UK Released: 2013","og_url":"https:\/\/vinilozona.lt\/en\/parduotuve\/cd\/naudoti-cd\/john-lee-hooker-the-vee-jay-singles-collection-2cd\/","og_site_name":"Vinilo Zona","article_modified_time":"2026-03-28T15:09:36+00:00","og_image":[{"width":595,"height":511,"url":"https:\/\/vinilozona.lt\/wp-content\/uploads\/2024\/04\/R-5700781-1400333977-8880.jpg","type":"image\/jpeg"}],"twitter_card":"summary_large_image","twitter_misc":{"Estimated reading time":"1 minute"},"schema":{"@context":"https:\/\/schema.org","@graph":[{"@type":"WebPage","@id":"https:\/\/vinilozona.lt\/parduotuve\/cd\/naudoti-cd\/john-lee-hooker-the-vee-jay-singles-collection-2cd\/","url":"https:\/\/vinilozona.lt\/parduotuve\/cd\/naudoti-cd\/john-lee-hooker-the-vee-jay-singles-collection-2cd\/","name":"John Lee Hooker \u2013 The Vee-Jay Singles Collection 2CD Vinilin\u0117 Plok\u0161tel\u0117 | Vinilozona.lt","isPartOf":{"@id":"https:\/\/vinilozona.lt\/#website"},"primaryImageOfPage":{"@id":"https:\/\/vinilozona.lt\/parduotuve\/cd\/naudoti-cd\/john-lee-hooker-the-vee-jay-singles-collection-2cd\/#primaryimage"},"image":{"@id":"https:\/\/vinilozona.lt\/parduotuve\/cd\/naudoti-cd\/john-lee-hooker-the-vee-jay-singles-collection-2cd\/#primaryimage"},"thumbnailUrl":"https:\/\/vinilozona.lt\/wp-content\/uploads\/2024\/04\/R-5700781-1400333977-8880.jpg","datePublished":"2024-03-03T12:01:21+00:00","dateModified":"2026-03-28T15:09:36+00:00","breadcrumb":{"@id":"https:\/\/vinilozona.lt\/parduotuve\/cd\/naudoti-cd\/john-lee-hooker-the-vee-jay-singles-collection-2cd\/#breadcrumb"},"inLanguage":"en-GB","potentialAction":[{"@type":"ReadAction","target":["https:\/\/vinilozona.lt\/parduotuve\/cd\/naudoti-cd\/john-lee-hooker-the-vee-jay-singles-collection-2cd\/"]}]},{"@type":"ImageObject","inLanguage":"en-GB","@id":"https:\/\/vinilozona.lt\/parduotuve\/cd\/naudoti-cd\/john-lee-hooker-the-vee-jay-singles-collection-2cd\/#primaryimage","url":"https:\/\/vinilozona.lt\/wp-content\/uploads\/2024\/04\/R-5700781-1400333977-8880.jpg","contentUrl":"https:\/\/vinilozona.lt\/wp-content\/uploads\/2024\/04\/R-5700781-1400333977-8880.jpg","width":595,"height":511},{"@type":"BreadcrumbList","@id":"https:\/\/vinilozona.lt\/parduotuve\/cd\/naudoti-cd\/john-lee-hooker-the-vee-jay-singles-collection-2cd\/#breadcrumb","itemListElement":[{"@type":"ListItem","position":1,"name":"Home","item":"https:\/\/vinilozona.lt\/"},{"@type":"ListItem","position":2,"name":"Parduotuv\u0117","item":"https:\/\/vinilozona.lt\/parduotuve\/"},{"@type":"ListItem","position":3,"name":"John Lee Hooker \u2013 The Vee-Jay Singles Collection 2CD"}]},{"@type":"WebSite","@id":"https:\/\/vinilozona.lt\/#website","url":"https:\/\/vinilozona.lt\/","name":"Vinilo Zona","description":"Nup\u016bsk dulkes ir klausyk LP","potentialAction":[{"@type":"SearchAction","target":{"@type":"EntryPoint","urlTemplate":"https:\/\/vinilozona.lt\/?s={search_term_string}"},"query-input":{"@type":"PropertyValueSpecification","valueRequired":true,"valueName":"search_term_string"}}],"inLanguage":"en-GB"}]}},"_links":{"self":[{"href":"https:\/\/vinilozona.lt\/en\/wp-json\/wp\/v2\/product\/24655"}],"collection":[{"href":"https:\/\/vinilozona.lt\/en\/wp-json\/wp\/v2\/product"}],"about":[{"href":"https:\/\/vinilozona.lt\/en\/wp-json\/wp\/v2\/types\/product"}],"wp:featuredmedia":[{"embeddable":true,"href":"https:\/\/vinilozona.lt\/en\/wp-json\/wp\/v2\/media\/24656"}],"wp:attachment":[{"href":"https:\/\/vinilozona.lt\/en\/wp-json\/wp\/v2\/media?parent=24655"}],"wp:term":[{"taxonomy":"product_cat","embeddable":true,"href":"https:\/\/vinilozona.lt\/en\/wp-json\/wp\/v2\/product_cat?post=24655"},{"taxonomy":"product_tag","embeddable":true,"href":"https:\/\/vinilozona.lt\/en\/wp-json\/wp\/v2\/product_tag?post=24655"}],"curies":[{"name":"wp","href":"https:\/\/api.w.org\/{rel}","templated":true}]}}