{"id":24653,"date":"2024-03-03T13:57:44","date_gmt":"2024-03-03T11:57:44","guid":{"rendered":"https:\/\/vinilozona.lt\/?post_type=product&#038;p=24653"},"modified":"2026-03-14T21:51:32","modified_gmt":"2026-03-14T19:51:32","slug":"ray-charles-the-very-best-of-ray-charles-2cd","status":"publish","type":"product","link":"https:\/\/vinilozona.lt\/en\/parduotuve\/cd\/naudoti-cd\/ray-charles-the-very-best-of-ray-charles-2cd\/","title":{"rendered":"Ray Charles \u2013 The Very Best Of Ray Charles  2CD"},"content":{"rendered":"<p>1-1\t\tHit The Road Jack<br \/>\n1-2\t\tGeorgia On My Mind<br \/>\n1-3\t\tWhat&#8217;d I Say<br \/>\n1-4\t\tI&#8217;ve Got A Woman<br \/>\n1-5\t\tA Fool For You<br \/>\n1-6\t\tHallelujah, I Love Her So<br \/>\n1-7\t\tLeave My Woman Alone<br \/>\n1-8\t\tMess Around<br \/>\n1-9\t\tI&#8217;m Movin&#8217; On<br \/>\n1-10\t\tThis Little Girl Of Mine<br \/>\n1-11\t\tLet The Good Times Roll<br \/>\n1-12\t\tMary Ann<br \/>\n1-13\t\tDrown In My Own Tears<br \/>\n1-14\t\tLonely Avenue<br \/>\n1-15\t\tJust For A Thrill<br \/>\n1-16\t\tChattanooga Choo-Choo<br \/>\n1-17\t\tMoonlight In Vermont<br \/>\n1-18\t\t&#8216;Deed I Do<br \/>\n1-19\t\tBlue Hawaii<br \/>\n1-20\t\tCarry Me Back To Old Virginny<br \/>\n1-21\t\tAlabamy Bound<br \/>\n1-22\t\tBasin Street Blues<br \/>\n1-23\t\tNew York&#8217;s My Home<br \/>\n1-24\t\tCalifornia, Here I Come<br \/>\n1-25\t\tDon&#8217;t Let The Sun Catch You Cryin&#8217;<br \/>\n2-1\t\tSticks And Stones<br \/>\n2-2\t\tAin&#8217;t That Love<br \/>\n2-3\t\tNight Time Is The Right Time<br \/>\n2-4\t\tRuby<br \/>\n2-5\t\tRockhouse (Parts I &#038; II)<br \/>\n2-6\t\tIt Should Have Been Me<br \/>\n2-7\t\tCome Back Baby<br \/>\n2-8\t\tGreenbacks<br \/>\n2-9\t\tWhen Your Lover Has Gone<br \/>\n2-10\t\tMy Bonnie<br \/>\n2-11\t\tYou Won&#8217;t Let Me Go<br \/>\n2-12\t\tIt Had To Be You<br \/>\n2-13\t\tTell Me You&#8217;ll Wait For Me<br \/>\n2-14\t\tThat&#8217;s Enough<br \/>\n2-15\t\tAm I Blue?<br \/>\n2-16\t\tTell The Truth<br \/>\n2-17\t\tMoon Over Miami<br \/>\n2-18\t\tDeep In The Heart Of Texas<br \/>\n2-19\t\tMississippi Mud<br \/>\n2-20\t\tDon&#8217;t You Know<br \/>\n2-21\t\tAlexander&#8217;s Ragtime Band<br \/>\n2-22\t\tBlackjack<br \/>\n2-23\t\tSee See Rider<br \/>\n2-24\t\tSwanee River Rock<br \/>\n2-25\t\tWhat Would I Do Without You?<\/p>","protected":false},"excerpt":{"rendered":"<p>Label:\tNot Now Music \u2013 NOT2CD392<br \/>\nFormat:\t2 x CD, Compilation<br \/>\nCountry:\tEurope<br \/>\nReleased:\t2012<\/p>","protected":false},"featured_media":24654,"template":"","meta":[],"product_cat":[24,946,947],"product_tag":[55],"yoast_head":"<!-- This site is optimized with the Yoast SEO plugin v23.5 - https:\/\/yoast.com\/wordpress\/plugins\/seo\/ -->\n<title>Ray Charles \u2013 The Very Best Of Ray Charles 2CD Vinilin\u0117 Plok\u0161tel\u0117 | Vinilozona.lt<\/title>\n<meta name=\"robots\" content=\"index, follow, max-snippet:-1, max-image-preview:large, max-video-preview:-1\" \/>\n<link rel=\"canonical\" href=\"https:\/\/vinilozona.lt\/en\/parduotuve\/cd\/naudoti-cd\/ray-charles-the-very-best-of-ray-charles-2cd\/\" \/>\n<meta property=\"og:locale\" content=\"en_GB\" \/>\n<meta property=\"og:type\" content=\"article\" \/>\n<meta property=\"og:title\" content=\"Ray Charles \u2013 The Very Best Of Ray Charles 2CD Vinilin\u0117 Plok\u0161tel\u0117 | Vinilozona.lt\" \/>\n<meta property=\"og:description\" content=\"Label: Not Now Music \u2013 NOT2CD392 Format: 2 x CD, Compilation Country: Europe Released: 2012\" \/>\n<meta property=\"og:url\" content=\"https:\/\/vinilozona.lt\/en\/parduotuve\/cd\/naudoti-cd\/ray-charles-the-very-best-of-ray-charles-2cd\/\" \/>\n<meta property=\"og:site_name\" content=\"Vinilo Zona\" \/>\n<meta property=\"article:modified_time\" content=\"2026-03-14T19:51:32+00:00\" \/>\n<meta property=\"og:image\" content=\"https:\/\/vinilozona.lt\/wp-content\/uploads\/2024\/04\/R-7581525-1444495300-7150.jpg\" \/>\n\t<meta property=\"og:image:width\" content=\"600\" \/>\n\t<meta property=\"og:image:height\" content=\"600\" \/>\n\t<meta property=\"og:image:type\" content=\"image\/jpeg\" \/>\n<meta name=\"twitter:card\" content=\"summary_large_image\" \/>\n<meta name=\"twitter:label1\" content=\"Estimated reading time\" \/>\n\t<meta name=\"twitter:data1\" content=\"1 minute\" \/>\n<script type=\"application\/ld+json\" class=\"yoast-schema-graph\">{\"@context\":\"https:\/\/schema.org\",\"@graph\":[{\"@type\":\"WebPage\",\"@id\":\"https:\/\/vinilozona.lt\/parduotuve\/cd\/naudoti-cd\/ray-charles-the-very-best-of-ray-charles-2cd\/\",\"url\":\"https:\/\/vinilozona.lt\/parduotuve\/cd\/naudoti-cd\/ray-charles-the-very-best-of-ray-charles-2cd\/\",\"name\":\"Ray Charles \u2013 The Very Best Of Ray Charles 2CD Vinilin\u0117 Plok\u0161tel\u0117 | Vinilozona.lt\",\"isPartOf\":{\"@id\":\"https:\/\/vinilozona.lt\/#website\"},\"primaryImageOfPage\":{\"@id\":\"https:\/\/vinilozona.lt\/parduotuve\/cd\/naudoti-cd\/ray-charles-the-very-best-of-ray-charles-2cd\/#primaryimage\"},\"image\":{\"@id\":\"https:\/\/vinilozona.lt\/parduotuve\/cd\/naudoti-cd\/ray-charles-the-very-best-of-ray-charles-2cd\/#primaryimage\"},\"thumbnailUrl\":\"https:\/\/vinilozona.lt\/wp-content\/uploads\/2024\/04\/R-7581525-1444495300-7150.jpg\",\"datePublished\":\"2024-03-03T11:57:44+00:00\",\"dateModified\":\"2026-03-14T19:51:32+00:00\",\"breadcrumb\":{\"@id\":\"https:\/\/vinilozona.lt\/parduotuve\/cd\/naudoti-cd\/ray-charles-the-very-best-of-ray-charles-2cd\/#breadcrumb\"},\"inLanguage\":\"en-GB\",\"potentialAction\":[{\"@type\":\"ReadAction\",\"target\":[\"https:\/\/vinilozona.lt\/parduotuve\/cd\/naudoti-cd\/ray-charles-the-very-best-of-ray-charles-2cd\/\"]}]},{\"@type\":\"ImageObject\",\"inLanguage\":\"en-GB\",\"@id\":\"https:\/\/vinilozona.lt\/parduotuve\/cd\/naudoti-cd\/ray-charles-the-very-best-of-ray-charles-2cd\/#primaryimage\",\"url\":\"https:\/\/vinilozona.lt\/wp-content\/uploads\/2024\/04\/R-7581525-1444495300-7150.jpg\",\"contentUrl\":\"https:\/\/vinilozona.lt\/wp-content\/uploads\/2024\/04\/R-7581525-1444495300-7150.jpg\",\"width\":600,\"height\":600},{\"@type\":\"BreadcrumbList\",\"@id\":\"https:\/\/vinilozona.lt\/parduotuve\/cd\/naudoti-cd\/ray-charles-the-very-best-of-ray-charles-2cd\/#breadcrumb\",\"itemListElement\":[{\"@type\":\"ListItem\",\"position\":1,\"name\":\"Home\",\"item\":\"https:\/\/vinilozona.lt\/\"},{\"@type\":\"ListItem\",\"position\":2,\"name\":\"Parduotuv\u0117\",\"item\":\"https:\/\/vinilozona.lt\/parduotuve\/\"},{\"@type\":\"ListItem\",\"position\":3,\"name\":\"Ray Charles \u2013 The Very Best Of Ray Charles 2CD\"}]},{\"@type\":\"WebSite\",\"@id\":\"https:\/\/vinilozona.lt\/#website\",\"url\":\"https:\/\/vinilozona.lt\/\",\"name\":\"Vinilo Zona\",\"description\":\"Nup\u016bsk dulkes ir klausyk LP\",\"potentialAction\":[{\"@type\":\"SearchAction\",\"target\":{\"@type\":\"EntryPoint\",\"urlTemplate\":\"https:\/\/vinilozona.lt\/?s={search_term_string}\"},\"query-input\":{\"@type\":\"PropertyValueSpecification\",\"valueRequired\":true,\"valueName\":\"search_term_string\"}}],\"inLanguage\":\"en-GB\"}]}<\/script>\n<!-- \/ Yoast SEO plugin. -->","yoast_head_json":{"title":"Ray Charles \u2013 The Very Best Of Ray Charles 2CD Vinilin\u0117 Plok\u0161tel\u0117 | Vinilozona.lt","robots":{"index":"index","follow":"follow","max-snippet":"max-snippet:-1","max-image-preview":"max-image-preview:large","max-video-preview":"max-video-preview:-1"},"canonical":"https:\/\/vinilozona.lt\/en\/parduotuve\/cd\/naudoti-cd\/ray-charles-the-very-best-of-ray-charles-2cd\/","og_locale":"en_GB","og_type":"article","og_title":"Ray Charles \u2013 The Very Best Of Ray Charles 2CD Vinilin\u0117 Plok\u0161tel\u0117 | Vinilozona.lt","og_description":"Label: Not Now Music \u2013 NOT2CD392 Format: 2 x CD, Compilation Country: Europe Released: 2012","og_url":"https:\/\/vinilozona.lt\/en\/parduotuve\/cd\/naudoti-cd\/ray-charles-the-very-best-of-ray-charles-2cd\/","og_site_name":"Vinilo Zona","article_modified_time":"2026-03-14T19:51:32+00:00","og_image":[{"width":600,"height":600,"url":"https:\/\/vinilozona.lt\/wp-content\/uploads\/2024\/04\/R-7581525-1444495300-7150.jpg","type":"image\/jpeg"}],"twitter_card":"summary_large_image","twitter_misc":{"Estimated reading time":"1 minute"},"schema":{"@context":"https:\/\/schema.org","@graph":[{"@type":"WebPage","@id":"https:\/\/vinilozona.lt\/parduotuve\/cd\/naudoti-cd\/ray-charles-the-very-best-of-ray-charles-2cd\/","url":"https:\/\/vinilozona.lt\/parduotuve\/cd\/naudoti-cd\/ray-charles-the-very-best-of-ray-charles-2cd\/","name":"Ray Charles \u2013 The Very Best Of Ray Charles 2CD Vinilin\u0117 Plok\u0161tel\u0117 | Vinilozona.lt","isPartOf":{"@id":"https:\/\/vinilozona.lt\/#website"},"primaryImageOfPage":{"@id":"https:\/\/vinilozona.lt\/parduotuve\/cd\/naudoti-cd\/ray-charles-the-very-best-of-ray-charles-2cd\/#primaryimage"},"image":{"@id":"https:\/\/vinilozona.lt\/parduotuve\/cd\/naudoti-cd\/ray-charles-the-very-best-of-ray-charles-2cd\/#primaryimage"},"thumbnailUrl":"https:\/\/vinilozona.lt\/wp-content\/uploads\/2024\/04\/R-7581525-1444495300-7150.jpg","datePublished":"2024-03-03T11:57:44+00:00","dateModified":"2026-03-14T19:51:32+00:00","breadcrumb":{"@id":"https:\/\/vinilozona.lt\/parduotuve\/cd\/naudoti-cd\/ray-charles-the-very-best-of-ray-charles-2cd\/#breadcrumb"},"inLanguage":"en-GB","potentialAction":[{"@type":"ReadAction","target":["https:\/\/vinilozona.lt\/parduotuve\/cd\/naudoti-cd\/ray-charles-the-very-best-of-ray-charles-2cd\/"]}]},{"@type":"ImageObject","inLanguage":"en-GB","@id":"https:\/\/vinilozona.lt\/parduotuve\/cd\/naudoti-cd\/ray-charles-the-very-best-of-ray-charles-2cd\/#primaryimage","url":"https:\/\/vinilozona.lt\/wp-content\/uploads\/2024\/04\/R-7581525-1444495300-7150.jpg","contentUrl":"https:\/\/vinilozona.lt\/wp-content\/uploads\/2024\/04\/R-7581525-1444495300-7150.jpg","width":600,"height":600},{"@type":"BreadcrumbList","@id":"https:\/\/vinilozona.lt\/parduotuve\/cd\/naudoti-cd\/ray-charles-the-very-best-of-ray-charles-2cd\/#breadcrumb","itemListElement":[{"@type":"ListItem","position":1,"name":"Home","item":"https:\/\/vinilozona.lt\/"},{"@type":"ListItem","position":2,"name":"Parduotuv\u0117","item":"https:\/\/vinilozona.lt\/parduotuve\/"},{"@type":"ListItem","position":3,"name":"Ray Charles \u2013 The Very Best Of Ray Charles 2CD"}]},{"@type":"WebSite","@id":"https:\/\/vinilozona.lt\/#website","url":"https:\/\/vinilozona.lt\/","name":"Vinilo Zona","description":"Nup\u016bsk dulkes ir klausyk LP","potentialAction":[{"@type":"SearchAction","target":{"@type":"EntryPoint","urlTemplate":"https:\/\/vinilozona.lt\/?s={search_term_string}"},"query-input":{"@type":"PropertyValueSpecification","valueRequired":true,"valueName":"search_term_string"}}],"inLanguage":"en-GB"}]}},"_links":{"self":[{"href":"https:\/\/vinilozona.lt\/en\/wp-json\/wp\/v2\/product\/24653"}],"collection":[{"href":"https:\/\/vinilozona.lt\/en\/wp-json\/wp\/v2\/product"}],"about":[{"href":"https:\/\/vinilozona.lt\/en\/wp-json\/wp\/v2\/types\/product"}],"wp:featuredmedia":[{"embeddable":true,"href":"https:\/\/vinilozona.lt\/en\/wp-json\/wp\/v2\/media\/24654"}],"wp:attachment":[{"href":"https:\/\/vinilozona.lt\/en\/wp-json\/wp\/v2\/media?parent=24653"}],"wp:term":[{"taxonomy":"product_cat","embeddable":true,"href":"https:\/\/vinilozona.lt\/en\/wp-json\/wp\/v2\/product_cat?post=24653"},{"taxonomy":"product_tag","embeddable":true,"href":"https:\/\/vinilozona.lt\/en\/wp-json\/wp\/v2\/product_tag?post=24653"}],"curies":[{"name":"wp","href":"https:\/\/api.w.org\/{rel}","templated":true}]}}