{"id":24642,"date":"2025-03-29T11:19:55","date_gmt":"2025-03-29T09:19:55","guid":{"rendered":"https:\/\/vinilozona.lt\/?post_type=product&#038;p=24642"},"modified":"2025-03-29T13:41:21","modified_gmt":"2025-03-29T11:41:21","slug":"ed-sheeran-autumn-variations","status":"publish","type":"product","link":"https:\/\/vinilozona.lt\/en\/parduotuve\/naujos-lp\/ed-sheeran-autumn-variations\/","title":{"rendered":"Ed Sheeran \u2013 Autumn Variations"},"content":{"rendered":"<p>A1\t\tMagical 3:14<br \/>\nA2\t\tEngland\t3:46<br \/>\nA3\t\tAmazing\t4:05<br \/>\nA4\t\tPlastic Bag\t3:49<br \/>\nA5\t\tBlue\t2:33<br \/>\nA6\t\tAmerican Town\t3:17<br \/>\nA7\t\tThat&#8217;s On Me\t3:47<br \/>\nB1\t\tPage\t3:51<br \/>\nB2\t\tMidnight\t2:59<br \/>\nB3\t\tSpring\t2:58<br \/>\nB4\t\tPunchline\t3:26<br \/>\nB5\t\tWhen Will I Be Alright\t2:55<br \/>\nB6\t\tThe Day I Was Born\t4:12<br \/>\nB7\t\tHead > Heels\t4:13<\/p>","protected":false},"excerpt":{"rendered":"<p>Label:\tGingerbread Man Records \u2013 5054197767289<br \/>\nFormat:\tVinyl, LP, Album, Limited Edition, Stereo, White<br \/>\nCountry:\tEurope<br \/>\nReleased:\tSep 29, 2023<\/p>","protected":false},"featured_media":24643,"template":"","meta":[],"product_cat":[23],"product_tag":[55],"yoast_head":"<!-- This site is optimized with the Yoast SEO plugin v23.5 - https:\/\/yoast.com\/wordpress\/plugins\/seo\/ -->\n<title>Ed Sheeran \u2013 Autumn Variations Vinilin\u0117 Plok\u0161tel\u0117 | Vinilozona.lt<\/title>\n<meta name=\"robots\" content=\"index, follow, max-snippet:-1, max-image-preview:large, max-video-preview:-1\" \/>\n<link rel=\"canonical\" href=\"https:\/\/vinilozona.lt\/en\/parduotuve\/naujos-lp\/ed-sheeran-autumn-variations\/\" \/>\n<meta property=\"og:locale\" content=\"en_GB\" \/>\n<meta property=\"og:type\" content=\"article\" \/>\n<meta property=\"og:title\" content=\"Ed Sheeran \u2013 Autumn Variations Vinilin\u0117 Plok\u0161tel\u0117 | Vinilozona.lt\" \/>\n<meta property=\"og:description\" content=\"Label: Gingerbread Man Records \u2013 5054197767289 Format: Vinyl, LP, Album, Limited Edition, Stereo, White Country: Europe Released: Sep 29, 2023\" \/>\n<meta property=\"og:url\" content=\"https:\/\/vinilozona.lt\/en\/parduotuve\/naujos-lp\/ed-sheeran-autumn-variations\/\" \/>\n<meta property=\"og:site_name\" content=\"Vinilo Zona\" \/>\n<meta property=\"article:modified_time\" content=\"2025-03-29T11:41:21+00:00\" \/>\n<meta property=\"og:image\" content=\"https:\/\/vinilozona.lt\/wp-content\/uploads\/2024\/04\/R-28432387-1697802747-7908.jpg\" \/>\n\t<meta property=\"og:image:width\" content=\"600\" \/>\n\t<meta property=\"og:image:height\" content=\"600\" \/>\n\t<meta property=\"og:image:type\" content=\"image\/jpeg\" \/>\n<meta name=\"twitter:card\" content=\"summary_large_image\" \/>\n<script type=\"application\/ld+json\" class=\"yoast-schema-graph\">{\"@context\":\"https:\/\/schema.org\",\"@graph\":[{\"@type\":\"WebPage\",\"@id\":\"https:\/\/vinilozona.lt\/parduotuve\/naujos-lp\/ed-sheeran-autumn-variations\/\",\"url\":\"https:\/\/vinilozona.lt\/parduotuve\/naujos-lp\/ed-sheeran-autumn-variations\/\",\"name\":\"Ed Sheeran \u2013 Autumn Variations Vinilin\u0117 Plok\u0161tel\u0117 | Vinilozona.lt\",\"isPartOf\":{\"@id\":\"https:\/\/vinilozona.lt\/#website\"},\"primaryImageOfPage\":{\"@id\":\"https:\/\/vinilozona.lt\/parduotuve\/naujos-lp\/ed-sheeran-autumn-variations\/#primaryimage\"},\"image\":{\"@id\":\"https:\/\/vinilozona.lt\/parduotuve\/naujos-lp\/ed-sheeran-autumn-variations\/#primaryimage\"},\"thumbnailUrl\":\"https:\/\/vinilozona.lt\/wp-content\/uploads\/2024\/04\/R-28432387-1697802747-7908.jpg\",\"datePublished\":\"2025-03-29T09:19:55+00:00\",\"dateModified\":\"2025-03-29T11:41:21+00:00\",\"breadcrumb\":{\"@id\":\"https:\/\/vinilozona.lt\/parduotuve\/naujos-lp\/ed-sheeran-autumn-variations\/#breadcrumb\"},\"inLanguage\":\"en-GB\",\"potentialAction\":[{\"@type\":\"ReadAction\",\"target\":[\"https:\/\/vinilozona.lt\/parduotuve\/naujos-lp\/ed-sheeran-autumn-variations\/\"]}]},{\"@type\":\"ImageObject\",\"inLanguage\":\"en-GB\",\"@id\":\"https:\/\/vinilozona.lt\/parduotuve\/naujos-lp\/ed-sheeran-autumn-variations\/#primaryimage\",\"url\":\"https:\/\/vinilozona.lt\/wp-content\/uploads\/2024\/04\/R-28432387-1697802747-7908.jpg\",\"contentUrl\":\"https:\/\/vinilozona.lt\/wp-content\/uploads\/2024\/04\/R-28432387-1697802747-7908.jpg\",\"width\":600,\"height\":600},{\"@type\":\"BreadcrumbList\",\"@id\":\"https:\/\/vinilozona.lt\/parduotuve\/naujos-lp\/ed-sheeran-autumn-variations\/#breadcrumb\",\"itemListElement\":[{\"@type\":\"ListItem\",\"position\":1,\"name\":\"Home\",\"item\":\"https:\/\/vinilozona.lt\/\"},{\"@type\":\"ListItem\",\"position\":2,\"name\":\"Parduotuv\u0117\",\"item\":\"https:\/\/vinilozona.lt\/parduotuve\/\"},{\"@type\":\"ListItem\",\"position\":3,\"name\":\"Ed Sheeran \u2013 Autumn Variations\"}]},{\"@type\":\"WebSite\",\"@id\":\"https:\/\/vinilozona.lt\/#website\",\"url\":\"https:\/\/vinilozona.lt\/\",\"name\":\"Vinilo Zona\",\"description\":\"Nup\u016bsk dulkes ir klausyk LP\",\"potentialAction\":[{\"@type\":\"SearchAction\",\"target\":{\"@type\":\"EntryPoint\",\"urlTemplate\":\"https:\/\/vinilozona.lt\/?s={search_term_string}\"},\"query-input\":{\"@type\":\"PropertyValueSpecification\",\"valueRequired\":true,\"valueName\":\"search_term_string\"}}],\"inLanguage\":\"en-GB\"}]}<\/script>\n<!-- \/ Yoast SEO plugin. -->","yoast_head_json":{"title":"Ed Sheeran \u2013 Autumn Variations Vinilin\u0117 Plok\u0161tel\u0117 | Vinilozona.lt","robots":{"index":"index","follow":"follow","max-snippet":"max-snippet:-1","max-image-preview":"max-image-preview:large","max-video-preview":"max-video-preview:-1"},"canonical":"https:\/\/vinilozona.lt\/en\/parduotuve\/naujos-lp\/ed-sheeran-autumn-variations\/","og_locale":"en_GB","og_type":"article","og_title":"Ed Sheeran \u2013 Autumn Variations Vinilin\u0117 Plok\u0161tel\u0117 | Vinilozona.lt","og_description":"Label: Gingerbread Man Records \u2013 5054197767289 Format: Vinyl, LP, Album, Limited Edition, Stereo, White Country: Europe Released: Sep 29, 2023","og_url":"https:\/\/vinilozona.lt\/en\/parduotuve\/naujos-lp\/ed-sheeran-autumn-variations\/","og_site_name":"Vinilo Zona","article_modified_time":"2025-03-29T11:41:21+00:00","og_image":[{"width":600,"height":600,"url":"https:\/\/vinilozona.lt\/wp-content\/uploads\/2024\/04\/R-28432387-1697802747-7908.jpg","type":"image\/jpeg"}],"twitter_card":"summary_large_image","schema":{"@context":"https:\/\/schema.org","@graph":[{"@type":"WebPage","@id":"https:\/\/vinilozona.lt\/parduotuve\/naujos-lp\/ed-sheeran-autumn-variations\/","url":"https:\/\/vinilozona.lt\/parduotuve\/naujos-lp\/ed-sheeran-autumn-variations\/","name":"Ed Sheeran \u2013 Autumn Variations Vinilin\u0117 Plok\u0161tel\u0117 | Vinilozona.lt","isPartOf":{"@id":"https:\/\/vinilozona.lt\/#website"},"primaryImageOfPage":{"@id":"https:\/\/vinilozona.lt\/parduotuve\/naujos-lp\/ed-sheeran-autumn-variations\/#primaryimage"},"image":{"@id":"https:\/\/vinilozona.lt\/parduotuve\/naujos-lp\/ed-sheeran-autumn-variations\/#primaryimage"},"thumbnailUrl":"https:\/\/vinilozona.lt\/wp-content\/uploads\/2024\/04\/R-28432387-1697802747-7908.jpg","datePublished":"2025-03-29T09:19:55+00:00","dateModified":"2025-03-29T11:41:21+00:00","breadcrumb":{"@id":"https:\/\/vinilozona.lt\/parduotuve\/naujos-lp\/ed-sheeran-autumn-variations\/#breadcrumb"},"inLanguage":"en-GB","potentialAction":[{"@type":"ReadAction","target":["https:\/\/vinilozona.lt\/parduotuve\/naujos-lp\/ed-sheeran-autumn-variations\/"]}]},{"@type":"ImageObject","inLanguage":"en-GB","@id":"https:\/\/vinilozona.lt\/parduotuve\/naujos-lp\/ed-sheeran-autumn-variations\/#primaryimage","url":"https:\/\/vinilozona.lt\/wp-content\/uploads\/2024\/04\/R-28432387-1697802747-7908.jpg","contentUrl":"https:\/\/vinilozona.lt\/wp-content\/uploads\/2024\/04\/R-28432387-1697802747-7908.jpg","width":600,"height":600},{"@type":"BreadcrumbList","@id":"https:\/\/vinilozona.lt\/parduotuve\/naujos-lp\/ed-sheeran-autumn-variations\/#breadcrumb","itemListElement":[{"@type":"ListItem","position":1,"name":"Home","item":"https:\/\/vinilozona.lt\/"},{"@type":"ListItem","position":2,"name":"Parduotuv\u0117","item":"https:\/\/vinilozona.lt\/parduotuve\/"},{"@type":"ListItem","position":3,"name":"Ed Sheeran \u2013 Autumn Variations"}]},{"@type":"WebSite","@id":"https:\/\/vinilozona.lt\/#website","url":"https:\/\/vinilozona.lt\/","name":"Vinilo Zona","description":"Nup\u016bsk dulkes ir klausyk LP","potentialAction":[{"@type":"SearchAction","target":{"@type":"EntryPoint","urlTemplate":"https:\/\/vinilozona.lt\/?s={search_term_string}"},"query-input":{"@type":"PropertyValueSpecification","valueRequired":true,"valueName":"search_term_string"}}],"inLanguage":"en-GB"}]}},"_links":{"self":[{"href":"https:\/\/vinilozona.lt\/en\/wp-json\/wp\/v2\/product\/24642"}],"collection":[{"href":"https:\/\/vinilozona.lt\/en\/wp-json\/wp\/v2\/product"}],"about":[{"href":"https:\/\/vinilozona.lt\/en\/wp-json\/wp\/v2\/types\/product"}],"wp:featuredmedia":[{"embeddable":true,"href":"https:\/\/vinilozona.lt\/en\/wp-json\/wp\/v2\/media\/24643"}],"wp:attachment":[{"href":"https:\/\/vinilozona.lt\/en\/wp-json\/wp\/v2\/media?parent=24642"}],"wp:term":[{"taxonomy":"product_cat","embeddable":true,"href":"https:\/\/vinilozona.lt\/en\/wp-json\/wp\/v2\/product_cat?post=24642"},{"taxonomy":"product_tag","embeddable":true,"href":"https:\/\/vinilozona.lt\/en\/wp-json\/wp\/v2\/product_tag?post=24642"}],"curies":[{"name":"wp","href":"https:\/\/api.w.org\/{rel}","templated":true}]}}