{"id":24422,"date":"2025-07-07T05:08:07","date_gmt":"2025-07-07T02:08:07","guid":{"rendered":"https:\/\/vinilozona.lt\/?post_type=product&#038;p=24422"},"modified":"2025-10-28T21:04:19","modified_gmt":"2025-10-28T19:04:19","slug":"vairas-visu-laiku-auksine-kolekcija-2-dalis","status":"publish","type":"product","link":"https:\/\/vinilozona.lt\/en\/parduotuve\/lietuviska\/vairas-visu-laiku-auksine-kolekcija-2-dalis\/","title":{"rendered":"Vairas \u2013 Vis\u0173 Laik\u0173 Auksin\u0117 Kolekcija (2 Dalis)"},"content":{"rendered":"<p>A1\t\tLietus 3:20<br \/>\nA2\t\tSniegena 4:39<br \/>\nA3\t\tF\u0117ja 3:19<br \/>\nA4\t\tAteik 4:35<br \/>\nA5\t\tEikite, \u017dmon\u0117s 2:55<br \/>\nA6\t\tRie\u0161ut\u0173 \u017dyd\u0117jimas (Pary\u017eiaus MIx)\t4:14<br \/>\nB1\t\t\u0160iauliai 4:03<br \/>\nB2\t\tLai Lai Lai 3:38<br \/>\nB3\t\tB\u016bk Nepasiekiama 2:59<br \/>\nB4\t\tNepyksiu A\u0161 4:22<br \/>\nB5\t\tA\u0161 Sugr\u012f\u0161iu 3:00<\/p>","protected":false},"excerpt":{"rendered":"<p>Label:\tV\u0117jas Records \u2013 VR 004LP<br \/>\nFormat:\tVinyl, LP, Compilation, Limited Edition<br \/>\nCountry:\tLithuania<br \/>\nReleased:\t2023<\/p>","protected":false},"featured_media":24423,"template":"","meta":[],"product_cat":[19,23],"product_tag":[55],"yoast_head":"<!-- This site is optimized with the Yoast SEO plugin v23.5 - https:\/\/yoast.com\/wordpress\/plugins\/seo\/ -->\n<title>Vairas \u2013 Vis\u0173 Laik\u0173 Auksin\u0117 Kolekcija (2 Dalis) Vinilin\u0117 Plok\u0161tel\u0117 | Vinilozona.lt<\/title>\n<meta name=\"robots\" content=\"index, follow, max-snippet:-1, max-image-preview:large, max-video-preview:-1\" \/>\n<link rel=\"canonical\" href=\"https:\/\/vinilozona.lt\/en\/parduotuve\/lietuviska\/vairas-visu-laiku-auksine-kolekcija-2-dalis\/\" \/>\n<meta property=\"og:locale\" content=\"en_GB\" \/>\n<meta property=\"og:type\" content=\"article\" \/>\n<meta property=\"og:title\" content=\"Vairas \u2013 Vis\u0173 Laik\u0173 Auksin\u0117 Kolekcija (2 Dalis) Vinilin\u0117 Plok\u0161tel\u0117 | Vinilozona.lt\" \/>\n<meta property=\"og:description\" content=\"Label: V\u0117jas Records \u2013 VR 004LP Format: Vinyl, LP, Compilation, Limited Edition Country: Lithuania Released: 2023\" \/>\n<meta property=\"og:url\" content=\"https:\/\/vinilozona.lt\/en\/parduotuve\/lietuviska\/vairas-visu-laiku-auksine-kolekcija-2-dalis\/\" \/>\n<meta property=\"og:site_name\" content=\"Vinilo Zona\" \/>\n<meta property=\"article:modified_time\" content=\"2025-10-28T19:04:19+00:00\" \/>\n<meta property=\"og:image\" content=\"https:\/\/vinilozona.lt\/wp-content\/uploads\/2024\/03\/R-29966071-1709411018-9390.jpg\" \/>\n\t<meta property=\"og:image:width\" content=\"599\" \/>\n\t<meta property=\"og:image:height\" content=\"594\" \/>\n\t<meta property=\"og:image:type\" content=\"image\/jpeg\" \/>\n<meta name=\"twitter:card\" content=\"summary_large_image\" \/>\n<script type=\"application\/ld+json\" class=\"yoast-schema-graph\">{\"@context\":\"https:\/\/schema.org\",\"@graph\":[{\"@type\":\"WebPage\",\"@id\":\"https:\/\/vinilozona.lt\/parduotuve\/lietuviska\/vairas-visu-laiku-auksine-kolekcija-2-dalis\/\",\"url\":\"https:\/\/vinilozona.lt\/parduotuve\/lietuviska\/vairas-visu-laiku-auksine-kolekcija-2-dalis\/\",\"name\":\"Vairas \u2013 Vis\u0173 Laik\u0173 Auksin\u0117 Kolekcija (2 Dalis) Vinilin\u0117 Plok\u0161tel\u0117 | Vinilozona.lt\",\"isPartOf\":{\"@id\":\"https:\/\/vinilozona.lt\/#website\"},\"primaryImageOfPage\":{\"@id\":\"https:\/\/vinilozona.lt\/parduotuve\/lietuviska\/vairas-visu-laiku-auksine-kolekcija-2-dalis\/#primaryimage\"},\"image\":{\"@id\":\"https:\/\/vinilozona.lt\/parduotuve\/lietuviska\/vairas-visu-laiku-auksine-kolekcija-2-dalis\/#primaryimage\"},\"thumbnailUrl\":\"https:\/\/vinilozona.lt\/wp-content\/uploads\/2024\/03\/R-29966071-1709411018-9390.jpg\",\"datePublished\":\"2025-07-07T02:08:07+00:00\",\"dateModified\":\"2025-10-28T19:04:19+00:00\",\"breadcrumb\":{\"@id\":\"https:\/\/vinilozona.lt\/parduotuve\/lietuviska\/vairas-visu-laiku-auksine-kolekcija-2-dalis\/#breadcrumb\"},\"inLanguage\":\"en-GB\",\"potentialAction\":[{\"@type\":\"ReadAction\",\"target\":[\"https:\/\/vinilozona.lt\/parduotuve\/lietuviska\/vairas-visu-laiku-auksine-kolekcija-2-dalis\/\"]}]},{\"@type\":\"ImageObject\",\"inLanguage\":\"en-GB\",\"@id\":\"https:\/\/vinilozona.lt\/parduotuve\/lietuviska\/vairas-visu-laiku-auksine-kolekcija-2-dalis\/#primaryimage\",\"url\":\"https:\/\/vinilozona.lt\/wp-content\/uploads\/2024\/03\/R-29966071-1709411018-9390.jpg\",\"contentUrl\":\"https:\/\/vinilozona.lt\/wp-content\/uploads\/2024\/03\/R-29966071-1709411018-9390.jpg\",\"width\":599,\"height\":594},{\"@type\":\"BreadcrumbList\",\"@id\":\"https:\/\/vinilozona.lt\/parduotuve\/lietuviska\/vairas-visu-laiku-auksine-kolekcija-2-dalis\/#breadcrumb\",\"itemListElement\":[{\"@type\":\"ListItem\",\"position\":1,\"name\":\"Home\",\"item\":\"https:\/\/vinilozona.lt\/\"},{\"@type\":\"ListItem\",\"position\":2,\"name\":\"Parduotuv\u0117\",\"item\":\"https:\/\/vinilozona.lt\/parduotuve\/\"},{\"@type\":\"ListItem\",\"position\":3,\"name\":\"Vairas \u2013 Vis\u0173 Laik\u0173 Auksin\u0117 Kolekcija (2 Dalis)\"}]},{\"@type\":\"WebSite\",\"@id\":\"https:\/\/vinilozona.lt\/#website\",\"url\":\"https:\/\/vinilozona.lt\/\",\"name\":\"Vinilo Zona\",\"description\":\"Nup\u016bsk dulkes ir klausyk LP\",\"potentialAction\":[{\"@type\":\"SearchAction\",\"target\":{\"@type\":\"EntryPoint\",\"urlTemplate\":\"https:\/\/vinilozona.lt\/?s={search_term_string}\"},\"query-input\":{\"@type\":\"PropertyValueSpecification\",\"valueRequired\":true,\"valueName\":\"search_term_string\"}}],\"inLanguage\":\"en-GB\"}]}<\/script>\n<!-- \/ Yoast SEO plugin. -->","yoast_head_json":{"title":"Vairas \u2013 Vis\u0173 Laik\u0173 Auksin\u0117 Kolekcija (2 Dalis) Vinilin\u0117 Plok\u0161tel\u0117 | Vinilozona.lt","robots":{"index":"index","follow":"follow","max-snippet":"max-snippet:-1","max-image-preview":"max-image-preview:large","max-video-preview":"max-video-preview:-1"},"canonical":"https:\/\/vinilozona.lt\/en\/parduotuve\/lietuviska\/vairas-visu-laiku-auksine-kolekcija-2-dalis\/","og_locale":"en_GB","og_type":"article","og_title":"Vairas \u2013 Vis\u0173 Laik\u0173 Auksin\u0117 Kolekcija (2 Dalis) Vinilin\u0117 Plok\u0161tel\u0117 | Vinilozona.lt","og_description":"Label: V\u0117jas Records \u2013 VR 004LP Format: Vinyl, LP, Compilation, Limited Edition Country: Lithuania Released: 2023","og_url":"https:\/\/vinilozona.lt\/en\/parduotuve\/lietuviska\/vairas-visu-laiku-auksine-kolekcija-2-dalis\/","og_site_name":"Vinilo Zona","article_modified_time":"2025-10-28T19:04:19+00:00","og_image":[{"width":599,"height":594,"url":"https:\/\/vinilozona.lt\/wp-content\/uploads\/2024\/03\/R-29966071-1709411018-9390.jpg","type":"image\/jpeg"}],"twitter_card":"summary_large_image","schema":{"@context":"https:\/\/schema.org","@graph":[{"@type":"WebPage","@id":"https:\/\/vinilozona.lt\/parduotuve\/lietuviska\/vairas-visu-laiku-auksine-kolekcija-2-dalis\/","url":"https:\/\/vinilozona.lt\/parduotuve\/lietuviska\/vairas-visu-laiku-auksine-kolekcija-2-dalis\/","name":"Vairas \u2013 Vis\u0173 Laik\u0173 Auksin\u0117 Kolekcija (2 Dalis) Vinilin\u0117 Plok\u0161tel\u0117 | Vinilozona.lt","isPartOf":{"@id":"https:\/\/vinilozona.lt\/#website"},"primaryImageOfPage":{"@id":"https:\/\/vinilozona.lt\/parduotuve\/lietuviska\/vairas-visu-laiku-auksine-kolekcija-2-dalis\/#primaryimage"},"image":{"@id":"https:\/\/vinilozona.lt\/parduotuve\/lietuviska\/vairas-visu-laiku-auksine-kolekcija-2-dalis\/#primaryimage"},"thumbnailUrl":"https:\/\/vinilozona.lt\/wp-content\/uploads\/2024\/03\/R-29966071-1709411018-9390.jpg","datePublished":"2025-07-07T02:08:07+00:00","dateModified":"2025-10-28T19:04:19+00:00","breadcrumb":{"@id":"https:\/\/vinilozona.lt\/parduotuve\/lietuviska\/vairas-visu-laiku-auksine-kolekcija-2-dalis\/#breadcrumb"},"inLanguage":"en-GB","potentialAction":[{"@type":"ReadAction","target":["https:\/\/vinilozona.lt\/parduotuve\/lietuviska\/vairas-visu-laiku-auksine-kolekcija-2-dalis\/"]}]},{"@type":"ImageObject","inLanguage":"en-GB","@id":"https:\/\/vinilozona.lt\/parduotuve\/lietuviska\/vairas-visu-laiku-auksine-kolekcija-2-dalis\/#primaryimage","url":"https:\/\/vinilozona.lt\/wp-content\/uploads\/2024\/03\/R-29966071-1709411018-9390.jpg","contentUrl":"https:\/\/vinilozona.lt\/wp-content\/uploads\/2024\/03\/R-29966071-1709411018-9390.jpg","width":599,"height":594},{"@type":"BreadcrumbList","@id":"https:\/\/vinilozona.lt\/parduotuve\/lietuviska\/vairas-visu-laiku-auksine-kolekcija-2-dalis\/#breadcrumb","itemListElement":[{"@type":"ListItem","position":1,"name":"Home","item":"https:\/\/vinilozona.lt\/"},{"@type":"ListItem","position":2,"name":"Parduotuv\u0117","item":"https:\/\/vinilozona.lt\/parduotuve\/"},{"@type":"ListItem","position":3,"name":"Vairas \u2013 Vis\u0173 Laik\u0173 Auksin\u0117 Kolekcija (2 Dalis)"}]},{"@type":"WebSite","@id":"https:\/\/vinilozona.lt\/#website","url":"https:\/\/vinilozona.lt\/","name":"Vinilo Zona","description":"Nup\u016bsk dulkes ir klausyk LP","potentialAction":[{"@type":"SearchAction","target":{"@type":"EntryPoint","urlTemplate":"https:\/\/vinilozona.lt\/?s={search_term_string}"},"query-input":{"@type":"PropertyValueSpecification","valueRequired":true,"valueName":"search_term_string"}}],"inLanguage":"en-GB"}]}},"_links":{"self":[{"href":"https:\/\/vinilozona.lt\/en\/wp-json\/wp\/v2\/product\/24422"}],"collection":[{"href":"https:\/\/vinilozona.lt\/en\/wp-json\/wp\/v2\/product"}],"about":[{"href":"https:\/\/vinilozona.lt\/en\/wp-json\/wp\/v2\/types\/product"}],"wp:featuredmedia":[{"embeddable":true,"href":"https:\/\/vinilozona.lt\/en\/wp-json\/wp\/v2\/media\/24423"}],"wp:attachment":[{"href":"https:\/\/vinilozona.lt\/en\/wp-json\/wp\/v2\/media?parent=24422"}],"wp:term":[{"taxonomy":"product_cat","embeddable":true,"href":"https:\/\/vinilozona.lt\/en\/wp-json\/wp\/v2\/product_cat?post=24422"},{"taxonomy":"product_tag","embeddable":true,"href":"https:\/\/vinilozona.lt\/en\/wp-json\/wp\/v2\/product_tag?post=24422"}],"curies":[{"name":"wp","href":"https:\/\/api.w.org\/{rel}","templated":true}]}}