{"id":24416,"date":"2024-03-07T17:52:06","date_gmt":"2024-03-07T15:52:06","guid":{"rendered":"https:\/\/vinilozona.lt\/?post_type=product&#038;p=24416"},"modified":"2025-11-17T12:43:57","modified_gmt":"2025-11-17T10:43:57","slug":"konstantinas-lilas-bezdzione","status":"publish","type":"product","link":"https:\/\/vinilozona.lt\/en\/parduotuve\/lietuviska\/konstantinas-lilas-bezdzione\/","title":{"rendered":"Konstantinas Lilas \u2013 Be\u017ed\u017eion\u0117"},"content":{"rendered":"<p>A1\t\tFuck Me<br \/>\nA2\t\t0924 Smala<br \/>\nA3\t\tG\u016b\u017eiasi Vilnius (Li 2023 Remake)<br \/>\nA4\t\t#Voicemessage.Repas<br \/>\nA5\t\tBe\u017ed\u017eion\u0117<br \/>\nB6\t\tBlizg\u0117k<br \/>\nB7\t\tFywsd<br \/>\nB8\t\t#Voicemessage.\u012etampa<br \/>\nB9\t\tDegu<br \/>\nB10\t\tPara\u0161iau Tau Pop Dain\u0105<br \/>\nB11\t\tHeadlineris<\/p>","protected":false},"excerpt":{"rendered":"<p>Label:\tNot On Label (Konstantinas Lilas Self-released) \u2013 none<br \/>\nFormat:\tVinyl, LP, Album, Transperent Blue<br \/>\nCountry:\tLithuania<br \/>\nReleased:\tFeb 9, 2024<br \/>\nGenre:\tHip Hop, Rock<\/p>","protected":false},"featured_media":24417,"template":"","meta":[],"product_cat":[19,23],"product_tag":[55],"yoast_head":"<!-- This site is optimized with the Yoast SEO plugin v23.5 - https:\/\/yoast.com\/wordpress\/plugins\/seo\/ -->\n<title>Konstantinas Lilas \u2013 Be\u017ed\u017eion\u0117 Vinilin\u0117 Plok\u0161tel\u0117 | Vinilozona.lt<\/title>\n<meta name=\"robots\" content=\"index, follow, max-snippet:-1, max-image-preview:large, max-video-preview:-1\" \/>\n<link rel=\"canonical\" href=\"https:\/\/vinilozona.lt\/en\/parduotuve\/lietuviska\/konstantinas-lilas-bezdzione\/\" \/>\n<meta property=\"og:locale\" content=\"en_GB\" \/>\n<meta property=\"og:type\" content=\"article\" \/>\n<meta property=\"og:title\" content=\"Konstantinas Lilas \u2013 Be\u017ed\u017eion\u0117 Vinilin\u0117 Plok\u0161tel\u0117 | Vinilozona.lt\" \/>\n<meta property=\"og:description\" content=\"Label: Not On Label (Konstantinas Lilas Self-released) \u2013 none Format: Vinyl, LP, Album, Transperent Blue Country: Lithuania Released: Feb 9, 2024 Genre: Hip Hop, Rock\" \/>\n<meta property=\"og:url\" content=\"https:\/\/vinilozona.lt\/en\/parduotuve\/lietuviska\/konstantinas-lilas-bezdzione\/\" \/>\n<meta property=\"og:site_name\" content=\"Vinilo Zona\" \/>\n<meta property=\"article:modified_time\" content=\"2025-11-17T10:43:57+00:00\" \/>\n<meta property=\"og:image\" content=\"https:\/\/vinilozona.lt\/wp-content\/uploads\/2024\/03\/R-29889133-1708768516-7496.jpg\" \/>\n\t<meta property=\"og:image:width\" content=\"600\" \/>\n\t<meta property=\"og:image:height\" content=\"592\" \/>\n\t<meta property=\"og:image:type\" content=\"image\/jpeg\" \/>\n<meta name=\"twitter:card\" content=\"summary_large_image\" \/>\n<script type=\"application\/ld+json\" class=\"yoast-schema-graph\">{\"@context\":\"https:\/\/schema.org\",\"@graph\":[{\"@type\":\"WebPage\",\"@id\":\"https:\/\/vinilozona.lt\/parduotuve\/lietuviska\/konstantinas-lilas-bezdzione\/\",\"url\":\"https:\/\/vinilozona.lt\/parduotuve\/lietuviska\/konstantinas-lilas-bezdzione\/\",\"name\":\"Konstantinas Lilas \u2013 Be\u017ed\u017eion\u0117 Vinilin\u0117 Plok\u0161tel\u0117 | Vinilozona.lt\",\"isPartOf\":{\"@id\":\"https:\/\/vinilozona.lt\/#website\"},\"primaryImageOfPage\":{\"@id\":\"https:\/\/vinilozona.lt\/parduotuve\/lietuviska\/konstantinas-lilas-bezdzione\/#primaryimage\"},\"image\":{\"@id\":\"https:\/\/vinilozona.lt\/parduotuve\/lietuviska\/konstantinas-lilas-bezdzione\/#primaryimage\"},\"thumbnailUrl\":\"https:\/\/vinilozona.lt\/wp-content\/uploads\/2024\/03\/R-29889133-1708768516-7496.jpg\",\"datePublished\":\"2024-03-07T15:52:06+00:00\",\"dateModified\":\"2025-11-17T10:43:57+00:00\",\"breadcrumb\":{\"@id\":\"https:\/\/vinilozona.lt\/parduotuve\/lietuviska\/konstantinas-lilas-bezdzione\/#breadcrumb\"},\"inLanguage\":\"en-GB\",\"potentialAction\":[{\"@type\":\"ReadAction\",\"target\":[\"https:\/\/vinilozona.lt\/parduotuve\/lietuviska\/konstantinas-lilas-bezdzione\/\"]}]},{\"@type\":\"ImageObject\",\"inLanguage\":\"en-GB\",\"@id\":\"https:\/\/vinilozona.lt\/parduotuve\/lietuviska\/konstantinas-lilas-bezdzione\/#primaryimage\",\"url\":\"https:\/\/vinilozona.lt\/wp-content\/uploads\/2024\/03\/R-29889133-1708768516-7496.jpg\",\"contentUrl\":\"https:\/\/vinilozona.lt\/wp-content\/uploads\/2024\/03\/R-29889133-1708768516-7496.jpg\",\"width\":600,\"height\":592},{\"@type\":\"BreadcrumbList\",\"@id\":\"https:\/\/vinilozona.lt\/parduotuve\/lietuviska\/konstantinas-lilas-bezdzione\/#breadcrumb\",\"itemListElement\":[{\"@type\":\"ListItem\",\"position\":1,\"name\":\"Home\",\"item\":\"https:\/\/vinilozona.lt\/\"},{\"@type\":\"ListItem\",\"position\":2,\"name\":\"Parduotuv\u0117\",\"item\":\"https:\/\/vinilozona.lt\/parduotuve\/\"},{\"@type\":\"ListItem\",\"position\":3,\"name\":\"Konstantinas Lilas \u2013 Be\u017ed\u017eion\u0117\"}]},{\"@type\":\"WebSite\",\"@id\":\"https:\/\/vinilozona.lt\/#website\",\"url\":\"https:\/\/vinilozona.lt\/\",\"name\":\"Vinilo Zona\",\"description\":\"Nup\u016bsk dulkes ir klausyk LP\",\"potentialAction\":[{\"@type\":\"SearchAction\",\"target\":{\"@type\":\"EntryPoint\",\"urlTemplate\":\"https:\/\/vinilozona.lt\/?s={search_term_string}\"},\"query-input\":{\"@type\":\"PropertyValueSpecification\",\"valueRequired\":true,\"valueName\":\"search_term_string\"}}],\"inLanguage\":\"en-GB\"}]}<\/script>\n<!-- \/ Yoast SEO plugin. -->","yoast_head_json":{"title":"Konstantinas Lilas \u2013 Be\u017ed\u017eion\u0117 Vinilin\u0117 Plok\u0161tel\u0117 | Vinilozona.lt","robots":{"index":"index","follow":"follow","max-snippet":"max-snippet:-1","max-image-preview":"max-image-preview:large","max-video-preview":"max-video-preview:-1"},"canonical":"https:\/\/vinilozona.lt\/en\/parduotuve\/lietuviska\/konstantinas-lilas-bezdzione\/","og_locale":"en_GB","og_type":"article","og_title":"Konstantinas Lilas \u2013 Be\u017ed\u017eion\u0117 Vinilin\u0117 Plok\u0161tel\u0117 | Vinilozona.lt","og_description":"Label: Not On Label (Konstantinas Lilas Self-released) \u2013 none Format: Vinyl, LP, Album, Transperent Blue Country: Lithuania Released: Feb 9, 2024 Genre: Hip Hop, Rock","og_url":"https:\/\/vinilozona.lt\/en\/parduotuve\/lietuviska\/konstantinas-lilas-bezdzione\/","og_site_name":"Vinilo Zona","article_modified_time":"2025-11-17T10:43:57+00:00","og_image":[{"width":600,"height":592,"url":"https:\/\/vinilozona.lt\/wp-content\/uploads\/2024\/03\/R-29889133-1708768516-7496.jpg","type":"image\/jpeg"}],"twitter_card":"summary_large_image","schema":{"@context":"https:\/\/schema.org","@graph":[{"@type":"WebPage","@id":"https:\/\/vinilozona.lt\/parduotuve\/lietuviska\/konstantinas-lilas-bezdzione\/","url":"https:\/\/vinilozona.lt\/parduotuve\/lietuviska\/konstantinas-lilas-bezdzione\/","name":"Konstantinas Lilas \u2013 Be\u017ed\u017eion\u0117 Vinilin\u0117 Plok\u0161tel\u0117 | Vinilozona.lt","isPartOf":{"@id":"https:\/\/vinilozona.lt\/#website"},"primaryImageOfPage":{"@id":"https:\/\/vinilozona.lt\/parduotuve\/lietuviska\/konstantinas-lilas-bezdzione\/#primaryimage"},"image":{"@id":"https:\/\/vinilozona.lt\/parduotuve\/lietuviska\/konstantinas-lilas-bezdzione\/#primaryimage"},"thumbnailUrl":"https:\/\/vinilozona.lt\/wp-content\/uploads\/2024\/03\/R-29889133-1708768516-7496.jpg","datePublished":"2024-03-07T15:52:06+00:00","dateModified":"2025-11-17T10:43:57+00:00","breadcrumb":{"@id":"https:\/\/vinilozona.lt\/parduotuve\/lietuviska\/konstantinas-lilas-bezdzione\/#breadcrumb"},"inLanguage":"en-GB","potentialAction":[{"@type":"ReadAction","target":["https:\/\/vinilozona.lt\/parduotuve\/lietuviska\/konstantinas-lilas-bezdzione\/"]}]},{"@type":"ImageObject","inLanguage":"en-GB","@id":"https:\/\/vinilozona.lt\/parduotuve\/lietuviska\/konstantinas-lilas-bezdzione\/#primaryimage","url":"https:\/\/vinilozona.lt\/wp-content\/uploads\/2024\/03\/R-29889133-1708768516-7496.jpg","contentUrl":"https:\/\/vinilozona.lt\/wp-content\/uploads\/2024\/03\/R-29889133-1708768516-7496.jpg","width":600,"height":592},{"@type":"BreadcrumbList","@id":"https:\/\/vinilozona.lt\/parduotuve\/lietuviska\/konstantinas-lilas-bezdzione\/#breadcrumb","itemListElement":[{"@type":"ListItem","position":1,"name":"Home","item":"https:\/\/vinilozona.lt\/"},{"@type":"ListItem","position":2,"name":"Parduotuv\u0117","item":"https:\/\/vinilozona.lt\/parduotuve\/"},{"@type":"ListItem","position":3,"name":"Konstantinas Lilas \u2013 Be\u017ed\u017eion\u0117"}]},{"@type":"WebSite","@id":"https:\/\/vinilozona.lt\/#website","url":"https:\/\/vinilozona.lt\/","name":"Vinilo Zona","description":"Nup\u016bsk dulkes ir klausyk LP","potentialAction":[{"@type":"SearchAction","target":{"@type":"EntryPoint","urlTemplate":"https:\/\/vinilozona.lt\/?s={search_term_string}"},"query-input":{"@type":"PropertyValueSpecification","valueRequired":true,"valueName":"search_term_string"}}],"inLanguage":"en-GB"}]}},"_links":{"self":[{"href":"https:\/\/vinilozona.lt\/en\/wp-json\/wp\/v2\/product\/24416"}],"collection":[{"href":"https:\/\/vinilozona.lt\/en\/wp-json\/wp\/v2\/product"}],"about":[{"href":"https:\/\/vinilozona.lt\/en\/wp-json\/wp\/v2\/types\/product"}],"wp:featuredmedia":[{"embeddable":true,"href":"https:\/\/vinilozona.lt\/en\/wp-json\/wp\/v2\/media\/24417"}],"wp:attachment":[{"href":"https:\/\/vinilozona.lt\/en\/wp-json\/wp\/v2\/media?parent=24416"}],"wp:term":[{"taxonomy":"product_cat","embeddable":true,"href":"https:\/\/vinilozona.lt\/en\/wp-json\/wp\/v2\/product_cat?post=24416"},{"taxonomy":"product_tag","embeddable":true,"href":"https:\/\/vinilozona.lt\/en\/wp-json\/wp\/v2\/product_tag?post=24416"}],"curies":[{"name":"wp","href":"https:\/\/api.w.org\/{rel}","templated":true}]}}