{"id":24414,"date":"2024-11-12T17:46:14","date_gmt":"2024-11-12T15:46:14","guid":{"rendered":"https:\/\/vinilozona.lt\/?post_type=product&#038;p=24414"},"modified":"2025-11-05T08:17:01","modified_gmt":"2025-11-05T06:17:01","slug":"various-barbie-the-album","status":"publish","type":"product","link":"https:\/\/vinilozona.lt\/en\/parduotuve\/naujos-lp\/various-barbie-the-album\/","title":{"rendered":"Various \u2013 Barbie The Album"},"content":{"rendered":"<p>A1\tLizzo\u2013\tPink<br \/>\nA2\tDua Lipa\u2013\tDance The Night<br \/>\nA3\tNicki Minaj &#038; Ice Spice\u2013\tBarbie World Featuring [With] \u2013 Aqua<br \/>\nA4\tCharli XCX\u2013\tSpeed Drive<br \/>\nA5\tKarol G\u2013\tWatati Featuring \u2013 Aldo Ranks<br \/>\nA6\tSam Smith (12)\u2013\tMan I Am<br \/>\nA7\tTame Impala\u2013\tJourney To The Real World<br \/>\nA8\tRyan Gosling\u2013\tI\u2019m Just Ken<br \/>\nB9\tDominic Fike\u2013\tHey Blondie<br \/>\nB10\tHaim (2)\u2013\tHome<br \/>\nB11\tBillie Eilish\u2013\tWhat Was I Made For?<br \/>\nB12\tThe Kid Laroi\u2013\tForever &#038; Again<br \/>\nB13\tKhalid (16)\u2013\tSilver Platter<br \/>\nB14\tPinkPantheress\u2013\tAngel<br \/>\nB15\tGayle (8)\u2013\tButterflies<br \/>\nB16\tAva Max\u2013\tChoose Your Fighter<\/p>","protected":false},"excerpt":{"rendered":"<p>Label:<br \/>\nAtlantic \u200e\u2013 075678616761, WaterTower Music \u200e\u2013 075678616761<br \/>\nFormat:<br \/>\nVinyl, LP, Album, Limited Edition, Neon Pink<br \/>\nCountry: Europe<br \/>\nReleased: 21 Jul 2023<br \/>\nGenre: Electronic, Pop, Stage &#038; Screen<br \/>\nStyle: Dance-pop, Soundtrack<\/p>","protected":false},"featured_media":24415,"template":"","meta":[],"product_cat":[23],"product_tag":[55],"yoast_head":"<!-- This site is optimized with the Yoast SEO plugin v23.5 - https:\/\/yoast.com\/wordpress\/plugins\/seo\/ -->\n<title>Various \u2013 Barbie The Album Vinilin\u0117 Plok\u0161tel\u0117 | Vinilozona.lt<\/title>\n<meta name=\"robots\" content=\"index, follow, max-snippet:-1, max-image-preview:large, max-video-preview:-1\" \/>\n<link rel=\"canonical\" href=\"https:\/\/vinilozona.lt\/en\/parduotuve\/naujos-lp\/various-barbie-the-album\/\" \/>\n<meta property=\"og:locale\" content=\"en_GB\" \/>\n<meta property=\"og:type\" content=\"article\" \/>\n<meta property=\"og:title\" content=\"Various \u2013 Barbie The Album Vinilin\u0117 Plok\u0161tel\u0117 | Vinilozona.lt\" \/>\n<meta property=\"og:description\" content=\"Label: Atlantic \u200e\u2013 075678616761, WaterTower Music \u200e\u2013 075678616761 Format: Vinyl, LP, Album, Limited Edition, Neon Pink Country: Europe Released: 21 Jul 2023 Genre: Electronic, Pop, Stage &amp; Screen Style: Dance-pop, Soundtrack\" \/>\n<meta property=\"og:url\" content=\"https:\/\/vinilozona.lt\/en\/parduotuve\/naujos-lp\/various-barbie-the-album\/\" \/>\n<meta property=\"og:site_name\" content=\"Vinilo Zona\" \/>\n<meta property=\"article:modified_time\" content=\"2025-11-05T06:17:01+00:00\" \/>\n<meta property=\"og:image\" content=\"https:\/\/vinilozona.lt\/wp-content\/uploads\/2024\/03\/R-27768510-1690397400-1128.jpg\" \/>\n\t<meta property=\"og:image:width\" content=\"600\" \/>\n\t<meta property=\"og:image:height\" content=\"591\" \/>\n\t<meta property=\"og:image:type\" content=\"image\/jpeg\" \/>\n<meta name=\"twitter:card\" content=\"summary_large_image\" \/>\n<script type=\"application\/ld+json\" class=\"yoast-schema-graph\">{\"@context\":\"https:\/\/schema.org\",\"@graph\":[{\"@type\":\"WebPage\",\"@id\":\"https:\/\/vinilozona.lt\/parduotuve\/naujos-lp\/various-barbie-the-album\/\",\"url\":\"https:\/\/vinilozona.lt\/parduotuve\/naujos-lp\/various-barbie-the-album\/\",\"name\":\"Various \u2013 Barbie The Album Vinilin\u0117 Plok\u0161tel\u0117 | Vinilozona.lt\",\"isPartOf\":{\"@id\":\"https:\/\/vinilozona.lt\/#website\"},\"primaryImageOfPage\":{\"@id\":\"https:\/\/vinilozona.lt\/parduotuve\/naujos-lp\/various-barbie-the-album\/#primaryimage\"},\"image\":{\"@id\":\"https:\/\/vinilozona.lt\/parduotuve\/naujos-lp\/various-barbie-the-album\/#primaryimage\"},\"thumbnailUrl\":\"https:\/\/vinilozona.lt\/wp-content\/uploads\/2024\/03\/R-27768510-1690397400-1128.jpg\",\"datePublished\":\"2024-11-12T15:46:14+00:00\",\"dateModified\":\"2025-11-05T06:17:01+00:00\",\"breadcrumb\":{\"@id\":\"https:\/\/vinilozona.lt\/parduotuve\/naujos-lp\/various-barbie-the-album\/#breadcrumb\"},\"inLanguage\":\"en-GB\",\"potentialAction\":[{\"@type\":\"ReadAction\",\"target\":[\"https:\/\/vinilozona.lt\/parduotuve\/naujos-lp\/various-barbie-the-album\/\"]}]},{\"@type\":\"ImageObject\",\"inLanguage\":\"en-GB\",\"@id\":\"https:\/\/vinilozona.lt\/parduotuve\/naujos-lp\/various-barbie-the-album\/#primaryimage\",\"url\":\"https:\/\/vinilozona.lt\/wp-content\/uploads\/2024\/03\/R-27768510-1690397400-1128.jpg\",\"contentUrl\":\"https:\/\/vinilozona.lt\/wp-content\/uploads\/2024\/03\/R-27768510-1690397400-1128.jpg\",\"width\":600,\"height\":591},{\"@type\":\"BreadcrumbList\",\"@id\":\"https:\/\/vinilozona.lt\/parduotuve\/naujos-lp\/various-barbie-the-album\/#breadcrumb\",\"itemListElement\":[{\"@type\":\"ListItem\",\"position\":1,\"name\":\"Home\",\"item\":\"https:\/\/vinilozona.lt\/\"},{\"@type\":\"ListItem\",\"position\":2,\"name\":\"Parduotuv\u0117\",\"item\":\"https:\/\/vinilozona.lt\/parduotuve\/\"},{\"@type\":\"ListItem\",\"position\":3,\"name\":\"Various \u2013 Barbie The Album\"}]},{\"@type\":\"WebSite\",\"@id\":\"https:\/\/vinilozona.lt\/#website\",\"url\":\"https:\/\/vinilozona.lt\/\",\"name\":\"Vinilo Zona\",\"description\":\"Nup\u016bsk dulkes ir klausyk LP\",\"potentialAction\":[{\"@type\":\"SearchAction\",\"target\":{\"@type\":\"EntryPoint\",\"urlTemplate\":\"https:\/\/vinilozona.lt\/?s={search_term_string}\"},\"query-input\":{\"@type\":\"PropertyValueSpecification\",\"valueRequired\":true,\"valueName\":\"search_term_string\"}}],\"inLanguage\":\"en-GB\"}]}<\/script>\n<!-- \/ Yoast SEO plugin. -->","yoast_head_json":{"title":"Various \u2013 Barbie The Album Vinilin\u0117 Plok\u0161tel\u0117 | Vinilozona.lt","robots":{"index":"index","follow":"follow","max-snippet":"max-snippet:-1","max-image-preview":"max-image-preview:large","max-video-preview":"max-video-preview:-1"},"canonical":"https:\/\/vinilozona.lt\/en\/parduotuve\/naujos-lp\/various-barbie-the-album\/","og_locale":"en_GB","og_type":"article","og_title":"Various \u2013 Barbie The Album Vinilin\u0117 Plok\u0161tel\u0117 | Vinilozona.lt","og_description":"Label: Atlantic \u200e\u2013 075678616761, WaterTower Music \u200e\u2013 075678616761 Format: Vinyl, LP, Album, Limited Edition, Neon Pink Country: Europe Released: 21 Jul 2023 Genre: Electronic, Pop, Stage & Screen Style: Dance-pop, Soundtrack","og_url":"https:\/\/vinilozona.lt\/en\/parduotuve\/naujos-lp\/various-barbie-the-album\/","og_site_name":"Vinilo Zona","article_modified_time":"2025-11-05T06:17:01+00:00","og_image":[{"width":600,"height":591,"url":"https:\/\/vinilozona.lt\/wp-content\/uploads\/2024\/03\/R-27768510-1690397400-1128.jpg","type":"image\/jpeg"}],"twitter_card":"summary_large_image","schema":{"@context":"https:\/\/schema.org","@graph":[{"@type":"WebPage","@id":"https:\/\/vinilozona.lt\/parduotuve\/naujos-lp\/various-barbie-the-album\/","url":"https:\/\/vinilozona.lt\/parduotuve\/naujos-lp\/various-barbie-the-album\/","name":"Various \u2013 Barbie The Album Vinilin\u0117 Plok\u0161tel\u0117 | Vinilozona.lt","isPartOf":{"@id":"https:\/\/vinilozona.lt\/#website"},"primaryImageOfPage":{"@id":"https:\/\/vinilozona.lt\/parduotuve\/naujos-lp\/various-barbie-the-album\/#primaryimage"},"image":{"@id":"https:\/\/vinilozona.lt\/parduotuve\/naujos-lp\/various-barbie-the-album\/#primaryimage"},"thumbnailUrl":"https:\/\/vinilozona.lt\/wp-content\/uploads\/2024\/03\/R-27768510-1690397400-1128.jpg","datePublished":"2024-11-12T15:46:14+00:00","dateModified":"2025-11-05T06:17:01+00:00","breadcrumb":{"@id":"https:\/\/vinilozona.lt\/parduotuve\/naujos-lp\/various-barbie-the-album\/#breadcrumb"},"inLanguage":"en-GB","potentialAction":[{"@type":"ReadAction","target":["https:\/\/vinilozona.lt\/parduotuve\/naujos-lp\/various-barbie-the-album\/"]}]},{"@type":"ImageObject","inLanguage":"en-GB","@id":"https:\/\/vinilozona.lt\/parduotuve\/naujos-lp\/various-barbie-the-album\/#primaryimage","url":"https:\/\/vinilozona.lt\/wp-content\/uploads\/2024\/03\/R-27768510-1690397400-1128.jpg","contentUrl":"https:\/\/vinilozona.lt\/wp-content\/uploads\/2024\/03\/R-27768510-1690397400-1128.jpg","width":600,"height":591},{"@type":"BreadcrumbList","@id":"https:\/\/vinilozona.lt\/parduotuve\/naujos-lp\/various-barbie-the-album\/#breadcrumb","itemListElement":[{"@type":"ListItem","position":1,"name":"Home","item":"https:\/\/vinilozona.lt\/"},{"@type":"ListItem","position":2,"name":"Parduotuv\u0117","item":"https:\/\/vinilozona.lt\/parduotuve\/"},{"@type":"ListItem","position":3,"name":"Various \u2013 Barbie The Album"}]},{"@type":"WebSite","@id":"https:\/\/vinilozona.lt\/#website","url":"https:\/\/vinilozona.lt\/","name":"Vinilo Zona","description":"Nup\u016bsk dulkes ir klausyk LP","potentialAction":[{"@type":"SearchAction","target":{"@type":"EntryPoint","urlTemplate":"https:\/\/vinilozona.lt\/?s={search_term_string}"},"query-input":{"@type":"PropertyValueSpecification","valueRequired":true,"valueName":"search_term_string"}}],"inLanguage":"en-GB"}]}},"_links":{"self":[{"href":"https:\/\/vinilozona.lt\/en\/wp-json\/wp\/v2\/product\/24414"}],"collection":[{"href":"https:\/\/vinilozona.lt\/en\/wp-json\/wp\/v2\/product"}],"about":[{"href":"https:\/\/vinilozona.lt\/en\/wp-json\/wp\/v2\/types\/product"}],"wp:featuredmedia":[{"embeddable":true,"href":"https:\/\/vinilozona.lt\/en\/wp-json\/wp\/v2\/media\/24415"}],"wp:attachment":[{"href":"https:\/\/vinilozona.lt\/en\/wp-json\/wp\/v2\/media?parent=24414"}],"wp:term":[{"taxonomy":"product_cat","embeddable":true,"href":"https:\/\/vinilozona.lt\/en\/wp-json\/wp\/v2\/product_cat?post=24414"},{"taxonomy":"product_tag","embeddable":true,"href":"https:\/\/vinilozona.lt\/en\/wp-json\/wp\/v2\/product_tag?post=24414"}],"curies":[{"name":"wp","href":"https:\/\/api.w.org\/{rel}","templated":true}]}}