{"id":24187,"date":"2024-02-13T05:22:34","date_gmt":"2024-02-13T03:22:34","guid":{"rendered":"https:\/\/vinilozona.lt\/?post_type=product&#038;p=24187"},"modified":"2024-02-15T17:29:53","modified_gmt":"2024-02-15T15:29:53","slug":"marc-bolan-trex-zinc-alloy-and-the-hidden-riders-of-tomorrow-a-creamed-cage-in-august","status":"publish","type":"product","link":"https:\/\/vinilozona.lt\/en\/parduotuve\/rock-pop\/marc-bolan-trex-zinc-alloy-and-the-hidden-riders-of-tomorrow-a-creamed-cage-in-august\/","title":{"rendered":"Marc Bolan &#038; T\u2022Rex \u2013 Zinc Alloy And The Hidden Riders Of Tomorrow &#8211; A Creamed Cage In August"},"content":{"rendered":"<p>A1\t\tVenus Loon<br \/>\nA2\t\tSound Pit<br \/>\nA3\t\tExplosive Mouth<br \/>\nA4\t\tGalaxy<br \/>\nA5\t\tChange<br \/>\nA6\t\tNameless Wildness<br \/>\nA7\t\tTeenage Dream<br \/>\nB1\t\tLiquid Gang<br \/>\nB2\t\tCarsmile Smith &#038; The Old One<br \/>\nB3\t\tYou Got To Jive To Stay Alive<br \/>\nB4\t\tSpanish Midnight<br \/>\nB5\t\tInterstellar Soul<br \/>\nB6\t\tPainless Persuasion V The Meathawk Immacula<br \/>\nB7\t\tThe Avengers (Superbad)<br \/>\nB8\t\tThe Leopards Featuring Gardenia &#038; The Mighty Slug<\/p>","protected":false},"excerpt":{"rendered":"<p>Ariola \u2013 87 718 IT<br \/>\nFormat:<br \/>\nVinyl, LP, Album, Gatefold<br \/>\nCountry:\tGermany<br \/>\nReleased:\t1974<\/p>","protected":false},"featured_media":24188,"template":"","meta":[],"product_cat":[15],"product_tag":[44],"yoast_head":"<!-- This site is optimized with the Yoast SEO plugin v23.5 - https:\/\/yoast.com\/wordpress\/plugins\/seo\/ -->\n<title>Marc Bolan &amp; T\u2022Rex \u2013 Zinc Alloy And The Hidden Riders Of Tomorrow - A Creamed Cage In August Vinilin\u0117 Plok\u0161tel\u0117 | Vinilozona.lt<\/title>\n<meta name=\"robots\" content=\"index, follow, max-snippet:-1, max-image-preview:large, max-video-preview:-1\" \/>\n<link rel=\"canonical\" href=\"https:\/\/vinilozona.lt\/en\/parduotuve\/rock-pop\/marc-bolan-trex-zinc-alloy-and-the-hidden-riders-of-tomorrow-a-creamed-cage-in-august\/\" \/>\n<meta property=\"og:locale\" content=\"en_GB\" \/>\n<meta property=\"og:type\" content=\"article\" \/>\n<meta property=\"og:title\" content=\"Marc Bolan &amp; T\u2022Rex \u2013 Zinc Alloy And The Hidden Riders Of Tomorrow - A Creamed Cage In August Vinilin\u0117 Plok\u0161tel\u0117 | Vinilozona.lt\" \/>\n<meta property=\"og:description\" content=\"Ariola \u2013 87 718 IT Format:  Vinyl, LP, Album, Gatefold Country: Germany Released: 1974\" \/>\n<meta property=\"og:url\" content=\"https:\/\/vinilozona.lt\/en\/parduotuve\/rock-pop\/marc-bolan-trex-zinc-alloy-and-the-hidden-riders-of-tomorrow-a-creamed-cage-in-august\/\" \/>\n<meta property=\"og:site_name\" content=\"Vinilo Zona\" \/>\n<meta property=\"article:modified_time\" content=\"2024-02-15T15:29:53+00:00\" \/>\n<meta property=\"og:image\" content=\"https:\/\/vinilozona.lt\/wp-content\/uploads\/2024\/02\/R-2426392-1381526377-3176.jpg\" \/>\n\t<meta property=\"og:image:width\" content=\"600\" \/>\n\t<meta property=\"og:image:height\" content=\"600\" \/>\n\t<meta property=\"og:image:type\" content=\"image\/jpeg\" \/>\n<meta name=\"twitter:card\" content=\"summary_large_image\" \/>\n<script type=\"application\/ld+json\" class=\"yoast-schema-graph\">{\"@context\":\"https:\/\/schema.org\",\"@graph\":[{\"@type\":\"WebPage\",\"@id\":\"https:\/\/vinilozona.lt\/en\/parduotuve\/rock-pop\/marc-bolan-trex-zinc-alloy-and-the-hidden-riders-of-tomorrow-a-creamed-cage-in-august\/\",\"url\":\"https:\/\/vinilozona.lt\/en\/parduotuve\/rock-pop\/marc-bolan-trex-zinc-alloy-and-the-hidden-riders-of-tomorrow-a-creamed-cage-in-august\/\",\"name\":\"Marc Bolan & T\u2022Rex \u2013 Zinc Alloy And The Hidden Riders Of Tomorrow - A Creamed Cage In August Vinilin\u0117 Plok\u0161tel\u0117 | Vinilozona.lt\",\"isPartOf\":{\"@id\":\"https:\/\/vinilozona.lt\/#website\"},\"primaryImageOfPage\":{\"@id\":\"https:\/\/vinilozona.lt\/en\/parduotuve\/rock-pop\/marc-bolan-trex-zinc-alloy-and-the-hidden-riders-of-tomorrow-a-creamed-cage-in-august\/#primaryimage\"},\"image\":{\"@id\":\"https:\/\/vinilozona.lt\/en\/parduotuve\/rock-pop\/marc-bolan-trex-zinc-alloy-and-the-hidden-riders-of-tomorrow-a-creamed-cage-in-august\/#primaryimage\"},\"thumbnailUrl\":\"https:\/\/vinilozona.lt\/wp-content\/uploads\/2024\/02\/R-2426392-1381526377-3176.jpg\",\"datePublished\":\"2024-02-13T03:22:34+00:00\",\"dateModified\":\"2024-02-15T15:29:53+00:00\",\"breadcrumb\":{\"@id\":\"https:\/\/vinilozona.lt\/en\/parduotuve\/rock-pop\/marc-bolan-trex-zinc-alloy-and-the-hidden-riders-of-tomorrow-a-creamed-cage-in-august\/#breadcrumb\"},\"inLanguage\":\"en-GB\",\"potentialAction\":[{\"@type\":\"ReadAction\",\"target\":[\"https:\/\/vinilozona.lt\/en\/parduotuve\/rock-pop\/marc-bolan-trex-zinc-alloy-and-the-hidden-riders-of-tomorrow-a-creamed-cage-in-august\/\"]}]},{\"@type\":\"ImageObject\",\"inLanguage\":\"en-GB\",\"@id\":\"https:\/\/vinilozona.lt\/en\/parduotuve\/rock-pop\/marc-bolan-trex-zinc-alloy-and-the-hidden-riders-of-tomorrow-a-creamed-cage-in-august\/#primaryimage\",\"url\":\"https:\/\/vinilozona.lt\/wp-content\/uploads\/2024\/02\/R-2426392-1381526377-3176.jpg\",\"contentUrl\":\"https:\/\/vinilozona.lt\/wp-content\/uploads\/2024\/02\/R-2426392-1381526377-3176.jpg\",\"width\":600,\"height\":600},{\"@type\":\"BreadcrumbList\",\"@id\":\"https:\/\/vinilozona.lt\/en\/parduotuve\/rock-pop\/marc-bolan-trex-zinc-alloy-and-the-hidden-riders-of-tomorrow-a-creamed-cage-in-august\/#breadcrumb\",\"itemListElement\":[{\"@type\":\"ListItem\",\"position\":1,\"name\":\"Home\",\"item\":\"https:\/\/vinilozona.lt\/\"},{\"@type\":\"ListItem\",\"position\":2,\"name\":\"Parduotuv\u0117\",\"item\":\"https:\/\/vinilozona.lt\/parduotuve\/\"},{\"@type\":\"ListItem\",\"position\":3,\"name\":\"Marc Bolan &#038; T\u2022Rex \u2013 Zinc Alloy And The Hidden Riders Of Tomorrow &#8211; A Creamed Cage In August\"}]},{\"@type\":\"WebSite\",\"@id\":\"https:\/\/vinilozona.lt\/#website\",\"url\":\"https:\/\/vinilozona.lt\/\",\"name\":\"Vinilo Zona\",\"description\":\"Nup\u016bsk dulkes ir klausyk LP\",\"potentialAction\":[{\"@type\":\"SearchAction\",\"target\":{\"@type\":\"EntryPoint\",\"urlTemplate\":\"https:\/\/vinilozona.lt\/?s={search_term_string}\"},\"query-input\":{\"@type\":\"PropertyValueSpecification\",\"valueRequired\":true,\"valueName\":\"search_term_string\"}}],\"inLanguage\":\"en-GB\"}]}<\/script>\n<!-- \/ Yoast SEO plugin. -->","yoast_head_json":{"title":"Marc Bolan & T\u2022Rex \u2013 Zinc Alloy And The Hidden Riders Of Tomorrow - A Creamed Cage In August Vinilin\u0117 Plok\u0161tel\u0117 | Vinilozona.lt","robots":{"index":"index","follow":"follow","max-snippet":"max-snippet:-1","max-image-preview":"max-image-preview:large","max-video-preview":"max-video-preview:-1"},"canonical":"https:\/\/vinilozona.lt\/en\/parduotuve\/rock-pop\/marc-bolan-trex-zinc-alloy-and-the-hidden-riders-of-tomorrow-a-creamed-cage-in-august\/","og_locale":"en_GB","og_type":"article","og_title":"Marc Bolan & T\u2022Rex \u2013 Zinc Alloy And The Hidden Riders Of Tomorrow - A Creamed Cage In August Vinilin\u0117 Plok\u0161tel\u0117 | Vinilozona.lt","og_description":"Ariola \u2013 87 718 IT Format:  Vinyl, LP, Album, Gatefold Country: Germany Released: 1974","og_url":"https:\/\/vinilozona.lt\/en\/parduotuve\/rock-pop\/marc-bolan-trex-zinc-alloy-and-the-hidden-riders-of-tomorrow-a-creamed-cage-in-august\/","og_site_name":"Vinilo Zona","article_modified_time":"2024-02-15T15:29:53+00:00","og_image":[{"width":600,"height":600,"url":"https:\/\/vinilozona.lt\/wp-content\/uploads\/2024\/02\/R-2426392-1381526377-3176.jpg","type":"image\/jpeg"}],"twitter_card":"summary_large_image","schema":{"@context":"https:\/\/schema.org","@graph":[{"@type":"WebPage","@id":"https:\/\/vinilozona.lt\/en\/parduotuve\/rock-pop\/marc-bolan-trex-zinc-alloy-and-the-hidden-riders-of-tomorrow-a-creamed-cage-in-august\/","url":"https:\/\/vinilozona.lt\/en\/parduotuve\/rock-pop\/marc-bolan-trex-zinc-alloy-and-the-hidden-riders-of-tomorrow-a-creamed-cage-in-august\/","name":"Marc Bolan & T\u2022Rex \u2013 Zinc Alloy And The Hidden Riders Of Tomorrow - A Creamed Cage In August Vinilin\u0117 Plok\u0161tel\u0117 | Vinilozona.lt","isPartOf":{"@id":"https:\/\/vinilozona.lt\/#website"},"primaryImageOfPage":{"@id":"https:\/\/vinilozona.lt\/en\/parduotuve\/rock-pop\/marc-bolan-trex-zinc-alloy-and-the-hidden-riders-of-tomorrow-a-creamed-cage-in-august\/#primaryimage"},"image":{"@id":"https:\/\/vinilozona.lt\/en\/parduotuve\/rock-pop\/marc-bolan-trex-zinc-alloy-and-the-hidden-riders-of-tomorrow-a-creamed-cage-in-august\/#primaryimage"},"thumbnailUrl":"https:\/\/vinilozona.lt\/wp-content\/uploads\/2024\/02\/R-2426392-1381526377-3176.jpg","datePublished":"2024-02-13T03:22:34+00:00","dateModified":"2024-02-15T15:29:53+00:00","breadcrumb":{"@id":"https:\/\/vinilozona.lt\/en\/parduotuve\/rock-pop\/marc-bolan-trex-zinc-alloy-and-the-hidden-riders-of-tomorrow-a-creamed-cage-in-august\/#breadcrumb"},"inLanguage":"en-GB","potentialAction":[{"@type":"ReadAction","target":["https:\/\/vinilozona.lt\/en\/parduotuve\/rock-pop\/marc-bolan-trex-zinc-alloy-and-the-hidden-riders-of-tomorrow-a-creamed-cage-in-august\/"]}]},{"@type":"ImageObject","inLanguage":"en-GB","@id":"https:\/\/vinilozona.lt\/en\/parduotuve\/rock-pop\/marc-bolan-trex-zinc-alloy-and-the-hidden-riders-of-tomorrow-a-creamed-cage-in-august\/#primaryimage","url":"https:\/\/vinilozona.lt\/wp-content\/uploads\/2024\/02\/R-2426392-1381526377-3176.jpg","contentUrl":"https:\/\/vinilozona.lt\/wp-content\/uploads\/2024\/02\/R-2426392-1381526377-3176.jpg","width":600,"height":600},{"@type":"BreadcrumbList","@id":"https:\/\/vinilozona.lt\/en\/parduotuve\/rock-pop\/marc-bolan-trex-zinc-alloy-and-the-hidden-riders-of-tomorrow-a-creamed-cage-in-august\/#breadcrumb","itemListElement":[{"@type":"ListItem","position":1,"name":"Home","item":"https:\/\/vinilozona.lt\/"},{"@type":"ListItem","position":2,"name":"Parduotuv\u0117","item":"https:\/\/vinilozona.lt\/parduotuve\/"},{"@type":"ListItem","position":3,"name":"Marc Bolan &#038; T\u2022Rex \u2013 Zinc Alloy And The Hidden Riders Of Tomorrow &#8211; A Creamed Cage In August"}]},{"@type":"WebSite","@id":"https:\/\/vinilozona.lt\/#website","url":"https:\/\/vinilozona.lt\/","name":"Vinilo Zona","description":"Nup\u016bsk dulkes ir klausyk LP","potentialAction":[{"@type":"SearchAction","target":{"@type":"EntryPoint","urlTemplate":"https:\/\/vinilozona.lt\/?s={search_term_string}"},"query-input":{"@type":"PropertyValueSpecification","valueRequired":true,"valueName":"search_term_string"}}],"inLanguage":"en-GB"}]}},"_links":{"self":[{"href":"https:\/\/vinilozona.lt\/en\/wp-json\/wp\/v2\/product\/24187"}],"collection":[{"href":"https:\/\/vinilozona.lt\/en\/wp-json\/wp\/v2\/product"}],"about":[{"href":"https:\/\/vinilozona.lt\/en\/wp-json\/wp\/v2\/types\/product"}],"wp:featuredmedia":[{"embeddable":true,"href":"https:\/\/vinilozona.lt\/en\/wp-json\/wp\/v2\/media\/24188"}],"wp:attachment":[{"href":"https:\/\/vinilozona.lt\/en\/wp-json\/wp\/v2\/media?parent=24187"}],"wp:term":[{"taxonomy":"product_cat","embeddable":true,"href":"https:\/\/vinilozona.lt\/en\/wp-json\/wp\/v2\/product_cat?post=24187"},{"taxonomy":"product_tag","embeddable":true,"href":"https:\/\/vinilozona.lt\/en\/wp-json\/wp\/v2\/product_tag?post=24187"}],"curies":[{"name":"wp","href":"https:\/\/api.w.org\/{rel}","templated":true}]}}