{"id":24087,"date":"2024-01-27T05:23:45","date_gmt":"2024-01-27T03:23:45","guid":{"rendered":"https:\/\/vinilozona.lt\/?post_type=product&#038;p=24087"},"modified":"2025-02-25T17:47:09","modified_gmt":"2025-02-25T15:47:09","slug":"stevie-ray-vaughan-double-trouble-soul-to-soul","status":"publish","type":"product","link":"https:\/\/vinilozona.lt\/en\/parduotuve\/naujos-lp\/stevie-ray-vaughan-double-trouble-soul-to-soul\/","title":{"rendered":"Stevie Ray Vaughan &#038; Double Trouble \u2013 Soul To Soul"},"content":{"rendered":"<p>A1\t\tSay What  5:22<br \/>\nA2\t\tLookin&#8217; Out The Window  2:48<br \/>\nA3\t\tLook At A Little Sister  3:07<br \/>\nA4\t\tAin&#8217;t Gone &#8216;n&#8217; Give Up On Love  6:06<br \/>\nA5\t\tGone Home  3:04<br \/>\nB1\t\tChange It  3:56<br \/>\nB2\t\tYou&#8217;ll Be Mine  3:43<br \/>\nB3\t\tEmpty Arms  3:00<br \/>\nB4\t\tCome On (Part III)  4:31<br \/>\nB5\t\tLife Without You  4:17<\/p>","protected":false},"excerpt":{"rendered":"<p>Epic \u2013 FE 40036, Epic \u2013 BL 40036<br \/>\nSeries:\tBlues In Vinile \u2013 86<br \/>\nFormat:<br \/>\nVinyl, LP, Album, Reissue, Stereo, 180 gr.<br \/>\nCountry:\tItaly<br \/>\nReleased:\tJan 23, 2019<\/p>","protected":false},"featured_media":24088,"template":"","meta":[],"product_cat":[23],"product_tag":[74],"yoast_head":"<!-- This site is optimized with the Yoast SEO plugin v23.5 - https:\/\/yoast.com\/wordpress\/plugins\/seo\/ -->\n<title>Stevie Ray Vaughan &amp; Double Trouble \u2013 Soul To Soul Vinilin\u0117 Plok\u0161tel\u0117 | Vinilozona.lt<\/title>\n<meta name=\"robots\" content=\"index, follow, max-snippet:-1, max-image-preview:large, max-video-preview:-1\" \/>\n<link rel=\"canonical\" href=\"https:\/\/vinilozona.lt\/en\/parduotuve\/naujos-lp\/stevie-ray-vaughan-double-trouble-soul-to-soul\/\" \/>\n<meta property=\"og:locale\" content=\"en_GB\" \/>\n<meta property=\"og:type\" content=\"article\" \/>\n<meta property=\"og:title\" content=\"Stevie Ray Vaughan &amp; Double Trouble \u2013 Soul To Soul Vinilin\u0117 Plok\u0161tel\u0117 | Vinilozona.lt\" \/>\n<meta property=\"og:description\" content=\"Epic \u2013 FE 40036, Epic \u2013 BL 40036 Series: Blues In Vinile \u2013 86 Format:  Vinyl, LP, Album, Reissue, Stereo, 180 gr. Country: Italy Released: Jan 23, 2019\" \/>\n<meta property=\"og:url\" content=\"https:\/\/vinilozona.lt\/en\/parduotuve\/naujos-lp\/stevie-ray-vaughan-double-trouble-soul-to-soul\/\" \/>\n<meta property=\"og:site_name\" content=\"Vinilo Zona\" \/>\n<meta property=\"article:modified_time\" content=\"2025-02-25T15:47:09+00:00\" \/>\n<meta property=\"og:image\" content=\"https:\/\/vinilozona.lt\/wp-content\/uploads\/2024\/01\/R-13105570-1548152254-6016.jpg\" \/>\n\t<meta property=\"og:image:width\" content=\"600\" \/>\n\t<meta property=\"og:image:height\" content=\"600\" \/>\n\t<meta property=\"og:image:type\" content=\"image\/jpeg\" \/>\n<meta name=\"twitter:card\" content=\"summary_large_image\" \/>\n<script type=\"application\/ld+json\" class=\"yoast-schema-graph\">{\"@context\":\"https:\/\/schema.org\",\"@graph\":[{\"@type\":\"WebPage\",\"@id\":\"https:\/\/vinilozona.lt\/parduotuve\/naujos-lp\/stevie-ray-vaughan-double-trouble-soul-to-soul\/\",\"url\":\"https:\/\/vinilozona.lt\/parduotuve\/naujos-lp\/stevie-ray-vaughan-double-trouble-soul-to-soul\/\",\"name\":\"Stevie Ray Vaughan & Double Trouble \u2013 Soul To Soul Vinilin\u0117 Plok\u0161tel\u0117 | Vinilozona.lt\",\"isPartOf\":{\"@id\":\"https:\/\/vinilozona.lt\/#website\"},\"primaryImageOfPage\":{\"@id\":\"https:\/\/vinilozona.lt\/parduotuve\/naujos-lp\/stevie-ray-vaughan-double-trouble-soul-to-soul\/#primaryimage\"},\"image\":{\"@id\":\"https:\/\/vinilozona.lt\/parduotuve\/naujos-lp\/stevie-ray-vaughan-double-trouble-soul-to-soul\/#primaryimage\"},\"thumbnailUrl\":\"https:\/\/vinilozona.lt\/wp-content\/uploads\/2024\/01\/R-13105570-1548152254-6016.jpg\",\"datePublished\":\"2024-01-27T03:23:45+00:00\",\"dateModified\":\"2025-02-25T15:47:09+00:00\",\"breadcrumb\":{\"@id\":\"https:\/\/vinilozona.lt\/parduotuve\/naujos-lp\/stevie-ray-vaughan-double-trouble-soul-to-soul\/#breadcrumb\"},\"inLanguage\":\"en-GB\",\"potentialAction\":[{\"@type\":\"ReadAction\",\"target\":[\"https:\/\/vinilozona.lt\/parduotuve\/naujos-lp\/stevie-ray-vaughan-double-trouble-soul-to-soul\/\"]}]},{\"@type\":\"ImageObject\",\"inLanguage\":\"en-GB\",\"@id\":\"https:\/\/vinilozona.lt\/parduotuve\/naujos-lp\/stevie-ray-vaughan-double-trouble-soul-to-soul\/#primaryimage\",\"url\":\"https:\/\/vinilozona.lt\/wp-content\/uploads\/2024\/01\/R-13105570-1548152254-6016.jpg\",\"contentUrl\":\"https:\/\/vinilozona.lt\/wp-content\/uploads\/2024\/01\/R-13105570-1548152254-6016.jpg\",\"width\":600,\"height\":600},{\"@type\":\"BreadcrumbList\",\"@id\":\"https:\/\/vinilozona.lt\/parduotuve\/naujos-lp\/stevie-ray-vaughan-double-trouble-soul-to-soul\/#breadcrumb\",\"itemListElement\":[{\"@type\":\"ListItem\",\"position\":1,\"name\":\"Home\",\"item\":\"https:\/\/vinilozona.lt\/\"},{\"@type\":\"ListItem\",\"position\":2,\"name\":\"Parduotuv\u0117\",\"item\":\"https:\/\/vinilozona.lt\/parduotuve\/\"},{\"@type\":\"ListItem\",\"position\":3,\"name\":\"Stevie Ray Vaughan &#038; Double Trouble \u2013 Soul To Soul\"}]},{\"@type\":\"WebSite\",\"@id\":\"https:\/\/vinilozona.lt\/#website\",\"url\":\"https:\/\/vinilozona.lt\/\",\"name\":\"Vinilo Zona\",\"description\":\"Nup\u016bsk dulkes ir klausyk LP\",\"potentialAction\":[{\"@type\":\"SearchAction\",\"target\":{\"@type\":\"EntryPoint\",\"urlTemplate\":\"https:\/\/vinilozona.lt\/?s={search_term_string}\"},\"query-input\":{\"@type\":\"PropertyValueSpecification\",\"valueRequired\":true,\"valueName\":\"search_term_string\"}}],\"inLanguage\":\"en-GB\"}]}<\/script>\n<!-- \/ Yoast SEO plugin. -->","yoast_head_json":{"title":"Stevie Ray Vaughan & Double Trouble \u2013 Soul To Soul Vinilin\u0117 Plok\u0161tel\u0117 | Vinilozona.lt","robots":{"index":"index","follow":"follow","max-snippet":"max-snippet:-1","max-image-preview":"max-image-preview:large","max-video-preview":"max-video-preview:-1"},"canonical":"https:\/\/vinilozona.lt\/en\/parduotuve\/naujos-lp\/stevie-ray-vaughan-double-trouble-soul-to-soul\/","og_locale":"en_GB","og_type":"article","og_title":"Stevie Ray Vaughan & Double Trouble \u2013 Soul To Soul Vinilin\u0117 Plok\u0161tel\u0117 | Vinilozona.lt","og_description":"Epic \u2013 FE 40036, Epic \u2013 BL 40036 Series: Blues In Vinile \u2013 86 Format:  Vinyl, LP, Album, Reissue, Stereo, 180 gr. Country: Italy Released: Jan 23, 2019","og_url":"https:\/\/vinilozona.lt\/en\/parduotuve\/naujos-lp\/stevie-ray-vaughan-double-trouble-soul-to-soul\/","og_site_name":"Vinilo Zona","article_modified_time":"2025-02-25T15:47:09+00:00","og_image":[{"width":600,"height":600,"url":"https:\/\/vinilozona.lt\/wp-content\/uploads\/2024\/01\/R-13105570-1548152254-6016.jpg","type":"image\/jpeg"}],"twitter_card":"summary_large_image","schema":{"@context":"https:\/\/schema.org","@graph":[{"@type":"WebPage","@id":"https:\/\/vinilozona.lt\/parduotuve\/naujos-lp\/stevie-ray-vaughan-double-trouble-soul-to-soul\/","url":"https:\/\/vinilozona.lt\/parduotuve\/naujos-lp\/stevie-ray-vaughan-double-trouble-soul-to-soul\/","name":"Stevie Ray Vaughan & Double Trouble \u2013 Soul To Soul Vinilin\u0117 Plok\u0161tel\u0117 | Vinilozona.lt","isPartOf":{"@id":"https:\/\/vinilozona.lt\/#website"},"primaryImageOfPage":{"@id":"https:\/\/vinilozona.lt\/parduotuve\/naujos-lp\/stevie-ray-vaughan-double-trouble-soul-to-soul\/#primaryimage"},"image":{"@id":"https:\/\/vinilozona.lt\/parduotuve\/naujos-lp\/stevie-ray-vaughan-double-trouble-soul-to-soul\/#primaryimage"},"thumbnailUrl":"https:\/\/vinilozona.lt\/wp-content\/uploads\/2024\/01\/R-13105570-1548152254-6016.jpg","datePublished":"2024-01-27T03:23:45+00:00","dateModified":"2025-02-25T15:47:09+00:00","breadcrumb":{"@id":"https:\/\/vinilozona.lt\/parduotuve\/naujos-lp\/stevie-ray-vaughan-double-trouble-soul-to-soul\/#breadcrumb"},"inLanguage":"en-GB","potentialAction":[{"@type":"ReadAction","target":["https:\/\/vinilozona.lt\/parduotuve\/naujos-lp\/stevie-ray-vaughan-double-trouble-soul-to-soul\/"]}]},{"@type":"ImageObject","inLanguage":"en-GB","@id":"https:\/\/vinilozona.lt\/parduotuve\/naujos-lp\/stevie-ray-vaughan-double-trouble-soul-to-soul\/#primaryimage","url":"https:\/\/vinilozona.lt\/wp-content\/uploads\/2024\/01\/R-13105570-1548152254-6016.jpg","contentUrl":"https:\/\/vinilozona.lt\/wp-content\/uploads\/2024\/01\/R-13105570-1548152254-6016.jpg","width":600,"height":600},{"@type":"BreadcrumbList","@id":"https:\/\/vinilozona.lt\/parduotuve\/naujos-lp\/stevie-ray-vaughan-double-trouble-soul-to-soul\/#breadcrumb","itemListElement":[{"@type":"ListItem","position":1,"name":"Home","item":"https:\/\/vinilozona.lt\/"},{"@type":"ListItem","position":2,"name":"Parduotuv\u0117","item":"https:\/\/vinilozona.lt\/parduotuve\/"},{"@type":"ListItem","position":3,"name":"Stevie Ray Vaughan &#038; Double Trouble \u2013 Soul To Soul"}]},{"@type":"WebSite","@id":"https:\/\/vinilozona.lt\/#website","url":"https:\/\/vinilozona.lt\/","name":"Vinilo Zona","description":"Nup\u016bsk dulkes ir klausyk LP","potentialAction":[{"@type":"SearchAction","target":{"@type":"EntryPoint","urlTemplate":"https:\/\/vinilozona.lt\/?s={search_term_string}"},"query-input":{"@type":"PropertyValueSpecification","valueRequired":true,"valueName":"search_term_string"}}],"inLanguage":"en-GB"}]}},"_links":{"self":[{"href":"https:\/\/vinilozona.lt\/en\/wp-json\/wp\/v2\/product\/24087"}],"collection":[{"href":"https:\/\/vinilozona.lt\/en\/wp-json\/wp\/v2\/product"}],"about":[{"href":"https:\/\/vinilozona.lt\/en\/wp-json\/wp\/v2\/types\/product"}],"wp:featuredmedia":[{"embeddable":true,"href":"https:\/\/vinilozona.lt\/en\/wp-json\/wp\/v2\/media\/24088"}],"wp:attachment":[{"href":"https:\/\/vinilozona.lt\/en\/wp-json\/wp\/v2\/media?parent=24087"}],"wp:term":[{"taxonomy":"product_cat","embeddable":true,"href":"https:\/\/vinilozona.lt\/en\/wp-json\/wp\/v2\/product_cat?post=24087"},{"taxonomy":"product_tag","embeddable":true,"href":"https:\/\/vinilozona.lt\/en\/wp-json\/wp\/v2\/product_tag?post=24087"}],"curies":[{"name":"wp","href":"https:\/\/api.w.org\/{rel}","templated":true}]}}