{"id":2385,"date":"2025-01-02T23:33:15","date_gmt":"2025-01-02T21:33:15","guid":{"rendered":"https:\/\/vinylhome.lt\/?post_type=product&#038;p=2385"},"modified":"2026-03-26T11:21:18","modified_gmt":"2026-03-26T09:21:18","slug":"s-frankas-k-balbatras-virginija-survilaite-%e2%80%8e-lietuvos-vargonai-kaunas-skulpturos-ir-vitrazo-galerija","status":"publish","type":"product","link":"https:\/\/vinilozona.lt\/en\/parduotuve\/lietuviska\/s-frankas-k-balbatras-virginija-survilaite-%e2%80%8e-lietuvos-vargonai-kaunas-skulpturos-ir-vitrazo-galerija\/","title":{"rendered":"S. Frankas \/ K. Balbatras &#8211; Virginija Survilait\u0117 \u200e\u2013 Lietuvos Vargonai. Kaunas, Skulpt\u016bros Ir Vitra\u017eo Galerija"},"content":{"rendered":"<p>A1\t\tChoralas Nr. 2, H-moll = Chorale No. 2 In B Minor\t13:15<br \/>\nA2\t\tHerojin\u0117 Pjes\u0117 = Pi\u00e8ce H\u00e9ro\u00efque\t8:00<br \/>\nKal\u0117d\u0173 Siuita = Premiere Suitte De Noels\t(19:20)<br \/>\nB.1\t\t1. Joseph Est Bien Mari\u00e9<br \/>\nB.2\t\t2. O\u00f9 S&#8217;en Vont Ces Gais Bergers<br \/>\nB.3\t\t3. Tous Les Bourgeois De Ch\u00e2tres<br \/>\nB.4\t\t4. Quand Jesus Naquit \u00c0 Noel<\/p>","protected":false},"excerpt":{"rendered":"<p>\u041c\u0435\u043b\u043e\u0434\u0438\u044f \u2013 \u042110 27121 007<br \/>\nSeries: Lietuvos Vargonai<br \/>\nFormat:<br \/>\nVinyl, LP<br \/>\nCountry: USSR<br \/>\nReleased:<br \/>\n1988<\/p>","protected":false},"featured_media":2396,"template":"","meta":[],"product_cat":[19],"product_tag":[44],"yoast_head":"<!-- This site is optimized with the Yoast SEO plugin v23.5 - https:\/\/yoast.com\/wordpress\/plugins\/seo\/ -->\n<title>S. Frankas \/ K. Balbatras - Virginija Survilait\u0117 \u200e\u2013 Lietuvos Vargonai. Kaunas, Skulpt\u016bros Ir Vitra\u017eo Galerija Vinilin\u0117 Plok\u0161tel\u0117 | Vinilozona.lt<\/title>\n<meta name=\"robots\" content=\"index, follow, max-snippet:-1, max-image-preview:large, max-video-preview:-1\" \/>\n<link rel=\"canonical\" href=\"https:\/\/vinilozona.lt\/en\/parduotuve\/lietuviska\/s-frankas-k-balbatras-virginija-survilaite-\u200e-lietuvos-vargonai-kaunas-skulpturos-ir-vitrazo-galerija\/\" \/>\n<meta property=\"og:locale\" content=\"en_GB\" \/>\n<meta property=\"og:type\" content=\"article\" \/>\n<meta property=\"og:title\" content=\"S. Frankas \/ K. Balbatras - Virginija Survilait\u0117 \u200e\u2013 Lietuvos Vargonai. Kaunas, Skulpt\u016bros Ir Vitra\u017eo Galerija Vinilin\u0117 Plok\u0161tel\u0117 | Vinilozona.lt\" \/>\n<meta property=\"og:description\" content=\"\u041c\u0435\u043b\u043e\u0434\u0438\u044f \u2013 \u042110 27121 007 Series: Lietuvos Vargonai Format: Vinyl, LP Country: USSR Released: 1988\" \/>\n<meta property=\"og:url\" content=\"https:\/\/vinilozona.lt\/en\/parduotuve\/lietuviska\/s-frankas-k-balbatras-virginija-survilaite-\u200e-lietuvos-vargonai-kaunas-skulpturos-ir-vitrazo-galerija\/\" \/>\n<meta property=\"og:site_name\" content=\"Vinilo Zona\" \/>\n<meta property=\"article:modified_time\" content=\"2026-03-26T09:21:18+00:00\" \/>\n<meta property=\"og:image\" content=\"https:\/\/vinilozona.lt\/wp-content\/uploads\/2020\/01\/s-frankas-k-balbatras-virginija-survilaite-lietuvos-vargonai-kaunas-skulpturos-ir-vitrazo-galerija-1.jpg\" \/>\n\t<meta property=\"og:image:width\" content=\"780\" \/>\n\t<meta property=\"og:image:height\" content=\"585\" \/>\n\t<meta property=\"og:image:type\" content=\"image\/jpeg\" \/>\n<meta name=\"twitter:card\" content=\"summary_large_image\" \/>\n<meta name=\"twitter:label1\" content=\"Estimated reading time\" \/>\n\t<meta name=\"twitter:data1\" content=\"1 minute\" \/>\n<script type=\"application\/ld+json\" class=\"yoast-schema-graph\">{\"@context\":\"https:\/\/schema.org\",\"@graph\":[{\"@type\":\"WebPage\",\"@id\":\"https:\/\/vinilozona.lt\/parduotuve\/lietuviska\/s-frankas-k-balbatras-virginija-survilaite-%e2%80%8e-lietuvos-vargonai-kaunas-skulpturos-ir-vitrazo-galerija\/\",\"url\":\"https:\/\/vinilozona.lt\/parduotuve\/lietuviska\/s-frankas-k-balbatras-virginija-survilaite-%e2%80%8e-lietuvos-vargonai-kaunas-skulpturos-ir-vitrazo-galerija\/\",\"name\":\"S. Frankas \/ K. Balbatras - Virginija Survilait\u0117 \u200e\u2013 Lietuvos Vargonai. Kaunas, Skulpt\u016bros Ir Vitra\u017eo Galerija Vinilin\u0117 Plok\u0161tel\u0117 | Vinilozona.lt\",\"isPartOf\":{\"@id\":\"https:\/\/vinilozona.lt\/#website\"},\"primaryImageOfPage\":{\"@id\":\"https:\/\/vinilozona.lt\/parduotuve\/lietuviska\/s-frankas-k-balbatras-virginija-survilaite-%e2%80%8e-lietuvos-vargonai-kaunas-skulpturos-ir-vitrazo-galerija\/#primaryimage\"},\"image\":{\"@id\":\"https:\/\/vinilozona.lt\/parduotuve\/lietuviska\/s-frankas-k-balbatras-virginija-survilaite-%e2%80%8e-lietuvos-vargonai-kaunas-skulpturos-ir-vitrazo-galerija\/#primaryimage\"},\"thumbnailUrl\":\"https:\/\/vinilozona.lt\/wp-content\/uploads\/2020\/01\/s-frankas-k-balbatras-virginija-survilaite-lietuvos-vargonai-kaunas-skulpturos-ir-vitrazo-galerija-1.jpg\",\"datePublished\":\"2025-01-02T21:33:15+00:00\",\"dateModified\":\"2026-03-26T09:21:18+00:00\",\"breadcrumb\":{\"@id\":\"https:\/\/vinilozona.lt\/parduotuve\/lietuviska\/s-frankas-k-balbatras-virginija-survilaite-%e2%80%8e-lietuvos-vargonai-kaunas-skulpturos-ir-vitrazo-galerija\/#breadcrumb\"},\"inLanguage\":\"en-GB\",\"potentialAction\":[{\"@type\":\"ReadAction\",\"target\":[\"https:\/\/vinilozona.lt\/parduotuve\/lietuviska\/s-frankas-k-balbatras-virginija-survilaite-%e2%80%8e-lietuvos-vargonai-kaunas-skulpturos-ir-vitrazo-galerija\/\"]}]},{\"@type\":\"ImageObject\",\"inLanguage\":\"en-GB\",\"@id\":\"https:\/\/vinilozona.lt\/parduotuve\/lietuviska\/s-frankas-k-balbatras-virginija-survilaite-%e2%80%8e-lietuvos-vargonai-kaunas-skulpturos-ir-vitrazo-galerija\/#primaryimage\",\"url\":\"https:\/\/vinilozona.lt\/wp-content\/uploads\/2020\/01\/s-frankas-k-balbatras-virginija-survilaite-lietuvos-vargonai-kaunas-skulpturos-ir-vitrazo-galerija-1.jpg\",\"contentUrl\":\"https:\/\/vinilozona.lt\/wp-content\/uploads\/2020\/01\/s-frankas-k-balbatras-virginija-survilaite-lietuvos-vargonai-kaunas-skulpturos-ir-vitrazo-galerija-1.jpg\",\"width\":780,\"height\":585},{\"@type\":\"BreadcrumbList\",\"@id\":\"https:\/\/vinilozona.lt\/parduotuve\/lietuviska\/s-frankas-k-balbatras-virginija-survilaite-%e2%80%8e-lietuvos-vargonai-kaunas-skulpturos-ir-vitrazo-galerija\/#breadcrumb\",\"itemListElement\":[{\"@type\":\"ListItem\",\"position\":1,\"name\":\"Home\",\"item\":\"https:\/\/vinilozona.lt\/\"},{\"@type\":\"ListItem\",\"position\":2,\"name\":\"Parduotuv\u0117\",\"item\":\"https:\/\/vinilozona.lt\/parduotuve\/\"},{\"@type\":\"ListItem\",\"position\":3,\"name\":\"S. Frankas \/ K. Balbatras &#8211; Virginija Survilait\u0117 \u200e\u2013 Lietuvos Vargonai. Kaunas, Skulpt\u016bros Ir Vitra\u017eo Galerija\"}]},{\"@type\":\"WebSite\",\"@id\":\"https:\/\/vinilozona.lt\/#website\",\"url\":\"https:\/\/vinilozona.lt\/\",\"name\":\"Vinilo Zona\",\"description\":\"Nup\u016bsk dulkes ir klausyk LP\",\"potentialAction\":[{\"@type\":\"SearchAction\",\"target\":{\"@type\":\"EntryPoint\",\"urlTemplate\":\"https:\/\/vinilozona.lt\/?s={search_term_string}\"},\"query-input\":{\"@type\":\"PropertyValueSpecification\",\"valueRequired\":true,\"valueName\":\"search_term_string\"}}],\"inLanguage\":\"en-GB\"}]}<\/script>\n<!-- \/ Yoast SEO plugin. -->","yoast_head_json":{"title":"S. Frankas \/ K. Balbatras - Virginija Survilait\u0117 \u200e\u2013 Lietuvos Vargonai. Kaunas, Skulpt\u016bros Ir Vitra\u017eo Galerija Vinilin\u0117 Plok\u0161tel\u0117 | Vinilozona.lt","robots":{"index":"index","follow":"follow","max-snippet":"max-snippet:-1","max-image-preview":"max-image-preview:large","max-video-preview":"max-video-preview:-1"},"canonical":"https:\/\/vinilozona.lt\/en\/parduotuve\/lietuviska\/s-frankas-k-balbatras-virginija-survilaite-\u200e-lietuvos-vargonai-kaunas-skulpturos-ir-vitrazo-galerija\/","og_locale":"en_GB","og_type":"article","og_title":"S. Frankas \/ K. Balbatras - Virginija Survilait\u0117 \u200e\u2013 Lietuvos Vargonai. Kaunas, Skulpt\u016bros Ir Vitra\u017eo Galerija Vinilin\u0117 Plok\u0161tel\u0117 | Vinilozona.lt","og_description":"\u041c\u0435\u043b\u043e\u0434\u0438\u044f \u2013 \u042110 27121 007 Series: Lietuvos Vargonai Format: Vinyl, LP Country: USSR Released: 1988","og_url":"https:\/\/vinilozona.lt\/en\/parduotuve\/lietuviska\/s-frankas-k-balbatras-virginija-survilaite-\u200e-lietuvos-vargonai-kaunas-skulpturos-ir-vitrazo-galerija\/","og_site_name":"Vinilo Zona","article_modified_time":"2026-03-26T09:21:18+00:00","og_image":[{"width":780,"height":585,"url":"https:\/\/vinilozona.lt\/wp-content\/uploads\/2020\/01\/s-frankas-k-balbatras-virginija-survilaite-lietuvos-vargonai-kaunas-skulpturos-ir-vitrazo-galerija-1.jpg","type":"image\/jpeg"}],"twitter_card":"summary_large_image","twitter_misc":{"Estimated reading time":"1 minute"},"schema":{"@context":"https:\/\/schema.org","@graph":[{"@type":"WebPage","@id":"https:\/\/vinilozona.lt\/parduotuve\/lietuviska\/s-frankas-k-balbatras-virginija-survilaite-%e2%80%8e-lietuvos-vargonai-kaunas-skulpturos-ir-vitrazo-galerija\/","url":"https:\/\/vinilozona.lt\/parduotuve\/lietuviska\/s-frankas-k-balbatras-virginija-survilaite-%e2%80%8e-lietuvos-vargonai-kaunas-skulpturos-ir-vitrazo-galerija\/","name":"S. Frankas \/ K. Balbatras - Virginija Survilait\u0117 \u200e\u2013 Lietuvos Vargonai. Kaunas, Skulpt\u016bros Ir Vitra\u017eo Galerija Vinilin\u0117 Plok\u0161tel\u0117 | Vinilozona.lt","isPartOf":{"@id":"https:\/\/vinilozona.lt\/#website"},"primaryImageOfPage":{"@id":"https:\/\/vinilozona.lt\/parduotuve\/lietuviska\/s-frankas-k-balbatras-virginija-survilaite-%e2%80%8e-lietuvos-vargonai-kaunas-skulpturos-ir-vitrazo-galerija\/#primaryimage"},"image":{"@id":"https:\/\/vinilozona.lt\/parduotuve\/lietuviska\/s-frankas-k-balbatras-virginija-survilaite-%e2%80%8e-lietuvos-vargonai-kaunas-skulpturos-ir-vitrazo-galerija\/#primaryimage"},"thumbnailUrl":"https:\/\/vinilozona.lt\/wp-content\/uploads\/2020\/01\/s-frankas-k-balbatras-virginija-survilaite-lietuvos-vargonai-kaunas-skulpturos-ir-vitrazo-galerija-1.jpg","datePublished":"2025-01-02T21:33:15+00:00","dateModified":"2026-03-26T09:21:18+00:00","breadcrumb":{"@id":"https:\/\/vinilozona.lt\/parduotuve\/lietuviska\/s-frankas-k-balbatras-virginija-survilaite-%e2%80%8e-lietuvos-vargonai-kaunas-skulpturos-ir-vitrazo-galerija\/#breadcrumb"},"inLanguage":"en-GB","potentialAction":[{"@type":"ReadAction","target":["https:\/\/vinilozona.lt\/parduotuve\/lietuviska\/s-frankas-k-balbatras-virginija-survilaite-%e2%80%8e-lietuvos-vargonai-kaunas-skulpturos-ir-vitrazo-galerija\/"]}]},{"@type":"ImageObject","inLanguage":"en-GB","@id":"https:\/\/vinilozona.lt\/parduotuve\/lietuviska\/s-frankas-k-balbatras-virginija-survilaite-%e2%80%8e-lietuvos-vargonai-kaunas-skulpturos-ir-vitrazo-galerija\/#primaryimage","url":"https:\/\/vinilozona.lt\/wp-content\/uploads\/2020\/01\/s-frankas-k-balbatras-virginija-survilaite-lietuvos-vargonai-kaunas-skulpturos-ir-vitrazo-galerija-1.jpg","contentUrl":"https:\/\/vinilozona.lt\/wp-content\/uploads\/2020\/01\/s-frankas-k-balbatras-virginija-survilaite-lietuvos-vargonai-kaunas-skulpturos-ir-vitrazo-galerija-1.jpg","width":780,"height":585},{"@type":"BreadcrumbList","@id":"https:\/\/vinilozona.lt\/parduotuve\/lietuviska\/s-frankas-k-balbatras-virginija-survilaite-%e2%80%8e-lietuvos-vargonai-kaunas-skulpturos-ir-vitrazo-galerija\/#breadcrumb","itemListElement":[{"@type":"ListItem","position":1,"name":"Home","item":"https:\/\/vinilozona.lt\/"},{"@type":"ListItem","position":2,"name":"Parduotuv\u0117","item":"https:\/\/vinilozona.lt\/parduotuve\/"},{"@type":"ListItem","position":3,"name":"S. Frankas \/ K. Balbatras &#8211; Virginija Survilait\u0117 \u200e\u2013 Lietuvos Vargonai. Kaunas, Skulpt\u016bros Ir Vitra\u017eo Galerija"}]},{"@type":"WebSite","@id":"https:\/\/vinilozona.lt\/#website","url":"https:\/\/vinilozona.lt\/","name":"Vinilo Zona","description":"Nup\u016bsk dulkes ir klausyk LP","potentialAction":[{"@type":"SearchAction","target":{"@type":"EntryPoint","urlTemplate":"https:\/\/vinilozona.lt\/?s={search_term_string}"},"query-input":{"@type":"PropertyValueSpecification","valueRequired":true,"valueName":"search_term_string"}}],"inLanguage":"en-GB"}]}},"_links":{"self":[{"href":"https:\/\/vinilozona.lt\/en\/wp-json\/wp\/v2\/product\/2385"}],"collection":[{"href":"https:\/\/vinilozona.lt\/en\/wp-json\/wp\/v2\/product"}],"about":[{"href":"https:\/\/vinilozona.lt\/en\/wp-json\/wp\/v2\/types\/product"}],"wp:featuredmedia":[{"embeddable":true,"href":"https:\/\/vinilozona.lt\/en\/wp-json\/wp\/v2\/media\/2396"}],"wp:attachment":[{"href":"https:\/\/vinilozona.lt\/en\/wp-json\/wp\/v2\/media?parent=2385"}],"wp:term":[{"taxonomy":"product_cat","embeddable":true,"href":"https:\/\/vinilozona.lt\/en\/wp-json\/wp\/v2\/product_cat?post=2385"},{"taxonomy":"product_tag","embeddable":true,"href":"https:\/\/vinilozona.lt\/en\/wp-json\/wp\/v2\/product_tag?post=2385"}],"curies":[{"name":"wp","href":"https:\/\/api.w.org\/{rel}","templated":true}]}}