{"id":23821,"date":"2023-12-15T05:09:07","date_gmt":"2023-12-15T03:09:07","guid":{"rendered":"https:\/\/vinilozona.lt\/?post_type=product&#038;p=23821"},"modified":"2023-12-14T10:04:54","modified_gmt":"2023-12-14T08:04:54","slug":"linda-ronstadt-living-in-the-usa","status":"publish","type":"product","link":"https:\/\/vinilozona.lt\/en\/parduotuve\/rock-pop\/linda-ronstadt-living-in-the-usa\/","title":{"rendered":"Linda Ronstadt \u2013 Living In The USA"},"content":{"rendered":"<p>A1\t\tBack In The U.S.A.  3:02<br \/>\nA2\t\tWhen I Grow Too OId To Dream  3:52<br \/>\nA3\t\tJust One Look  3:20<br \/>\nA4\t\tAlison  3:20<br \/>\nA5\t\tWhite Rhythm &#038; Blues  4:17<br \/>\nB1\t\tAll That You Dream  3:43<br \/>\nB2\t\tOoh Baby Baby  3:18<br \/>\nB3\t\tMohammed&#8217;s Radio  4:20<br \/>\nB4\t\tBlowing Away  3:15<br \/>\nB5\t\tLove Me Tender   2:39<\/p>","protected":false},"excerpt":{"rendered":"<p>Asylum Records \u2013 6E-155<br \/>\nFormat:<br \/>\nVinyl, LP, Album, Stereo,  Gatefold<br \/>\nCountry:\tUS<br \/>\nReleased:\tSep 19, 1978<\/p>","protected":false},"featured_media":23822,"template":"","meta":[],"product_cat":[15],"product_tag":[44],"yoast_head":"<!-- This site is optimized with the Yoast SEO plugin v23.5 - https:\/\/yoast.com\/wordpress\/plugins\/seo\/ -->\n<title>Linda Ronstadt \u2013 Living In The USA Vinilin\u0117 Plok\u0161tel\u0117 | Vinilozona.lt<\/title>\n<meta name=\"robots\" content=\"index, follow, max-snippet:-1, max-image-preview:large, max-video-preview:-1\" \/>\n<link rel=\"canonical\" href=\"https:\/\/vinilozona.lt\/en\/parduotuve\/rock-pop\/linda-ronstadt-living-in-the-usa\/\" \/>\n<meta property=\"og:locale\" content=\"en_GB\" \/>\n<meta property=\"og:type\" content=\"article\" \/>\n<meta property=\"og:title\" content=\"Linda Ronstadt \u2013 Living In The USA Vinilin\u0117 Plok\u0161tel\u0117 | Vinilozona.lt\" \/>\n<meta property=\"og:description\" content=\"Asylum Records \u2013 6E-155 Format:  Vinyl, LP, Album, Stereo, Gatefold Country: US Released: Sep 19, 1978\" \/>\n<meta property=\"og:url\" content=\"https:\/\/vinilozona.lt\/en\/parduotuve\/rock-pop\/linda-ronstadt-living-in-the-usa\/\" \/>\n<meta property=\"og:site_name\" content=\"Vinilo Zona\" \/>\n<meta property=\"article:modified_time\" content=\"2023-12-14T08:04:54+00:00\" \/>\n<meta property=\"og:image\" content=\"https:\/\/vinilozona.lt\/wp-content\/uploads\/2023\/12\/R-1460335-1492262297-2301.jpg\" \/>\n\t<meta property=\"og:image:width\" content=\"300\" \/>\n\t<meta property=\"og:image:height\" content=\"300\" \/>\n\t<meta property=\"og:image:type\" content=\"image\/jpeg\" \/>\n<meta name=\"twitter:card\" content=\"summary_large_image\" \/>\n<script type=\"application\/ld+json\" class=\"yoast-schema-graph\">{\"@context\":\"https:\/\/schema.org\",\"@graph\":[{\"@type\":\"WebPage\",\"@id\":\"https:\/\/vinilozona.lt\/parduotuve\/rock-pop\/linda-ronstadt-living-in-the-usa\/\",\"url\":\"https:\/\/vinilozona.lt\/parduotuve\/rock-pop\/linda-ronstadt-living-in-the-usa\/\",\"name\":\"Linda Ronstadt \u2013 Living In The USA Vinilin\u0117 Plok\u0161tel\u0117 | Vinilozona.lt\",\"isPartOf\":{\"@id\":\"https:\/\/vinilozona.lt\/#website\"},\"primaryImageOfPage\":{\"@id\":\"https:\/\/vinilozona.lt\/parduotuve\/rock-pop\/linda-ronstadt-living-in-the-usa\/#primaryimage\"},\"image\":{\"@id\":\"https:\/\/vinilozona.lt\/parduotuve\/rock-pop\/linda-ronstadt-living-in-the-usa\/#primaryimage\"},\"thumbnailUrl\":\"https:\/\/vinilozona.lt\/wp-content\/uploads\/2023\/12\/R-1460335-1492262297-2301.jpg\",\"datePublished\":\"2023-12-15T03:09:07+00:00\",\"dateModified\":\"2023-12-14T08:04:54+00:00\",\"breadcrumb\":{\"@id\":\"https:\/\/vinilozona.lt\/parduotuve\/rock-pop\/linda-ronstadt-living-in-the-usa\/#breadcrumb\"},\"inLanguage\":\"en-GB\",\"potentialAction\":[{\"@type\":\"ReadAction\",\"target\":[\"https:\/\/vinilozona.lt\/parduotuve\/rock-pop\/linda-ronstadt-living-in-the-usa\/\"]}]},{\"@type\":\"ImageObject\",\"inLanguage\":\"en-GB\",\"@id\":\"https:\/\/vinilozona.lt\/parduotuve\/rock-pop\/linda-ronstadt-living-in-the-usa\/#primaryimage\",\"url\":\"https:\/\/vinilozona.lt\/wp-content\/uploads\/2023\/12\/R-1460335-1492262297-2301.jpg\",\"contentUrl\":\"https:\/\/vinilozona.lt\/wp-content\/uploads\/2023\/12\/R-1460335-1492262297-2301.jpg\",\"width\":300,\"height\":300},{\"@type\":\"BreadcrumbList\",\"@id\":\"https:\/\/vinilozona.lt\/parduotuve\/rock-pop\/linda-ronstadt-living-in-the-usa\/#breadcrumb\",\"itemListElement\":[{\"@type\":\"ListItem\",\"position\":1,\"name\":\"Home\",\"item\":\"https:\/\/vinilozona.lt\/\"},{\"@type\":\"ListItem\",\"position\":2,\"name\":\"Parduotuv\u0117\",\"item\":\"https:\/\/vinilozona.lt\/parduotuve\/\"},{\"@type\":\"ListItem\",\"position\":3,\"name\":\"Linda Ronstadt \u2013 Living In The USA\"}]},{\"@type\":\"WebSite\",\"@id\":\"https:\/\/vinilozona.lt\/#website\",\"url\":\"https:\/\/vinilozona.lt\/\",\"name\":\"Vinilo Zona\",\"description\":\"Nup\u016bsk dulkes ir klausyk LP\",\"potentialAction\":[{\"@type\":\"SearchAction\",\"target\":{\"@type\":\"EntryPoint\",\"urlTemplate\":\"https:\/\/vinilozona.lt\/?s={search_term_string}\"},\"query-input\":{\"@type\":\"PropertyValueSpecification\",\"valueRequired\":true,\"valueName\":\"search_term_string\"}}],\"inLanguage\":\"en-GB\"}]}<\/script>\n<!-- \/ Yoast SEO plugin. -->","yoast_head_json":{"title":"Linda Ronstadt \u2013 Living In The USA Vinilin\u0117 Plok\u0161tel\u0117 | Vinilozona.lt","robots":{"index":"index","follow":"follow","max-snippet":"max-snippet:-1","max-image-preview":"max-image-preview:large","max-video-preview":"max-video-preview:-1"},"canonical":"https:\/\/vinilozona.lt\/en\/parduotuve\/rock-pop\/linda-ronstadt-living-in-the-usa\/","og_locale":"en_GB","og_type":"article","og_title":"Linda Ronstadt \u2013 Living In The USA Vinilin\u0117 Plok\u0161tel\u0117 | Vinilozona.lt","og_description":"Asylum Records \u2013 6E-155 Format:  Vinyl, LP, Album, Stereo, Gatefold Country: US Released: Sep 19, 1978","og_url":"https:\/\/vinilozona.lt\/en\/parduotuve\/rock-pop\/linda-ronstadt-living-in-the-usa\/","og_site_name":"Vinilo Zona","article_modified_time":"2023-12-14T08:04:54+00:00","og_image":[{"width":300,"height":300,"url":"https:\/\/vinilozona.lt\/wp-content\/uploads\/2023\/12\/R-1460335-1492262297-2301.jpg","type":"image\/jpeg"}],"twitter_card":"summary_large_image","schema":{"@context":"https:\/\/schema.org","@graph":[{"@type":"WebPage","@id":"https:\/\/vinilozona.lt\/parduotuve\/rock-pop\/linda-ronstadt-living-in-the-usa\/","url":"https:\/\/vinilozona.lt\/parduotuve\/rock-pop\/linda-ronstadt-living-in-the-usa\/","name":"Linda Ronstadt \u2013 Living In The USA Vinilin\u0117 Plok\u0161tel\u0117 | Vinilozona.lt","isPartOf":{"@id":"https:\/\/vinilozona.lt\/#website"},"primaryImageOfPage":{"@id":"https:\/\/vinilozona.lt\/parduotuve\/rock-pop\/linda-ronstadt-living-in-the-usa\/#primaryimage"},"image":{"@id":"https:\/\/vinilozona.lt\/parduotuve\/rock-pop\/linda-ronstadt-living-in-the-usa\/#primaryimage"},"thumbnailUrl":"https:\/\/vinilozona.lt\/wp-content\/uploads\/2023\/12\/R-1460335-1492262297-2301.jpg","datePublished":"2023-12-15T03:09:07+00:00","dateModified":"2023-12-14T08:04:54+00:00","breadcrumb":{"@id":"https:\/\/vinilozona.lt\/parduotuve\/rock-pop\/linda-ronstadt-living-in-the-usa\/#breadcrumb"},"inLanguage":"en-GB","potentialAction":[{"@type":"ReadAction","target":["https:\/\/vinilozona.lt\/parduotuve\/rock-pop\/linda-ronstadt-living-in-the-usa\/"]}]},{"@type":"ImageObject","inLanguage":"en-GB","@id":"https:\/\/vinilozona.lt\/parduotuve\/rock-pop\/linda-ronstadt-living-in-the-usa\/#primaryimage","url":"https:\/\/vinilozona.lt\/wp-content\/uploads\/2023\/12\/R-1460335-1492262297-2301.jpg","contentUrl":"https:\/\/vinilozona.lt\/wp-content\/uploads\/2023\/12\/R-1460335-1492262297-2301.jpg","width":300,"height":300},{"@type":"BreadcrumbList","@id":"https:\/\/vinilozona.lt\/parduotuve\/rock-pop\/linda-ronstadt-living-in-the-usa\/#breadcrumb","itemListElement":[{"@type":"ListItem","position":1,"name":"Home","item":"https:\/\/vinilozona.lt\/"},{"@type":"ListItem","position":2,"name":"Parduotuv\u0117","item":"https:\/\/vinilozona.lt\/parduotuve\/"},{"@type":"ListItem","position":3,"name":"Linda Ronstadt \u2013 Living In The USA"}]},{"@type":"WebSite","@id":"https:\/\/vinilozona.lt\/#website","url":"https:\/\/vinilozona.lt\/","name":"Vinilo Zona","description":"Nup\u016bsk dulkes ir klausyk LP","potentialAction":[{"@type":"SearchAction","target":{"@type":"EntryPoint","urlTemplate":"https:\/\/vinilozona.lt\/?s={search_term_string}"},"query-input":{"@type":"PropertyValueSpecification","valueRequired":true,"valueName":"search_term_string"}}],"inLanguage":"en-GB"}]}},"_links":{"self":[{"href":"https:\/\/vinilozona.lt\/en\/wp-json\/wp\/v2\/product\/23821"}],"collection":[{"href":"https:\/\/vinilozona.lt\/en\/wp-json\/wp\/v2\/product"}],"about":[{"href":"https:\/\/vinilozona.lt\/en\/wp-json\/wp\/v2\/types\/product"}],"wp:featuredmedia":[{"embeddable":true,"href":"https:\/\/vinilozona.lt\/en\/wp-json\/wp\/v2\/media\/23822"}],"wp:attachment":[{"href":"https:\/\/vinilozona.lt\/en\/wp-json\/wp\/v2\/media?parent=23821"}],"wp:term":[{"taxonomy":"product_cat","embeddable":true,"href":"https:\/\/vinilozona.lt\/en\/wp-json\/wp\/v2\/product_cat?post=23821"},{"taxonomy":"product_tag","embeddable":true,"href":"https:\/\/vinilozona.lt\/en\/wp-json\/wp\/v2\/product_tag?post=23821"}],"curies":[{"name":"wp","href":"https:\/\/api.w.org\/{rel}","templated":true}]}}