{"id":23743,"date":"2023-12-08T05:02:06","date_gmt":"2023-12-08T03:02:06","guid":{"rendered":"https:\/\/vinilozona.lt\/?post_type=product&#038;p=23743"},"modified":"2025-02-25T17:39:20","modified_gmt":"2025-02-25T15:39:20","slug":"steely-dan-countdown-to-ecstasy","status":"publish","type":"product","link":"https:\/\/vinilozona.lt\/en\/parduotuve\/naujos-lp\/steely-dan-countdown-to-ecstasy\/","title":{"rendered":"Steely Dan \u2013 Countdown To Ecstasy"},"content":{"rendered":"<p>A1\t\tBodhisattva\t5:16<br \/>\nA2\t\tRazor Boy  3:10<br \/>\nA3\t\tThe Boston Rag\t5:48<br \/>\nA4\t\tYour Gold Teeth\t6:58<br \/>\nB1\t\tShow Biz Kids  5:21<br \/>\nB2\t\tMy Old School  5:44<br \/>\nB3\t\tPearl Of The Quarter\t3:49<br \/>\nB4\t\tKing Of The World\t5:03<\/p>","protected":false},"excerpt":{"rendered":"<p>Geffen Records \u2013 B0034988-01, UMe \u2013 B0034988-01<br \/>\nFormat:<br \/>\nVinyl, LP, Album, Reissue, Remastered, 180g<br \/>\nCountry:\tWorldwide<br \/>\nReleased:\tMay 26, 2023<\/p>","protected":false},"featured_media":23745,"template":"","meta":[],"product_cat":[23],"product_tag":[74],"yoast_head":"<!-- This site is optimized with the Yoast SEO plugin v23.5 - https:\/\/yoast.com\/wordpress\/plugins\/seo\/ -->\n<title>Steely Dan \u2013 Countdown To Ecstasy Vinilin\u0117 Plok\u0161tel\u0117 | Vinilozona.lt<\/title>\n<meta name=\"robots\" content=\"index, follow, max-snippet:-1, max-image-preview:large, max-video-preview:-1\" \/>\n<link rel=\"canonical\" href=\"https:\/\/vinilozona.lt\/en\/parduotuve\/naujos-lp\/steely-dan-countdown-to-ecstasy\/\" \/>\n<meta property=\"og:locale\" content=\"en_GB\" \/>\n<meta property=\"og:type\" content=\"article\" \/>\n<meta property=\"og:title\" content=\"Steely Dan \u2013 Countdown To Ecstasy Vinilin\u0117 Plok\u0161tel\u0117 | Vinilozona.lt\" \/>\n<meta property=\"og:description\" content=\"Geffen Records \u2013 B0034988-01, UMe \u2013 B0034988-01 Format:  Vinyl, LP, Album, Reissue, Remastered, 180g Country: Worldwide Released: May 26, 2023\" \/>\n<meta property=\"og:url\" content=\"https:\/\/vinilozona.lt\/en\/parduotuve\/naujos-lp\/steely-dan-countdown-to-ecstasy\/\" \/>\n<meta property=\"og:site_name\" content=\"Vinilo Zona\" \/>\n<meta property=\"article:modified_time\" content=\"2025-02-25T15:39:20+00:00\" \/>\n<meta property=\"og:image\" content=\"https:\/\/vinilozona.lt\/wp-content\/uploads\/2023\/12\/R-27181434-1696954991-4184.jpg\" \/>\n\t<meta property=\"og:image:width\" content=\"596\" \/>\n\t<meta property=\"og:image:height\" content=\"599\" \/>\n\t<meta property=\"og:image:type\" content=\"image\/jpeg\" \/>\n<meta name=\"twitter:card\" content=\"summary_large_image\" \/>\n<script type=\"application\/ld+json\" class=\"yoast-schema-graph\">{\"@context\":\"https:\/\/schema.org\",\"@graph\":[{\"@type\":\"WebPage\",\"@id\":\"https:\/\/vinilozona.lt\/parduotuve\/naujos-lp\/steely-dan-countdown-to-ecstasy\/\",\"url\":\"https:\/\/vinilozona.lt\/parduotuve\/naujos-lp\/steely-dan-countdown-to-ecstasy\/\",\"name\":\"Steely Dan \u2013 Countdown To Ecstasy Vinilin\u0117 Plok\u0161tel\u0117 | Vinilozona.lt\",\"isPartOf\":{\"@id\":\"https:\/\/vinilozona.lt\/#website\"},\"primaryImageOfPage\":{\"@id\":\"https:\/\/vinilozona.lt\/parduotuve\/naujos-lp\/steely-dan-countdown-to-ecstasy\/#primaryimage\"},\"image\":{\"@id\":\"https:\/\/vinilozona.lt\/parduotuve\/naujos-lp\/steely-dan-countdown-to-ecstasy\/#primaryimage\"},\"thumbnailUrl\":\"https:\/\/vinilozona.lt\/wp-content\/uploads\/2023\/12\/R-27181434-1696954991-4184.jpg\",\"datePublished\":\"2023-12-08T03:02:06+00:00\",\"dateModified\":\"2025-02-25T15:39:20+00:00\",\"breadcrumb\":{\"@id\":\"https:\/\/vinilozona.lt\/parduotuve\/naujos-lp\/steely-dan-countdown-to-ecstasy\/#breadcrumb\"},\"inLanguage\":\"en-GB\",\"potentialAction\":[{\"@type\":\"ReadAction\",\"target\":[\"https:\/\/vinilozona.lt\/parduotuve\/naujos-lp\/steely-dan-countdown-to-ecstasy\/\"]}]},{\"@type\":\"ImageObject\",\"inLanguage\":\"en-GB\",\"@id\":\"https:\/\/vinilozona.lt\/parduotuve\/naujos-lp\/steely-dan-countdown-to-ecstasy\/#primaryimage\",\"url\":\"https:\/\/vinilozona.lt\/wp-content\/uploads\/2023\/12\/R-27181434-1696954991-4184.jpg\",\"contentUrl\":\"https:\/\/vinilozona.lt\/wp-content\/uploads\/2023\/12\/R-27181434-1696954991-4184.jpg\",\"width\":596,\"height\":599},{\"@type\":\"BreadcrumbList\",\"@id\":\"https:\/\/vinilozona.lt\/parduotuve\/naujos-lp\/steely-dan-countdown-to-ecstasy\/#breadcrumb\",\"itemListElement\":[{\"@type\":\"ListItem\",\"position\":1,\"name\":\"Home\",\"item\":\"https:\/\/vinilozona.lt\/\"},{\"@type\":\"ListItem\",\"position\":2,\"name\":\"Parduotuv\u0117\",\"item\":\"https:\/\/vinilozona.lt\/parduotuve\/\"},{\"@type\":\"ListItem\",\"position\":3,\"name\":\"Steely Dan \u2013 Countdown To Ecstasy\"}]},{\"@type\":\"WebSite\",\"@id\":\"https:\/\/vinilozona.lt\/#website\",\"url\":\"https:\/\/vinilozona.lt\/\",\"name\":\"Vinilo Zona\",\"description\":\"Nup\u016bsk dulkes ir klausyk LP\",\"potentialAction\":[{\"@type\":\"SearchAction\",\"target\":{\"@type\":\"EntryPoint\",\"urlTemplate\":\"https:\/\/vinilozona.lt\/?s={search_term_string}\"},\"query-input\":{\"@type\":\"PropertyValueSpecification\",\"valueRequired\":true,\"valueName\":\"search_term_string\"}}],\"inLanguage\":\"en-GB\"}]}<\/script>\n<!-- \/ Yoast SEO plugin. -->","yoast_head_json":{"title":"Steely Dan \u2013 Countdown To Ecstasy Vinilin\u0117 Plok\u0161tel\u0117 | Vinilozona.lt","robots":{"index":"index","follow":"follow","max-snippet":"max-snippet:-1","max-image-preview":"max-image-preview:large","max-video-preview":"max-video-preview:-1"},"canonical":"https:\/\/vinilozona.lt\/en\/parduotuve\/naujos-lp\/steely-dan-countdown-to-ecstasy\/","og_locale":"en_GB","og_type":"article","og_title":"Steely Dan \u2013 Countdown To Ecstasy Vinilin\u0117 Plok\u0161tel\u0117 | Vinilozona.lt","og_description":"Geffen Records \u2013 B0034988-01, UMe \u2013 B0034988-01 Format:  Vinyl, LP, Album, Reissue, Remastered, 180g Country: Worldwide Released: May 26, 2023","og_url":"https:\/\/vinilozona.lt\/en\/parduotuve\/naujos-lp\/steely-dan-countdown-to-ecstasy\/","og_site_name":"Vinilo Zona","article_modified_time":"2025-02-25T15:39:20+00:00","og_image":[{"width":596,"height":599,"url":"https:\/\/vinilozona.lt\/wp-content\/uploads\/2023\/12\/R-27181434-1696954991-4184.jpg","type":"image\/jpeg"}],"twitter_card":"summary_large_image","schema":{"@context":"https:\/\/schema.org","@graph":[{"@type":"WebPage","@id":"https:\/\/vinilozona.lt\/parduotuve\/naujos-lp\/steely-dan-countdown-to-ecstasy\/","url":"https:\/\/vinilozona.lt\/parduotuve\/naujos-lp\/steely-dan-countdown-to-ecstasy\/","name":"Steely Dan \u2013 Countdown To Ecstasy Vinilin\u0117 Plok\u0161tel\u0117 | Vinilozona.lt","isPartOf":{"@id":"https:\/\/vinilozona.lt\/#website"},"primaryImageOfPage":{"@id":"https:\/\/vinilozona.lt\/parduotuve\/naujos-lp\/steely-dan-countdown-to-ecstasy\/#primaryimage"},"image":{"@id":"https:\/\/vinilozona.lt\/parduotuve\/naujos-lp\/steely-dan-countdown-to-ecstasy\/#primaryimage"},"thumbnailUrl":"https:\/\/vinilozona.lt\/wp-content\/uploads\/2023\/12\/R-27181434-1696954991-4184.jpg","datePublished":"2023-12-08T03:02:06+00:00","dateModified":"2025-02-25T15:39:20+00:00","breadcrumb":{"@id":"https:\/\/vinilozona.lt\/parduotuve\/naujos-lp\/steely-dan-countdown-to-ecstasy\/#breadcrumb"},"inLanguage":"en-GB","potentialAction":[{"@type":"ReadAction","target":["https:\/\/vinilozona.lt\/parduotuve\/naujos-lp\/steely-dan-countdown-to-ecstasy\/"]}]},{"@type":"ImageObject","inLanguage":"en-GB","@id":"https:\/\/vinilozona.lt\/parduotuve\/naujos-lp\/steely-dan-countdown-to-ecstasy\/#primaryimage","url":"https:\/\/vinilozona.lt\/wp-content\/uploads\/2023\/12\/R-27181434-1696954991-4184.jpg","contentUrl":"https:\/\/vinilozona.lt\/wp-content\/uploads\/2023\/12\/R-27181434-1696954991-4184.jpg","width":596,"height":599},{"@type":"BreadcrumbList","@id":"https:\/\/vinilozona.lt\/parduotuve\/naujos-lp\/steely-dan-countdown-to-ecstasy\/#breadcrumb","itemListElement":[{"@type":"ListItem","position":1,"name":"Home","item":"https:\/\/vinilozona.lt\/"},{"@type":"ListItem","position":2,"name":"Parduotuv\u0117","item":"https:\/\/vinilozona.lt\/parduotuve\/"},{"@type":"ListItem","position":3,"name":"Steely Dan \u2013 Countdown To Ecstasy"}]},{"@type":"WebSite","@id":"https:\/\/vinilozona.lt\/#website","url":"https:\/\/vinilozona.lt\/","name":"Vinilo Zona","description":"Nup\u016bsk dulkes ir klausyk LP","potentialAction":[{"@type":"SearchAction","target":{"@type":"EntryPoint","urlTemplate":"https:\/\/vinilozona.lt\/?s={search_term_string}"},"query-input":{"@type":"PropertyValueSpecification","valueRequired":true,"valueName":"search_term_string"}}],"inLanguage":"en-GB"}]}},"_links":{"self":[{"href":"https:\/\/vinilozona.lt\/en\/wp-json\/wp\/v2\/product\/23743"}],"collection":[{"href":"https:\/\/vinilozona.lt\/en\/wp-json\/wp\/v2\/product"}],"about":[{"href":"https:\/\/vinilozona.lt\/en\/wp-json\/wp\/v2\/types\/product"}],"wp:featuredmedia":[{"embeddable":true,"href":"https:\/\/vinilozona.lt\/en\/wp-json\/wp\/v2\/media\/23745"}],"wp:attachment":[{"href":"https:\/\/vinilozona.lt\/en\/wp-json\/wp\/v2\/media?parent=23743"}],"wp:term":[{"taxonomy":"product_cat","embeddable":true,"href":"https:\/\/vinilozona.lt\/en\/wp-json\/wp\/v2\/product_cat?post=23743"},{"taxonomy":"product_tag","embeddable":true,"href":"https:\/\/vinilozona.lt\/en\/wp-json\/wp\/v2\/product_tag?post=23743"}],"curies":[{"name":"wp","href":"https:\/\/api.w.org\/{rel}","templated":true}]}}