{"id":23741,"date":"2023-12-08T05:01:17","date_gmt":"2023-12-08T03:01:17","guid":{"rendered":"https:\/\/vinilozona.lt\/?post_type=product&#038;p=23741"},"modified":"2025-02-25T17:39:29","modified_gmt":"2025-02-25T15:39:29","slug":"steely-dan-pretzel-logic","status":"publish","type":"product","link":"https:\/\/vinilozona.lt\/en\/parduotuve\/naujos-lp\/steely-dan-pretzel-logic\/","title":{"rendered":"Steely Dan \u2013 Pretzel Logic"},"content":{"rendered":"<p>A1\t\tRikki Don\u2019t Lose That Number\t4:30<br \/>\nA2\t\tNight By Night\t3:36<br \/>\nA3\t\tAny Major Dude Will Tell You\t3:05<br \/>\nA4\t\tBarrytown\t3:17<br \/>\nA5\t\tEast St. Louis Toodle-oo\t2:45<br \/>\nB1\t\tParker\u2019s Band\t2:36<br \/>\nB2\t\tThrough With Buzz\t1:30<br \/>\nB3\t\tPretzel Logic\t4:28<br \/>\nB4\t\tWith A Gun\t2:15<br \/>\nB5\t\tCharlie Freak\t2:41<br \/>\nB6\t\tMonkey In Your Soul\t2:31<\/p>","protected":false},"excerpt":{"rendered":"<p>Geffen \u2013 B0034986-01, UMe \u2013 B0034986-01<br \/>\nFormat:<br \/>\nVinyl, LP, Album, Reissue, Remastered, 180 Gram<br \/>\nCountry:\tWorldwide<br \/>\nReleased:\tJul 28, 2023<\/p>","protected":false},"featured_media":23742,"template":"","meta":[],"product_cat":[23],"product_tag":[74],"yoast_head":"<!-- This site is optimized with the Yoast SEO plugin v23.5 - https:\/\/yoast.com\/wordpress\/plugins\/seo\/ -->\n<title>Steely Dan \u2013 Pretzel Logic Vinilin\u0117 Plok\u0161tel\u0117 | Vinilozona.lt<\/title>\n<meta name=\"robots\" content=\"index, follow, max-snippet:-1, max-image-preview:large, max-video-preview:-1\" \/>\n<link rel=\"canonical\" href=\"https:\/\/vinilozona.lt\/en\/parduotuve\/naujos-lp\/steely-dan-pretzel-logic\/\" \/>\n<meta property=\"og:locale\" content=\"en_GB\" \/>\n<meta property=\"og:type\" content=\"article\" \/>\n<meta property=\"og:title\" content=\"Steely Dan \u2013 Pretzel Logic Vinilin\u0117 Plok\u0161tel\u0117 | Vinilozona.lt\" \/>\n<meta property=\"og:description\" content=\"Geffen \u2013 B0034986-01, UMe \u2013 B0034986-01 Format:  Vinyl, LP, Album, Reissue, Remastered, 180 Gram Country: Worldwide Released: Jul 28, 2023\" \/>\n<meta property=\"og:url\" content=\"https:\/\/vinilozona.lt\/en\/parduotuve\/naujos-lp\/steely-dan-pretzel-logic\/\" \/>\n<meta property=\"og:site_name\" content=\"Vinilo Zona\" \/>\n<meta property=\"article:modified_time\" content=\"2025-02-25T15:39:29+00:00\" \/>\n<meta property=\"og:image\" content=\"https:\/\/vinilozona.lt\/wp-content\/uploads\/2023\/12\/R-27742293-1689962672-5238.jpg\" \/>\n\t<meta property=\"og:image:width\" content=\"600\" \/>\n\t<meta property=\"og:image:height\" content=\"596\" \/>\n\t<meta property=\"og:image:type\" content=\"image\/jpeg\" \/>\n<meta name=\"twitter:card\" content=\"summary_large_image\" \/>\n<script type=\"application\/ld+json\" class=\"yoast-schema-graph\">{\"@context\":\"https:\/\/schema.org\",\"@graph\":[{\"@type\":\"WebPage\",\"@id\":\"https:\/\/vinilozona.lt\/parduotuve\/naujos-lp\/steely-dan-pretzel-logic\/\",\"url\":\"https:\/\/vinilozona.lt\/parduotuve\/naujos-lp\/steely-dan-pretzel-logic\/\",\"name\":\"Steely Dan \u2013 Pretzel Logic Vinilin\u0117 Plok\u0161tel\u0117 | Vinilozona.lt\",\"isPartOf\":{\"@id\":\"https:\/\/vinilozona.lt\/#website\"},\"primaryImageOfPage\":{\"@id\":\"https:\/\/vinilozona.lt\/parduotuve\/naujos-lp\/steely-dan-pretzel-logic\/#primaryimage\"},\"image\":{\"@id\":\"https:\/\/vinilozona.lt\/parduotuve\/naujos-lp\/steely-dan-pretzel-logic\/#primaryimage\"},\"thumbnailUrl\":\"https:\/\/vinilozona.lt\/wp-content\/uploads\/2023\/12\/R-27742293-1689962672-5238.jpg\",\"datePublished\":\"2023-12-08T03:01:17+00:00\",\"dateModified\":\"2025-02-25T15:39:29+00:00\",\"breadcrumb\":{\"@id\":\"https:\/\/vinilozona.lt\/parduotuve\/naujos-lp\/steely-dan-pretzel-logic\/#breadcrumb\"},\"inLanguage\":\"en-GB\",\"potentialAction\":[{\"@type\":\"ReadAction\",\"target\":[\"https:\/\/vinilozona.lt\/parduotuve\/naujos-lp\/steely-dan-pretzel-logic\/\"]}]},{\"@type\":\"ImageObject\",\"inLanguage\":\"en-GB\",\"@id\":\"https:\/\/vinilozona.lt\/parduotuve\/naujos-lp\/steely-dan-pretzel-logic\/#primaryimage\",\"url\":\"https:\/\/vinilozona.lt\/wp-content\/uploads\/2023\/12\/R-27742293-1689962672-5238.jpg\",\"contentUrl\":\"https:\/\/vinilozona.lt\/wp-content\/uploads\/2023\/12\/R-27742293-1689962672-5238.jpg\",\"width\":600,\"height\":596},{\"@type\":\"BreadcrumbList\",\"@id\":\"https:\/\/vinilozona.lt\/parduotuve\/naujos-lp\/steely-dan-pretzel-logic\/#breadcrumb\",\"itemListElement\":[{\"@type\":\"ListItem\",\"position\":1,\"name\":\"Home\",\"item\":\"https:\/\/vinilozona.lt\/\"},{\"@type\":\"ListItem\",\"position\":2,\"name\":\"Parduotuv\u0117\",\"item\":\"https:\/\/vinilozona.lt\/parduotuve\/\"},{\"@type\":\"ListItem\",\"position\":3,\"name\":\"Steely Dan \u2013 Pretzel Logic\"}]},{\"@type\":\"WebSite\",\"@id\":\"https:\/\/vinilozona.lt\/#website\",\"url\":\"https:\/\/vinilozona.lt\/\",\"name\":\"Vinilo Zona\",\"description\":\"Nup\u016bsk dulkes ir klausyk LP\",\"potentialAction\":[{\"@type\":\"SearchAction\",\"target\":{\"@type\":\"EntryPoint\",\"urlTemplate\":\"https:\/\/vinilozona.lt\/?s={search_term_string}\"},\"query-input\":{\"@type\":\"PropertyValueSpecification\",\"valueRequired\":true,\"valueName\":\"search_term_string\"}}],\"inLanguage\":\"en-GB\"}]}<\/script>\n<!-- \/ Yoast SEO plugin. -->","yoast_head_json":{"title":"Steely Dan \u2013 Pretzel Logic Vinilin\u0117 Plok\u0161tel\u0117 | Vinilozona.lt","robots":{"index":"index","follow":"follow","max-snippet":"max-snippet:-1","max-image-preview":"max-image-preview:large","max-video-preview":"max-video-preview:-1"},"canonical":"https:\/\/vinilozona.lt\/en\/parduotuve\/naujos-lp\/steely-dan-pretzel-logic\/","og_locale":"en_GB","og_type":"article","og_title":"Steely Dan \u2013 Pretzel Logic Vinilin\u0117 Plok\u0161tel\u0117 | Vinilozona.lt","og_description":"Geffen \u2013 B0034986-01, UMe \u2013 B0034986-01 Format:  Vinyl, LP, Album, Reissue, Remastered, 180 Gram Country: Worldwide Released: Jul 28, 2023","og_url":"https:\/\/vinilozona.lt\/en\/parduotuve\/naujos-lp\/steely-dan-pretzel-logic\/","og_site_name":"Vinilo Zona","article_modified_time":"2025-02-25T15:39:29+00:00","og_image":[{"width":600,"height":596,"url":"https:\/\/vinilozona.lt\/wp-content\/uploads\/2023\/12\/R-27742293-1689962672-5238.jpg","type":"image\/jpeg"}],"twitter_card":"summary_large_image","schema":{"@context":"https:\/\/schema.org","@graph":[{"@type":"WebPage","@id":"https:\/\/vinilozona.lt\/parduotuve\/naujos-lp\/steely-dan-pretzel-logic\/","url":"https:\/\/vinilozona.lt\/parduotuve\/naujos-lp\/steely-dan-pretzel-logic\/","name":"Steely Dan \u2013 Pretzel Logic Vinilin\u0117 Plok\u0161tel\u0117 | Vinilozona.lt","isPartOf":{"@id":"https:\/\/vinilozona.lt\/#website"},"primaryImageOfPage":{"@id":"https:\/\/vinilozona.lt\/parduotuve\/naujos-lp\/steely-dan-pretzel-logic\/#primaryimage"},"image":{"@id":"https:\/\/vinilozona.lt\/parduotuve\/naujos-lp\/steely-dan-pretzel-logic\/#primaryimage"},"thumbnailUrl":"https:\/\/vinilozona.lt\/wp-content\/uploads\/2023\/12\/R-27742293-1689962672-5238.jpg","datePublished":"2023-12-08T03:01:17+00:00","dateModified":"2025-02-25T15:39:29+00:00","breadcrumb":{"@id":"https:\/\/vinilozona.lt\/parduotuve\/naujos-lp\/steely-dan-pretzel-logic\/#breadcrumb"},"inLanguage":"en-GB","potentialAction":[{"@type":"ReadAction","target":["https:\/\/vinilozona.lt\/parduotuve\/naujos-lp\/steely-dan-pretzel-logic\/"]}]},{"@type":"ImageObject","inLanguage":"en-GB","@id":"https:\/\/vinilozona.lt\/parduotuve\/naujos-lp\/steely-dan-pretzel-logic\/#primaryimage","url":"https:\/\/vinilozona.lt\/wp-content\/uploads\/2023\/12\/R-27742293-1689962672-5238.jpg","contentUrl":"https:\/\/vinilozona.lt\/wp-content\/uploads\/2023\/12\/R-27742293-1689962672-5238.jpg","width":600,"height":596},{"@type":"BreadcrumbList","@id":"https:\/\/vinilozona.lt\/parduotuve\/naujos-lp\/steely-dan-pretzel-logic\/#breadcrumb","itemListElement":[{"@type":"ListItem","position":1,"name":"Home","item":"https:\/\/vinilozona.lt\/"},{"@type":"ListItem","position":2,"name":"Parduotuv\u0117","item":"https:\/\/vinilozona.lt\/parduotuve\/"},{"@type":"ListItem","position":3,"name":"Steely Dan \u2013 Pretzel Logic"}]},{"@type":"WebSite","@id":"https:\/\/vinilozona.lt\/#website","url":"https:\/\/vinilozona.lt\/","name":"Vinilo Zona","description":"Nup\u016bsk dulkes ir klausyk LP","potentialAction":[{"@type":"SearchAction","target":{"@type":"EntryPoint","urlTemplate":"https:\/\/vinilozona.lt\/?s={search_term_string}"},"query-input":{"@type":"PropertyValueSpecification","valueRequired":true,"valueName":"search_term_string"}}],"inLanguage":"en-GB"}]}},"_links":{"self":[{"href":"https:\/\/vinilozona.lt\/en\/wp-json\/wp\/v2\/product\/23741"}],"collection":[{"href":"https:\/\/vinilozona.lt\/en\/wp-json\/wp\/v2\/product"}],"about":[{"href":"https:\/\/vinilozona.lt\/en\/wp-json\/wp\/v2\/types\/product"}],"wp:featuredmedia":[{"embeddable":true,"href":"https:\/\/vinilozona.lt\/en\/wp-json\/wp\/v2\/media\/23742"}],"wp:attachment":[{"href":"https:\/\/vinilozona.lt\/en\/wp-json\/wp\/v2\/media?parent=23741"}],"wp:term":[{"taxonomy":"product_cat","embeddable":true,"href":"https:\/\/vinilozona.lt\/en\/wp-json\/wp\/v2\/product_cat?post=23741"},{"taxonomy":"product_tag","embeddable":true,"href":"https:\/\/vinilozona.lt\/en\/wp-json\/wp\/v2\/product_tag?post=23741"}],"curies":[{"name":"wp","href":"https:\/\/api.w.org\/{rel}","templated":true}]}}