{"id":23679,"date":"2023-11-30T05:25:20","date_gmt":"2023-11-30T03:25:20","guid":{"rendered":"https:\/\/vinilozona.lt\/?post_type=product&#038;p=23679"},"modified":"2025-02-28T12:27:09","modified_gmt":"2025-02-28T10:27:09","slug":"abba-oro-grandes-exitos","status":"publish","type":"product","link":"https:\/\/vinilozona.lt\/en\/parduotuve\/naujos-lp\/abba-oro-grandes-exitos\/","title":{"rendered":"ABBA \u2013 Oro: Grandes Exitos"},"content":{"rendered":"<p>A1\t\tFernando<br \/>\nA2\t\tChiquitita<br \/>\nA3\t\tGracias Por La M\u00fasica<br \/>\nB1\t\tLa Reina Del Baile<br \/>\nB2\t\tEl Andar<br \/>\nB3\t\t\u00a1Dame! \u00a1Dame! \u00a1Dame!<br \/>\nB4\t\tEstoy So\u00f1ando<br \/>\nC1\t\tMamma M\u00eda<br \/>\nC2\t\tHasta Ma\u00f1ana<br \/>\nC3\t\tConoci\u00e9ndome, Conoci\u00e9ndote<br \/>\nC4\t\tFelicidad<br \/>\nD1\t\tAndante, Andante<br \/>\nD2\t\tSe Me Est\u00e1 Escapando<br \/>\nD3\t\tNo Hay A Quien Culpar<br \/>\nD4\t\tRing Ring<\/p>","protected":false},"excerpt":{"rendered":"<p>Polar \u2013 00602567956754<br \/>\nFormat:<br \/>\n2 x Vinyl, LP, Compilation, Reissue<br \/>\nCountry:\tEurope<br \/>\nReleased:\tNov 16, 2018<\/p>","protected":false},"featured_media":23680,"template":"","meta":[],"product_cat":[23],"product_tag":[74],"yoast_head":"<!-- This site is optimized with the Yoast SEO plugin v23.5 - https:\/\/yoast.com\/wordpress\/plugins\/seo\/ -->\n<title>ABBA \u2013 Oro: Grandes Exitos Vinilin\u0117 Plok\u0161tel\u0117 | Vinilozona.lt<\/title>\n<meta name=\"robots\" content=\"index, follow, max-snippet:-1, max-image-preview:large, max-video-preview:-1\" \/>\n<link rel=\"canonical\" href=\"https:\/\/vinilozona.lt\/en\/parduotuve\/naujos-lp\/abba-oro-grandes-exitos\/\" \/>\n<meta property=\"og:locale\" content=\"en_GB\" \/>\n<meta property=\"og:type\" content=\"article\" \/>\n<meta property=\"og:title\" content=\"ABBA \u2013 Oro: Grandes Exitos Vinilin\u0117 Plok\u0161tel\u0117 | Vinilozona.lt\" \/>\n<meta property=\"og:description\" content=\"Polar \u2013 00602567956754 Format:  2 x Vinyl, LP, Compilation, Reissue Country: Europe Released: Nov 16, 2018\" \/>\n<meta property=\"og:url\" content=\"https:\/\/vinilozona.lt\/en\/parduotuve\/naujos-lp\/abba-oro-grandes-exitos\/\" \/>\n<meta property=\"og:site_name\" content=\"Vinilo Zona\" \/>\n<meta property=\"article:modified_time\" content=\"2025-02-28T10:27:09+00:00\" \/>\n<meta property=\"og:image\" content=\"https:\/\/vinilozona.lt\/wp-content\/uploads\/2023\/11\/R-12826442-1542704039-1281.jpg\" \/>\n\t<meta property=\"og:image:width\" content=\"400\" \/>\n\t<meta property=\"og:image:height\" content=\"391\" \/>\n\t<meta property=\"og:image:type\" content=\"image\/jpeg\" \/>\n<meta name=\"twitter:card\" content=\"summary_large_image\" \/>\n<script type=\"application\/ld+json\" class=\"yoast-schema-graph\">{\"@context\":\"https:\/\/schema.org\",\"@graph\":[{\"@type\":\"WebPage\",\"@id\":\"https:\/\/vinilozona.lt\/parduotuve\/naujos-lp\/abba-oro-grandes-exitos\/\",\"url\":\"https:\/\/vinilozona.lt\/parduotuve\/naujos-lp\/abba-oro-grandes-exitos\/\",\"name\":\"ABBA \u2013 Oro: Grandes Exitos Vinilin\u0117 Plok\u0161tel\u0117 | Vinilozona.lt\",\"isPartOf\":{\"@id\":\"https:\/\/vinilozona.lt\/#website\"},\"primaryImageOfPage\":{\"@id\":\"https:\/\/vinilozona.lt\/parduotuve\/naujos-lp\/abba-oro-grandes-exitos\/#primaryimage\"},\"image\":{\"@id\":\"https:\/\/vinilozona.lt\/parduotuve\/naujos-lp\/abba-oro-grandes-exitos\/#primaryimage\"},\"thumbnailUrl\":\"https:\/\/vinilozona.lt\/wp-content\/uploads\/2023\/11\/R-12826442-1542704039-1281.jpg\",\"datePublished\":\"2023-11-30T03:25:20+00:00\",\"dateModified\":\"2025-02-28T10:27:09+00:00\",\"breadcrumb\":{\"@id\":\"https:\/\/vinilozona.lt\/parduotuve\/naujos-lp\/abba-oro-grandes-exitos\/#breadcrumb\"},\"inLanguage\":\"en-GB\",\"potentialAction\":[{\"@type\":\"ReadAction\",\"target\":[\"https:\/\/vinilozona.lt\/parduotuve\/naujos-lp\/abba-oro-grandes-exitos\/\"]}]},{\"@type\":\"ImageObject\",\"inLanguage\":\"en-GB\",\"@id\":\"https:\/\/vinilozona.lt\/parduotuve\/naujos-lp\/abba-oro-grandes-exitos\/#primaryimage\",\"url\":\"https:\/\/vinilozona.lt\/wp-content\/uploads\/2023\/11\/R-12826442-1542704039-1281.jpg\",\"contentUrl\":\"https:\/\/vinilozona.lt\/wp-content\/uploads\/2023\/11\/R-12826442-1542704039-1281.jpg\",\"width\":400,\"height\":391},{\"@type\":\"BreadcrumbList\",\"@id\":\"https:\/\/vinilozona.lt\/parduotuve\/naujos-lp\/abba-oro-grandes-exitos\/#breadcrumb\",\"itemListElement\":[{\"@type\":\"ListItem\",\"position\":1,\"name\":\"Home\",\"item\":\"https:\/\/vinilozona.lt\/\"},{\"@type\":\"ListItem\",\"position\":2,\"name\":\"Parduotuv\u0117\",\"item\":\"https:\/\/vinilozona.lt\/parduotuve\/\"},{\"@type\":\"ListItem\",\"position\":3,\"name\":\"ABBA \u2013 Oro: Grandes Exitos\"}]},{\"@type\":\"WebSite\",\"@id\":\"https:\/\/vinilozona.lt\/#website\",\"url\":\"https:\/\/vinilozona.lt\/\",\"name\":\"Vinilo Zona\",\"description\":\"Nup\u016bsk dulkes ir klausyk LP\",\"potentialAction\":[{\"@type\":\"SearchAction\",\"target\":{\"@type\":\"EntryPoint\",\"urlTemplate\":\"https:\/\/vinilozona.lt\/?s={search_term_string}\"},\"query-input\":{\"@type\":\"PropertyValueSpecification\",\"valueRequired\":true,\"valueName\":\"search_term_string\"}}],\"inLanguage\":\"en-GB\"}]}<\/script>\n<!-- \/ Yoast SEO plugin. -->","yoast_head_json":{"title":"ABBA \u2013 Oro: Grandes Exitos Vinilin\u0117 Plok\u0161tel\u0117 | Vinilozona.lt","robots":{"index":"index","follow":"follow","max-snippet":"max-snippet:-1","max-image-preview":"max-image-preview:large","max-video-preview":"max-video-preview:-1"},"canonical":"https:\/\/vinilozona.lt\/en\/parduotuve\/naujos-lp\/abba-oro-grandes-exitos\/","og_locale":"en_GB","og_type":"article","og_title":"ABBA \u2013 Oro: Grandes Exitos Vinilin\u0117 Plok\u0161tel\u0117 | Vinilozona.lt","og_description":"Polar \u2013 00602567956754 Format:  2 x Vinyl, LP, Compilation, Reissue Country: Europe Released: Nov 16, 2018","og_url":"https:\/\/vinilozona.lt\/en\/parduotuve\/naujos-lp\/abba-oro-grandes-exitos\/","og_site_name":"Vinilo Zona","article_modified_time":"2025-02-28T10:27:09+00:00","og_image":[{"width":400,"height":391,"url":"https:\/\/vinilozona.lt\/wp-content\/uploads\/2023\/11\/R-12826442-1542704039-1281.jpg","type":"image\/jpeg"}],"twitter_card":"summary_large_image","schema":{"@context":"https:\/\/schema.org","@graph":[{"@type":"WebPage","@id":"https:\/\/vinilozona.lt\/parduotuve\/naujos-lp\/abba-oro-grandes-exitos\/","url":"https:\/\/vinilozona.lt\/parduotuve\/naujos-lp\/abba-oro-grandes-exitos\/","name":"ABBA \u2013 Oro: Grandes Exitos Vinilin\u0117 Plok\u0161tel\u0117 | Vinilozona.lt","isPartOf":{"@id":"https:\/\/vinilozona.lt\/#website"},"primaryImageOfPage":{"@id":"https:\/\/vinilozona.lt\/parduotuve\/naujos-lp\/abba-oro-grandes-exitos\/#primaryimage"},"image":{"@id":"https:\/\/vinilozona.lt\/parduotuve\/naujos-lp\/abba-oro-grandes-exitos\/#primaryimage"},"thumbnailUrl":"https:\/\/vinilozona.lt\/wp-content\/uploads\/2023\/11\/R-12826442-1542704039-1281.jpg","datePublished":"2023-11-30T03:25:20+00:00","dateModified":"2025-02-28T10:27:09+00:00","breadcrumb":{"@id":"https:\/\/vinilozona.lt\/parduotuve\/naujos-lp\/abba-oro-grandes-exitos\/#breadcrumb"},"inLanguage":"en-GB","potentialAction":[{"@type":"ReadAction","target":["https:\/\/vinilozona.lt\/parduotuve\/naujos-lp\/abba-oro-grandes-exitos\/"]}]},{"@type":"ImageObject","inLanguage":"en-GB","@id":"https:\/\/vinilozona.lt\/parduotuve\/naujos-lp\/abba-oro-grandes-exitos\/#primaryimage","url":"https:\/\/vinilozona.lt\/wp-content\/uploads\/2023\/11\/R-12826442-1542704039-1281.jpg","contentUrl":"https:\/\/vinilozona.lt\/wp-content\/uploads\/2023\/11\/R-12826442-1542704039-1281.jpg","width":400,"height":391},{"@type":"BreadcrumbList","@id":"https:\/\/vinilozona.lt\/parduotuve\/naujos-lp\/abba-oro-grandes-exitos\/#breadcrumb","itemListElement":[{"@type":"ListItem","position":1,"name":"Home","item":"https:\/\/vinilozona.lt\/"},{"@type":"ListItem","position":2,"name":"Parduotuv\u0117","item":"https:\/\/vinilozona.lt\/parduotuve\/"},{"@type":"ListItem","position":3,"name":"ABBA \u2013 Oro: Grandes Exitos"}]},{"@type":"WebSite","@id":"https:\/\/vinilozona.lt\/#website","url":"https:\/\/vinilozona.lt\/","name":"Vinilo Zona","description":"Nup\u016bsk dulkes ir klausyk LP","potentialAction":[{"@type":"SearchAction","target":{"@type":"EntryPoint","urlTemplate":"https:\/\/vinilozona.lt\/?s={search_term_string}"},"query-input":{"@type":"PropertyValueSpecification","valueRequired":true,"valueName":"search_term_string"}}],"inLanguage":"en-GB"}]}},"_links":{"self":[{"href":"https:\/\/vinilozona.lt\/en\/wp-json\/wp\/v2\/product\/23679"}],"collection":[{"href":"https:\/\/vinilozona.lt\/en\/wp-json\/wp\/v2\/product"}],"about":[{"href":"https:\/\/vinilozona.lt\/en\/wp-json\/wp\/v2\/types\/product"}],"wp:featuredmedia":[{"embeddable":true,"href":"https:\/\/vinilozona.lt\/en\/wp-json\/wp\/v2\/media\/23680"}],"wp:attachment":[{"href":"https:\/\/vinilozona.lt\/en\/wp-json\/wp\/v2\/media?parent=23679"}],"wp:term":[{"taxonomy":"product_cat","embeddable":true,"href":"https:\/\/vinilozona.lt\/en\/wp-json\/wp\/v2\/product_cat?post=23679"},{"taxonomy":"product_tag","embeddable":true,"href":"https:\/\/vinilozona.lt\/en\/wp-json\/wp\/v2\/product_tag?post=23679"}],"curies":[{"name":"wp","href":"https:\/\/api.w.org\/{rel}","templated":true}]}}