{"id":23658,"date":"2026-04-30T05:00:45","date_gmt":"2026-04-30T02:00:45","guid":{"rendered":"https:\/\/vinilozona.lt\/?post_type=product&#038;p=23658"},"modified":"2026-04-30T19:22:47","modified_gmt":"2026-04-30T16:22:47","slug":"rolling-stones-voodoo-lounge","status":"publish","type":"product","link":"https:\/\/vinilozona.lt\/en\/parduotuve\/naujos-lp\/rolling-stones-voodoo-lounge\/","title":{"rendered":"Rolling Stones \u2013 Voodoo Lounge Uncut  3LP"},"content":{"rendered":"<p>A1\t\tWhoopi Goldberg Introduction<br \/>\nVoice \u2013 Whoopi Goldberg<br \/>\nA2\t\tNot Fade Away<br \/>\nA3\t\tTumbling Dice<br \/>\nA4\t\tYou Got Me Rocking<br \/>\nA5\t\tRocks Off<br \/>\nA6\t\tSparks Will Fly<br \/>\nB1\t\tLive With Me<br \/>\nFeaturing \u2013 Sheryl Crow<br \/>\nB2\t\t(I Can&#8217;t Get No) Satisfaction<br \/>\nB3\t\tBeast Of Burden<br \/>\nB4\t\tAngie<br \/>\nB5\t\tDead Flowers<br \/>\nC1\t\tSweet Virginia<br \/>\nC2\t\tDoo Doo Doo Doo Doo (Heartbreaker)<br \/>\nC3\t\tIt&#8217;s All Over Now<br \/>\nC4\t\tStop Breakin&#8217; Down Blues<br \/>\nFeaturing \u2013 Robert Cray<br \/>\nC5\t\tWho Do You Love?<br \/>\nFeaturing \u2013 Bo Diddley<br \/>\nD1\t\tI Go Wild<br \/>\nD2\t\tMiss You<br \/>\nD3\t\tHonky Tonk Women<br \/>\nE1\t\tBefore They Make Me Run<br \/>\nE2\t\tThe Worst<br \/>\nE3\t\tSymphaty For The Devil<br \/>\nE4\t\tMonkey Man<br \/>\nE5\t\tStreet Fighting Man<br \/>\nF1\t\tStart Me Up<br \/>\nF2\t\tIt&#8217;s Only Rock &#038; Roll (But I Like It)<br \/>\nF3\t\tBrown Sugar<br \/>\nF4\t\tJumpin&#8217; Jack Flash<\/p>","protected":false},"excerpt":{"rendered":"<p>Rolling Stones Records \u2013 ER416912, Eagle Rock Entertainment \u2013 ER416912, Universal Music Group \u2013 ER416912<br \/>\nFormat:<br \/>\n3 x Vinyl, LP, Album, Remastered<br \/>\nCountry:<br \/>\nUSA &#038; Canada<br \/>\nReleased:<br \/>\nNov 16, 2018<\/p>","protected":false},"featured_media":30915,"template":"","meta":[],"product_cat":[23],"product_tag":[74],"yoast_head":"<!-- This site is optimized with the Yoast SEO plugin v23.5 - https:\/\/yoast.com\/wordpress\/plugins\/seo\/ -->\n<title>Rolling Stones \u2013 Voodoo Lounge Uncut 3LP Vinilin\u0117 Plok\u0161tel\u0117 | Vinilozona.lt<\/title>\n<meta name=\"robots\" content=\"index, follow, max-snippet:-1, max-image-preview:large, max-video-preview:-1\" \/>\n<link rel=\"canonical\" href=\"https:\/\/vinilozona.lt\/en\/parduotuve\/naujos-lp\/rolling-stones-voodoo-lounge\/\" \/>\n<meta property=\"og:locale\" content=\"en_GB\" \/>\n<meta property=\"og:type\" content=\"article\" \/>\n<meta property=\"og:title\" content=\"Rolling Stones \u2013 Voodoo Lounge Uncut 3LP Vinilin\u0117 Plok\u0161tel\u0117 | Vinilozona.lt\" \/>\n<meta property=\"og:description\" content=\"Rolling Stones Records \u2013 ER416912, Eagle Rock Entertainment \u2013 ER416912, Universal Music Group \u2013 ER416912 Format: 3 x Vinyl, LP, Album, Remastered Country: USA &amp; Canada Released: Nov 16, 2018\" \/>\n<meta property=\"og:url\" content=\"https:\/\/vinilozona.lt\/en\/parduotuve\/naujos-lp\/rolling-stones-voodoo-lounge\/\" \/>\n<meta property=\"og:site_name\" content=\"Vinilo Zona\" \/>\n<meta property=\"article:modified_time\" content=\"2026-04-30T16:22:47+00:00\" \/>\n<meta property=\"og:image\" content=\"https:\/\/vinilozona.lt\/wp-content\/uploads\/2023\/11\/R-12834225-1542843182-8666.jpg\" \/>\n\t<meta property=\"og:image:width\" content=\"600\" \/>\n\t<meta property=\"og:image:height\" content=\"600\" \/>\n\t<meta property=\"og:image:type\" content=\"image\/jpeg\" \/>\n<meta name=\"twitter:card\" content=\"summary_large_image\" \/>\n<meta name=\"twitter:label1\" content=\"Estimated reading time\" \/>\n\t<meta name=\"twitter:data1\" content=\"1 minute\" \/>\n<script type=\"application\/ld+json\" class=\"yoast-schema-graph\">{\"@context\":\"https:\/\/schema.org\",\"@graph\":[{\"@type\":\"WebPage\",\"@id\":\"https:\/\/vinilozona.lt\/parduotuve\/naujos-lp\/rolling-stones-voodoo-lounge\/\",\"url\":\"https:\/\/vinilozona.lt\/parduotuve\/naujos-lp\/rolling-stones-voodoo-lounge\/\",\"name\":\"Rolling Stones \u2013 Voodoo Lounge Uncut 3LP Vinilin\u0117 Plok\u0161tel\u0117 | Vinilozona.lt\",\"isPartOf\":{\"@id\":\"https:\/\/vinilozona.lt\/#website\"},\"primaryImageOfPage\":{\"@id\":\"https:\/\/vinilozona.lt\/parduotuve\/naujos-lp\/rolling-stones-voodoo-lounge\/#primaryimage\"},\"image\":{\"@id\":\"https:\/\/vinilozona.lt\/parduotuve\/naujos-lp\/rolling-stones-voodoo-lounge\/#primaryimage\"},\"thumbnailUrl\":\"https:\/\/vinilozona.lt\/wp-content\/uploads\/2023\/11\/R-12834225-1542843182-8666.jpg\",\"datePublished\":\"2026-04-30T02:00:45+00:00\",\"dateModified\":\"2026-04-30T16:22:47+00:00\",\"breadcrumb\":{\"@id\":\"https:\/\/vinilozona.lt\/parduotuve\/naujos-lp\/rolling-stones-voodoo-lounge\/#breadcrumb\"},\"inLanguage\":\"en-GB\",\"potentialAction\":[{\"@type\":\"ReadAction\",\"target\":[\"https:\/\/vinilozona.lt\/parduotuve\/naujos-lp\/rolling-stones-voodoo-lounge\/\"]}]},{\"@type\":\"ImageObject\",\"inLanguage\":\"en-GB\",\"@id\":\"https:\/\/vinilozona.lt\/parduotuve\/naujos-lp\/rolling-stones-voodoo-lounge\/#primaryimage\",\"url\":\"https:\/\/vinilozona.lt\/wp-content\/uploads\/2023\/11\/R-12834225-1542843182-8666.jpg\",\"contentUrl\":\"https:\/\/vinilozona.lt\/wp-content\/uploads\/2023\/11\/R-12834225-1542843182-8666.jpg\",\"width\":600,\"height\":600},{\"@type\":\"BreadcrumbList\",\"@id\":\"https:\/\/vinilozona.lt\/parduotuve\/naujos-lp\/rolling-stones-voodoo-lounge\/#breadcrumb\",\"itemListElement\":[{\"@type\":\"ListItem\",\"position\":1,\"name\":\"Home\",\"item\":\"https:\/\/vinilozona.lt\/\"},{\"@type\":\"ListItem\",\"position\":2,\"name\":\"Parduotuv\u0117\",\"item\":\"https:\/\/vinilozona.lt\/parduotuve\/\"},{\"@type\":\"ListItem\",\"position\":3,\"name\":\"Rolling Stones \u2013 Voodoo Lounge Uncut 3LP\"}]},{\"@type\":\"WebSite\",\"@id\":\"https:\/\/vinilozona.lt\/#website\",\"url\":\"https:\/\/vinilozona.lt\/\",\"name\":\"Vinilo Zona\",\"description\":\"Nup\u016bsk dulkes ir klausyk LP\",\"potentialAction\":[{\"@type\":\"SearchAction\",\"target\":{\"@type\":\"EntryPoint\",\"urlTemplate\":\"https:\/\/vinilozona.lt\/?s={search_term_string}\"},\"query-input\":{\"@type\":\"PropertyValueSpecification\",\"valueRequired\":true,\"valueName\":\"search_term_string\"}}],\"inLanguage\":\"en-GB\"}]}<\/script>\n<!-- \/ Yoast SEO plugin. -->","yoast_head_json":{"title":"Rolling Stones \u2013 Voodoo Lounge Uncut 3LP Vinilin\u0117 Plok\u0161tel\u0117 | Vinilozona.lt","robots":{"index":"index","follow":"follow","max-snippet":"max-snippet:-1","max-image-preview":"max-image-preview:large","max-video-preview":"max-video-preview:-1"},"canonical":"https:\/\/vinilozona.lt\/en\/parduotuve\/naujos-lp\/rolling-stones-voodoo-lounge\/","og_locale":"en_GB","og_type":"article","og_title":"Rolling Stones \u2013 Voodoo Lounge Uncut 3LP Vinilin\u0117 Plok\u0161tel\u0117 | Vinilozona.lt","og_description":"Rolling Stones Records \u2013 ER416912, Eagle Rock Entertainment \u2013 ER416912, Universal Music Group \u2013 ER416912 Format: 3 x Vinyl, LP, Album, Remastered Country: USA & Canada Released: Nov 16, 2018","og_url":"https:\/\/vinilozona.lt\/en\/parduotuve\/naujos-lp\/rolling-stones-voodoo-lounge\/","og_site_name":"Vinilo Zona","article_modified_time":"2026-04-30T16:22:47+00:00","og_image":[{"width":600,"height":600,"url":"https:\/\/vinilozona.lt\/wp-content\/uploads\/2023\/11\/R-12834225-1542843182-8666.jpg","type":"image\/jpeg"}],"twitter_card":"summary_large_image","twitter_misc":{"Estimated reading time":"1 minute"},"schema":{"@context":"https:\/\/schema.org","@graph":[{"@type":"WebPage","@id":"https:\/\/vinilozona.lt\/parduotuve\/naujos-lp\/rolling-stones-voodoo-lounge\/","url":"https:\/\/vinilozona.lt\/parduotuve\/naujos-lp\/rolling-stones-voodoo-lounge\/","name":"Rolling Stones \u2013 Voodoo Lounge Uncut 3LP Vinilin\u0117 Plok\u0161tel\u0117 | Vinilozona.lt","isPartOf":{"@id":"https:\/\/vinilozona.lt\/#website"},"primaryImageOfPage":{"@id":"https:\/\/vinilozona.lt\/parduotuve\/naujos-lp\/rolling-stones-voodoo-lounge\/#primaryimage"},"image":{"@id":"https:\/\/vinilozona.lt\/parduotuve\/naujos-lp\/rolling-stones-voodoo-lounge\/#primaryimage"},"thumbnailUrl":"https:\/\/vinilozona.lt\/wp-content\/uploads\/2023\/11\/R-12834225-1542843182-8666.jpg","datePublished":"2026-04-30T02:00:45+00:00","dateModified":"2026-04-30T16:22:47+00:00","breadcrumb":{"@id":"https:\/\/vinilozona.lt\/parduotuve\/naujos-lp\/rolling-stones-voodoo-lounge\/#breadcrumb"},"inLanguage":"en-GB","potentialAction":[{"@type":"ReadAction","target":["https:\/\/vinilozona.lt\/parduotuve\/naujos-lp\/rolling-stones-voodoo-lounge\/"]}]},{"@type":"ImageObject","inLanguage":"en-GB","@id":"https:\/\/vinilozona.lt\/parduotuve\/naujos-lp\/rolling-stones-voodoo-lounge\/#primaryimage","url":"https:\/\/vinilozona.lt\/wp-content\/uploads\/2023\/11\/R-12834225-1542843182-8666.jpg","contentUrl":"https:\/\/vinilozona.lt\/wp-content\/uploads\/2023\/11\/R-12834225-1542843182-8666.jpg","width":600,"height":600},{"@type":"BreadcrumbList","@id":"https:\/\/vinilozona.lt\/parduotuve\/naujos-lp\/rolling-stones-voodoo-lounge\/#breadcrumb","itemListElement":[{"@type":"ListItem","position":1,"name":"Home","item":"https:\/\/vinilozona.lt\/"},{"@type":"ListItem","position":2,"name":"Parduotuv\u0117","item":"https:\/\/vinilozona.lt\/parduotuve\/"},{"@type":"ListItem","position":3,"name":"Rolling Stones \u2013 Voodoo Lounge Uncut 3LP"}]},{"@type":"WebSite","@id":"https:\/\/vinilozona.lt\/#website","url":"https:\/\/vinilozona.lt\/","name":"Vinilo Zona","description":"Nup\u016bsk dulkes ir klausyk LP","potentialAction":[{"@type":"SearchAction","target":{"@type":"EntryPoint","urlTemplate":"https:\/\/vinilozona.lt\/?s={search_term_string}"},"query-input":{"@type":"PropertyValueSpecification","valueRequired":true,"valueName":"search_term_string"}}],"inLanguage":"en-GB"}]}},"_links":{"self":[{"href":"https:\/\/vinilozona.lt\/en\/wp-json\/wp\/v2\/product\/23658"}],"collection":[{"href":"https:\/\/vinilozona.lt\/en\/wp-json\/wp\/v2\/product"}],"about":[{"href":"https:\/\/vinilozona.lt\/en\/wp-json\/wp\/v2\/types\/product"}],"wp:featuredmedia":[{"embeddable":true,"href":"https:\/\/vinilozona.lt\/en\/wp-json\/wp\/v2\/media\/30915"}],"wp:attachment":[{"href":"https:\/\/vinilozona.lt\/en\/wp-json\/wp\/v2\/media?parent=23658"}],"wp:term":[{"taxonomy":"product_cat","embeddable":true,"href":"https:\/\/vinilozona.lt\/en\/wp-json\/wp\/v2\/product_cat?post=23658"},{"taxonomy":"product_tag","embeddable":true,"href":"https:\/\/vinilozona.lt\/en\/wp-json\/wp\/v2\/product_tag?post=23658"}],"curies":[{"name":"wp","href":"https:\/\/api.w.org\/{rel}","templated":true}]}}