{"id":23559,"date":"2023-12-11T12:00:12","date_gmt":"2023-12-11T10:00:12","guid":{"rendered":"https:\/\/vinilozona.lt\/?post_type=product&#038;p=23559"},"modified":"2023-12-18T18:03:41","modified_gmt":"2023-12-18T16:03:41","slug":"kansas-point-of-know-return-live-beyond-3lp2cd-boxset","status":"publish","type":"product","link":"https:\/\/vinilozona.lt\/en\/parduotuve\/naujos-lp\/kansas-point-of-know-return-live-beyond-3lp2cd-boxset\/","title":{"rendered":"Kansas \u2013 Point Of Know Return (Live &#038; Beyond) 3LP+2CD Boxset"},"content":{"rendered":"<p>\t\tBeyond&#8230;<br \/>\nA1\t\tCold Grey Morning\t4:17<br \/>\nA2\t\tTwo Cents Worth\t4:29<br \/>\nA3\t\tThe Wall\t6:04<br \/>\nB1\t\tSong For America\t10:32<br \/>\nB2\t\tSummer\t3:59<br \/>\nB3\t\tMusicatto\t3:39<br \/>\nB4\t\tTaking In The View\t3:15<br \/>\nC1\t\tMiracles Out Of Nowhere\t7:27<br \/>\nPoint Of Know Return Live!<br \/>\nC2\t\tPoint Of Know Return\t3:40<br \/>\nC3\t\tParadox\t4:08<br \/>\nC4\t\tThe Spider\t2:08<br \/>\nC5\t\tPortrait (He Knew)\t5:30<br \/>\nD1\t\tCloset Chronicles\t6:41<br \/>\nD2\t\tLightning\u2019s Hand\t4:39<br \/>\nD3\t\tDust In The Wind\t4:08<br \/>\nD4\t\tSparks Of The Tempest\t4:29<br \/>\nE1\t\tNobody\u2019s Home\t4:53<br \/>\nE2\t\tHopelessly Human\t7:22<br \/>\nE3\t\tCarry On Wayward Son\t6:37<br \/>\nF1\t\tPeople Of The South Wind\t4:29<br \/>\nF2\t\tRefugee\t4:29<br \/>\nF3\t\tLonely Wind\t5:28<br \/>\nBeyond&#8230;<br \/>\nCD1-1\t\tCold Grey Morning\t4:17<br \/>\nCD1-2\t\tTwo Cents Worth\t4:29<br \/>\nCD1-3\t\tThe Wall\t6:04<br \/>\nCD1-4\t\tSong For America\t10:32<br \/>\nCD1-5\t\tSummer\t3:59<br \/>\nCD1-6\t\tMusicatto\t3:39<br \/>\nCD1-7\t\tTaking In The View\t3:15<br \/>\nCD1-8\t\tMiracles Out Of Nowhere\t7:24<br \/>\nPoint Of Know Return Live<br \/>\nCD2-1\t\tPoint Of Know Return\t3:40<br \/>\nCD2-2\t\tParadox\t4:08<br \/>\nCD2-3\t\tThe Spider\t2:08<br \/>\nCD2-4\t\tPortrait (He Knew)\t5:30<br \/>\nCD2-5\t\tCloset Chronicles\t6:41<br \/>\nCD2-6\t\tLightning\u2019s Hand\t4:39<br \/>\nCD2-7\t\tDust In The Wind\t4:08<br \/>\nCD2-8\t\tSparks Of The Tempest\t4:29<br \/>\nCD2-9\t\tNobody&#8217;s Home\t4:53<br \/>\nCD2-10\t\tHopelessly Human\t7:22<br \/>\nCD2-11\t\tCarry On Wayward Son\t6:37<br \/>\nCD2-12\t\tPeople Of The South Wind\t4:29<br \/>\nCD2-13\t\tRefugee\t4:29<br \/>\nCD2-14\t\tLonely Wind\t5:28<br \/>\n\tEclipse<\/p>","protected":false},"excerpt":{"rendered":"<p>Label:\tInside Out Music \u2013 IOMLP 589, Sony Music \u2013 19439859171<br \/>\nFormat:\t3 x Vinyl, LP, Album, 180g<br \/>\n2 x CD, Album<br \/>\nBox Set, Limited Edition<br \/>\nCountry:\tUSA &#038; Europe<br \/>\nReleased:\tMay 28, 2021<\/p>","protected":false},"featured_media":23560,"template":"","meta":[],"product_cat":[23,54],"product_tag":[55],"yoast_head":"<!-- This site is optimized with the Yoast SEO plugin v23.5 - https:\/\/yoast.com\/wordpress\/plugins\/seo\/ -->\n<title>Kansas \u2013 Point Of Know Return (Live &amp; Beyond) 3LP+2CD Boxset Vinilin\u0117 Plok\u0161tel\u0117 | Vinilozona.lt<\/title>\n<meta name=\"robots\" content=\"index, follow, max-snippet:-1, max-image-preview:large, max-video-preview:-1\" \/>\n<link rel=\"canonical\" href=\"https:\/\/vinilozona.lt\/en\/parduotuve\/naujos-lp\/kansas-point-of-know-return-live-beyond-3lp2cd-boxset\/\" \/>\n<meta property=\"og:locale\" content=\"en_GB\" \/>\n<meta property=\"og:type\" content=\"article\" \/>\n<meta property=\"og:title\" content=\"Kansas \u2013 Point Of Know Return (Live &amp; Beyond) 3LP+2CD Boxset Vinilin\u0117 Plok\u0161tel\u0117 | Vinilozona.lt\" \/>\n<meta property=\"og:description\" content=\"Label: Inside Out Music \u2013 IOMLP 589, Sony Music \u2013 19439859171 Format: 3 x Vinyl, LP, Album, 180g 2 x CD, Album Box Set, Limited Edition Country: USA &amp; Europe Released: May 28, 2021\" \/>\n<meta property=\"og:url\" content=\"https:\/\/vinilozona.lt\/en\/parduotuve\/naujos-lp\/kansas-point-of-know-return-live-beyond-3lp2cd-boxset\/\" \/>\n<meta property=\"og:site_name\" content=\"Vinilo Zona\" \/>\n<meta property=\"article:modified_time\" content=\"2023-12-18T16:03:41+00:00\" \/>\n<meta property=\"og:image\" content=\"https:\/\/vinilozona.lt\/wp-content\/uploads\/2023\/11\/R-18942958-1622370405-4831.jpg\" \/>\n\t<meta property=\"og:image:width\" content=\"600\" \/>\n\t<meta property=\"og:image:height\" content=\"595\" \/>\n\t<meta property=\"og:image:type\" content=\"image\/jpeg\" \/>\n<meta name=\"twitter:card\" content=\"summary_large_image\" \/>\n<meta name=\"twitter:label1\" content=\"Estimated reading time\" \/>\n\t<meta name=\"twitter:data1\" content=\"1 minute\" \/>\n<script type=\"application\/ld+json\" class=\"yoast-schema-graph\">{\"@context\":\"https:\/\/schema.org\",\"@graph\":[{\"@type\":\"WebPage\",\"@id\":\"https:\/\/vinilozona.lt\/parduotuve\/naujos-lp\/kansas-point-of-know-return-live-beyond-3lp2cd-boxset\/\",\"url\":\"https:\/\/vinilozona.lt\/parduotuve\/naujos-lp\/kansas-point-of-know-return-live-beyond-3lp2cd-boxset\/\",\"name\":\"Kansas \u2013 Point Of Know Return (Live & Beyond) 3LP+2CD Boxset Vinilin\u0117 Plok\u0161tel\u0117 | Vinilozona.lt\",\"isPartOf\":{\"@id\":\"https:\/\/vinilozona.lt\/#website\"},\"primaryImageOfPage\":{\"@id\":\"https:\/\/vinilozona.lt\/parduotuve\/naujos-lp\/kansas-point-of-know-return-live-beyond-3lp2cd-boxset\/#primaryimage\"},\"image\":{\"@id\":\"https:\/\/vinilozona.lt\/parduotuve\/naujos-lp\/kansas-point-of-know-return-live-beyond-3lp2cd-boxset\/#primaryimage\"},\"thumbnailUrl\":\"https:\/\/vinilozona.lt\/wp-content\/uploads\/2023\/11\/R-18942958-1622370405-4831.jpg\",\"datePublished\":\"2023-12-11T10:00:12+00:00\",\"dateModified\":\"2023-12-18T16:03:41+00:00\",\"breadcrumb\":{\"@id\":\"https:\/\/vinilozona.lt\/parduotuve\/naujos-lp\/kansas-point-of-know-return-live-beyond-3lp2cd-boxset\/#breadcrumb\"},\"inLanguage\":\"en-GB\",\"potentialAction\":[{\"@type\":\"ReadAction\",\"target\":[\"https:\/\/vinilozona.lt\/parduotuve\/naujos-lp\/kansas-point-of-know-return-live-beyond-3lp2cd-boxset\/\"]}]},{\"@type\":\"ImageObject\",\"inLanguage\":\"en-GB\",\"@id\":\"https:\/\/vinilozona.lt\/parduotuve\/naujos-lp\/kansas-point-of-know-return-live-beyond-3lp2cd-boxset\/#primaryimage\",\"url\":\"https:\/\/vinilozona.lt\/wp-content\/uploads\/2023\/11\/R-18942958-1622370405-4831.jpg\",\"contentUrl\":\"https:\/\/vinilozona.lt\/wp-content\/uploads\/2023\/11\/R-18942958-1622370405-4831.jpg\",\"width\":600,\"height\":595},{\"@type\":\"BreadcrumbList\",\"@id\":\"https:\/\/vinilozona.lt\/parduotuve\/naujos-lp\/kansas-point-of-know-return-live-beyond-3lp2cd-boxset\/#breadcrumb\",\"itemListElement\":[{\"@type\":\"ListItem\",\"position\":1,\"name\":\"Home\",\"item\":\"https:\/\/vinilozona.lt\/\"},{\"@type\":\"ListItem\",\"position\":2,\"name\":\"Parduotuv\u0117\",\"item\":\"https:\/\/vinilozona.lt\/parduotuve\/\"},{\"@type\":\"ListItem\",\"position\":3,\"name\":\"Kansas \u2013 Point Of Know Return (Live &#038; Beyond) 3LP+2CD Boxset\"}]},{\"@type\":\"WebSite\",\"@id\":\"https:\/\/vinilozona.lt\/#website\",\"url\":\"https:\/\/vinilozona.lt\/\",\"name\":\"Vinilo Zona\",\"description\":\"Nup\u016bsk dulkes ir klausyk LP\",\"potentialAction\":[{\"@type\":\"SearchAction\",\"target\":{\"@type\":\"EntryPoint\",\"urlTemplate\":\"https:\/\/vinilozona.lt\/?s={search_term_string}\"},\"query-input\":{\"@type\":\"PropertyValueSpecification\",\"valueRequired\":true,\"valueName\":\"search_term_string\"}}],\"inLanguage\":\"en-GB\"}]}<\/script>\n<!-- \/ Yoast SEO plugin. -->","yoast_head_json":{"title":"Kansas \u2013 Point Of Know Return (Live & Beyond) 3LP+2CD Boxset Vinilin\u0117 Plok\u0161tel\u0117 | Vinilozona.lt","robots":{"index":"index","follow":"follow","max-snippet":"max-snippet:-1","max-image-preview":"max-image-preview:large","max-video-preview":"max-video-preview:-1"},"canonical":"https:\/\/vinilozona.lt\/en\/parduotuve\/naujos-lp\/kansas-point-of-know-return-live-beyond-3lp2cd-boxset\/","og_locale":"en_GB","og_type":"article","og_title":"Kansas \u2013 Point Of Know Return (Live & Beyond) 3LP+2CD Boxset Vinilin\u0117 Plok\u0161tel\u0117 | Vinilozona.lt","og_description":"Label: Inside Out Music \u2013 IOMLP 589, Sony Music \u2013 19439859171 Format: 3 x Vinyl, LP, Album, 180g 2 x CD, Album Box Set, Limited Edition Country: USA & Europe Released: May 28, 2021","og_url":"https:\/\/vinilozona.lt\/en\/parduotuve\/naujos-lp\/kansas-point-of-know-return-live-beyond-3lp2cd-boxset\/","og_site_name":"Vinilo Zona","article_modified_time":"2023-12-18T16:03:41+00:00","og_image":[{"width":600,"height":595,"url":"https:\/\/vinilozona.lt\/wp-content\/uploads\/2023\/11\/R-18942958-1622370405-4831.jpg","type":"image\/jpeg"}],"twitter_card":"summary_large_image","twitter_misc":{"Estimated reading time":"1 minute"},"schema":{"@context":"https:\/\/schema.org","@graph":[{"@type":"WebPage","@id":"https:\/\/vinilozona.lt\/parduotuve\/naujos-lp\/kansas-point-of-know-return-live-beyond-3lp2cd-boxset\/","url":"https:\/\/vinilozona.lt\/parduotuve\/naujos-lp\/kansas-point-of-know-return-live-beyond-3lp2cd-boxset\/","name":"Kansas \u2013 Point Of Know Return (Live & Beyond) 3LP+2CD Boxset Vinilin\u0117 Plok\u0161tel\u0117 | Vinilozona.lt","isPartOf":{"@id":"https:\/\/vinilozona.lt\/#website"},"primaryImageOfPage":{"@id":"https:\/\/vinilozona.lt\/parduotuve\/naujos-lp\/kansas-point-of-know-return-live-beyond-3lp2cd-boxset\/#primaryimage"},"image":{"@id":"https:\/\/vinilozona.lt\/parduotuve\/naujos-lp\/kansas-point-of-know-return-live-beyond-3lp2cd-boxset\/#primaryimage"},"thumbnailUrl":"https:\/\/vinilozona.lt\/wp-content\/uploads\/2023\/11\/R-18942958-1622370405-4831.jpg","datePublished":"2023-12-11T10:00:12+00:00","dateModified":"2023-12-18T16:03:41+00:00","breadcrumb":{"@id":"https:\/\/vinilozona.lt\/parduotuve\/naujos-lp\/kansas-point-of-know-return-live-beyond-3lp2cd-boxset\/#breadcrumb"},"inLanguage":"en-GB","potentialAction":[{"@type":"ReadAction","target":["https:\/\/vinilozona.lt\/parduotuve\/naujos-lp\/kansas-point-of-know-return-live-beyond-3lp2cd-boxset\/"]}]},{"@type":"ImageObject","inLanguage":"en-GB","@id":"https:\/\/vinilozona.lt\/parduotuve\/naujos-lp\/kansas-point-of-know-return-live-beyond-3lp2cd-boxset\/#primaryimage","url":"https:\/\/vinilozona.lt\/wp-content\/uploads\/2023\/11\/R-18942958-1622370405-4831.jpg","contentUrl":"https:\/\/vinilozona.lt\/wp-content\/uploads\/2023\/11\/R-18942958-1622370405-4831.jpg","width":600,"height":595},{"@type":"BreadcrumbList","@id":"https:\/\/vinilozona.lt\/parduotuve\/naujos-lp\/kansas-point-of-know-return-live-beyond-3lp2cd-boxset\/#breadcrumb","itemListElement":[{"@type":"ListItem","position":1,"name":"Home","item":"https:\/\/vinilozona.lt\/"},{"@type":"ListItem","position":2,"name":"Parduotuv\u0117","item":"https:\/\/vinilozona.lt\/parduotuve\/"},{"@type":"ListItem","position":3,"name":"Kansas \u2013 Point Of Know Return (Live &#038; Beyond) 3LP+2CD Boxset"}]},{"@type":"WebSite","@id":"https:\/\/vinilozona.lt\/#website","url":"https:\/\/vinilozona.lt\/","name":"Vinilo Zona","description":"Nup\u016bsk dulkes ir klausyk LP","potentialAction":[{"@type":"SearchAction","target":{"@type":"EntryPoint","urlTemplate":"https:\/\/vinilozona.lt\/?s={search_term_string}"},"query-input":{"@type":"PropertyValueSpecification","valueRequired":true,"valueName":"search_term_string"}}],"inLanguage":"en-GB"}]}},"_links":{"self":[{"href":"https:\/\/vinilozona.lt\/en\/wp-json\/wp\/v2\/product\/23559"}],"collection":[{"href":"https:\/\/vinilozona.lt\/en\/wp-json\/wp\/v2\/product"}],"about":[{"href":"https:\/\/vinilozona.lt\/en\/wp-json\/wp\/v2\/types\/product"}],"wp:featuredmedia":[{"embeddable":true,"href":"https:\/\/vinilozona.lt\/en\/wp-json\/wp\/v2\/media\/23560"}],"wp:attachment":[{"href":"https:\/\/vinilozona.lt\/en\/wp-json\/wp\/v2\/media?parent=23559"}],"wp:term":[{"taxonomy":"product_cat","embeddable":true,"href":"https:\/\/vinilozona.lt\/en\/wp-json\/wp\/v2\/product_cat?post=23559"},{"taxonomy":"product_tag","embeddable":true,"href":"https:\/\/vinilozona.lt\/en\/wp-json\/wp\/v2\/product_tag?post=23559"}],"curies":[{"name":"wp","href":"https:\/\/api.w.org\/{rel}","templated":true}]}}