{"id":23553,"date":"2023-11-20T12:00:26","date_gmt":"2023-11-20T10:00:26","guid":{"rendered":"https:\/\/vinilozona.lt\/?post_type=product&#038;p=23553"},"modified":"2023-11-21T14:59:55","modified_gmt":"2023-11-21T12:59:55","slug":"various-a-world-of-music-arts-dance-various-artists-live-at-womad-1982-2lp","status":"publish","type":"product","link":"https:\/\/vinilozona.lt\/en\/parduotuve\/naujos-lp\/various-a-world-of-music-arts-dance-various-artists-live-at-womad-1982-2lp\/","title":{"rendered":"Various \u2013 A World Of Music Arts &#038; Dance (Various Artists Live At WOMAD 1982) 2LP"},"content":{"rendered":"<p>A1\tThe Musicians Of The Nile\u2013\tTabla Iqae<br \/>\nA2\tThe Beat*\u2013\tMirror In The Bathroom<br \/>\nA3\tPigbag\u2013\tBig Bag<br \/>\nA4\tThe Drummers Of Burundi\u2013\tKama K&#8217;Iwacu<br \/>\nB1\tPeter Gabriel\u2013\tI Have The Touch<br \/>\nB2\tRobert Fripp\u2013\tWOMAD II<br \/>\nB3\tTian Jin Music And Dance Ensemble*\u2013\tRaindrops Pattering On Banana Leaves<br \/>\nB4\tEcho And The Bunnymen*\u2013\tZimbo (With The Royal Burundi Drummers)<br \/>\nC1\tThe Musicians Of The Nile\u2013\tTaksim Arghul<br \/>\nC2\tSalsa De Hoy\u2013\tSalsa De Hoy<br \/>\nC3\tRip Rig &#038; Panic\u2013\tYou&#8217;re My Kind Of Climate<br \/>\nC4\tMark Springer*\u2013\tKey Release<br \/>\nC5\tThe Chieftains\u2013\tCotton-Eyed Joe<br \/>\nD1\tSimple Minds\u2013\tPromised You A Miracle<br \/>\nD2\tEkome\u2013\tGahu<br \/>\nD3\tPeter Hammill\u2013\tA Ritual Mask<br \/>\nD4\tPeter Gabriel, Ekome\u2013\tBiko<\/p>","protected":false},"excerpt":{"rendered":"<p>Label:\tReal World Records \u2013 LPRW245, Womad \u2013 LPRW245<br \/>\nFormat:\t2 x Vinyl, LP, Album<br \/>\nCountry:\tEurope<br \/>\nReleased:\tJul 29, 2022<\/p>","protected":false},"featured_media":23554,"template":"","meta":[],"product_cat":[23],"product_tag":[55],"yoast_head":"<!-- This site is optimized with the Yoast SEO plugin v23.5 - https:\/\/yoast.com\/wordpress\/plugins\/seo\/ -->\n<title>Various \u2013 A World Of Music Arts &amp; Dance (Various Artists Live At WOMAD 1982) 2LP Vinilin\u0117 Plok\u0161tel\u0117 | Vinilozona.lt<\/title>\n<meta name=\"robots\" content=\"index, follow, max-snippet:-1, max-image-preview:large, max-video-preview:-1\" \/>\n<link rel=\"canonical\" href=\"https:\/\/vinilozona.lt\/en\/parduotuve\/naujos-lp\/various-a-world-of-music-arts-dance-various-artists-live-at-womad-1982-2lp\/\" \/>\n<meta property=\"og:locale\" content=\"en_GB\" \/>\n<meta property=\"og:type\" content=\"article\" \/>\n<meta property=\"og:title\" content=\"Various \u2013 A World Of Music Arts &amp; Dance (Various Artists Live At WOMAD 1982) 2LP Vinilin\u0117 Plok\u0161tel\u0117 | Vinilozona.lt\" \/>\n<meta property=\"og:description\" content=\"Label: Real World Records \u2013 LPRW245, Womad \u2013 LPRW245 Format: 2 x Vinyl, LP, Album Country: Europe Released: Jul 29, 2022\" \/>\n<meta property=\"og:url\" content=\"https:\/\/vinilozona.lt\/en\/parduotuve\/naujos-lp\/various-a-world-of-music-arts-dance-various-artists-live-at-womad-1982-2lp\/\" \/>\n<meta property=\"og:site_name\" content=\"Vinilo Zona\" \/>\n<meta property=\"article:modified_time\" content=\"2023-11-21T12:59:55+00:00\" \/>\n<meta property=\"og:image\" content=\"https:\/\/vinilozona.lt\/wp-content\/uploads\/2023\/11\/R-24035075-1659107779-1944.jpg\" \/>\n\t<meta property=\"og:image:width\" content=\"598\" \/>\n\t<meta property=\"og:image:height\" content=\"600\" \/>\n\t<meta property=\"og:image:type\" content=\"image\/jpeg\" \/>\n<meta name=\"twitter:card\" content=\"summary_large_image\" \/>\n<meta name=\"twitter:label1\" content=\"Estimated reading time\" \/>\n\t<meta name=\"twitter:data1\" content=\"1 minute\" \/>\n<script type=\"application\/ld+json\" class=\"yoast-schema-graph\">{\"@context\":\"https:\/\/schema.org\",\"@graph\":[{\"@type\":\"WebPage\",\"@id\":\"https:\/\/vinilozona.lt\/parduotuve\/naujos-lp\/various-a-world-of-music-arts-dance-various-artists-live-at-womad-1982-2lp\/\",\"url\":\"https:\/\/vinilozona.lt\/parduotuve\/naujos-lp\/various-a-world-of-music-arts-dance-various-artists-live-at-womad-1982-2lp\/\",\"name\":\"Various \u2013 A World Of Music Arts & Dance (Various Artists Live At WOMAD 1982) 2LP Vinilin\u0117 Plok\u0161tel\u0117 | Vinilozona.lt\",\"isPartOf\":{\"@id\":\"https:\/\/vinilozona.lt\/#website\"},\"primaryImageOfPage\":{\"@id\":\"https:\/\/vinilozona.lt\/parduotuve\/naujos-lp\/various-a-world-of-music-arts-dance-various-artists-live-at-womad-1982-2lp\/#primaryimage\"},\"image\":{\"@id\":\"https:\/\/vinilozona.lt\/parduotuve\/naujos-lp\/various-a-world-of-music-arts-dance-various-artists-live-at-womad-1982-2lp\/#primaryimage\"},\"thumbnailUrl\":\"https:\/\/vinilozona.lt\/wp-content\/uploads\/2023\/11\/R-24035075-1659107779-1944.jpg\",\"datePublished\":\"2023-11-20T10:00:26+00:00\",\"dateModified\":\"2023-11-21T12:59:55+00:00\",\"breadcrumb\":{\"@id\":\"https:\/\/vinilozona.lt\/parduotuve\/naujos-lp\/various-a-world-of-music-arts-dance-various-artists-live-at-womad-1982-2lp\/#breadcrumb\"},\"inLanguage\":\"en-GB\",\"potentialAction\":[{\"@type\":\"ReadAction\",\"target\":[\"https:\/\/vinilozona.lt\/parduotuve\/naujos-lp\/various-a-world-of-music-arts-dance-various-artists-live-at-womad-1982-2lp\/\"]}]},{\"@type\":\"ImageObject\",\"inLanguage\":\"en-GB\",\"@id\":\"https:\/\/vinilozona.lt\/parduotuve\/naujos-lp\/various-a-world-of-music-arts-dance-various-artists-live-at-womad-1982-2lp\/#primaryimage\",\"url\":\"https:\/\/vinilozona.lt\/wp-content\/uploads\/2023\/11\/R-24035075-1659107779-1944.jpg\",\"contentUrl\":\"https:\/\/vinilozona.lt\/wp-content\/uploads\/2023\/11\/R-24035075-1659107779-1944.jpg\",\"width\":598,\"height\":600},{\"@type\":\"BreadcrumbList\",\"@id\":\"https:\/\/vinilozona.lt\/parduotuve\/naujos-lp\/various-a-world-of-music-arts-dance-various-artists-live-at-womad-1982-2lp\/#breadcrumb\",\"itemListElement\":[{\"@type\":\"ListItem\",\"position\":1,\"name\":\"Home\",\"item\":\"https:\/\/vinilozona.lt\/\"},{\"@type\":\"ListItem\",\"position\":2,\"name\":\"Parduotuv\u0117\",\"item\":\"https:\/\/vinilozona.lt\/parduotuve\/\"},{\"@type\":\"ListItem\",\"position\":3,\"name\":\"Various \u2013 A World Of Music Arts &#038; Dance (Various Artists Live At WOMAD 1982) 2LP\"}]},{\"@type\":\"WebSite\",\"@id\":\"https:\/\/vinilozona.lt\/#website\",\"url\":\"https:\/\/vinilozona.lt\/\",\"name\":\"Vinilo Zona\",\"description\":\"Nup\u016bsk dulkes ir klausyk LP\",\"potentialAction\":[{\"@type\":\"SearchAction\",\"target\":{\"@type\":\"EntryPoint\",\"urlTemplate\":\"https:\/\/vinilozona.lt\/?s={search_term_string}\"},\"query-input\":{\"@type\":\"PropertyValueSpecification\",\"valueRequired\":true,\"valueName\":\"search_term_string\"}}],\"inLanguage\":\"en-GB\"}]}<\/script>\n<!-- \/ Yoast SEO plugin. -->","yoast_head_json":{"title":"Various \u2013 A World Of Music Arts & Dance (Various Artists Live At WOMAD 1982) 2LP Vinilin\u0117 Plok\u0161tel\u0117 | Vinilozona.lt","robots":{"index":"index","follow":"follow","max-snippet":"max-snippet:-1","max-image-preview":"max-image-preview:large","max-video-preview":"max-video-preview:-1"},"canonical":"https:\/\/vinilozona.lt\/en\/parduotuve\/naujos-lp\/various-a-world-of-music-arts-dance-various-artists-live-at-womad-1982-2lp\/","og_locale":"en_GB","og_type":"article","og_title":"Various \u2013 A World Of Music Arts & Dance (Various Artists Live At WOMAD 1982) 2LP Vinilin\u0117 Plok\u0161tel\u0117 | Vinilozona.lt","og_description":"Label: Real World Records \u2013 LPRW245, Womad \u2013 LPRW245 Format: 2 x Vinyl, LP, Album Country: Europe Released: Jul 29, 2022","og_url":"https:\/\/vinilozona.lt\/en\/parduotuve\/naujos-lp\/various-a-world-of-music-arts-dance-various-artists-live-at-womad-1982-2lp\/","og_site_name":"Vinilo Zona","article_modified_time":"2023-11-21T12:59:55+00:00","og_image":[{"width":598,"height":600,"url":"https:\/\/vinilozona.lt\/wp-content\/uploads\/2023\/11\/R-24035075-1659107779-1944.jpg","type":"image\/jpeg"}],"twitter_card":"summary_large_image","twitter_misc":{"Estimated reading time":"1 minute"},"schema":{"@context":"https:\/\/schema.org","@graph":[{"@type":"WebPage","@id":"https:\/\/vinilozona.lt\/parduotuve\/naujos-lp\/various-a-world-of-music-arts-dance-various-artists-live-at-womad-1982-2lp\/","url":"https:\/\/vinilozona.lt\/parduotuve\/naujos-lp\/various-a-world-of-music-arts-dance-various-artists-live-at-womad-1982-2lp\/","name":"Various \u2013 A World Of Music Arts & Dance (Various Artists Live At WOMAD 1982) 2LP Vinilin\u0117 Plok\u0161tel\u0117 | Vinilozona.lt","isPartOf":{"@id":"https:\/\/vinilozona.lt\/#website"},"primaryImageOfPage":{"@id":"https:\/\/vinilozona.lt\/parduotuve\/naujos-lp\/various-a-world-of-music-arts-dance-various-artists-live-at-womad-1982-2lp\/#primaryimage"},"image":{"@id":"https:\/\/vinilozona.lt\/parduotuve\/naujos-lp\/various-a-world-of-music-arts-dance-various-artists-live-at-womad-1982-2lp\/#primaryimage"},"thumbnailUrl":"https:\/\/vinilozona.lt\/wp-content\/uploads\/2023\/11\/R-24035075-1659107779-1944.jpg","datePublished":"2023-11-20T10:00:26+00:00","dateModified":"2023-11-21T12:59:55+00:00","breadcrumb":{"@id":"https:\/\/vinilozona.lt\/parduotuve\/naujos-lp\/various-a-world-of-music-arts-dance-various-artists-live-at-womad-1982-2lp\/#breadcrumb"},"inLanguage":"en-GB","potentialAction":[{"@type":"ReadAction","target":["https:\/\/vinilozona.lt\/parduotuve\/naujos-lp\/various-a-world-of-music-arts-dance-various-artists-live-at-womad-1982-2lp\/"]}]},{"@type":"ImageObject","inLanguage":"en-GB","@id":"https:\/\/vinilozona.lt\/parduotuve\/naujos-lp\/various-a-world-of-music-arts-dance-various-artists-live-at-womad-1982-2lp\/#primaryimage","url":"https:\/\/vinilozona.lt\/wp-content\/uploads\/2023\/11\/R-24035075-1659107779-1944.jpg","contentUrl":"https:\/\/vinilozona.lt\/wp-content\/uploads\/2023\/11\/R-24035075-1659107779-1944.jpg","width":598,"height":600},{"@type":"BreadcrumbList","@id":"https:\/\/vinilozona.lt\/parduotuve\/naujos-lp\/various-a-world-of-music-arts-dance-various-artists-live-at-womad-1982-2lp\/#breadcrumb","itemListElement":[{"@type":"ListItem","position":1,"name":"Home","item":"https:\/\/vinilozona.lt\/"},{"@type":"ListItem","position":2,"name":"Parduotuv\u0117","item":"https:\/\/vinilozona.lt\/parduotuve\/"},{"@type":"ListItem","position":3,"name":"Various \u2013 A World Of Music Arts &#038; Dance (Various Artists Live At WOMAD 1982) 2LP"}]},{"@type":"WebSite","@id":"https:\/\/vinilozona.lt\/#website","url":"https:\/\/vinilozona.lt\/","name":"Vinilo Zona","description":"Nup\u016bsk dulkes ir klausyk LP","potentialAction":[{"@type":"SearchAction","target":{"@type":"EntryPoint","urlTemplate":"https:\/\/vinilozona.lt\/?s={search_term_string}"},"query-input":{"@type":"PropertyValueSpecification","valueRequired":true,"valueName":"search_term_string"}}],"inLanguage":"en-GB"}]}},"_links":{"self":[{"href":"https:\/\/vinilozona.lt\/en\/wp-json\/wp\/v2\/product\/23553"}],"collection":[{"href":"https:\/\/vinilozona.lt\/en\/wp-json\/wp\/v2\/product"}],"about":[{"href":"https:\/\/vinilozona.lt\/en\/wp-json\/wp\/v2\/types\/product"}],"wp:featuredmedia":[{"embeddable":true,"href":"https:\/\/vinilozona.lt\/en\/wp-json\/wp\/v2\/media\/23554"}],"wp:attachment":[{"href":"https:\/\/vinilozona.lt\/en\/wp-json\/wp\/v2\/media?parent=23553"}],"wp:term":[{"taxonomy":"product_cat","embeddable":true,"href":"https:\/\/vinilozona.lt\/en\/wp-json\/wp\/v2\/product_cat?post=23553"},{"taxonomy":"product_tag","embeddable":true,"href":"https:\/\/vinilozona.lt\/en\/wp-json\/wp\/v2\/product_tag?post=23553"}],"curies":[{"name":"wp","href":"https:\/\/api.w.org\/{rel}","templated":true}]}}